{"id":26870,"date":"2025-07-24T08:43:23","date_gmt":"2025-07-24T08:43:23","guid":{"rendered":"https:\/\/adg.it\/?page_id=26870"},"modified":"2025-07-24T08:43:23","modified_gmt":"2025-07-24T08:43:23","slug":"un-dia-de-arte-en-la-toscana","status":"publish","type":"page","link":"https:\/\/adg.it\/es\/un-dia-de-arte-en-la-toscana\/","title":{"rendered":"Un d\u00eda de arte en la Toscana"},"content":{"rendered":"<p>[spb_column width=\u00bb2\/3&#8243; el_position=\u00bbfirst\u00bb] [spb_text_block title=\u00bbUn d\u00eda intenso dedicado al arte\u00bb pb_margin_bottom=\u00bbno\u00bb pb_border_bottom=\u00bbno\u00bb width=\u00bb1\/1&#8243; el_position=\u00bbfirst last\u00bb]\n<p>\u00a1Nuestras clases de arte de un d\u00eda son perfectas para los amantes del arte que disponen de poco tiempo en la <strong>Toscana<\/strong>! Disfrute de una jornada intensiva de arte en su entorno toscano favorito, ya sean las encantadoras colinas del <strong>Chianti<\/strong>, la medieval <strong>Siena<\/strong> o <strong>San Gimignano<\/strong>, o la cautivadora ciudad de <strong>Lucca<\/strong>.<\/p>\n[\/spb_text_block] [spb_text_block title=\u00bbClases particulares en la Toscana\u00bb pb_margin_bottom=\u00bbno\u00bb pb_border_bottom=\u00bbno\u00bb width=\u00bb1\/1&#8243; el_position=\u00bbfirst last\u00bb]\n<p>\u00bfBuscas una aventura art\u00edstica verdaderamente personalizada en la Toscana? Nuestras clases <strong>individuales<\/strong> y <strong>en pareja<\/strong> est\u00e1n dise\u00f1adas especialmente para ti, disponibles todos los d\u00edas, incluidos los fines de semana, en toda la regi\u00f3n. Ya sea que te encuentres en las encantadoras colinas de Chianti, la medieval Siena, la hist\u00f3rica Lucca o cualquier otra joya toscana, te llevaremos la experiencia art\u00edstica.<\/p>\n<h3>Experiencias art\u00edsticas personalizadas en la Toscana<\/h3>\n<p>Adaptar\u00e1s tu pr\u00e1ctica a tu nivel de habilidad y a la duraci\u00f3n de clase que prefieras. Nuestros instructores siempre te guiar\u00e1n seg\u00fan tu nivel de experiencia, asegurando una sesi\u00f3n gratificante y productiva.<\/p>\n<h3>Tu viaje art\u00edstico, a tu manera<\/h3>\n<p>Elija uno o varios de los destinos emblem\u00e1ticos de la Toscana como tel\u00f3n de fondo art\u00edstico, entre los que se incluyen:<\/p>\n<ul>\n<li>Siena<\/li>\n<li>San Gimignano<\/li>\n<li>Monteriggioni<\/li>\n<li>Pisa<\/li>\n<li>Vinci<\/li>\n<li>Volterra<\/li>\n<li>Certaldo<\/li>\n<li>Lucca<\/li>\n<li>Montepulciano<\/li>\n<li>Pienza<\/li>\n<li>Montalcino<\/li>\n<li>Arezzo<\/li>\n<li>The Chianti region<\/li>\n<\/ul>\n<p>Para personas individuales y grupos peque\u00f1os, el programa y el horario se pueden personalizar completamente para adaptarse a sus necesidades e intereses espec\u00edficos.<\/p>\n<p>Al final de la clase, te llevar\u00e1s una peque\u00f1a pero significativa obra de arte, un recuerdo perfecto de tu viaje art\u00edstico por Italia.<\/p>\n[\/spb_text_block] [boxed_content type=\u00bbcoloured\u00bb pb_margin_bottom=\u00bbno\u00bb width=\u00bb1\/1&#8243; el_position=\u00bbfirst last\u00bb]\n<p>El programa<\/p>\n[\/boxed_content] [spb_accordion width=\u00bb1\/1&#8243; el_position=\u00bbfirst last\u00bb] [spb_accordion_tab title=\u00bbUn d\u00eda de dibujo y pintura en la Toscana\u00bb accordion_id=\u00bb\u00bb icon=\u00bb\u00bb] [spb_text_block pb_margin_bottom=\u00bbno\u00bb pb_border_bottom=\u00bbno\u00bb width=\u00bb1\/1&#8243; el_position=\u00bbfirst last\u00bb]\n<h3 class=\"ui-sortable-handle\">Descubra el arte y la belleza de la Toscana: un curso privado de un d\u00eda.<\/h3>\n<p>Emb\u00e1rcate en un curso de arte privado de un d\u00eda completo verdaderamente especial que te llevar\u00e1 desde Florencia a uno o m\u00e1s destinos inolvidables de la Toscana. Viajar\u00e1s c\u00f3modamente y tendr\u00e1s la oportunidad \u00fanica de dibujar los maravillosos paisajes y pueblos toscanos, y pintar impresionantes \u00abscorci\u00bb (vistas) al aire libre.<\/p>\n<p>Sus opciones de destino:<\/p>\n<ul>\n<li>Zona del Chianti: explore esta encantadora regi\u00f3n entre Florencia y Siena en coche privado.<\/li>\n<li>Siena: descubre la ciudad medieval, accesible en autob\u00fas.<\/li>\n<li>San Gimignano o Monteriggioni: viaje a estas joyas hist\u00f3ricas en coche privado.<\/li>\n<li>Pisa: visite la emblem\u00e1tica torre inclinada, a la que se puede llegar en tren.<\/li>\n<li>Volterra: explore esta antigua ciudad etrusca en coche privado.<\/li>\n<li>Vinci o Certaldo: viaja a estos lugares culturales en coche privado.<\/li>\n<li>Lucca: descubre esta cautivadora ciudad amurallada, accesible en tren.<\/li>\n<li>Montepulciano, Pienza o Montalcino: sum\u00e9rjase en estas famosas ciudades vin\u00edcolas en coche privado.<\/li>\n<li>Arezzo: descubre esta ciudad art\u00edstica, accesible en tren.<\/li>\n<\/ul>\n<p>Un coche privado o el transporte p\u00fablico te llevar\u00e1 a ti y a tu profesor de arte al lugar que hayas elegido: tendr\u00e1s la oportunidad de dibujar en un ambiente relajado y crear algunas obras de arte que te llevar\u00e1s a casa y que quiz\u00e1 te sirvan de inspiraci\u00f3n en el futuro.<\/p>\n<p>Nuestros <strong>experimentados profesores<\/strong> de arte te guiar\u00e1n en el desarrollo de tus habilidades de observaci\u00f3n mientras capturas la belleza de un paisaje natural, un encantador paisaje urbano, un monumento hist\u00f3rico o un edificio antiguo. Tendr\u00e1s la libertad de elegir y practicar una o m\u00e1s t\u00e9cnicas que se adapten a tus habilidades y preferencias, incluyendo <strong>carboncillo, pastel, acuarela o acr\u00edlicos<\/strong>.<\/p>\n<h3 class=\"ui-sortable-handle\">Tu d\u00eda art\u00edstico en la Toscana<\/h3>\n<p>Esto es lo que incluye tu experiencia art\u00edstica personalizada de d\u00eda completo:<\/p>\n<ul>\n<li>Salida por la ma\u00f1ana: Le recogeremos en Florencia entre las 9:00 y las 10:00.<\/li>\n<li>Inmersi\u00f3n en el arte: Llega al destino toscano que hayas elegido y sum\u00e9rgete en el dibujo y la pintura al aire libre.<\/li>\n<li>Almuerzo ligero (no incluido): Disfrute de un refrescante almuerzo ligero mientras se dedica a sus actividades art\u00edsticas.<\/li>\n<li>Exploraci\u00f3n por la tarde: Contin\u00faa con m\u00e1s bocetos y visitas a lugares de inter\u00e9s locales.<\/li>\n<li>Regreso a Florencia: Le llevaremos de vuelta a Florencia entre las 18:00 y las 19:00.<\/li>\n<\/ul>\n<p>La duraci\u00f3n total de la clase es de aproximadamente <strong>5 horas de ense\u00f1anza art\u00edstica especializada<\/strong>.<\/p>\n<h3 class=\"ui-sortable-handle\">Qu\u00e9 llevar<\/h3>\n<p>Recomendamos llevar calzado c\u00f3modo, como botas de monta\u00f1a, y un sombrero de ala ancha para garantizar su comodidad durante toda la jornada.<\/p>\n<p>Este curso se puede recomendar tanto a principiantes en el mundo del arte como a artistas y profesionales con experiencia.<\/p>\n<h3 class=\"ui-sortable-handle\">Nota<\/h3>\n<p>Nuestras clases al aire libre implican caminar y subir escaleras para llegar a lugares al aire libre donde dibujar y pintar vistas impresionantes e ic\u00f3nicas. Si tienes limitaciones de movilidad, es posible que esta clase no sea adecuada para ti. Te recomendamos que te pongas en contacto con nosotros para hablar sobre otras opciones. Se considerar\u00e1n reembolsos seg\u00fan cada caso particular para problemas de movilidad documentados que impidan la participaci\u00f3n.<\/p>\n[\/spb_text_block] [\/spb_accordion_tab] [\/spb_accordion] [sf_gallery gallery_id=\u00bb15603&#8243; slider_transition=\u00bbfade\u00bb show_thumbs=\u00bbyes\u00bb autoplay=\u00bbyes\u00bb show_captions=\u00bbyes\u00bb enable_lightbox=\u00bbyes\u00bb width=\u00bb1\/1&#8243; el_position=\u00bbfirst last\u00bb] [boxed_content type=\u00bbcoloured\u00bb pb_margin_bottom=\u00bbno\u00bb width=\u00bb1\/1&#8243; el_position=\u00bbfirst last\u00bb]\n<p><strong>Detalles del precio<\/strong><\/p>\n[\/boxed_content] [spb_accordion width=\u00bb1\/1&#8243; el_position=\u00bbfirst last\u00bb] [spb_accordion_tab title=\u00bbPrecios\u00bb accordion_id=\u00bb\u00bb icon=\u00bb\u00bb] [spb_text_block title=\u00bbUn d\u00eda en la Toscana\u00bb pb_margin_bottom=\u00bbno\u00bb pb_border_bottom=\u00bbno\u00bb width=\u00bb1\/1&#8243; el_position=\u00bbfirst last\u00bb]\n<p>Nuestras clases particulares de arte exclusivas se imparten de <strong>lunes<\/strong> a <strong>s\u00e1bado<\/strong>.<\/p>\n<p>The <strong>prices listed below<\/strong> are per student and include transportation from Florence to the chosen destination:<\/p>\n<ul>\n<li>Zona de Chianti (entre Florencia y Siena, coche privado): 800 \u20ac<\/li>\n<li>Siena (autob\u00fas): 750 \u20ac<\/li>\n<li>San Gimignano \/ Monteriggioni (coche privado): 900 \u20ac<\/li>\n<li>Montepulciano, Pienza, Montalcino (coche privado): 900 \u20ac<\/li>\n<li>Pisa (tren): 750 \u20ac<\/li>\n<li>Vinci (coche privado): 850 \u20ac<\/li>\n<li>Lucca (tren): 750 \u20ac<\/li>\n<li>Arezzo (tren): 800 \u20ac<\/li>\n<\/ul>\n<p><strong>Ajustes en los precios<\/strong>:<\/p>\n<p>A\u00f1adir un alumno: se aplicar\u00e1 un suplemento de 120 \u20ac por cada alumno adicional que se incorpore a la clase.<\/p>\n<p>Descuento por transporte propio:<\/p>\n<ul>\n<li>Si organizas tu propio transporte para destinos en tren o autob\u00fas, descuenta 50 \u20ac del precio indicado.<\/li>\n<li>Si usted mismo organiza el transporte para destinos en coche privado, se descontar\u00e1n 100 \u20ac del precio indicado.<\/li>\n<\/ul>\n<p>Para grupos peque\u00f1os, otras opciones o m\u00e1s informaci\u00f3n, p\u00f3ngase en <a title=\"Contactos\" href=\"https:\/\/adg.it\/es\/contactos\/\">contacto con nosotros<\/a>.<\/p>\n[\/spb_text_block] [\/spb_accordion_tab] [spb_accordion_tab title=\u00bbEl precio del curso incluye\u00bb accordion_id=\u00bb\u00bb icon=\u00bb\u00bb] [spb_text_block pb_margin_bottom=\u00bbno\u00bb pb_border_bottom=\u00bbno\u00bb width=\u00bb1\/1&#8243; el_position=\u00bbfirst last\u00bb]\n<ul>\n<li>Todos los materiales y herramientas art\u00edsticas necesarios;<\/li>\n<li>El certificado de participaci\u00f3n.<\/li>\n<li>transporte, tal y como se ha mencionado anteriormente.<\/li>\n<\/ul>\n[\/spb_text_block] [\/spb_accordion_tab] [spb_accordion_tab title=\u00bbNota\u00bb accordion_id=\u00bb\u00bb icon=\u00bb\u00bb] [spb_text_block pb_margin_bottom=\u00bbno\u00bb pb_border_bottom=\u00bbno\u00bb width=\u00bb1\/1&#8243; el_position=\u00bbfirst last\u00bb]\n<ul>\n<li>Las clases particulares se imparten tanto en ingl\u00e9s como en italiano.<\/li>\n<li>Previa solicitud, tambi\u00e9n se pueden impartir clases particulares en espa\u00f1ol, franc\u00e9s o alem\u00e1n.<\/li>\n<li>El programa se puede adaptar a las necesidades, habilidades e intereses del estudiante.<\/li>\n<li>El material art\u00edstico ser\u00e1 proporcionado por la escuela, pero los alumnos tambi\u00e9n pueden traer consigo el material que utilizan habitualmente en sus estudios o en otras academias.<\/li>\n<li>Al inscribirse en las clases de arte, se ruega a cada solicitante que especifique la t\u00e9cnica o t\u00e9cnicas que desea estudiar durante el curso.<\/li>\n<\/ul>\n[\/spb_text_block] [\/spb_accordion_tab] [\/spb_accordion] [\/spb_column] [spb_column width=\u00bb1\/3&#8243; el_position=\u00bblast\u00bb] [spb_single_image image=\u00bb26794&#8243; image_size=\u00bbfull\u00bb frame=\u00bbshadowframe\u00bb intro_animation=\u00bbnone\u00bb full_width=\u00bbno\u00bb lightbox=\u00bbno\u00bb link_target=\u00bb_self\u00bb width=\u00bb1\/1&#8243; el_position=\u00bbfirst last\u00bb] [spb_text_block title=\u00bbCont\u00e1ctenos\u00bb pb_margin_bottom=\u00bbno\u00bb pb_border_bottom=\u00bbno\u00bb width=\u00bb1\/1&#8243; el_position=\u00bbfirst last\u00bb]\n<div class=\"wpforms-container wpforms-container-full\" id=\"wpforms-18575\"><form id=\"wpforms-form-18575\" class=\"wpforms-validate wpforms-form wpforms-ajax-form\" data-formid=\"18575\" method=\"post\" enctype=\"multipart\/form-data\" action=\"\/es\/wp-json\/wp\/v2\/pages\/26870\" data-token=\"003b2f6940661971fb3c0694d566e1ca\" data-token-time=\"1776688502\"><noscript class=\"wpforms-error-noscript\">Por favor, activa JavaScript en tu navegador para completar este formulario.<\/noscript><div class=\"wpforms-field-container\"><div id=\"wpforms-18575-field_6-container\" class=\"wpforms-field wpforms-field-name\" data-field-id=\"6\"><label class=\"wpforms-field-label\">Nombre <span class=\"wpforms-required-label\">*<\/span><\/label><div class=\"wpforms-field-row wpforms-field-large\"><div class=\"wpforms-field-row-block wpforms-first wpforms-one-half\"><input type=\"text\" id=\"wpforms-18575-field_6\" class=\"wpforms-field-name-first wpforms-field-required\" name=\"wpforms[fields][6][first]\" placeholder=\"Tu nombre\" required><label for=\"wpforms-18575-field_6\" class=\"wpforms-field-sublabel after\">First<\/label><\/div><div class=\"wpforms-field-row-block wpforms-one-half\"><input type=\"text\" id=\"wpforms-18575-field_6-last\" class=\"wpforms-field-name-last wpforms-field-required\" name=\"wpforms[fields][6][last]\" placeholder=\"Tu apellido\" required><label for=\"wpforms-18575-field_6-last\" class=\"wpforms-field-sublabel after\">Last<\/label><\/div><\/div><\/div><div id=\"wpforms-18575-field_1-container\" class=\"wpforms-field wpforms-field-email\" data-field-id=\"1\"><label class=\"wpforms-field-label\" for=\"wpforms-18575-field_1\">Correo electr\u00f3nico <span class=\"wpforms-required-label\">*<\/span><\/label><input type=\"email\" id=\"wpforms-18575-field_1\" class=\"wpforms-field-large wpforms-field-required\" name=\"wpforms[fields][1]\" placeholder=\"Tu correo electr\u00f3nico\" spellcheck=\"false\" required><\/div><div id=\"wpforms-18575-field_2-container\" class=\"wpforms-field wpforms-field-textarea\" data-field-id=\"2\"><label class=\"wpforms-field-label\" for=\"wpforms-18575-field_2\">Mensaje <span class=\"wpforms-required-label\">*<\/span><\/label><textarea id=\"wpforms-18575-field_2\" class=\"wpforms-field-medium wpforms-field-required\" name=\"wpforms[fields][2]\" placeholder=\"Escribe aqu\u00ed tu mensaje\" required><\/textarea><\/div><\/div><!-- .wpforms-field-container --><div class=\"wpforms-field wpforms-field-hp\"><label for=\"wpforms-18575-field-hp\" class=\"wpforms-field-label\">Comment<\/label><input type=\"text\" name=\"wpforms[hp]\" id=\"wpforms-18575-field-hp\" class=\"wpforms-field-medium\"><\/div><div class=\"wpforms-submit-container\" ><input type=\"hidden\" name=\"wpforms[id]\" value=\"18575\"><input type=\"hidden\" name=\"page_title\" value=\"\"><input type=\"hidden\" name=\"page_url\" value=\"https:\/\/adg.it\/es\/wp-json\/wp\/v2\/pages\/26870\"><input type=\"hidden\" name=\"url_referer\" value=\"\"><button type=\"submit\" name=\"wpforms[submit]\" id=\"wpforms-submit-18575\" class=\"wpforms-submit\" data-alt-text=\"Enviando...\" data-submit-text=\"Enviar\" aria-live=\"assertive\" value=\"wpforms-submit\">Enviar<\/button><img loading=\"lazy\" decoding=\"async\" src=\"https:\/\/adg.it\/wp-content\/plugins\/wpforms\/assets\/images\/submit-spin.svg\" class=\"wpforms-submit-spinner\" style=\"display: none;\" width=\"26\" height=\"26\" alt=\"Cargando\"><\/div><\/form><\/div>  <!-- .wpforms-container -->\n[\/spb_text_block] [testimonial title=\u00bbTestimonios\u00bb text_size=\u00bbnormal\u00bb item_count=\u00bb2&#8243; order=\u00bbrand\u00bb category=\u00bbart-es\u00bb pagination=\u00bbno\u00bb page_link=\u00bbno\u00bb width=\u00bb1\/1&#8243; el_position=\u00bbfirst last\u00bb] [\/spb_column]<\/p>\n","protected":false},"excerpt":{"rendered":"<p>[spb_column width=\u00bb2\/3&#8243; el_position=\u00bbfirst\u00bb] [spb_text_block title=\u00bbUn d\u00eda intenso dedicado al arte\u00bb pb_margin_bottom=\u00bbno\u00bb pb_border_bottom=\u00bbno\u00bb width=\u00bb1\/1&#8243; el_position=\u00bbfirst last\u00bb] \u00a1Nuestras clases de arte de un d\u00eda son perfectas para los amantes del arte que disponen de poco tiempo en la Toscana! Disfrute de una jornada intensiva de arte en su entorno toscano favorito, ya sean las encantadoras colinas del Chianti, la medieval Siena o [&hellip;]<\/p>\n","protected":false},"author":27,"featured_media":0,"parent":0,"menu_order":0,"comment_status":"closed","ping_status":"closed","template":"","meta":{"_joinchat":[],"footnotes":""},"class_list":["post-26870","page","type-page","status-publish","hentry"],"aioseo_notices":[],"_links":{"self":[{"href":"https:\/\/adg.it\/es\/wp-json\/wp\/v2\/pages\/26870","targetHints":{"allow":["GET"]}}],"collection":[{"href":"https:\/\/adg.it\/es\/wp-json\/wp\/v2\/pages"}],"about":[{"href":"https:\/\/adg.it\/es\/wp-json\/wp\/v2\/types\/page"}],"author":[{"embeddable":true,"href":"https:\/\/adg.it\/es\/wp-json\/wp\/v2\/users\/27"}],"replies":[{"embeddable":true,"href":"https:\/\/adg.it\/es\/wp-json\/wp\/v2\/comments?post=26870"}],"version-history":[{"count":2,"href":"https:\/\/adg.it\/es\/wp-json\/wp\/v2\/pages\/26870\/revisions"}],"predecessor-version":[{"id":26881,"href":"https:\/\/adg.it\/es\/wp-json\/wp\/v2\/pages\/26870\/revisions\/26881"}],"wp:attachment":[{"href":"https:\/\/adg.it\/es\/wp-json\/wp\/v2\/media?parent=26870"}],"curies":[{"name":"wp","href":"https:\/\/api.w.org\/{rel}","templated":true}]}}