{"id":22898,"date":"2023-01-17T10:05:35","date_gmt":"2023-01-17T10:05:35","guid":{"rendered":"https:\/\/adg.it\/?page_id=22898"},"modified":"2025-01-16T11:24:08","modified_gmt":"2025-01-16T11:24:08","slug":"tecnicas-avanzadas-dibujo-pintura","status":"publish","type":"page","link":"https:\/\/adg.it\/es\/tecnicas-avanzadas-dibujo-pintura\/","title":{"rendered":"T\u00e9cnicas avanzadas de dibujo y pintura"},"content":{"rendered":"<p>[spb_column width=\u00bb2\/3&#8243; el_position=\u00bbfirst\u00bb] [spb_text_block title=\u00bbUn programa de Arte para estudiantes avanzados\u00bb pb_margin_bottom=\u00bbno\u00bb pb_border_bottom=\u00bbno\u00bb width=\u00bb1\/1&#8243; el_position=\u00bbfirst last\u00bb]\n<p>Este programa de un a\u00f1o de duraci\u00f3n se ha dise\u00f1ado para estudiantes decididos a <strong>impulsar su propio desarrollo creativo<\/strong>, as\u00ed como a <strong>emprender<\/strong> <strong>mayores retos art\u00edsticos<\/strong> mediante la pr\u00e1ctica de una creaci\u00f3n art\u00edstica sostenida que implique <strong>problemas compositivos, t\u00e9cnicos y conceptuales m\u00e1s complejos<\/strong>.<\/p>\n<p>Al principio del curso, nuestro instructor de Arte evaluar\u00e1 las habilidades de los estudiantes y les ayudar\u00e1 a establecer sus objetivos. Al mismo tiempo que producen una amplia gama de medios durante sus clases, los estudiantes aumentar\u00e1n sus habilidades t\u00e9cnicas, desarrollar\u00e1n un enfoque m\u00e1s sofisticado del proceso y el tema, as\u00ed como crear\u00e1n una <strong>cartera de trabajo individual.<\/strong><\/p>\n<p>Los estudiantes tambi\u00e9n desarrollar\u00e1n el dominio de una variedad de materiales y t\u00e9cnicas; aprender\u00e1n a mostrar una gama de estrategias de desarrollo de im\u00e1genes exitosas y decididas a partir de la observaci\u00f3n, la memoria y las fuentes de fantas\u00eda; practicar\u00e1n una selecci\u00f3n de <strong>m\u00e9todos de dibujo<\/strong> para incluir punto, l\u00ednea ponderada, contorno, l\u00ednea continua, lavado y tono\/valor.<\/p>\n<p>En cuanto a las <strong>t\u00e9cnicas pict\u00f3ricas<\/strong>, los alumnos experimentar\u00e1n con diversos medios, como acr\u00edlicos, \u00f3leos, frescos y t\u00e9cnicas mixtas sobre papel, lienzo, paneles y superficies no tradicionales.<\/p>\n<p>Se har\u00e1 hincapi\u00e9 en <strong>la exploraci\u00f3n personal de ideas, materiales, conceptos<\/strong> y soluciones a problemas de dise\u00f1o.<\/p>\n[\/spb_text_block] [spb_accordion width=\u00bb1\/1&#8243; el_position=\u00bbfirst last\u00bb] [spb_accordion_tab title=\u00bbTemas\u00bb accordion_id=\u00bb\u00bb icon=\u00bb\u00bb] [spb_text_block pb_margin_bottom=\u00bbno\u00bb pb_border_bottom=\u00bbno\u00bb width=\u00bb1\/1&#8243; el_position=\u00bbfirst last\u00bb]\n<p>He aqu\u00ed algunos de los principales <strong>temas<\/strong> que puede elegir abordar:<\/p>\n<ul>\n<li><strong>naturalezas muertas<\/strong>, que representan varios tipos de objetos, como alimentos, flores, animales, plantas, rocas, conchas, vasos, libros, jarrones, joyas, monedas, pipas, etc.<\/li>\n<li><strong>retrato,<\/strong> estudio de las expresiones de la cara, las manos, los ojos, tanto utilizando t\u00e9cnicas de dibujo como de pintura (acr\u00edlico u \u00f3leo);<\/li>\n<li><strong>\u00e9corch\u00e9\/anatomie.<\/strong> Los alumnos aprender\u00e1n a esbozar, dibujar y pintar el cuerpo humano y los pies en sus diferentes posiciones;<\/li>\n<li><strong>ilustraci\u00f3n.<\/strong> Se ense\u00f1ar\u00e1 a los participantes a decorar, interpretar o explicar visualmente un texto o incluso un concepto. Aprender\u00e1n a concebir y dise\u00f1ar carteles, portadas y cualquier otra ilustraci\u00f3n que pueda utilizarse en medios publicados.<\/li>\n<li><strong>realismo\/fotorealismo\/hiperrealismo.<\/strong> Estudio de t\u00e9cnicas avanzadas y sofisticadas de pintura al \u00f3leo que pretenden asemejarse a una fotograf\u00eda de alta resoluci\u00f3n.<\/li>\n<li><strong>arte abstracto y conceptual.<\/strong> Los alumnos se iniciar\u00e1n en esta galaxia art\u00edstica donde tendr\u00e1n la oportunidad de explorar diferentes formas de representar im\u00e1genes, sensaciones e ideas.<\/li>\n<li><strong>paisaje plein-air.<\/strong> Esta clase s\u00f3lo se impartir\u00e1 durante un periodo determinado en primavera y verano.<\/li>\n<li><strong>dibujo en perspectiva y croquis urbano.<\/strong> Los alumnos aprender\u00e1n a captar las escenas de las que son testigos y a captar la esencia de los lugares en los que viven y a los que viajan.<\/li>\n<li><strong>dise\u00f1o gr\u00e1fico y de moda.<\/strong> Esta clase ha sido concebida para aquellos dise\u00f1adores gr\u00e1ficos y de moda que necesiten mejorar sus habilidades art\u00edsticas a mano alzada centr\u00e1ndose en la capacidad de esbozo, as\u00ed como en el dominio de los colores (principalmente mediante el uso de acr\u00edlicos y rotuladores Pantone).<\/li>\n<\/ul>\n[\/spb_text_block] [\/spb_accordion_tab] [spb_accordion_tab title=\u00bbT\u00e9cnicas\u00bb accordion_id=\u00bb\u00bb icon=\u00bb\u00bb] [spb_text_block pb_margin_bottom=\u00bbno\u00bb pb_border_bottom=\u00bbno\u00bb width=\u00bb1\/1&#8243; el_position=\u00bbfirst last\u00bb]\n<p>\u00c9stas son algunas de las <strong>t\u00e9cnicas<\/strong> que los alumnos podr\u00e1n perfeccionar: carboncillo, sanguina, pastel seco, pastel al \u00f3leo, pluma y tinta, acuarela, gouache, grafito, pintura acr\u00edlica, pintura al \u00f3leo, t\u00e9mpera, fresco, escultura con arcilla.<\/p>\n[\/spb_text_block] [\/spb_accordion_tab] [spb_accordion_tab title=\u00bbDuraci\u00f3n\u00bb accordion_id=\u00bb\u00bb icon=\u00bb\u00bb] [spb_text_block pb_margin_bottom=\u00bbno\u00bb pb_border_bottom=\u00bbno\u00bb width=\u00bb1\/1&#8243; el_position=\u00bbfirst last\u00bb]\n<p>El curso completo tiene una duraci\u00f3n de un a\u00f1o acad\u00e9mico (<strong>36 semanas<\/strong>). No obstante, los estudiantes pueden asistir a partes espec\u00edficas del curso (<strong>m\u00ednimo 4 semanas<\/strong>). Hay dos programas disponibles: <strong>20 horas lectivas semanales<\/strong> y <strong>14 horas lectivas semanales.<\/strong> Cada semana las clases de Arte incluir\u00e1n al menos <strong>2 horas de modelos vivos<\/strong>.<\/p>\n<p>N\u00famero m\u00e1ximo de alumnos por clase: 10.<\/p>\n[\/spb_text_block] [\/spb_accordion_tab] [\/spb_accordion] [sf_gallery gallery_id=\u00bb21084&#8243; slider_transition=\u00bbfade\u00bb show_thumbs=\u00bbyes\u00bb autoplay=\u00bbyes\u00bb show_captions=\u00bbyes\u00bb enable_lightbox=\u00bbno\u00bb width=\u00bb1\/1&#8243; el_position=\u00bbfirst last\u00bb] [boxed_content type=\u00bbcoloured\u00bb pb_margin_bottom=\u00bbno\u00bb width=\u00bb1\/1&#8243; el_position=\u00bbfirst last\u00bb]\n<p><strong>Precio y detalles<\/strong><\/p>\n[\/boxed_content] [spb_accordion width=\u00bb1\/1&#8243; el_position=\u00bbfirst last\u00bb] [spb_accordion_tab title=\u00bbPrecio\u00bb accordion_id=\u00bb\u00bb icon=\u00bb\u00bb] [spb_text_block title=\u00bb14 horas por semana\u00bb pb_margin_bottom=\u00bbno\u00bb pb_border_bottom=\u00bbno\u00bb width=\u00bb1\/1&#8243; el_position=\u00bbfirst last\u00bb]\n<p>1 unidad, 4 semanas, 56 horas 895 euros<br \/>\n2 unidades, 8 semanas, 112 horas 1635 euros<br \/>\n3 unidades, 12 semanas, 168 horas 2355 euros<br \/>\n6 unidades, 24 semanas, 336 horas 4565 euros<br \/>\n9 unidades, 36 semanas, 504 horas 6705 euros<\/p>\n[\/spb_text_block] [spb_text_block title=\u00bb20 horas por semana\u00bb pb_margin_bottom=\u00bbno\u00bb pb_border_bottom=\u00bbno\u00bb width=\u00bb1\/1&#8243; el_position=\u00bbfirst last\u00bb]\n<p>1 unidad, 4 semanas, 80 horas 1175 euros<br \/>\n2 unidades, 8 semanas, 160 horas 2115\u00a0 euros<br \/>\n3 unidades, 12 semanas, 240 horas 3135 euros<br \/>\n6 unidades, 24 semanas, 480 horas 6025 euros<br \/>\n9 unidades, 36 semanas, 720 horas 9015 euros<\/p>\n[\/spb_text_block] [\/spb_accordion_tab] [spb_accordion_tab title=\u00bbEl precio del curso incluye\u00bb accordion_id=\u00bb\u00bb icon=\u00bb\u00bb] [spb_text_block pb_margin_bottom=\u00bbno\u00bb pb_border_bottom=\u00bbno\u00bb width=\u00bb1\/1&#8243; el_position=\u00bbfirst last\u00bb]\n<p>Material art\u00edstico b\u00e1sico: papel normal, l\u00e1pices&#8230;<br \/>\nUn certificado al final del curso.<\/p>\n[\/spb_text_block] [\/spb_accordion_tab] [spb_accordion_tab title=\u00bbHorario\u00bb accordion_id=\u00bb\u00bb icon=\u00bb\u00bb] [spb_text_block pb_margin_bottom=\u00bbno\u00bb pb_border_bottom=\u00bbno\u00bb width=\u00bb1\/1&#8243; el_position=\u00bbfirst last\u00bb]\n<ul>\n<li>Los cursos intensivos de t\u00e9cnicas art\u00edsticas avanzadas (<strong>20 horas semanales<\/strong>) se imparten de <strong>11.30 a 13.00<\/strong> y de <strong>13.30 a 17.00<\/strong>, de <strong>lunes a jueves<\/strong>.<\/li>\n<\/ul>\n<ul>\n<li>Los cursos de t\u00e9cnicas art\u00edsticas avanzadas (<strong>14 horas semanales<\/strong>) tienen lugar de <strong>13.30 a 17.00 horas<\/strong>, de lunes a jueves.<\/li>\n<\/ul>\n<p>Todas las ma\u00f1anas a partir de las 9.30 y los viernes por la tarde (hasta las 14.00) los estudiantes podr\u00e1n trabajar y entrenar sus habilidades art\u00edsticas en el estudio, siempre que la escuela no necesite el estudio para un curso\/clase especial.<\/p>\n[\/spb_text_block] [\/spb_accordion_tab] [spb_accordion_tab title=\u00bbPago\u00bb accordion_id=\u00bb\u00bb icon=\u00bb\u00bb] [spb_text_block pb_margin_bottom=\u00bbno\u00bb pb_border_bottom=\u00bbno\u00bb width=\u00bb1\/1&#8243; el_position=\u00bbfirst last\u00bb]\n<p>Previa solicitud, es posible pagar los derechos de matr\u00edcula en plazos de 3 meses: para m\u00e1s detalles, p\u00f3ngase en contacto con la secretar\u00eda de la escuela.<\/p>\n[\/spb_text_block] [\/spb_accordion_tab] [spb_accordion_tab title=\u00bbFechas de inscripci\u00f3n\u00bb accordion_id=\u00bb\u00bb icon=\u00bb\u00bb] [spb_text_block pb_margin_bottom=\u00bbno\u00bb pb_border_bottom=\u00bbno\u00bb width=\u00bb1\/1&#8243; el_position=\u00bbfirst last\u00bb]\n<p>Las clases suelen comenzar <strong>el primer lunes de cada mes<\/strong> y se imparten <strong>tanto en italiano como en ingl\u00e9s.<\/strong><\/p>\n[\/spb_text_block] [\/spb_accordion_tab] [spb_accordion_tab title=\u00bbVacaciones\u00bb accordion_id=\u00bb\u00bb icon=\u00bb\u00bb] [spb_text_block pb_margin_bottom=\u00bbno\u00bb pb_border_bottom=\u00bbno\u00bb width=\u00bb1\/1&#8243; el_position=\u00bbfirst last\u00bb]\n<p>Se puede organizar un <strong>periodo de permiso escolar<\/strong> o de vacaciones directamente con la direcci\u00f3n de la escuela en el momento de la inscripci\u00f3n o con un preaviso de 4 semanas. En caso de que los estudiantes no puedan asistir a parte del curso por problemas m\u00e9dicos o por motivos privados, pueden solicitar que se les reprograme la clase en las clases siguientes, siempre que puedan presentar un justificante v\u00e1lido de su ausencia.<\/p>\n[\/spb_text_block] [\/spb_accordion_tab] [spb_accordion_tab title=\u00bbRequisitos\u00bb accordion_id=\u00bb\u00bb icon=\u00bb\u00bb] [spb_text_block pb_margin_bottom=\u00bbno\u00bb pb_border_bottom=\u00bbno\u00bb width=\u00bb1\/1&#8243; el_position=\u00bbfirst last\u00bb]\n<p>En el momento de la inscripci\u00f3n, los solicitantes deber\u00e1n presentar 4 ejemplos de sus obras, como se indica a continuaci\u00f3n:<\/p>\n<ol>\n<li>dibujo de bodegones, a l\u00e1piz o carboncillo;<\/li>\n<li>Dibujo de figuras, a l\u00e1piz o carboncillo;<\/li>\n<li>dibujo de paisaje urbano o paisaj\u00edstico, a l\u00e1piz o pastel;<\/li>\n<li>una pintura en una de las siguientes t\u00e9cnicas: \u00f3leo, acr\u00edlico, acuarela.<\/li>\n<\/ol>\n[\/spb_text_block] [\/spb_accordion_tab] [\/spb_accordion] [\/spb_column] [spb_column width=\u00bb1\/3&#8243; el_position=\u00bblast\u00bb] [spb_single_image image=\u00bb11053&#8243; image_size=\u00bbfull\u00bb frame=\u00bbshadowframe\u00bb intro_animation=\u00bbnone\u00bb full_width=\u00bbno\u00bb lightbox=\u00bbno\u00bb link_target=\u00bb_self\u00bb width=\u00bb1\/1&#8243; el_position=\u00bbfirst last\u00bb] [boxed_content type=\u00bbcoloured\u00bb pb_margin_bottom=\u00bbno\u00bb width=\u00bb1\/1&#8243; el_position=\u00bbfirst last\u00bb]\n<p>El programa<\/p>\n[\/boxed_content] [spb_accordion width=\u00bb1\/1&#8243; el_position=\u00bbfirst last\u00bb] [spb_accordion_tab title=\u00bb\u00bfQu\u00e9 voy a estudiar?\u00bb accordion_id=\u00bb\u00bb icon=\u00bb\u00bb] [spb_text_block pb_margin_bottom=\u00bbno\u00bb pb_border_bottom=\u00bbno\u00bb width=\u00bb1\/1&#8243; el_position=\u00bbfirst last\u00bb]\n<p>He aqu\u00ed un ejemplo de c\u00f3mo puede organizarse un programa de t\u00e9cnicas art\u00edsticas avanzadas de un a\u00f1o de duraci\u00f3n:<\/p>\n<p>educaci\u00f3n visual, 14-20 horas;<br \/>\npaisaje plein air, 16-22 horas;<br \/>\nt\u00e9cnicas de dibujo, 30-60 horas<br \/>\nt\u00e9cnicas de dibujo del natural, 56-96 horas;<br \/>\nvol\u00famenes y perspectiva, 56-96 horas;<br \/>\ngr\u00e1ficos art\u00edsticos, 56-96 horas;<br \/>\nt\u00e9cnicas de pintura, 56-96 horas;<br \/>\nescenograf\u00eda, 36-56 horas;<br \/>\ndecoraci\u00f3n, 36-56 horas;<br \/>\nilustraci\u00f3n, 56-56 horas;<br \/>\nfresco, 36-56 horas;<br \/>\nt\u00e9cnicas de dorado al temple, 12-18 horas;<br \/>\nt\u00e9cnicas de dorado al \u00f3leo, 12-18 horas;<br \/>\nelementos y t\u00e9cnicas de la escultura, 56-96 horas.<\/p>\n<p>Cantidad total de horas: 504-720<\/p>\n<p>Nota: <strong>el programa anterior puede adaptarse a sus aptitudes art\u00edsticas, experiencia e intereses.<\/strong><\/p>\n[\/spb_text_block] [\/spb_accordion_tab] [\/spb_accordion] [spb_single_image image=\u00bb13501&#8243; image_size=\u00bbfull\u00bb frame=\u00bbnoframe\u00bb intro_animation=\u00bbnone\u00bb full_width=\u00bbno\u00bb lightbox=\u00bbno\u00bb image_link=\u00bbhttps:\/\/adg.it\/en\/product\/advanced-drawing-and-painting-techniques\/\u00bb link_target=\u00bb_blank\u00bb width=\u00bb1\/1&#8243; el_position=\u00bbfirst last\u00bb] [spb_text_block title=\u00bbCont\u00e1ctenos\u00bb pb_margin_bottom=\u00bbno\u00bb pb_border_bottom=\u00bbno\u00bb width=\u00bb1\/1&#8243; el_position=\u00bbfirst last\u00bb]\n<div class=\"wpforms-container wpforms-container-full\" id=\"wpforms-18575\"><form id=\"wpforms-form-18575\" class=\"wpforms-validate wpforms-form wpforms-ajax-form\" data-formid=\"18575\" method=\"post\" enctype=\"multipart\/form-data\" action=\"\/es\/wp-json\/wp\/v2\/pages\/22898\" data-token=\"368adfc446089257fc73c0c2be51f0b2\" data-token-time=\"1776766036\"><noscript class=\"wpforms-error-noscript\">Por favor, activa JavaScript en tu navegador para completar este formulario.<\/noscript><div class=\"wpforms-field-container\"><div id=\"wpforms-18575-field_6-container\" class=\"wpforms-field wpforms-field-name\" data-field-id=\"6\"><label class=\"wpforms-field-label\">Nombre <span class=\"wpforms-required-label\">*<\/span><\/label><div class=\"wpforms-field-row wpforms-field-large\"><div class=\"wpforms-field-row-block wpforms-first wpforms-one-half\"><input type=\"text\" id=\"wpforms-18575-field_6\" class=\"wpforms-field-name-first wpforms-field-required\" name=\"wpforms[fields][6][first]\" placeholder=\"Tu nombre\" required><label for=\"wpforms-18575-field_6\" class=\"wpforms-field-sublabel after\">First<\/label><\/div><div class=\"wpforms-field-row-block wpforms-one-half\"><input type=\"text\" id=\"wpforms-18575-field_6-last\" class=\"wpforms-field-name-last wpforms-field-required\" name=\"wpforms[fields][6][last]\" placeholder=\"Tu apellido\" required><label for=\"wpforms-18575-field_6-last\" class=\"wpforms-field-sublabel after\">Last<\/label><\/div><\/div><\/div><div id=\"wpforms-18575-field_1-container\" class=\"wpforms-field wpforms-field-email\" data-field-id=\"1\"><label class=\"wpforms-field-label\" for=\"wpforms-18575-field_1\">Correo electr\u00f3nico <span class=\"wpforms-required-label\">*<\/span><\/label><input type=\"email\" id=\"wpforms-18575-field_1\" class=\"wpforms-field-large wpforms-field-required\" name=\"wpforms[fields][1]\" placeholder=\"Tu correo electr\u00f3nico\" spellcheck=\"false\" required><\/div><div id=\"wpforms-18575-field_2-container\" class=\"wpforms-field wpforms-field-textarea\" data-field-id=\"2\"><label class=\"wpforms-field-label\" for=\"wpforms-18575-field_2\">Mensaje <span class=\"wpforms-required-label\">*<\/span><\/label><textarea id=\"wpforms-18575-field_2\" class=\"wpforms-field-medium wpforms-field-required\" name=\"wpforms[fields][2]\" placeholder=\"Escribe aqu\u00ed tu mensaje\" required><\/textarea><\/div><\/div><!-- .wpforms-field-container --><div class=\"wpforms-field wpforms-field-hp\"><label for=\"wpforms-18575-field-hp\" class=\"wpforms-field-label\">Website<\/label><input type=\"text\" name=\"wpforms[hp]\" id=\"wpforms-18575-field-hp\" class=\"wpforms-field-medium\"><\/div><div class=\"wpforms-submit-container\" ><input type=\"hidden\" name=\"wpforms[id]\" value=\"18575\"><input type=\"hidden\" name=\"page_title\" value=\"\"><input type=\"hidden\" name=\"page_url\" value=\"https:\/\/adg.it\/es\/wp-json\/wp\/v2\/pages\/22898\"><input type=\"hidden\" name=\"url_referer\" value=\"\"><button type=\"submit\" name=\"wpforms[submit]\" id=\"wpforms-submit-18575\" class=\"wpforms-submit\" data-alt-text=\"Enviando...\" data-submit-text=\"Enviar\" aria-live=\"assertive\" value=\"wpforms-submit\">Enviar<\/button><img loading=\"lazy\" decoding=\"async\" src=\"https:\/\/adg.it\/wp-content\/plugins\/wpforms\/assets\/images\/submit-spin.svg\" class=\"wpforms-submit-spinner\" style=\"display: none;\" width=\"26\" height=\"26\" alt=\"Cargando\"><\/div><\/form><\/div>  <!-- .wpforms-container -->\n[\/spb_text_block] [testimonial text_size=\u00bbnormal\u00bb item_count=\u00bb1&#8243; order=\u00bbrand\u00bb category=\u00bbadvanced-art\u00bb pagination=\u00bbno\u00bb page_link=\u00bbno\u00bb width=\u00bb1\/1&#8243; el_position=\u00bbfirst last\u00bb] [\/spb_column]<\/p>\n","protected":false},"excerpt":{"rendered":"<p>[spb_column width=\u00bb2\/3&#8243; el_position=\u00bbfirst\u00bb] [spb_text_block title=\u00bbUn programa de Arte para estudiantes avanzados\u00bb pb_margin_bottom=\u00bbno\u00bb pb_border_bottom=\u00bbno\u00bb width=\u00bb1\/1&#8243; el_position=\u00bbfirst last\u00bb] Este programa de un a\u00f1o de duraci\u00f3n se ha dise\u00f1ado para estudiantes decididos a impulsar su propio desarrollo creativo, as\u00ed como a emprender mayores retos art\u00edsticos mediante la pr\u00e1ctica de una creaci\u00f3n art\u00edstica sostenida que implique problemas compositivos, t\u00e9cnicos y conceptuales m\u00e1s complejos. Al [&hellip;]<\/p>\n","protected":false},"author":27,"featured_media":11057,"parent":0,"menu_order":0,"comment_status":"closed","ping_status":"closed","template":"","meta":{"_joinchat":[],"footnotes":""},"class_list":["post-22898","page","type-page","status-publish","has-post-thumbnail","hentry"],"aioseo_notices":[],"_links":{"self":[{"href":"https:\/\/adg.it\/es\/wp-json\/wp\/v2\/pages\/22898","targetHints":{"allow":["GET"]}}],"collection":[{"href":"https:\/\/adg.it\/es\/wp-json\/wp\/v2\/pages"}],"about":[{"href":"https:\/\/adg.it\/es\/wp-json\/wp\/v2\/types\/page"}],"author":[{"embeddable":true,"href":"https:\/\/adg.it\/es\/wp-json\/wp\/v2\/users\/27"}],"replies":[{"embeddable":true,"href":"https:\/\/adg.it\/es\/wp-json\/wp\/v2\/comments?post=22898"}],"version-history":[{"count":1,"href":"https:\/\/adg.it\/es\/wp-json\/wp\/v2\/pages\/22898\/revisions"}],"predecessor-version":[{"id":25850,"href":"https:\/\/adg.it\/es\/wp-json\/wp\/v2\/pages\/22898\/revisions\/25850"}],"wp:featuredmedia":[{"embeddable":true,"href":"https:\/\/adg.it\/es\/wp-json\/wp\/v2\/media\/11057"}],"wp:attachment":[{"href":"https:\/\/adg.it\/es\/wp-json\/wp\/v2\/media?parent=22898"}],"curies":[{"name":"wp","href":"https:\/\/api.w.org\/{rel}","templated":true}]}}