{"id":19670,"date":"2020-06-30T08:17:14","date_gmt":"2020-06-30T08:17:14","guid":{"rendered":"https:\/\/adg.it\/?page_id=19670"},"modified":"2020-06-30T08:37:49","modified_gmt":"2020-06-30T08:37:49","slug":"regalar-clase-arte-en-linea","status":"publish","type":"page","link":"https:\/\/adg.it\/es\/regalar-clase-arte-en-linea\/","title":{"rendered":"Regalar una clase de arte en l\u00ednea"},"content":{"rendered":"<p>[spb_column width=\u00bb3\/4&#8243; el_position=\u00bbfirst last\u00bb] [spb_text_block title=\u00bbRegalar una clase de arte en l\u00ednea\u00bb pb_margin_bottom=\u00bbno\u00bb pb_border_bottom=\u00bbno\u00bb width=\u00bb1\/1&#8243; el_position=\u00bbfirst last\u00bb]\n<blockquote class=\"blockquote3\">Dale a alguien un regalo inolvidable: una <strong>clase de arte en l\u00ednea<\/strong> en Florencia en Accademia del Giglio.<\/blockquote>\n<p>Los <strong>profesores<\/strong> de Arte de accademia del Giglio en Florencia est\u00e1n disponibles <strong>en l\u00ednea para orientaci\u00f3n y consejos<\/strong> sobre c\u00f3mo mejorar sus habilidades de dibujo y pintura, as\u00ed como sobre c\u00f3mo concebir y lograr su obra de arte paso a paso.<\/p>\n<p>Un curso como regalo es un curso que puede ofrecer <strong>a un amigo o a su amado(s)<\/strong> en una ocasi\u00f3n especial (cumplea\u00f1os, aniversario, compromiso, Navidad, etc.) o simplemente porque te apetece.<\/p>\n<p>Puedes regalar diferentes <strong>cursos<\/strong>, tales como:<\/p>\n<ul>\n<li>Dibujo<\/li>\n<li>Pintura<\/li>\n<li>Acuarela<\/li>\n<li>Pintura al \u00f3leo y acr\u00edlico<\/li>\n<li>Ilustraci\u00f3n<\/li>\n<li>Decoraci\u00f3n<\/li>\n<\/ul>\n<blockquote class=\"blockquote3\">Las lecciones en l\u00ednea son muy f\u00e1ciles y se imparten de <strong>forma privada<\/strong>.<\/blockquote>\n<p>Puede usar skype, messenger, zoom o cualquier otra aplicaci\u00f3n para videollamadas.<\/p>\n<p>Si desea conocer a nuestro <strong>personal docente<\/strong>, consulte <a href=\"https:\/\/adg.it\/es\/personal\/\">esta p\u00e1gina<\/a>.<\/p>\n<p>Cada lecci\u00f3n tiene una duraci\u00f3n de 30 minutos y un costo de <strong>19.90 euros<\/strong>.<\/p>\n<p>Un paquete de 10 lecciones tiene un precio especial de <strong>185 euros<\/strong> (en lugar de 199 euros).<\/p>\n[\/spb_text_block] [sf_gallery gallery_id=\u00bb18868&#8243; slider_transition=\u00bbfade\u00bb show_thumbs=\u00bbyes\u00bb autoplay=\u00bbyes\u00bb show_captions=\u00bbyes\u00bb enable_lightbox=\u00bbno\u00bb width=\u00bb3\/4&#8243; el_position=\u00bbfirst last\u00bb] [boxed_content type=\u00bbcoloured\u00bb pb_margin_bottom=\u00bbno\u00bb width=\u00bb1\/1&#8243; el_position=\u00bbfirst last\u00bb]\n<p><strong>Testimonios<\/strong><\/p>\n[\/boxed_content] [testimonial_carousel item_count=\u00bb3&#8243; order=\u00bbrand\u00bb category=\u00bbAll\u00bb page_link=\u00bbyes\u00bb width=\u00bb1\/1&#8243; el_position=\u00bbfirst last\u00bb] [blank_spacer height=\u00bb30px\u00bb width=\u00bb1\/1&#8243; el_position=\u00bbfirst last\u00bb] [boxed_content type=\u00bbcoloured\u00bb pb_margin_bottom=\u00bbno\u00bb width=\u00bb1\/1&#8243; el_position=\u00bbfirst last\u00bb]\n<p><strong>Precio y detalles<\/strong><\/p>\n[\/boxed_content] [spb_accordion width=\u00bb1\/1&#8243; el_position=\u00bbfirst last\u00bb] [spb_accordion_tab title=\u00bbPrecios\u00bb accordion_id=\u00bb\u00bb icon=\u00bb\u00bb] [spb_text_block pb_margin_bottom=\u00bbno\u00bb pb_border_bottom=\u00bbno\u00bb width=\u00bb1\/1&#8243; el_position=\u00bbfirst last\u00bb]\n<p>1 lecci\u00f3n de 30 minutos 19,90 euros<br \/>\n10 lecciones de 30 minutos <strong>185,00 euros<\/strong> (en lugar de <del>199,00 euros<\/del>)<br \/>\n1 lecci\u00f3n de 60 minutos 39,80 euros<br \/>\n10 lecciones de 60 minutos <strong>360,00 euros<\/strong> (en lugar de <del>398,00 euros<\/del>)<\/p>\n[\/spb_text_block] [\/spb_accordion_tab] [spb_accordion_tab title=\u00bb\u00bfC\u00f3mo se entregar\u00e1 el regalo?\u00bb accordion_id=\u00bb\u00bb icon=\u00bb\u00bb] [spb_text_block icon=\u00bb\u00bfC\u00f3mo se entregar\u00e1 el regalo?\u00bb pb_margin_bottom=\u00bbno\u00bb pb_border_bottom=\u00bbno\u00bb width=\u00bb1\/1&#8243; el_position=\u00bbfirst last\u00bb]\n<p>Los cursos de regalo se entregan digitalmente como un cup\u00f3n.<\/p>\n<p>Se puede elegir la fecha de la entrega. Hay dos opciones de entrega disponibles:<\/p>\n<ul>\n<li>usted puede pedir para recibir el cup\u00f3n, que luego usted manejar\u00e1 personalmente a su amado(s);<\/li>\n<li>puede hacer que nos entreguen el cup\u00f3n a su(s) amado(s).<\/li>\n<\/ul>\n[\/spb_text_block] [\/spb_accordion_tab] [spb_accordion_tab title=\u00bb\u00bfPuedo devolver un regalo?\u00bb accordion_id=\u00bb\u00bb icon=\u00bb\u00bb] [spb_text_block title=\u00bb\u00bfPuedo devolver un regalo?\u00bb pb_margin_bottom=\u00bbno\u00bb pb_border_bottom=\u00bbno\u00bb width=\u00bb1\/1&#8243; el_position=\u00bbfirst last\u00bb]\n<p>S\u00ed, siempre que lo devuelva al menos 7 d\u00edas antes de que comience el curso. En este caso se le reembolsar\u00e1 el importe total.<\/p>\n[\/spb_text_block] [\/spb_accordion_tab] [spb_accordion_tab title=\u00bbHorario\u00bb accordion_id=\u00bb\u00bb icon=\u00bb\u00bb] [spb_text_block pb_margin_bottom=\u00bbno\u00bb pb_border_bottom=\u00bbno\u00bb width=\u00bb1\/1&#8243; el_position=\u00bbfirst last\u00bb]\n<p>Las clases en l\u00ednea se pueden realizar entre las <strong>7.30 a.m.<\/strong> y las <strong>11.30 p.m. (23:30)<\/strong>, hora de Europa Central.<\/p>\n<p>La lecci\u00f3n se puede dividir en dos: es decir, en los primeros 15 minutos se establece un plan de trabajo y luego despu\u00e9s de aproximadamente una hora, en el segundo 15 minutos nuestro instructor comprueba lo que ha hecho, puede sugerir algunos cambios y le da m\u00e1s consejos hasta la siguiente lecci\u00f3n;<\/p>\n[\/spb_text_block] [\/spb_accordion_tab] [spb_accordion_tab title=\u00bbT\u00e9rminos y condiciones\u00bb accordion_id=\u00bb\u00bb icon=\u00bb\u00bb] [spb_text_block pb_margin_bottom=\u00bbno\u00bb pb_border_bottom=\u00bbno\u00bb width=\u00bb1\/1&#8243; el_position=\u00bbfirst last\u00bb]\n<ul>\n<li>Los destinatarios deben tener 16 a\u00f1os o m\u00e1s.<\/li>\n<li>Una lecci\u00f3n es de 30 o 60 minutos.<\/li>\n<li>Reservas canceladas. Si una reserva se cancela 24 horas antes del comienzo del curso, se reembolsar\u00e1n los gastos de asistencia o se puede reprogramar la lecci\u00f3n. Si una reserva se cancela menos de 24 horas antes del comienzo del curso, no se reembolsar\u00e1 ning\u00fan cargo y la lecci\u00f3n no podr\u00e1 ser reprogramada.<\/li>\n<li>No se har\u00e1 ning\u00fan reembolso a los estudiantes que comiencen su curso tarde o lo interrumpan antes de su fin oficial.<\/li>\n<li>Al enviar el formulario de solicitud, el estudiante acepta nuestros t\u00e9rminos y condiciones. Cualquier disputa que surja en virtud del presente se resolver\u00e1 en el tribunal competente de Florencia.<\/li>\n<\/ul>\n[\/spb_text_block] [\/spb_accordion_tab] [\/spb_accordion] [boxed_content type=\u00bbcoloured\u00bb pb_margin_bottom=\u00bbno\u00bb width=\u00bb1\/1&#8243; el_position=\u00bbfirst last\u00bb]\n<p><strong>Formulario de inscripci\u00f3n<\/strong><\/p>\n<p>Por favor, rellene este formulario y despu\u00e9s de enviarlo ser\u00e1 redirigiendo a la p\u00e1gina de pago. Si tiene alguna pregunta, p\u00f3ngase en <a href=\"https:\/\/adg.it\/es\/contactos\/\">contacto<\/a> con nosotros.<\/p>\n[\/boxed_content] [spb_text_block pb_margin_bottom=\u00bbno\u00bb pb_border_bottom=\u00bbno\u00bb width=\u00bb1\/1&#8243; el_position=\u00bbfirst last\u00bb]\n<div class=\"wpforms-container wpforms-container-full\" id=\"wpforms-18860\"><form id=\"wpforms-form-18860\" class=\"wpforms-validate wpforms-form\" data-formid=\"18860\" method=\"post\" enctype=\"multipart\/form-data\" action=\"\/es\/wp-json\/wp\/v2\/pages\/19670\" data-token=\"d04bfa35d43e65bbf85addbb3d62b5d1\" data-token-time=\"1776794600\"><noscript class=\"wpforms-error-noscript\">Por favor, activa JavaScript en tu navegador para completar este formulario.<\/noscript><div class=\"wpforms-field-container\"><div id=\"wpforms-18860-field_2-container\" class=\"wpforms-field wpforms-field-text\" data-field-id=\"2\"><label class=\"wpforms-field-label\" for=\"wpforms-18860-field_2\">Tu nombre <span class=\"wpforms-required-label\">*<\/span><\/label><input type=\"text\" id=\"wpforms-18860-field_2\" class=\"wpforms-field-large wpforms-field-required\" name=\"wpforms[fields][2]\" required><\/div><div id=\"wpforms-18860-field_1-container\" class=\"wpforms-field wpforms-field-text\" data-field-id=\"1\"><label class=\"wpforms-field-label\" for=\"wpforms-18860-field_1\">Tu apellido <span class=\"wpforms-required-label\">*<\/span><\/label><input type=\"text\" id=\"wpforms-18860-field_1\" class=\"wpforms-field-large wpforms-field-required\" name=\"wpforms[fields][1]\" required><\/div><div id=\"wpforms-18860-field_3-container\" class=\"wpforms-field wpforms-field-email\" data-field-id=\"3\"><label class=\"wpforms-field-label\" for=\"wpforms-18860-field_3\">Tu correo electr\u00f3nico <span class=\"wpforms-required-label\">*<\/span><\/label><input type=\"email\" id=\"wpforms-18860-field_3\" class=\"wpforms-field-large wpforms-field-required\" name=\"wpforms[fields][3]\" spellcheck=\"false\" required><\/div><div id=\"wpforms-18860-field_4-container\" class=\"wpforms-field wpforms-field-phone\" data-field-id=\"4\"><label class=\"wpforms-field-label\" for=\"wpforms-18860-field_4\">Su tel\u00e9fono<\/label><input type=\"tel\" id=\"wpforms-18860-field_4\" class=\"wpforms-field-large\" data-rule-int-phone-field=\"true\" name=\"wpforms[fields][4]\" aria-label=\"Su tel\u00e9fono\" ><\/div><div id=\"wpforms-18860-field_8-container\" class=\"wpforms-field wpforms-field-text\" data-field-id=\"8\"><label class=\"wpforms-field-label\" for=\"wpforms-18860-field_8\">Nombre del destinatario <span class=\"wpforms-required-label\">*<\/span><\/label><input type=\"text\" id=\"wpforms-18860-field_8\" class=\"wpforms-field-large wpforms-field-required\" name=\"wpforms[fields][8]\" required><\/div><div id=\"wpforms-18860-field_18-container\" class=\"wpforms-field wpforms-field-text\" data-field-id=\"18\"><label class=\"wpforms-field-label\" for=\"wpforms-18860-field_18\">Nombre de familia del destinatario <span class=\"wpforms-required-label\">*<\/span><\/label><input type=\"text\" id=\"wpforms-18860-field_18\" class=\"wpforms-field-large wpforms-field-required\" name=\"wpforms[fields][18]\" required><\/div><div id=\"wpforms-18860-field_19-container\" class=\"wpforms-field wpforms-field-text\" data-field-id=\"19\"><label class=\"wpforms-field-label\" for=\"wpforms-18860-field_19\">Correo electr\u00f3nico del destinatario<\/label><input type=\"text\" id=\"wpforms-18860-field_19\" class=\"wpforms-field-large\" name=\"wpforms[fields][19]\" ><\/div><div id=\"wpforms-18860-field_15-container\" class=\"wpforms-field wpforms-field-payment-select wpforms-field-select-style-classic\" data-field-id=\"15\"><label class=\"wpforms-field-label\" for=\"wpforms-18860-field_15\">Seleccione el curso para regalar <span class=\"wpforms-required-label\">*<\/span><\/label><select id=\"wpforms-18860-field_15\" class=\"wpforms-payment-price wpforms-field-large wpforms-field-required\" name=\"wpforms[fields][15]\" required=\"required\"><option value=\"\" class=\"placeholder\" disabled  selected='selected'>---<\/option><option value=\"2\" data-amount=\"19.90\" >1 lecci\u00f3n de 30 minutos<\/option><option value=\"3\" data-amount=\"185.00\" >10 lecciones de 30 minutos<\/option><option value=\"5\" data-amount=\"39.80\" >1 lecci\u00f3n de 60 minutos<\/option><option value=\"6\" data-amount=\"360.00\" >10 lecciones de 60 minutos<\/option><\/select><\/div><div id=\"wpforms-18860-field_17-container\" class=\"wpforms-field wpforms-field-select wpforms-field-select-style-classic\" data-field-id=\"17\"><label class=\"wpforms-field-label\" for=\"wpforms-18860-field_17\">Seleccione el profesor<\/label><select id=\"wpforms-18860-field_17\" class=\"wpforms-field-large\" name=\"wpforms[fields][17]\"><option value=\"Sin preferencia\"  class=\"choice-4 depth-1\"  >Sin preferencia<\/option><option value=\"Stefano Cesarato\"  class=\"choice-2 depth-1\"  >Stefano Cesarato<\/option><option value=\"Mohsen Veysi\"  class=\"choice-1 depth-1\"  >Mohsen Veysi<\/option><option value=\"Enrico Deiana\"  class=\"choice-3 depth-1\"  >Enrico Deiana<\/option><\/select><\/div><div id=\"wpforms-18860-field_13-container\" class=\"wpforms-field wpforms-field-textarea\" data-field-id=\"13\"><label class=\"wpforms-field-label\" for=\"wpforms-18860-field_13\">A\u00f1ade aqu\u00ed tu mensaje<\/label><textarea id=\"wpforms-18860-field_13\" class=\"wpforms-field-medium\" name=\"wpforms[fields][13]\" ><\/textarea><\/div><div id=\"wpforms-18860-field_14-container\" class=\"wpforms-field wpforms-field-radio\" data-field-id=\"14\"><label class=\"wpforms-field-label\">He le\u00eddo los T\u00e9rminos y Condiciones sobre la hoja y acepto estar obligado por ellos: <span class=\"wpforms-required-label\">*<\/span><\/label><ul id=\"wpforms-18860-field_14\" class=\"wpforms-field-required\"><li class=\"choice-0 depth-1 wpforms-selected\"><input type=\"radio\" id=\"wpforms-18860-field_14_0\" name=\"wpforms[fields][14]\" value=\"S\u00ed\" required  checked='checked'><label class=\"wpforms-field-label-inline\" for=\"wpforms-18860-field_14_0\">S\u00ed<\/label><\/li><li class=\"choice-1 depth-1\"><input type=\"radio\" id=\"wpforms-18860-field_14_1\" name=\"wpforms[fields][14]\" value=\"No\" required ><label class=\"wpforms-field-label-inline\" for=\"wpforms-18860-field_14_1\">No<\/label><\/li><\/ul><\/div><\/div><!-- .wpforms-field-container --><div class=\"wpforms-field wpforms-field-hp\"><label for=\"wpforms-18860-field-hp\" class=\"wpforms-field-label\">Phone<\/label><input type=\"text\" name=\"wpforms[hp]\" id=\"wpforms-18860-field-hp\" class=\"wpforms-field-medium\"><\/div><div class=\"wpforms-submit-container\" ><input type=\"hidden\" name=\"wpforms[id]\" value=\"18860\"><input type=\"hidden\" name=\"page_title\" value=\"\"><input type=\"hidden\" name=\"page_url\" value=\"https:\/\/adg.it\/es\/wp-json\/wp\/v2\/pages\/19670\"><input type=\"hidden\" name=\"url_referer\" value=\"\"><button type=\"submit\" name=\"wpforms[submit]\" id=\"wpforms-submit-18860\" class=\"wpforms-submit\" data-alt-text=\"Enviando\" data-submit-text=\"Enviar e ir a la p\u00e1gina de pago\" aria-live=\"assertive\" value=\"wpforms-submit\">Enviar e ir a la p\u00e1gina de pago<\/button><\/div><\/form><\/div>  <!-- .wpforms-container -->\n[\/spb_text_block] [\/spb_column]<\/p>\n","protected":false},"excerpt":{"rendered":"<p>[spb_column width=\u00bb3\/4&#8243; el_position=\u00bbfirst last\u00bb] [spb_text_block title=\u00bbRegalar una clase de arte en l\u00ednea\u00bb pb_margin_bottom=\u00bbno\u00bb pb_border_bottom=\u00bbno\u00bb width=\u00bb1\/1&#8243; el_position=\u00bbfirst last\u00bb] Los profesores de Arte de accademia del Giglio en Florencia est\u00e1n disponibles en l\u00ednea para orientaci\u00f3n y consejos sobre c\u00f3mo mejorar sus habilidades de dibujo y pintura, as\u00ed como sobre c\u00f3mo concebir y lograr su obra de arte paso a paso. Un curso [&hellip;]<\/p>\n","protected":false},"author":27,"featured_media":0,"parent":0,"menu_order":0,"comment_status":"closed","ping_status":"closed","template":"","meta":{"_joinchat":[],"footnotes":""},"class_list":["post-19670","page","type-page","status-publish","hentry"],"aioseo_notices":[],"_links":{"self":[{"href":"https:\/\/adg.it\/es\/wp-json\/wp\/v2\/pages\/19670","targetHints":{"allow":["GET"]}}],"collection":[{"href":"https:\/\/adg.it\/es\/wp-json\/wp\/v2\/pages"}],"about":[{"href":"https:\/\/adg.it\/es\/wp-json\/wp\/v2\/types\/page"}],"author":[{"embeddable":true,"href":"https:\/\/adg.it\/es\/wp-json\/wp\/v2\/users\/27"}],"replies":[{"embeddable":true,"href":"https:\/\/adg.it\/es\/wp-json\/wp\/v2\/comments?post=19670"}],"version-history":[{"count":0,"href":"https:\/\/adg.it\/es\/wp-json\/wp\/v2\/pages\/19670\/revisions"}],"wp:attachment":[{"href":"https:\/\/adg.it\/es\/wp-json\/wp\/v2\/media?parent=19670"}],"curies":[{"name":"wp","href":"https:\/\/api.w.org\/{rel}","templated":true}]}}