{"id":19667,"date":"2020-06-30T08:03:49","date_gmt":"2020-06-30T08:03:49","guid":{"rendered":"https:\/\/adg.it\/?page_id=19667"},"modified":"2026-01-16T10:10:22","modified_gmt":"2026-01-16T10:10:22","slug":"regalo","status":"publish","type":"page","link":"https:\/\/adg.it\/es\/regalo\/","title":{"rendered":"Ideas para regalar"},"content":{"rendered":"<p>[spb_column width=\u00bb2\/3&#8243; el_position=\u00bbfirst\u00bb] [spb_text_block title=\u00bbUna clase como regalo\u00bb pb_margin_bottom=\u00bbno\u00bb pb_border_bottom=\u00bbno\u00bb width=\u00bb1\/1&#8243; el_position=\u00bbfirst last\u00bb]\n<p>D\u00e9 a alguien un regalo inolvidable: una clase en Florencia en accademia del Giglio.<\/p>\n<p>Esta es s\u00f3lo una selecci\u00f3n de muestra de clases que puede ofrecer como regalo, pero si desea algo diferente o un programa personalizado, por favor p\u00f3ngase en contacto con nosotros directamente rellenando el formulario en esta p\u00e1gina.<\/p>\n<p>Las clases de regalos pueden ajustarse a cualquier presupuesto: puedes elegirlas entre nuestros diversos cursos que puedes encontrar en nuestra web o puedes liquidar una cantidad de dinero y preguntarnos qu\u00e9 podemos ofrecerte.<\/p>\n<p>\u00a1El curso que ofrecer\u00e1s se puede realizar en el plazo de <strong>un a\u00f1o desde la fecha de compra<\/strong>!<\/p>\n<p><strong>CLASES DE ARTE<\/strong><br \/>\n<a href=\"https:\/\/adg.it\/es\/arte-en-un-dia\/\">Un d\u00eda de Arte<\/a>: a partir de 85\u20ac<br \/>\n1 semana de clases de <a href=\"https:\/\/adg.it\/es\/cursos-de-diseno-y-pintura\/\">Dibujo y Pintura<\/a>: a partir de 335\u20ac<br \/>\n<a href=\"https:\/\/adg.it\/es\/arte-fin-de-semana\/\">Fin de semana<\/a> Cursos de Dibujo y Pintura: a partir de 405\u20ac<br \/>\n<a href=\"https:\/\/adg.it\/es\/seminarios-de-arte\/\">Talleres de arte,<\/a>30 horas en 5 d\u00edas, a partir de 750\u20ac<\/p>\n[\/spb_text_block] [sf_gallery gallery_id=\u00bb14688&#8243; slider_transition=\u00bbfade\u00bb show_thumbs=\u00bbyes\u00bb autoplay=\u00bbyes\u00bb show_captions=\u00bbyes\u00bb enable_lightbox=\u00bbno\u00bb width=\u00bb1\/1&#8243; el_position=\u00bbfirst last\u00bb] [boxed_content type=\u00bbcoloured\u00bb pb_margin_bottom=\u00bbno\u00bb width=\u00bb1\/1&#8243; el_position=\u00bbfirst last\u00bb]\n<p>M\u00e1s detalles<\/p>\n[\/boxed_content] [spb_accordion width=\u00bb1\/1&#8243; el_position=\u00bbfirst last\u00bb] [spb_accordion_tab title=\u00bb\u00bfQu\u00e9 es un curso como regalo?\u00bb accordion_id=\u00bb\u00bb icon=\u00bb\u00bb] [spb_text_block pb_margin_bottom=\u00bbno\u00bb pb_border_bottom=\u00bbno\u00bb width=\u00bb1\/1&#8243; el_position=\u00bbfirst last\u00bb]\n<p>Un curso como regalo es un curso que puede ofrecer a un amigo o a su amado(s) en una ocasi\u00f3n especial (cumplea\u00f1os, aniversario, compromiso, Navidad, etc.) o simplemente porque te apetece. Puedes regalar diferentes cursos, tales como:<\/p>\n<ul>\n<li>Dibujo.<\/li>\n<li>Pintura.<\/li>\n<li>Acuarela.<\/li>\n<li>Ilustraci\u00f3n.<\/li>\n<li>Decoraci\u00f3n.<\/li>\n<li>Fresco.<\/li>\n<li>Escultura con arcilla.<\/li>\n<li>Historia del Arte.<\/li>\n<li>Italiano como lengua extranjera.<\/li>\n<li>Cultura italiana.<\/li>\n<\/ul>\n[\/spb_text_block] [\/spb_accordion_tab] [spb_accordion_tab title=\u00bb\u00bfQu\u00e9 incluye el precio del curso?\u00bb accordion_id=\u00bb\u00bb icon=\u00bb\u00bb] [spb_text_block pb_margin_bottom=\u00bbno\u00bb pb_border_bottom=\u00bbno\u00bb width=\u00bb1\/1&#8243; el_position=\u00bbfirst last\u00bb]\n<p>El precio del curso incluye todo el material que se considera necesario durante la(s) lecci\u00f3n(s).<\/p>\n[\/spb_text_block] [\/spb_accordion_tab] [spb_accordion_tab title=\u00bb\u00bfC\u00f3mo se entregar\u00e1 el regalo?\u00bb accordion_id=\u00bb\u00bb icon=\u00bb\u00bb] [spb_text_block pb_margin_bottom=\u00bbno\u00bb pb_border_bottom=\u00bbno\u00bb width=\u00bb1\/1&#8243; el_position=\u00bbfirst last\u00bb]\n<p>Los cursos de regalo se entregan digitalmente como un cup\u00f3n.<\/p>\n<p>Se puede elegir la fecha de la entrega. Hay dos opciones de entrega disponibles:<\/p>\n<ul>\n<li>usted puede pedir para recibir el cup\u00f3n, que luego usted manejar\u00e1 personalmente a su amado(s);<\/li>\n<li>puede hacer que nos entreguen el cup\u00f3n a su(s) amado(s).<\/li>\n<\/ul>\n[\/spb_text_block] [\/spb_accordion_tab] [spb_accordion_tab title=\u00bb\u00bfPuedo devolver un regalo?\u00bb accordion_id=\u00bb\u00bb icon=\u00bb\u00bb] [spb_text_block pb_margin_bottom=\u00bbno\u00bb pb_border_bottom=\u00bbno\u00bb width=\u00bb1\/1&#8243; el_position=\u00bbfirst last\u00bb]\n<p>S\u00ed, tienes 30 d\u00edas desde la fecha de compra para solicitar un reembolso.<\/p>\n[\/spb_text_block] [\/spb_accordion_tab] [spb_accordion_tab title=\u00bbT\u00e9rminos y condiciones\u00bb accordion_id=\u00bb\u00bb icon=\u00bb\u00bb] [spb_text_block pb_margin_bottom=\u00bbno\u00bb pb_border_bottom=\u00bbno\u00bb width=\u00bb1\/1&#8243; el_position=\u00bbfirst last\u00bb]\n<ul>\n<li>Los destinatarios deben tener 16 a\u00f1os o m\u00e1s.<\/li>\n<li>Una lecci\u00f3n de una hora es en realidad 55 minutos para las clases de italiano y 60 minutos para las clases de arte (a menos que se indique lo contrario).<\/li>\n<li>En caso de cancelaci\u00f3n de cualquier curso o taller por razones ajenas a nuestro control, recomendamos encarecidamente a los participantes que adquieran un seguro de viaje que cubra la p\u00e9rdida de cualquier cantidad pagada por pasajes a\u00e9reos y alojamiento.<\/li>\n<li>La escuela no se hace responsable de ning\u00fan da\u00f1o, p\u00e9rdida o lesi\u00f3n que los estudiantes puedan incurrir.<\/li>\n<li>Los estudiantes ser\u00e1n responsables de cualquier da\u00f1o a la propiedad de la escuela.<\/li>\n<li>Reservas canceladas. Si una reserva se cancela 21 d\u00edas antes del comienzo del curso, se reembolsar\u00e1n los gastos de asistencia. Si una reserva se cancela en un plazo inferior a 21 d\u00edas antes del inicio del curso, no se reembolsar\u00e1 ning\u00fan cargo.<br \/>\nNo se har\u00e1 ning\u00fan reembolso a los estudiantes que comiencen su curso tarde o lo interrumpan antes de su fin oficial.<\/li>\n<li>Al enviar el formulario de solicitud, el estudiante acepta nuestros t\u00e9rminos y condiciones. Cualquier disputa que surja en virtud del presente se resolver\u00e1 en el tribunal competente de Florencia.<\/li>\n<\/ul>\n[\/spb_text_block] [\/spb_accordion_tab] [spb_accordion_tab title=\u00bbInscripci\u00f3n\u00bb accordion_id=\u00bbinscripci-n\u00bb icon=\u00bb\u00bb] [spb_text_block pb_margin_bottom=\u00bbno\u00bb pb_border_bottom=\u00bbno\u00bb width=\u00bb1\/1&#8243; el_position=\u00bbfirst last\u00bb]\n<p>Visita nuestra <a href=\"https:\/\/adg.it\/en\/shop\/\" target=\"_blank\" rel=\"noopener\">tienda online<\/a>.<\/p>\n[\/spb_text_block] [\/spb_accordion_tab] [\/spb_accordion] [\/spb_column] [spb_column width=\u00bb1\/3&#8243; el_position=\u00bblast\u00bb] [spb_single_image image=\u00bb20275&#8243; image_size=\u00bbfull\u00bb frame=\u00bbshadowframe\u00bb intro_animation=\u00bbnone\u00bb full_width=\u00bbno\u00bb lightbox=\u00bbno\u00bb link_target=\u00bb_self\u00bb width=\u00bb1\/1&#8243; el_position=\u00bbfirst last\u00bb] [spb_text_block pb_margin_bottom=\u00bbno\u00bb pb_border_bottom=\u00bbno\u00bb width=\u00bb1\/1&#8243; el_position=\u00bbfirst last\u00bb]\n<div class=\"wpforms-container wpforms-container-full\" id=\"wpforms-18575\"><form id=\"wpforms-form-18575\" class=\"wpforms-validate wpforms-form wpforms-ajax-form\" data-formid=\"18575\" method=\"post\" enctype=\"multipart\/form-data\" action=\"\/es\/wp-json\/wp\/v2\/pages\/19667\" data-token=\"284325d7b89a0bc55bc183d3fe060e8d\" data-token-time=\"1778341295\"><noscript class=\"wpforms-error-noscript\">Por favor, activa JavaScript en tu navegador para completar este formulario.<\/noscript><div class=\"wpforms-field-container\"><div id=\"wpforms-18575-field_6-container\" class=\"wpforms-field wpforms-field-name\" data-field-id=\"6\"><label class=\"wpforms-field-label\">Nombre <span class=\"wpforms-required-label\">*<\/span><\/label><div class=\"wpforms-field-row wpforms-field-large\"><div class=\"wpforms-field-row-block wpforms-first wpforms-one-half\"><input type=\"text\" id=\"wpforms-18575-field_6\" class=\"wpforms-field-name-first wpforms-field-required\" name=\"wpforms[fields][6][first]\" placeholder=\"Tu nombre\" required><label for=\"wpforms-18575-field_6\" class=\"wpforms-field-sublabel after\">First<\/label><\/div><div class=\"wpforms-field-row-block wpforms-one-half\"><input type=\"text\" id=\"wpforms-18575-field_6-last\" class=\"wpforms-field-name-last wpforms-field-required\" name=\"wpforms[fields][6][last]\" placeholder=\"Tu apellido\" required><label for=\"wpforms-18575-field_6-last\" class=\"wpforms-field-sublabel after\">Last<\/label><\/div><\/div><\/div><div id=\"wpforms-18575-field_1-container\" class=\"wpforms-field wpforms-field-email\" data-field-id=\"1\"><label class=\"wpforms-field-label\" for=\"wpforms-18575-field_1\">Correo electr\u00f3nico <span class=\"wpforms-required-label\">*<\/span><\/label><input type=\"email\" id=\"wpforms-18575-field_1\" class=\"wpforms-field-large wpforms-field-required\" name=\"wpforms[fields][1]\" placeholder=\"Tu correo electr\u00f3nico\" spellcheck=\"false\" required><\/div><div id=\"wpforms-18575-field_2-container\" class=\"wpforms-field wpforms-field-textarea\" data-field-id=\"2\"><label class=\"wpforms-field-label\" for=\"wpforms-18575-field_2\">Mensaje <span class=\"wpforms-required-label\">*<\/span><\/label><textarea id=\"wpforms-18575-field_2\" class=\"wpforms-field-medium wpforms-field-required\" name=\"wpforms[fields][2]\" placeholder=\"Escribe aqu\u00ed tu mensaje\" required><\/textarea><\/div><\/div><!-- .wpforms-field-container --><div class=\"wpforms-field wpforms-field-hp\"><label for=\"wpforms-18575-field-hp\" class=\"wpforms-field-label\">Phone<\/label><input type=\"text\" name=\"wpforms[hp]\" id=\"wpforms-18575-field-hp\" class=\"wpforms-field-medium\"><\/div><div class=\"wpforms-submit-container\" ><input type=\"hidden\" name=\"wpforms[id]\" value=\"18575\"><input type=\"hidden\" name=\"page_title\" value=\"\"><input type=\"hidden\" name=\"page_url\" value=\"https:\/\/adg.it\/es\/wp-json\/wp\/v2\/pages\/19667\"><input type=\"hidden\" name=\"url_referer\" value=\"\"><button type=\"submit\" name=\"wpforms[submit]\" id=\"wpforms-submit-18575\" class=\"wpforms-submit\" data-alt-text=\"Enviando...\" data-submit-text=\"Enviar\" aria-live=\"assertive\" value=\"wpforms-submit\">Enviar<\/button><img loading=\"lazy\" decoding=\"async\" src=\"https:\/\/adg.it\/wp-content\/plugins\/wpforms\/assets\/images\/submit-spin.svg\" class=\"wpforms-submit-spinner\" style=\"display: none;\" width=\"26\" height=\"26\" alt=\"Cargando\"><\/div><\/form><\/div>  <!-- .wpforms-container -->\n[\/spb_text_block] [testimonial_carousel item_count=\u00bb3&#8243; order=\u00bbrand\u00bb category=\u00bbAll\u00bb page_link=\u00bbyes\u00bb width=\u00bb1\/1&#8243; el_position=\u00bbfirst last\u00bb] [\/spb_column]<\/p>\n","protected":false},"excerpt":{"rendered":"<p>[spb_column width=\u00bb2\/3&#8243; el_position=\u00bbfirst\u00bb] [spb_text_block title=\u00bbUna clase como regalo\u00bb pb_margin_bottom=\u00bbno\u00bb pb_border_bottom=\u00bbno\u00bb width=\u00bb1\/1&#8243; el_position=\u00bbfirst last\u00bb] D\u00e9 a alguien un regalo inolvidable: una clase en Florencia en accademia del Giglio. Esta es s\u00f3lo una selecci\u00f3n de muestra de clases que puede ofrecer como regalo, pero si desea algo diferente o un programa personalizado, por favor p\u00f3ngase en contacto con nosotros directamente rellenando el [&hellip;]<\/p>\n","protected":false},"author":27,"featured_media":0,"parent":0,"menu_order":0,"comment_status":"closed","ping_status":"closed","template":"","meta":{"_joinchat":[],"footnotes":""},"class_list":["post-19667","page","type-page","status-publish","hentry"],"aioseo_notices":[],"_links":{"self":[{"href":"https:\/\/adg.it\/es\/wp-json\/wp\/v2\/pages\/19667","targetHints":{"allow":["GET"]}}],"collection":[{"href":"https:\/\/adg.it\/es\/wp-json\/wp\/v2\/pages"}],"about":[{"href":"https:\/\/adg.it\/es\/wp-json\/wp\/v2\/types\/page"}],"author":[{"embeddable":true,"href":"https:\/\/adg.it\/es\/wp-json\/wp\/v2\/users\/27"}],"replies":[{"embeddable":true,"href":"https:\/\/adg.it\/es\/wp-json\/wp\/v2\/comments?post=19667"}],"version-history":[{"count":2,"href":"https:\/\/adg.it\/es\/wp-json\/wp\/v2\/pages\/19667\/revisions"}],"predecessor-version":[{"id":27546,"href":"https:\/\/adg.it\/es\/wp-json\/wp\/v2\/pages\/19667\/revisions\/27546"}],"wp:attachment":[{"href":"https:\/\/adg.it\/es\/wp-json\/wp\/v2\/media?parent=19667"}],"curies":[{"name":"wp","href":"https:\/\/api.w.org\/{rel}","templated":true}]}}