{"id":11517,"date":"2015-11-16T08:59:50","date_gmt":"2015-11-16T08:59:50","guid":{"rendered":"http:\/\/adg.it\/es\/?page_id=11517"},"modified":"2019-04-10T09:51:44","modified_gmt":"2019-04-10T09:51:44","slug":"privacy-es","status":"publish","type":"page","link":"https:\/\/adg.it\/es\/privacy-es\/","title":{"rendered":"Privacy &#038; Cookie policy"},"content":{"rendered":"<p>[spb_column width=\u00bb1\/1&#8243; el_position=\u00bbfirst last\u00bb] [spb_text_block title=\u00bbSpanish version\u00bb pb_margin_bottom=\u00bbno\u00bb pb_border_bottom=\u00bbno\u00bb width=\u00bb1\/1&#8243; el_position=\u00bbfirst last\u00bb]\n<p><strong>\u00bfQu\u00e9 es la\u00a0Pol\u00edtica de Privacidad?<\/strong><\/p>\n<p>Esta pol\u00edtica de privacidad es para este sitio web adg.it y servido por Accademia del Giglio SNC y gobierna la privacidad de sus usuarios que decidan utilizarlo.<\/p>\n<p>La pol\u00edtica establece las diferentes \u00e1reas en las que la privacidad del usuario est\u00e1 preocupado y se esbozan las obligaciones y requerimientos de los usuarios, el sitio web y el sitio Web propietarios. Adem\u00e1s, la forma en que este sitio web los procesos, las tiendas y protege los datos del usuario y la informaci\u00f3n tambi\u00e9n se detallar\u00e1 en esta pol\u00edtica.<\/p>\n<p><strong>El sitio web<\/strong><\/p>\n<p>Esta p\u00e1gina web y sus propietarios tienen un enfoque proactivo para la privacidad del usuario y aseg\u00farese de tomar las medidas necesarias para proteger la privacidad de sus usuarios a trav\u00e9s de su experiencia visitando. Este sitio web cumple con todas las leyes nacionales italianos y los requisitos para la privacidad del usuario: \u00abCodice en materia di protezione dei dati personali\u00bb, art. 13 D. lgs. 06.30.2003, n. 196.<\/p>\n<p><strong>Uso de los Cookies<\/strong><\/p>\n<p>Este sitio web utiliza cookies para mejorar la experiencia de los usuarios durante su visita a la p\u00e1gina web. En su caso, esta web utiliza un sistema de control de cookies permite al usuario en su primera visita a la p\u00e1gina web para permitir o no el uso de cookies en su ordenador \/ dispositivo. Esto cumple con los requisitos de la legislaci\u00f3n reciente para los sitios web para obtener el consentimiento expl\u00edcito de los usuarios antes de salir de detr\u00e1s o la lectura de archivos como las cookies en el ordenador \/ dispositivo de un usuario.<\/p>\n<p>Las cookies son peque\u00f1os archivos guardados en los ordenadores de los usuarios duro de esa pista, guardar y almacenar informaci\u00f3n sobre las interacciones del usuario y el uso de la p\u00e1gina web. Esto permite que el sitio web, a trav\u00e9s de su servidor para proporcionar a los usuarios una experiencia adaptada dentro de este sitio web.<br \/>\nSe recomienda a los usuarios que si desean negar el uso y el almacenamiento de las cookies de este sitio web en sus equipos de disco duro deben tomar las medidas necesarias dentro de sus navegadores web configuraci\u00f3n de seguridad para bloquear todas las cookies de este sitio web y sus proveedores externos que sirven.<\/p>\n<p>Este sitio web utiliza software de seguimiento para monitorear a sus visitantes a comprender mejor c\u00f3mo la utilizan. Este software es proporcionado por Google Analytics, que utiliza cookies para rastrear el uso del visitante. El software guardar\u00e1 una cookie a su disco duro del ordenador con el fin de rastrear y monitorear su compromiso y el uso de la p\u00e1gina web, pero no va a almacenar, guardar o recopilar informaci\u00f3n personal. Usted puede leer las pol\u00edticas de privacidad de Google aqu\u00ed para obtener m\u00e1s informaci\u00f3n [<a href=\"http:\/\/www.google.com\/privacy.html\">http:\/\/www.google.com\/privacy.html<\/a>].<\/p>\n<p>Otras cookies pueden ser almacenados en los equipos disco duro por proveedores externos cuando este sitio web utiliza programas de referencia, enlaces o anuncios patrocinados. Dichas cookies se utilizan para la conversi\u00f3n y el seguimiento de referencia y normalmente expiran despu\u00e9s de 30 d\u00edas, aunque algunos pueden tomar m\u00e1s tiempo. Ninguna informaci\u00f3n personal se almacena, guarda o recogidos.<\/p>\n<p><strong>Contacto y Comunicaci\u00f3n<\/strong><\/p>\n<p>Los usuarios comunicarse con esta p\u00e1gina web y \/ o de sus propietarios lo hacen bajo su propia discreci\u00f3n y proporcionar dichos datos personales solicitados a su propio riesgo. Su informaci\u00f3n personal se mantiene privado y almacena de forma segura hasta el momento en que ya no es necesaria o no tiene uso, como se detalla en la Ley de Protecci\u00f3n de Datos de 1998. Se ha hecho todo lo posible para asegurar una forma segura y segura de proceso de env\u00edo de correo electr\u00f3nico, pero aconseja a los usuarios utilizando como forma de correo electr\u00f3nico procesos que lo hacen bajo su propio riesgo.<\/p>\n<p>Esta p\u00e1gina web y sus propietarios utilizan la informaci\u00f3n facilitada para ofrecerle m\u00e1s informaci\u00f3n acerca de los productos \/ servicios que ofrecen o para ayudarle a responder a cualquier pregunta o duda que pueda haber presentado. Esto incluye el uso de sus datos para suscribirse a cualquier programa de bolet\u00edn de correo electr\u00f3nico de la p\u00e1gina web funciona pero s\u00f3lo si esto se hizo claro para usted y su expresa autorizaci\u00f3n fue concedida al presentar cualquier forma de proceso de correo electr\u00f3nico. O por el que usted el consumidor ha comprado previamente o preguntado acerca de la compra de la compa\u00f1\u00eda de un producto o servicio que el bolet\u00edn electr\u00f3nico se refiere a. Esto de ninguna manera es una lista completa de sus derechos de usuario en lo que respecta a la recepci\u00f3n de material de marketing de correo electr\u00f3nico. Sus datos no se transmiten a terceros.<\/p>\n<p><strong>Bolet\u00edn de noticias electr\u00f3nico<\/strong><\/p>\n<p>Este sitio web opera un programa de bolet\u00edn de correo electr\u00f3nico, que se utiliza para informar a los suscriptores acerca de los productos y servicios suministrados por este sitio web. Los usuarios pueden suscribirse a trav\u00e9s de un proceso automatizado en l\u00ednea si desean hacerlo, pero lo hacen bajo su propia discreci\u00f3n. Algunas suscripciones pueden ser procesadas manualmente a trav\u00e9s de un acuerdo previo por escrito con el usuario.<\/p>\n<p>Todos los datos personales relativos a las suscripciones se llevan a cabo de forma segura y de acuerdo con el \u00abCodice en materia di protezione dei dati personali\u00bb, art. 13 D. lgs. 06.30.2003, n. 196. No hay datos personales se pasan a terceros ni compartidos con empresas \/ personas fuera de la empresa que opera este sitio web. Bajo el \u00abCodice en materia di protezione dei dati personali\u00bb, art. 13 D. lgs. 06.30.2003, n. 196, usted puede solicitar una copia de la informaci\u00f3n personal que tenemos sobre usted por programa de bolet\u00edn de correo electr\u00f3nico de este sitio web. Si desea una copia de la informaci\u00f3n contenida en favor escriba a la direcci\u00f3n de negocios en la parte inferior de esta pol\u00edtica.<\/p>\n<p>Campa\u00f1as de marketing por correo electr\u00f3nico publicados por este sitio web o de sus titulares pueden contener instalaciones de seguimiento en el correo electr\u00f3nico real. La actividad de abonado se hace un seguimiento y se almacena en una base de datos para el an\u00e1lisis y la evaluaci\u00f3n futura. Tal actividad puede incluir orugas; la apertura de correos electr\u00f3nicos, el reenv\u00edo de mensajes de correo electr\u00f3nico, el chasquido de enlaces dentro de los contenidos de correo electr\u00f3nico, horarios, fechas y frecuencia de la actividad [esto no es en el momento una lista completa].<br \/>\nEsta informaci\u00f3n se utiliza para refinar campa\u00f1as de correo electr\u00f3nico futuros y proporcionar al usuario con el contenido m\u00e1s relevante en torno a su actividad.<\/p>\n<p>En cumplimiento de la \u00abCodice in materia di protezione dei dati personali\u00bb, art. 13 D. lgs. 06.30.2003, n. 196. abonados tengan la oportunidad de anular la suscripci\u00f3n en cualquier momento a trav\u00e9s de un sistema automatizado. Este proceso se detalla en el pie de p\u00e1gina de cada campa\u00f1a de correo electr\u00f3nico. Si un sistema no-suscripci\u00f3n automatizado es instrucciones claras no disponibles sobre c\u00f3mo anular la suscripci\u00f3n voluntad por detalla en su lugar.<\/p>\n<p><strong>Enlaces externos<\/strong><\/p>\n<p>Aunque este sitio web s\u00f3lo se ve para incluir la calidad, enlaces externos seguros y pertinentes, se aconseja a los usuarios adoptar una pol\u00edtica de cautela antes de hacer clic en cualquier enlace web externos mencionados en este sitio web. (Los enlaces externos son seleccionables enlaces de texto \/ banner \/ imagen a otro sitio web).<\/p>\n<p>Los propietarios de este sitio web no puede garantizar o verificar el contenido de cualquier sitio web vinculado de forma externa a pesar de sus mejores esfuerzos. Por lo tanto, los usuarios deben tener en cuenta que haga clic en los enlaces externos a su propio riesgo y este sitio web y sus propietarios no se hace responsable de los da\u00f1os o consecuencias causadas por visitar los enlaces externos mencionados.<\/p>\n<p><strong>Plataformas de medios sociales<\/strong><\/p>\n<p>La comunicaci\u00f3n, el compromiso y las acciones tomadas a trav\u00e9s de plataformas de medios sociales externas que este sitio web y sus propietarios participan en son de encargo a los t\u00e9rminos y condiciones, as\u00ed como las pol\u00edticas de privacidad mantenidas con cada plataforma de medios sociales, respectivamente.<\/p>\n<p>Los usuarios deber\u00e1n utilizar plataformas de medios sociales sabiamente y comunicar \/ participar en ellos con el debido cuidado y precauci\u00f3n en cuanto a su propia intimidad y los datos personales. Este sitio web ni sus propietarios tendr\u00e1n jam\u00e1s pedir\u00e1 informaci\u00f3n personal o sensible a trav\u00e9s de plataformas de medios sociales y animar a los usuarios que deseen discutir los detalles sensibles de contactar con ellos a trav\u00e9s de los canales de comunicaci\u00f3n principales como por tel\u00e9fono o correo electr\u00f3nico.<\/p>\n<p>Este sitio web puede utilizar los botones de compartir sociales que ayudan a la cuota de contenido web directamente desde p\u00e1ginas web a la plataforma de medios de comunicaci\u00f3n social en cuesti\u00f3n. Los usuarios se les recomienda antes de utilizar estos botones sociales para compartir que lo hacen bajo su propia discreci\u00f3n y tenga en cuenta que la plataforma de medios sociales puede rastrear y guardar su solicitud para compartir una p\u00e1gina web, respectivamente, a trav\u00e9s de su cuenta de plataforma de medios sociales.<\/p>\n<p><strong>Recursos y M\u00e1s informaci\u00f3n<\/strong><\/p>\n<ul>\n<li><a href=\"http:\/\/www.garanteprivacy.it\/\" target=\"_blank\" rel=\"noopener noreferrer\">Codice in materia di protezione dei dati personali<\/a><\/li>\n<li><a href=\"http:\/\/twitter.com\/privacy\" target=\"_blank\" rel=\"noopener noreferrer\">Twitter Privacy Policy<\/a><\/li>\n<li><a href=\"http:\/\/www.facebook.com\/about\/privacy\/\" target=\"_blank\" rel=\"noopener noreferrer\">Facebook Privacy Policy<\/a><\/li>\n<li><a href=\"http:\/\/www.google.com\/privacy.html\" target=\"_blank\" rel=\"noopener noreferrer\">Google Privacy Policy<\/a><\/li>\n<li><a href=\"http:\/\/www.linkedin.com\/static?key=privacy_policy\" target=\"_blank\" rel=\"noopener noreferrer\">Linkedin Privacy Policy<\/a><\/li>\n<li><a href=\"http:\/\/mailchimp.com\/legal\/privacy\/\" target=\"_self\" rel=\"noopener noreferrer\">Mailchimp Privacy Policy<\/a><\/li>\n<\/ul>\n<p>v.2.0 abril de 2013 Editado y personalizado por: Accademia del Giglio SNC, Via Ghibellina 116, 50122 Florencia, Italia.<\/p>\n<h3><\/h3>\n<p>&nbsp;<\/p>\n<h3><\/h3>\n<h2><\/h2>\n<p>&nbsp;<\/p>\n<p>&nbsp;<\/p>\n[\/spb_text_block] [\/spb_column]<\/p>\n","protected":false},"excerpt":{"rendered":"<p>[spb_column width=\u00bb1\/1&#8243; el_position=\u00bbfirst last\u00bb] [spb_text_block title=\u00bbSpanish version\u00bb pb_margin_bottom=\u00bbno\u00bb pb_border_bottom=\u00bbno\u00bb width=\u00bb1\/1&#8243; el_position=\u00bbfirst last\u00bb] \u00bfQu\u00e9 es la\u00a0Pol\u00edtica de Privacidad? Esta pol\u00edtica de privacidad es para este sitio web adg.it y servido por Accademia del Giglio SNC y gobierna la privacidad de sus usuarios que decidan utilizarlo. La pol\u00edtica establece las diferentes \u00e1reas en las que la privacidad del usuario est\u00e1 preocupado y [&hellip;]<\/p>\n","protected":false},"author":27,"featured_media":0,"parent":0,"menu_order":0,"comment_status":"closed","ping_status":"closed","template":"","meta":{"_joinchat":[],"footnotes":""},"class_list":["post-11517","page","type-page","status-publish","hentry"],"aioseo_notices":[],"_links":{"self":[{"href":"https:\/\/adg.it\/es\/wp-json\/wp\/v2\/pages\/11517","targetHints":{"allow":["GET"]}}],"collection":[{"href":"https:\/\/adg.it\/es\/wp-json\/wp\/v2\/pages"}],"about":[{"href":"https:\/\/adg.it\/es\/wp-json\/wp\/v2\/types\/page"}],"author":[{"embeddable":true,"href":"https:\/\/adg.it\/es\/wp-json\/wp\/v2\/users\/27"}],"replies":[{"embeddable":true,"href":"https:\/\/adg.it\/es\/wp-json\/wp\/v2\/comments?post=11517"}],"version-history":[{"count":0,"href":"https:\/\/adg.it\/es\/wp-json\/wp\/v2\/pages\/11517\/revisions"}],"wp:attachment":[{"href":"https:\/\/adg.it\/es\/wp-json\/wp\/v2\/media?parent=11517"}],"curies":[{"name":"wp","href":"https:\/\/api.w.org\/{rel}","templated":true}]}}