{"id":11435,"date":"2015-11-06T12:51:59","date_gmt":"2015-11-06T12:51:59","guid":{"rendered":"http:\/\/adg.it\/es\/?page_id=11435"},"modified":"2015-11-06T12:54:38","modified_gmt":"2015-11-06T12:54:38","slug":"materiales-de-arte","status":"publish","type":"page","link":"https:\/\/adg.it\/es\/materiales-de-arte\/","title":{"rendered":"Materiales de arte"},"content":{"rendered":"<p>[spb_column width=\u00bb2\/3&#8243; el_position=\u00bbfirst\u00bb] [spb_text_block pb_margin_bottom=\u00bbno\u00bb pb_border_bottom=\u00bbno\u00bb width=\u00bb1\/1&#8243; el_position=\u00bbfirst last\u00bb]\n<p>Estos son los materiales\u00a0de arte que les proponemos de\u00a0comprar para atender nuestros cursos de arte.<\/p>\n<p>El material <strong>no es incluido en el precio<\/strong> a excepci\u00f3n del material b\u00e1sico (papel y l\u00e1piz).<\/p>\n<p>Usted puede comprar en Florencia el material que falta con un descuento para los estudiantes de nuestra escuela.<\/p>\n[\/spb_text_block] [spb_accordion active_section=\u00bb0&#8243; width=\u00bb1\/1&#8243; el_position=\u00bbfirst last\u00bb] [spb_accordion_tab title=\u00bbPara el dise\u00f1o\u00bb accordion_id=\u00bb\u00bb icon=\u00bb\u00bb] [spb_text_block pb_margin_bottom=\u00bbno\u00bb pb_border_bottom=\u00bbno\u00bb width=\u00bb1\/1&#8243; el_position=\u00bbfirst last\u00bb]\n<p>1 l\u00e1piz HB e B2 o B4<br \/>\n1 goma de borrar<br \/>\nCarboncillo y sang\u00fc\u00ed\u00f1a<br \/>\nHojas de papel de dibujar<\/p>\n<p>Precio aproximado: 15,00 \u2013 25,00\u20ac<\/p>\n[\/spb_text_block] [\/spb_accordion_tab] [spb_accordion_tab title=\u00bbPara la pintura\u00bb accordion_id=\u00bb\u00bb icon=\u00bb\u00bb] [spb_text_block title=\u00bbPintura al \u00f3leo o acrilico\u00bb pb_margin_bottom=\u00bbno\u00bb pb_border_bottom=\u00bbno\u00bb width=\u00bb1\/1&#8243; el_position=\u00bbfirst last\u00bb]\n<p>colores primarios: 1 blanco, 1 amarillo, 1 magenta (rosso), 1 cian (blu).<br \/>\n3 o 4 cajas de telares\u00a0(o lienzo) de tama\u00f1o 6, 8 \u00f3 10;<br \/>\n4 o 5 pinceles para el \u00f3leo de \u201ccerdas\u201d\u00a0de diferentes tama\u00f1os;<br \/>\n1 botella de aceite de lino o de polimerisado;<br \/>\n1 botella de aguarr\u00e1s\u00a0(s\u00f3lo para el \u00f3leo);<br \/>\nuna paleta;<\/p>\n<p>Precio aproximado: 30,00 \u2013 50,00\u20ac<\/p>\n[\/spb_text_block] [spb_text_block title=\u00bbPara el fresco\u00bb pb_margin_bottom=\u00bbno\u00bb pb_border_bottom=\u00bbno\u00bb width=\u00bb1\/1&#8243; el_position=\u00bbfirst last\u00bb]\n<p>2\u00a0pinceles<br \/>\nPinturas<\/p>\n<p>Pregunta a su maestro antes de comprar este material.<\/p>\n[\/spb_text_block] [spb_text_block title=\u00bbPara el pastel\u00bb pb_margin_bottom=\u00bbno\u00bb pb_border_bottom=\u00bbno\u00bb width=\u00bb1\/1&#8243; el_position=\u00bbfirst last\u00bb]\n<p>Papel de dibujo blanco o de medios tonos<br \/>\n1 caja de pastelos secos de 24 o m\u00e1s colores<br \/>\n1 frasco de fijador para el pastel<\/p>\n[\/spb_text_block] [spb_text_block title=\u00bbPara el acuarela\u00bb pb_margin_bottom=\u00bbno\u00bb pb_border_bottom=\u00bbno\u00bb width=\u00bb1\/1&#8243; el_position=\u00bbfirst last\u00bb]\n<p>1 caja de pinturas de acuarela<br \/>\n1 bloque de papel de acuarela<br \/>\n3 pinceles de marta o de \u201cpetit gris\u201d de diferentes tama\u00f1os<\/p>\n[\/spb_text_block] [\/spb_accordion_tab] [spb_accordion_tab title=\u00bbOpcional\u00bb accordion_id=\u00bb\u00bb icon=\u00bb\u00bb] [spb_text_block pb_margin_bottom=\u00bbno\u00bb pb_border_bottom=\u00bbno\u00bb width=\u00bb1\/1&#8243; el_position=\u00bbfirst last\u00bb]\n<p>Tinta negra o sepia;<br \/>\nsang\u00fc\u00ed\u00f1a;<br \/>\nropa de trabajo.<\/p>\n<p>Para las lecciones al aire libre:<br \/>\n&#8211; un caballete de paisaje;<br \/>\n&#8211; una silla plegable (uso de camping).<\/p>\n[\/spb_text_block] [\/spb_accordion_tab] [\/spb_accordion] [\/spb_column] [spb_column width=\u00bb1\/3&#8243; el_position=\u00bblast\u00bb] [spb_single_image image=\u00bb11182&#8243; image_size=\u00bbfull\u00bb frame=\u00bbshadowframe\u00bb intro_animation=\u00bbnone\u00bb full_width=\u00bbno\u00bb lightbox=\u00bbno\u00bb link_target=\u00bb_self\u00bb width=\u00bb1\/1&#8243; el_position=\u00bbfirst last\u00bb] [blank_spacer height=\u00bb30px\u00bb width=\u00bb1\/1&#8243; el_position=\u00bbfirst last\u00bb] [\/spb_column]<\/p>\n","protected":false},"excerpt":{"rendered":"<p>[spb_column width=\u00bb2\/3&#8243; el_position=\u00bbfirst\u00bb] [spb_text_block pb_margin_bottom=\u00bbno\u00bb pb_border_bottom=\u00bbno\u00bb width=\u00bb1\/1&#8243; el_position=\u00bbfirst last\u00bb] Estos son los materiales\u00a0de arte que les proponemos de\u00a0comprar para atender nuestros cursos de arte. El material no es incluido en el precio a excepci\u00f3n del material b\u00e1sico (papel y l\u00e1piz). Usted puede comprar en Florencia el material que falta con un descuento para los estudiantes de nuestra escuela. [\/spb_text_block] [spb_accordion [&hellip;]<\/p>\n","protected":false},"author":27,"featured_media":0,"parent":0,"menu_order":0,"comment_status":"closed","ping_status":"closed","template":"","meta":{"_joinchat":[],"footnotes":""},"class_list":["post-11435","page","type-page","status-publish","hentry"],"aioseo_notices":[],"_links":{"self":[{"href":"https:\/\/adg.it\/es\/wp-json\/wp\/v2\/pages\/11435","targetHints":{"allow":["GET"]}}],"collection":[{"href":"https:\/\/adg.it\/es\/wp-json\/wp\/v2\/pages"}],"about":[{"href":"https:\/\/adg.it\/es\/wp-json\/wp\/v2\/types\/page"}],"author":[{"embeddable":true,"href":"https:\/\/adg.it\/es\/wp-json\/wp\/v2\/users\/27"}],"replies":[{"embeddable":true,"href":"https:\/\/adg.it\/es\/wp-json\/wp\/v2\/comments?post=11435"}],"version-history":[{"count":0,"href":"https:\/\/adg.it\/es\/wp-json\/wp\/v2\/pages\/11435\/revisions"}],"wp:attachment":[{"href":"https:\/\/adg.it\/es\/wp-json\/wp\/v2\/media?parent=11435"}],"curies":[{"name":"wp","href":"https:\/\/api.w.org\/{rel}","templated":true}]}}