{"id":10309,"date":"2015-07-17T15:04:22","date_gmt":"2015-07-17T15:04:22","guid":{"rendered":"http:\/\/wp.adg.it\/?page_id=10309"},"modified":"2025-01-28T13:07:12","modified_gmt":"2025-01-28T13:07:12","slug":"arte-fin-de-semana","status":"publish","type":"page","link":"https:\/\/adg.it\/es\/arte-fin-de-semana\/","title":{"rendered":"Cursos de fin de semana de dise\u00f1o y pintura"},"content":{"rendered":"<p>[spb_column width=\u00bb2\/3&#8243; el_position=\u00bbfirst\u00bb] [spb_text_block pb_margin_bottom=\u00bbno\u00bb pb_border_bottom=\u00bbno\u00bb width=\u00bb1\/1&#8243; el_position=\u00bbfirst last\u00bb]\n<p>Un curso super-intensivo pensado para todos aquellos artistas que, con poco tiempo a disposici\u00f3n, desean sumergirse un fin de semana en la atm\u00f3sfera art\u00edstica fiorentina, <span class=\"color-10\">dise\u00f1ando y dibujando<\/span> junto a otros artistas bajo la atenta gu\u00eda de un experto Maestro de Arte. Los cursos se realizan en <strong>ingl\u00e9s e italiano<\/strong>, en el estudio y en exteriores.<\/p>\n[\/spb_text_block] [boxed_content type=\u00bbcoloured\u00bb pb_margin_bottom=\u00bbno\u00bb width=\u00bb1\/1&#8243; el_position=\u00bbfirst last\u00bb]\n<p>Los programas<\/p>\n[\/boxed_content] [spb_accordion width=\u00bb1\/1&#8243; el_position=\u00bbfirst last\u00bb] [spb_accordion_tab title=\u00bbA.T\u00e9cnicas de dise\u00f1o y pintura en estudio\u00bb accordion_id=\u00bb\u00bb icon=\u00bb\u00bb] [spb_text_block pb_margin_bottom=\u00bbno\u00bb pb_border_bottom=\u00bbno\u00bb width=\u00bb1\/1&#8243; el_position=\u00bbfirst last\u00bb]\n<p>Durante este curso los estudiantes podr\u00e1n probar <span class=\"color-10\">diferentes t\u00e9cnicas pict\u00f3ricas y de dise\u00f1o como<\/span> lapiz, carb\u00f3n, sang\u00fc\u00ed\u00f1a, pastel, acuarela, acr\u00edlico y oleo, sobre estudio de naturaleza muerta, modelos y composiciones preparadas en nuestro estudio.<br \/>\nSi las condiciones metereol\u00f3gicas lo permiten, algunas horas de lecci\u00f3n se realizan al <span class=\"color-10\">aire libre<\/span> en las plazas o en los jardines de Florencia.<br \/>\nEl curso se ofrece a principiantes, artistas, y apasionados de arte en general, que quieran hacer una <span class=\"color-10\">inmersi\u00f3n art\u00edstica<\/span> para estudiar o profundizar t\u00e9cnicas pict\u00f3ricas diversas.<\/p>\n[\/spb_text_block] [\/spb_accordion_tab] [spb_accordion_tab title=\u00bbB. Dise\u00f1o y pintura al aire libre\u00bb accordion_id=\u00bb\u00bb icon=\u00bb\u00bb] [spb_text_block pb_margin_bottom=\u00bbno\u00bb pb_border_bottom=\u00bbno\u00bb width=\u00bb1\/1&#8243; el_position=\u00bbfirst last\u00bb]\n<p>El curso se realiza al aire libre, en las calles y plazas de Florencia, entre sus palacios renacimentales, Palacio Viejo, Santa Cruz, el Puente Viejo&#8230;<\/p>\n<p>Los estudiantes se concentran en el estudio del <span class=\"color-10\">dise\u00f1o prospectivo<\/span> a manos libres y en los <span class=\"color-10\">coloridos efectos<\/span> de la <span class=\"color-10\">luz natural<\/span>.<br \/>\nEl corso se destina a principiantes, artistas, arquitectos y dise\u00f1adores que desean adquirir o retomar confianza con el dise\u00f1o a <span class=\"color-10\">manos libres<\/span> y el bosquejo prospectivo.<br \/>\nEl Maestro de Arte ayuda a los estudiantes a desarrollar sus propias <span class=\"color-10\">capacidades de observaci\u00f3n<\/span> del paisaje y de la arquitectura. Las t\u00e9cnicas usadas pueden ser las m\u00e1s variadas y pueden ser escogidas por los estudiantes siguiendo sus deseos y necesidades: carb\u00f3n, sang\u00fci\u00f1a, acuarela, pastel, yesos y oleo.<\/p>\n[\/spb_text_block] [\/spb_accordion_tab] [\/spb_accordion] [sf_gallery gallery_id=\u00bb9055&#8243; slider_transition=\u00bbfade\u00bb show_thumbs=\u00bbyes\u00bb autoplay=\u00bbyes\u00bb show_captions=\u00bbyes\u00bb enable_lightbox=\u00bbyes\u00bb width=\u00bb1\/1&#8243; el_position=\u00bbfirst last\u00bb] [boxed_content type=\u00bbcoloured\u00bb pb_margin_bottom=\u00bbno\u00bb width=\u00bb1\/1&#8243; el_position=\u00bbfirst last\u00bb]\n<p><strong>Precios y detalles<br \/>\n<\/strong><\/p>\n[\/boxed_content] [spb_accordion width=\u00bb1\/1&#8243; el_position=\u00bbfirst last\u00bb] [spb_accordion_tab title=\u00bbPrecios\u00bb accordion_id=\u00bb\u00bb icon=\u00bb\u00bb] [spb_text_block title=\u00bbFin de semana particular\u00bb pb_margin_bottom=\u00bbno\u00bb pb_border_bottom=\u00bbno\u00bb width=\u00bb1\/1&#8243; el_position=\u00bbfirst last\u00bb]\n<p>S\u00e1bado o domingo, 1 d\u00eda, 6 horas \u20ac405<br \/>\nS\u00e1bado y domingo, 2 d\u00edas, 9 horas \u20ac540<br \/>\nS\u00e1bado y domingo, 2 d\u00edas, 10 horas \u20ac595<br \/>\nS\u00e1bado y domingo, 2 d\u00edas, 12 horas \u20ac670<\/p>\n[\/spb_text_block] [spb_text_block title=\u00bbFin de semana dos estudiantes\u00bb pb_margin_bottom=\u00bbno\u00bb pb_border_bottom=\u00bbno\u00bb width=\u00bb1\/1&#8243; el_position=\u00bbfirst last\u00bb]\n<p>S\u00e1bado o domingo, 1 d\u00eda, 6 horas \u20ac525<br \/>\nS\u00e1bado y domingo, 2 d\u00edas, 9 horas \u20ac725<br \/>\nS\u00e1bado y domingo, 2 d\u00edas, 10 horas \u20ac795<br \/>\nS\u00e1bado y domingo, 2 d\u00edas, 12 horas \u20ac825<\/p>\n[\/spb_text_block] [\/spb_accordion_tab] [spb_accordion_tab title=\u00bbIncluido en el precio\u00bb accordion_id=\u00bb\u00bb icon=\u00bb\u00bb] [spb_text_block pb_margin_bottom=\u00bbno\u00bb pb_border_bottom=\u00bbno\u00bb width=\u00bb1\/1&#8243; el_position=\u00bbfirst last\u00bb]\n<ul>\n<li>el uso de todos los materiales y herramientas necesarios;<\/li>\n<li>un certificado al final del curso.<\/li>\n<\/ul>\n[\/spb_text_block] [\/spb_accordion_tab] [spb_accordion_tab title=\u00bbHorarios\u00bb accordion_id=\u00bb\u00bb icon=\u00bb\u00bb] [spb_text_block pb_margin_bottom=\u00bbno\u00bb pb_border_bottom=\u00bbno\u00bb width=\u00bb1\/1&#8243; el_position=\u00bbfirst last\u00bb]\n<p>S\u00e1bado 10:00 &#8211; 13:00, 14:00 &#8211; 17:00<br \/>\nDomingo 10:00 &#8211; 13:00, 14:00 &#8211; 17:00<\/p>\n[\/spb_text_block] [\/spb_accordion_tab] [spb_accordion_tab title=\u00bbDescuentos y reducciones\u00bb accordion_id=\u00bb\u00bb icon=\u00bb\u00bb] [spb_text_block pb_margin_bottom=\u00bbno\u00bb pb_border_bottom=\u00bbno\u00bb width=\u00bb1\/1&#8243; el_position=\u00bbfirst last\u00bb]\n<p>Para los grupos todos los cursos pueden ser reservados para cualquier fecha. Se pide <a href=\"http:\/\/adg.it\/es\/contactos\">contactar la oficina<\/a> en cuanto a las fechas, horarios y duraci\u00f3n del curso para su grupo: les enviaremos el presupuesto detallado a m\u00e1s tardar en 24 horas.<\/p>\n[\/spb_text_block] [\/spb_accordion_tab] [spb_accordion_tab title=\u00bbGrupos\u00bb accordion_id=\u00bb\u00bb icon=\u00bb\u00bb] [spb_text_block pb_margin_bottom=\u00bbno\u00bb pb_border_bottom=\u00bbno\u00bb width=\u00bb1\/1&#8243; el_position=\u00bbfirst last\u00bb]\n<p>Los grupos peque<span class=\"color-10\">\u00f1<\/span>os se pueden inscribir en cualquier fecha<\/p>\n[\/spb_text_block] [\/spb_accordion_tab] [\/spb_accordion] [\/spb_column] [spb_column width=\u00bb1\/3&#8243; el_position=\u00bblast\u00bb] [spb_single_image image=\u00bb8395&#8243; image_size=\u00bbfull\u00bb frame=\u00bbshadowframe\u00bb intro_animation=\u00bbnone\u00bb full_width=\u00bbno\u00bb lightbox=\u00bbyes\u00bb link_target=\u00bb_self\u00bb width=\u00bb1\/1&#8243; el_position=\u00bbfirst last\u00bb] [spb_single_image image=\u00bb13501&#8243; image_size=\u00bbfull\u00bb frame=\u00bbshadowframe\u00bb intro_animation=\u00bbnone\u00bb full_width=\u00bbno\u00bb lightbox=\u00bbyes\u00bb image_link=\u00bbhttps:\/\/adg.it\/en\/product\/art-courses-in-the-weekend\/\u00bb link_target=\u00bb_blank\u00bb width=\u00bb1\/1&#8243; el_position=\u00bbfirst last\u00bb] [blank_spacer height=\u00bb30px\u00bb width=\u00bb1\/1&#8243; el_position=\u00bbfirst last\u00bb] [spb_text_block title=\u00bbCont\u00e1ctanos\u00bb pb_margin_bottom=\u00bbno\u00bb pb_border_bottom=\u00bbno\u00bb width=\u00bb1\/1&#8243; el_position=\u00bbfirst last\u00bb]\n<div class=\"wpforms-container wpforms-container-full\" id=\"wpforms-18575\"><form id=\"wpforms-form-18575\" class=\"wpforms-validate wpforms-form wpforms-ajax-form\" data-formid=\"18575\" method=\"post\" enctype=\"multipart\/form-data\" action=\"\/es\/wp-json\/wp\/v2\/pages\/10309\" data-token=\"3febebefc73a3f879e15dd61948fe0f1\" data-token-time=\"1776628164\"><noscript class=\"wpforms-error-noscript\">Por favor, activa JavaScript en tu navegador para completar este formulario.<\/noscript><div class=\"wpforms-field-container\"><div id=\"wpforms-18575-field_6-container\" class=\"wpforms-field wpforms-field-name\" data-field-id=\"6\"><label class=\"wpforms-field-label\">Nombre <span class=\"wpforms-required-label\">*<\/span><\/label><div class=\"wpforms-field-row wpforms-field-large\"><div class=\"wpforms-field-row-block wpforms-first wpforms-one-half\"><input type=\"text\" id=\"wpforms-18575-field_6\" class=\"wpforms-field-name-first wpforms-field-required\" name=\"wpforms[fields][6][first]\" placeholder=\"Tu nombre\" required><label for=\"wpforms-18575-field_6\" class=\"wpforms-field-sublabel after\">First<\/label><\/div><div class=\"wpforms-field-row-block wpforms-one-half\"><input type=\"text\" id=\"wpforms-18575-field_6-last\" class=\"wpforms-field-name-last wpforms-field-required\" name=\"wpforms[fields][6][last]\" placeholder=\"Tu apellido\" required><label for=\"wpforms-18575-field_6-last\" class=\"wpforms-field-sublabel after\">Last<\/label><\/div><\/div><\/div><div id=\"wpforms-18575-field_1-container\" class=\"wpforms-field wpforms-field-email\" data-field-id=\"1\"><label class=\"wpforms-field-label\" for=\"wpforms-18575-field_1\">Correo electr\u00f3nico <span class=\"wpforms-required-label\">*<\/span><\/label><input type=\"email\" id=\"wpforms-18575-field_1\" class=\"wpforms-field-large wpforms-field-required\" name=\"wpforms[fields][1]\" placeholder=\"Tu correo electr\u00f3nico\" spellcheck=\"false\" required><\/div><div id=\"wpforms-18575-field_2-container\" class=\"wpforms-field wpforms-field-textarea\" data-field-id=\"2\"><label class=\"wpforms-field-label\" for=\"wpforms-18575-field_2\">Mensaje <span class=\"wpforms-required-label\">*<\/span><\/label><textarea id=\"wpforms-18575-field_2\" class=\"wpforms-field-medium wpforms-field-required\" name=\"wpforms[fields][2]\" placeholder=\"Escribe aqu\u00ed tu mensaje\" required><\/textarea><\/div><\/div><!-- .wpforms-field-container --><div class=\"wpforms-field wpforms-field-hp\"><label for=\"wpforms-18575-field-hp\" class=\"wpforms-field-label\">Name<\/label><input type=\"text\" name=\"wpforms[hp]\" id=\"wpforms-18575-field-hp\" class=\"wpforms-field-medium\"><\/div><div class=\"wpforms-submit-container\" ><input type=\"hidden\" name=\"wpforms[id]\" value=\"18575\"><input type=\"hidden\" name=\"page_title\" value=\"\"><input type=\"hidden\" name=\"page_url\" value=\"https:\/\/adg.it\/es\/wp-json\/wp\/v2\/pages\/10309\"><input type=\"hidden\" name=\"url_referer\" value=\"\"><button type=\"submit\" name=\"wpforms[submit]\" id=\"wpforms-submit-18575\" class=\"wpforms-submit\" data-alt-text=\"Enviando...\" data-submit-text=\"Enviar\" aria-live=\"assertive\" value=\"wpforms-submit\">Enviar<\/button><img loading=\"lazy\" decoding=\"async\" src=\"https:\/\/adg.it\/wp-content\/plugins\/wpforms\/assets\/images\/submit-spin.svg\" class=\"wpforms-submit-spinner\" style=\"display: none;\" width=\"26\" height=\"26\" alt=\"Cargando\"><\/div><\/form><\/div>  <!-- .wpforms-container -->\n[\/spb_text_block] [\/spb_column]<\/p>\n","protected":false},"excerpt":{"rendered":"<p>[spb_column width=\u00bb2\/3&#8243; el_position=\u00bbfirst\u00bb] [spb_text_block pb_margin_bottom=\u00bbno\u00bb pb_border_bottom=\u00bbno\u00bb width=\u00bb1\/1&#8243; el_position=\u00bbfirst last\u00bb] Un curso super-intensivo pensado para todos aquellos artistas que, con poco tiempo a disposici\u00f3n, desean sumergirse un fin de semana en la atm\u00f3sfera art\u00edstica fiorentina, dise\u00f1ando y dibujando junto a otros artistas bajo la atenta gu\u00eda de un experto Maestro de Arte. Los cursos se realizan en ingl\u00e9s e italiano, en [&hellip;]<\/p>\n","protected":false},"author":27,"featured_media":0,"parent":0,"menu_order":0,"comment_status":"closed","ping_status":"closed","template":"","meta":{"_joinchat":[],"footnotes":""},"class_list":["post-10309","page","type-page","status-publish","hentry"],"aioseo_notices":[],"_links":{"self":[{"href":"https:\/\/adg.it\/es\/wp-json\/wp\/v2\/pages\/10309","targetHints":{"allow":["GET"]}}],"collection":[{"href":"https:\/\/adg.it\/es\/wp-json\/wp\/v2\/pages"}],"about":[{"href":"https:\/\/adg.it\/es\/wp-json\/wp\/v2\/types\/page"}],"author":[{"embeddable":true,"href":"https:\/\/adg.it\/es\/wp-json\/wp\/v2\/users\/27"}],"replies":[{"embeddable":true,"href":"https:\/\/adg.it\/es\/wp-json\/wp\/v2\/comments?post=10309"}],"version-history":[{"count":2,"href":"https:\/\/adg.it\/es\/wp-json\/wp\/v2\/pages\/10309\/revisions"}],"predecessor-version":[{"id":26118,"href":"https:\/\/adg.it\/es\/wp-json\/wp\/v2\/pages\/10309\/revisions\/26118"}],"wp:attachment":[{"href":"https:\/\/adg.it\/es\/wp-json\/wp\/v2\/media?parent=10309"}],"curies":[{"name":"wp","href":"https:\/\/api.w.org\/{rel}","templated":true}]}}