{"id":10178,"date":"2015-07-14T12:48:04","date_gmt":"2015-07-14T12:48:04","guid":{"rendered":"http:\/\/wp.adg.it\/?page_id=10178"},"modified":"2025-02-03T13:11:19","modified_gmt":"2025-02-03T13:11:19","slug":"curso-de-fresco","status":"publish","type":"page","link":"https:\/\/adg.it\/es\/curso-de-fresco\/","title":{"rendered":"Curso de fresco"},"content":{"rendered":"<p>[spb_column width=\u00bb2\/3&#8243; el_position=\u00bbfirst\u00bb] [spb_text_block pb_margin_bottom=\u00bbno\u00bb pb_border_bottom=\u00bbno\u00bb width=\u00bb1\/1&#8243; el_position=\u00bbfirst last\u00bb]\n<p>El fresco es una de las t\u00e9cnicas pict\u00f3ricas m\u00e1s antiguas. Los inventores fueron los egipcios, m\u00e1s tarde transmitieron la t\u00e9cnica a los griegos, pero fue con Giotto que el fresco adquiri\u00f3 la importancia hist\u00f3rico art\u00edstica reconocida universalmente.<\/p>\n<p>La caracter\u00edstica principal de esta t\u00e9cnica es que siguiendo la pintura sobre un <strong>revoque fresco<\/strong>, el color se detiene por cohesi\u00f3n, a trav\u00e9s de un proceso qu\u00edmico. <strong>Los colores, totalmente naturales<\/strong>, tienen tonos c\u00e1lidos que se extienden por medio de la sobreposici\u00f3n sucesiva de colores en un tiempo limitado (jornada). Siendo esta la principal dificultad de los frescos, ya que no hay posibilidad de corregir los errores sin destruir la jornada de trabajo.<\/p>\n<p>Dada la complejidad de la t\u00e9cnica, el curso se recomienda a quienes saben dise\u00f1ar o bien a aquellos que han frecuentado por lo menos tres meses de nuestro <a href=\"http:\/\/adg.it\/es\/cursos-de-diseno-y-pintura\">curso de arte<\/a>.<\/p>\n<blockquote class=\"blockquote2\">El curso tiene una duraci\u00f3n de 12 semanas (168 horas)\u00a0y se desarrolla de lunes a jueves en horario vespertino. Es posible asistir al curso por per\u00edodos m\u00e1s cortos (1 semana, 4 semanas o m\u00e1s).<\/blockquote>\n[\/spb_text_block] [boxed_content type=\u00bbcoloured\u00bb pb_margin_bottom=\u00bbno\u00bb width=\u00bb1\/1&#8243; el_position=\u00bbfirst last\u00bb]\n<p>El programa<\/p>\n[\/boxed_content] [spb_accordion width=\u00bb1\/1&#8243; el_position=\u00bbfirst last\u00bb] [spb_accordion_tab title=\u00bbArriccio\u00bb accordion_id=\u00bb\u00bb icon=\u00bb\u00bb] [spb_text_block pb_margin_bottom=\u00bbno\u00bb pb_border_bottom=\u00bbno\u00bb width=\u00bb1\/1&#8243; el_position=\u00bbfirst last\u00bb]\n<p>Sobre el muro o la teja se extiende el primer extracto de malta (arena y cal) llamado \u00abarriccio\u00bb. Despu\u00e9s del segundo extracto, se vierte\u00a0 un tipo de arena m\u00e1s fina, el revoque.<\/p>\n[\/spb_text_block] [\/spb_accordion_tab] [spb_accordion_tab title=\u00bbCartoncillo preparatorio\u00bb accordion_id=\u00bb\u00bb icon=\u00bb\u00bb] [spb_text_block pb_margin_bottom=\u00bbno\u00bb pb_border_bottom=\u00bbno\u00bb width=\u00bb1\/1&#8243; el_position=\u00bbfirst last\u00bb]\n<p>Se prepara el dise\u00f1o sobre un cartoncillo preparatorio que se agujera siguiendo la l\u00ednea del dise\u00f1o, en este momento se espolvorea.<\/p>\n[\/spb_text_block] [\/spb_accordion_tab] [spb_accordion_tab title=\u00bbSinopia\u00bb accordion_id=\u00bb\u00bb icon=\u00bb\u00bb] [spb_text_block pb_margin_bottom=\u00bbno\u00bb pb_border_bottom=\u00bbno\u00bb width=\u00bb1\/1&#8243; el_position=\u00bbfirst last\u00bb]\n<p>En esta superficie se dise\u00f1a la sinopia, (el dise\u00f1o sirve para acortar la \u00abjornada de trabajo\u00bb) por medio del cartoncillo preparatorio.<\/p>\n[\/spb_text_block] [\/spb_accordion_tab] [spb_accordion_tab title=\u00bbRevoque\u00bb accordion_id=\u00bb\u00bb icon=\u00bb\u00bb] [spb_text_block pb_margin_bottom=\u00bbno\u00bb pb_border_bottom=\u00bbno\u00bb width=\u00bb1\/1&#8243; el_position=\u00bbfirst last\u00bb]\n<p>Una vez efectuada esta operaci\u00f3n, se versa el \u00faltimo extracto (arena tamizada y cal apagada), conocido como el revoque, sobre el cual, despu\u00e9s de haberlo alisado cuidadosamente con la paleta, se puede finalmente pintar.<\/p>\n[\/spb_text_block] [\/spb_accordion_tab] [spb_accordion_tab title=\u00bbPintura\u00bb accordion_id=\u00bb\u00bb icon=\u00bb\u00bb] [spb_text_block pb_margin_bottom=\u00bbno\u00bb pb_border_bottom=\u00bbno\u00bb width=\u00bb1\/1&#8243; el_position=\u00bbfirst last\u00bb]\n<p><span id=\"result_box\" class=\"\" lang=\"es\"><span class=\"hps\">El<\/span> <span class=\"hps\">yeso<\/span> <span class=\"hps\">est\u00e1 listo<\/span> <span class=\"hps\">para pintar con<\/span> <span class=\"hps\">pigmentos.<\/span>\u00a0<\/span><\/p>\n[\/spb_text_block] [\/spb_accordion_tab] [spb_accordion_tab title=\u00bbEsgrafiado\u00bb accordion_id=\u00bb\u00bb icon=\u00bb\u00bb] [spb_text_block pb_margin_bottom=\u00bbno\u00bb pb_border_bottom=\u00bbno\u00bb width=\u00bb1\/1&#8243; el_position=\u00bbfirst last\u00bb]\n<p><span id=\"result_box\" class=\"\" lang=\"es\"><span class=\"hps\">A petici\u00f3n<\/span> <span class=\"hps\">tambi\u00e9n es<\/span> <span class=\"hps\">posible estudiar<\/span> <span class=\"hps\">diferentes t\u00e9cnicas<\/span> de f<span class=\"hps\">resco<\/span> <span class=\"hps\">como<\/span> <span class=\"hps atn\">\u00ab<\/span><span class=\"atn\">sgraffito\u00bb o \u00ab<\/span>scraffito\u00bb<span class=\"\">.<\/span><\/span><\/p>\n[\/spb_text_block] [\/spb_accordion_tab] [\/spb_accordion] [sf_gallery gallery_id=\u00bb8537&#8243; slider_transition=\u00bbfade\u00bb show_thumbs=\u00bbyes\u00bb autoplay=\u00bbyes\u00bb show_captions=\u00bbyes\u00bb enable_lightbox=\u00bbyes\u00bb width=\u00bb1\/1&#8243; el_position=\u00bbfirst last\u00bb] [boxed_content type=\u00bbcoloured\u00bb pb_margin_bottom=\u00bbno\u00bb width=\u00bb1\/1&#8243; el_position=\u00bbfirst last\u00bb]\n<p><strong>Precios y detalles<br \/>\n<\/strong><\/p>\n[\/boxed_content] [spb_accordion width=\u00bb1\/1&#8243; el_position=\u00bbfirst last\u00bb] [spb_accordion_tab title=\u00bbPrecio\u00bb accordion_id=\u00bb\u00bb icon=\u00bb\u00bb] [spb_text_block title=\u00bb14 horas cada Semana\u00bb pb_margin_bottom=\u00bbno\u00bb pb_border_bottom=\u00bbno\u00bb width=\u00bb1\/1&#8243; el_position=\u00bbfirst last\u00bb]\n<p>FC1, 1 semana, 14 horas \u20ac400<br \/>\nFC2, 2 semanas, 28 horas \u20ac590<br \/>\nFC4, 4 semanas, 56 horas \u20ac990<br \/>\nFC12, 12 semanas, 168 horas \u20ac2790<\/p>\n[\/spb_text_block] [spb_text_block title=\u00bb20 horas cada Semana\u00bb pb_margin_bottom=\u00bbno\u00bb pb_border_bottom=\u00bbno\u00bb width=\u00bb1\/1&#8243; el_position=\u00bbfirst last\u00bb]\n<p>FC1, 1 semana, 20 horas \u20ac460<br \/>\nFC2, 2 semanas, 40 horas \u20ac790<br \/>\nFC4, 4 semanas, 80 horas \u20ac1320<br \/>\nFC12, 12 semanas, 240 horas \u20ac3790<\/p>\n[\/spb_text_block] [\/spb_accordion_tab] [spb_accordion_tab title=\u00bbIncluido en el precio\u00bb accordion_id=\u00bb\u00bb icon=\u00bb\u00bb] [spb_text_block pb_margin_bottom=\u00bbno\u00bb pb_border_bottom=\u00bbno\u00bb width=\u00bb1\/1&#8243; el_position=\u00bbfirst last\u00bb]\n<p>Todo el material didactico <strong>con excepci\u00f3n<\/strong> de los pigmentos.<br \/>\nEl certificado de participaci\u00f3n.<\/p>\n<p>Los pigmentos tienen un costo aproximado de 10-20 euros. Pregunta a nuestro maestro sobre el material que necesitas comprar para tu curso.<\/p>\n<p>Si deseas llevarte las tejas en las que dise\u00f1aste tus frescos deber\u00e1s pagar:<br \/>\n&#8211; 10 euros por cada teja grande;<br \/>\n&#8211; 5 euros por cada teja peque\u00f1a, la primera teja peque\u00f1a es cortes\u00eda de la escuela.<\/p>\n[\/spb_text_block] [\/spb_accordion_tab] [\/spb_accordion] [\/spb_column] [spb_column width=\u00bb1\/3&#8243; el_position=\u00bblast\u00bb] [spb_single_image image=\u00bb6781&#8243; image_size=\u00bbfull\u00bb frame=\u00bbshadowframe\u00bb intro_animation=\u00bbnone\u00bb full_width=\u00bbno\u00bb lightbox=\u00bbyes\u00bb link_target=\u00bb_self\u00bb width=\u00bb1\/1&#8243; el_position=\u00bbfirst last\u00bb] [spb_single_image image=\u00bb13501&#8243; image_size=\u00bbfull\u00bb frame=\u00bbshadowframe\u00bb intro_animation=\u00bbnone\u00bb full_width=\u00bbno\u00bb lightbox=\u00bbyes\u00bb image_link=\u00bbhttps:\/\/adg.it\/en\/product\/fresco-course\/\u00bb link_target=\u00bb_blank\u00bb width=\u00bb1\/1&#8243; el_position=\u00bbfirst last\u00bb] [blank_spacer height=\u00bb30px\u00bb width=\u00bb1\/1&#8243; el_position=\u00bbfirst last\u00bb] [spb_text_block title=\u00bbCont\u00e1ctanos\u00bb pb_margin_bottom=\u00bbno\u00bb pb_border_bottom=\u00bbno\u00bb width=\u00bb1\/1&#8243; el_position=\u00bbfirst last\u00bb]\n<div class=\"wpforms-container wpforms-container-full\" id=\"wpforms-18575\"><form id=\"wpforms-form-18575\" class=\"wpforms-validate wpforms-form wpforms-ajax-form\" data-formid=\"18575\" method=\"post\" enctype=\"multipart\/form-data\" action=\"\/es\/wp-json\/wp\/v2\/pages\/10178\" data-token=\"bb946c350c38a431fdbe783a8e6cab34\" data-token-time=\"1776252967\"><noscript class=\"wpforms-error-noscript\">Por favor, activa JavaScript en tu navegador para completar este formulario.<\/noscript><div class=\"wpforms-field-container\"><div id=\"wpforms-18575-field_6-container\" class=\"wpforms-field wpforms-field-name\" data-field-id=\"6\"><label class=\"wpforms-field-label\">Nombre <span class=\"wpforms-required-label\">*<\/span><\/label><div class=\"wpforms-field-row wpforms-field-large\"><div class=\"wpforms-field-row-block wpforms-first wpforms-one-half\"><input type=\"text\" id=\"wpforms-18575-field_6\" class=\"wpforms-field-name-first wpforms-field-required\" name=\"wpforms[fields][6][first]\" placeholder=\"Tu nombre\" required><label for=\"wpforms-18575-field_6\" class=\"wpforms-field-sublabel after\">First<\/label><\/div><div class=\"wpforms-field-row-block wpforms-one-half\"><input type=\"text\" id=\"wpforms-18575-field_6-last\" class=\"wpforms-field-name-last wpforms-field-required\" name=\"wpforms[fields][6][last]\" placeholder=\"Tu apellido\" required><label for=\"wpforms-18575-field_6-last\" class=\"wpforms-field-sublabel after\">Last<\/label><\/div><\/div><\/div><div id=\"wpforms-18575-field_1-container\" class=\"wpforms-field wpforms-field-email\" data-field-id=\"1\"><label class=\"wpforms-field-label\" for=\"wpforms-18575-field_1\">Correo electr\u00f3nico <span class=\"wpforms-required-label\">*<\/span><\/label><input type=\"email\" id=\"wpforms-18575-field_1\" class=\"wpforms-field-large wpforms-field-required\" name=\"wpforms[fields][1]\" placeholder=\"Tu correo electr\u00f3nico\" spellcheck=\"false\" required><\/div><div id=\"wpforms-18575-field_2-container\" class=\"wpforms-field wpforms-field-textarea\" data-field-id=\"2\"><label class=\"wpforms-field-label\" for=\"wpforms-18575-field_2\">Mensaje <span class=\"wpforms-required-label\">*<\/span><\/label><textarea id=\"wpforms-18575-field_2\" class=\"wpforms-field-medium wpforms-field-required\" name=\"wpforms[fields][2]\" placeholder=\"Escribe aqu\u00ed tu mensaje\" required><\/textarea><\/div><\/div><!-- .wpforms-field-container --><div class=\"wpforms-field wpforms-field-hp\"><label for=\"wpforms-18575-field-hp\" class=\"wpforms-field-label\">Comment<\/label><input type=\"text\" name=\"wpforms[hp]\" id=\"wpforms-18575-field-hp\" class=\"wpforms-field-medium\"><\/div><div class=\"wpforms-submit-container\" ><input type=\"hidden\" name=\"wpforms[id]\" value=\"18575\"><input type=\"hidden\" name=\"page_title\" value=\"\"><input type=\"hidden\" name=\"page_url\" value=\"https:\/\/adg.it\/es\/wp-json\/wp\/v2\/pages\/10178\"><input type=\"hidden\" name=\"url_referer\" value=\"\"><button type=\"submit\" name=\"wpforms[submit]\" id=\"wpforms-submit-18575\" class=\"wpforms-submit\" data-alt-text=\"Enviando...\" data-submit-text=\"Enviar\" aria-live=\"assertive\" value=\"wpforms-submit\">Enviar<\/button><img loading=\"lazy\" decoding=\"async\" src=\"https:\/\/adg.it\/wp-content\/plugins\/wpforms\/assets\/images\/submit-spin.svg\" class=\"wpforms-submit-spinner\" style=\"display: none;\" width=\"26\" height=\"26\" alt=\"Cargando\"><\/div><\/form><\/div>  <!-- .wpforms-container -->\n[\/spb_text_block] [\/spb_column]<\/p>\n","protected":false},"excerpt":{"rendered":"<p>[spb_column width=\u00bb2\/3&#8243; el_position=\u00bbfirst\u00bb] [spb_text_block pb_margin_bottom=\u00bbno\u00bb pb_border_bottom=\u00bbno\u00bb width=\u00bb1\/1&#8243; el_position=\u00bbfirst last\u00bb] El fresco es una de las t\u00e9cnicas pict\u00f3ricas m\u00e1s antiguas. Los inventores fueron los egipcios, m\u00e1s tarde transmitieron la t\u00e9cnica a los griegos, pero fue con Giotto que el fresco adquiri\u00f3 la importancia hist\u00f3rico art\u00edstica reconocida universalmente. La caracter\u00edstica principal de esta t\u00e9cnica es que siguiendo la pintura sobre un revoque [&hellip;]<\/p>\n","protected":false},"author":27,"featured_media":0,"parent":0,"menu_order":0,"comment_status":"closed","ping_status":"closed","template":"","meta":{"_joinchat":[],"footnotes":""},"class_list":["post-10178","page","type-page","status-publish","hentry"],"aioseo_notices":[],"_links":{"self":[{"href":"https:\/\/adg.it\/es\/wp-json\/wp\/v2\/pages\/10178","targetHints":{"allow":["GET"]}}],"collection":[{"href":"https:\/\/adg.it\/es\/wp-json\/wp\/v2\/pages"}],"about":[{"href":"https:\/\/adg.it\/es\/wp-json\/wp\/v2\/types\/page"}],"author":[{"embeddable":true,"href":"https:\/\/adg.it\/es\/wp-json\/wp\/v2\/users\/27"}],"replies":[{"embeddable":true,"href":"https:\/\/adg.it\/es\/wp-json\/wp\/v2\/comments?post=10178"}],"version-history":[{"count":1,"href":"https:\/\/adg.it\/es\/wp-json\/wp\/v2\/pages\/10178\/revisions"}],"predecessor-version":[{"id":26285,"href":"https:\/\/adg.it\/es\/wp-json\/wp\/v2\/pages\/10178\/revisions\/26285"}],"wp:attachment":[{"href":"https:\/\/adg.it\/es\/wp-json\/wp\/v2\/media?parent=10178"}],"curies":[{"name":"wp","href":"https:\/\/api.w.org\/{rel}","templated":true}]}}