{"id":10171,"date":"2015-07-14T10:20:01","date_gmt":"2015-07-14T10:20:01","guid":{"rendered":"http:\/\/wp.adg.it\/?page_id=10171"},"modified":"2025-07-24T09:05:08","modified_gmt":"2025-07-24T09:05:08","slug":"arte-en-un-dia","status":"publish","type":"page","link":"https:\/\/adg.it\/es\/arte-en-un-dia\/","title":{"rendered":"Arte en un d\u00eda en Florencia"},"content":{"rendered":"<p>[spb_column width=\u00bb2\/3&#8243; el_position=\u00bbfirst\u00bb] [spb_text_block title=\u00bbUn d\u00eda de Bellas Artes\u00bb pb_margin_bottom=\u00bbno\u00bb pb_border_bottom=\u00bbno\u00bb width=\u00bb1\/1&#8243; el_position=\u00bbfirst last\u00bb]\n<p><strong>Las clases de Arte de un d\u00eda<\/strong> est\u00e1n pensadas para aquellos amantes del arte que tienen poco tiempo para pasar en la Toscana, pero que desean experimentar un d\u00eda intensivo de Arte en nuestro estudio o entre los monumentos y edificios de Florencia.<\/p>\n[\/spb_text_block] [spb_text_block title=\u00bbLas clases en grupo\u00bb pb_margin_bottom=\u00bbno\u00bb pb_border_bottom=\u00bbno\u00bb width=\u00bb1\/1&#8243; el_position=\u00bbfirst last\u00bb]\n<p><strong>Las clases en grupo<\/strong> se componen normalmente de 8-9 estudiantes y est\u00e1n disponibles cada semana entre el lunes y el viernes s\u00f3lo en Florencia en nuestro estudio de arte.<\/p>\n<ul>\n<li>Las clases en grupo, de 3 horas de duraci\u00f3n, suelen tener lugar de 10.00 a 13.00 horas. Medios recomendados: l\u00e1piz, carboncillo, acuarela.<\/li>\n<li>La clase en grupo de 3,5 horas suele tener lugar de 13.30 a 17.00 horas. T\u00e9cnicas recomendadas: l\u00e1piz, carboncillo y acuarela.<\/li>\n<li>La clase en grupo de 5 horas tiene lugar de 11.30 a 17.00 (pausa para comer de 13.00 a 13.30). T\u00e9cnicas recomendadas: l\u00e1piz, carboncillo, acuarela, acr\u00edlico, pastel.<\/li>\n<li>El curso en grupo de 6,5 horas tiene lugar de 10.00 a 17.00 (pausa para comer de 13.00 a 13.30). Durante este curso de un d\u00eda, los estudiantes pueden elegir practicar uno de los siguientes medios: l\u00e1piz, carboncillo, acuarela, acr\u00edlicos, pasteles, \u00f3leo, escultura con arcilla, fresco.<\/li>\n<\/ul>\n<p>Del 1 de marzo al 31 de octubre, los estudiantes tambi\u00e9n pueden participar en clases colectivas <strong>en plein air<\/strong> en las plazas y calles de Florencia.<\/p>\n<p><strong>Los estudiantes siempre ser\u00e1n guiados a su nivel de experiencia.<\/strong><br \/>\nAl final de la lecci\u00f3n los estudiantes habr\u00e1n realizado una peque\u00f1a pero significativa obra de arte que se llevar\u00e1n a casa como recuerdo de su estancia en Italia.<\/p>\n[\/spb_text_block] [spb_text_block title=\u00bbLas clases privadas\u00bb pb_margin_bottom=\u00bbno\u00bb pb_border_bottom=\u00bbno\u00bb width=\u00bb1\/1&#8243; el_position=\u00bbfirst last\u00bb]\n<p>Accademia del Giglio ofrece <strong>clases privadas<\/strong> de dibujo y pintura en Florencia, dise\u00f1adas para individuos o peque\u00f1os grupos preestablecidos. Estos cursos intensivos de arte pueden adaptarse a sus necesidades espec\u00edficas, su experiencia art\u00edstica y su formaci\u00f3n.<\/p>\n<p>Las clases se imparten en el estudio o al aire libre, en lugares pintorescos como el r\u00edo Arno, las plazas antiguas o los jardines \u00absecretos\u00bb de Florencia (del 1 de marzo al 31 de octubre). Las clases se imparten en sesiones de 4 \u00f3 6 horas e incluyen todo el material art\u00edstico necesario y un certificado de asistencia.<\/p>\n<p>Las clases se imparten en ingl\u00e9s, italiano y, previa solicitud, en espa\u00f1ol, franc\u00e9s y alem\u00e1n.<\/p>\n[\/spb_text_block] [boxed_content type=\u00bbcoloured\u00bb pb_margin_bottom=\u00bbno\u00bb width=\u00bb1\/1&#8243; el_position=\u00bbfirst last\u00bb]\n<p>Los programas<\/p>\n[\/boxed_content] [spb_accordion width=\u00bb1\/1&#8243; el_position=\u00bbfirst last\u00bb] [spb_accordion_tab title=\u00bbA. un d\u00eda de arte al aire libre\u00bb accordion_id=\u00bb\u00bb icon=\u00bb\u00bb] [spb_text_block pb_margin_bottom=\u00bbno\u00bb pb_border_bottom=\u00bbno\u00bb width=\u00bb1\/1&#8243; el_position=\u00bbfirst last\u00bb]\n<p>Para los artistas que visitan Florencia, transforme su excursi\u00f3n de un d\u00eda en un inolvidable viaje en el tiempo. Nuestro curso en profundidad de un d\u00eda ofrece una oportunidad \u00fanica de dibujar y pintar en medio del ambiente renacentista, guiado en cada paso por nuestros apasionados y experimentados profesores de arte. Descubra las t\u00e9cnicas y la inspiraci\u00f3n de los maestros en la misma ciudad en la que prosperaron.<\/p>\n<p>Durante este curso, los estudiantes tendr\u00e1n la oportunidad de elegir y practicar diversas t\u00e9cnicas de dibujo y pintura, como el grafito, el carboncillo, el pastel, la acuarela o el acr\u00edlico.<\/p>\n<p>Las sesiones<strong> en plein air<\/strong> pueden tener lugar a lo largo del r\u00edo Arno, en las plazas antiguas y en los jardines \u00absecretos\u00bb de Florencia, lejos (pero no lejos) de la multitud tur\u00edstica enloquecida. Podemos aconsejarle sobre d\u00f3nde pintar y dibujar antes de que empiece la clase, pero tambi\u00e9n puede decidir su destino el mismo d\u00eda de la clase.<\/p>\n<p>Este curso acoge a artistas de<strong> todos los niveles<\/strong>, desde principiantes hasta profesionales experimentados. <strong>\u00danase a nosotros individualmente o con su propio grupo reducido previamente organizado<\/strong>.<\/p>\n<p>Tenga en cuenta lo siguiente:<\/p>\n<ul>\n<li>Nuestras clases en grupo en plein air s\u00f3lo est\u00e1n disponibles del 1 de marzo al 31 de octubre.<\/li>\n<li>Nuestras clases en plein air implican caminar y subir escaleras para llegar a lugares al aire libre para dibujar y pintar vistas impresionantes e ic\u00f3nicas. Si tiene limitaciones de movilidad, puede que esta clase no le resulte adecuada. Le recomendamos que se ponga en contacto con nosotros para estudiar otras opciones. En caso de problemas de movilidad documentados que impidan la participaci\u00f3n, se estudiar\u00e1 la posibilidad de devolver el dinero.<\/li>\n<\/ul>\n[\/spb_text_block] [\/spb_accordion_tab] [spb_accordion_tab title=\u00bbB. Un d\u00eda de dise\u00f1o y pintura en estudio\u00bb accordion_id=\u00bb\u00bb icon=\u00bb\u00bb] [spb_text_block pb_margin_bottom=\u00bbno\u00bb pb_border_bottom=\u00bbno\u00bb width=\u00bb1\/1&#8243; el_position=\u00bbfirst last\u00bb]\n<p>Un curso de Arte muy intensivo y adaptado para aquellos que deseen centrarse en las t\u00e9cnicas de dibujo y pintura, ya sea de forma individual o en peque\u00f1os grupos. Hay disponibles cuatro opciones de clases en grupo<\/p>\n<ul>\n<li>un grupo de 3,5 horas de 13.30 a 17.00;<\/li>\n<li>una clase en grupo de 6,5 horas de 10.00 a 17.00;<\/li>\n<li>una clase en grupo de 5 horas de 11.30 a 17.00;<\/li>\n<li>un grupo de 6,5 horas de 10.00 a 17.00.<\/li>\n<\/ul>\n<p>Para estas clases, nuestros profesores organizar\u00e1n un programa en funci\u00f3n de sus necesidades, experiencia art\u00edstica y formaci\u00f3n.<\/p>\n[\/spb_text_block] [\/spb_accordion_tab] [spb_accordion_tab title=\u00bbC. La clases particulares de dibujo y pintura\u00bb accordion_id=\u00bb\u00bb icon=\u00bb\u00bb] [spb_text_block pb_margin_bottom=\u00bbno\u00bb pb_border_bottom=\u00bbno\u00bb width=\u00bb1\/1&#8243; el_position=\u00bbfirst last\u00bb]\n<p>D\u00e9 rienda suelta a su potencial art\u00edstico con nuestros cursos intensivos privados de arte en Florencia. Dise\u00f1ado para estudiantes y artistas serios, estas lecciones personalizadas ofrecen una oportunidad \u00fanica para explorar en profundidad las t\u00e9cnicas de dibujo y pintura. Su dedicado instructor desarrollar\u00e1 un plan de estudios personalizado basado en sus necesidades espec\u00edficas, experiencia art\u00edstica y antecedentes.<\/p>\n<p>Elija el medio y la duraci\u00f3n que prefiera:<\/p>\n<ul>\n<li>Clase particular de 4 horas: Centrada en dibujo, acuarela o acr\u00edlico.<\/li>\n<li>Clase particular de 6 horas: Profundice en la pintura al \u00f3leo o acr\u00edlica.<\/li>\n<\/ul>\n<p>Las clases pueden impartirse en nuestro bien equipado estudio o aprovechar el inspirador entorno de Florencia con una experiencia en plein air, todo ello programado a su conveniencia.<\/p>\n[\/spb_text_block] [\/spb_accordion_tab] [\/spb_accordion] [sf_gallery gallery_id=\u00bb26886&#8243; slider_transition=\u00bbfade\u00bb show_thumbs=\u00bbyes\u00bb autoplay=\u00bbyes\u00bb show_captions=\u00bbyes\u00bb enable_lightbox=\u00bbyes\u00bb width=\u00bb1\/1&#8243; el_position=\u00bbfirst last\u00bb] [spb_message color=\u00bbalert-info\u00bb width=\u00bb1\/1&#8243; el_position=\u00bbfirst last\u00bb]\n<p><strong>Programa C. <\/strong>Favor de ponerse en <a href=\"https:\/\/adg.it\/es\/contactos\/\">contacto con la escuela<\/a> para confirmar precios y fechas disponibles.<\/p>\n[\/spb_message] [boxed_content type=\u00bbcoloured\u00bb pb_margin_bottom=\u00bbno\u00bb width=\u00bb1\/1&#8243; el_position=\u00bbfirst last\u00bb]\n<p><strong>Precios y detalles<\/strong><\/p>\n[\/boxed_content] [spb_accordion width=\u00bb1\/1&#8243; el_position=\u00bbfirst last\u00bb] [spb_accordion_tab title=\u00bbPrecios\u00bb accordion_id=\u00bb\u00bb icon=\u00bb\u00bb] [spb_text_block title=\u00bbA. un d\u00eda al aire libre en Florencia\u00bb pb_margin_bottom=\u00bbno\u00bb pb_border_bottom=\u00bbno\u00bb width=\u00bb1\/1&#8243; el_position=\u00bbfirst last\u00bb]\n<p>De lunes a viernes<br \/>\nUn d\u00eda Florencia GRUPO, 3 1\/2 horas \u20ac95<br \/>\nUn d\u00eda Florencia GRUPO, 6 1\/2 horas \u20ac180<br \/>\nUn d\u00eda Florencia INDIVIDUAL, 4 horas \u20ac225<br \/>\nUn d\u00eda Florencia INDIVIDUAL, 6 horas \u20ac295<\/p>\n<p>S\u00e1bado y domingo<br \/>\nUn d\u00eda Florencia INDIVIDUAL, 4 horas \u20ac285<br \/>\nUn d\u00eda Florencia INDIVIDUAL, 6 horas \u20ac395<\/p>\n[\/spb_text_block] [spb_text_block title=\u00bbB. Un d\u00eda en estudio\u00bb pb_margin_bottom=\u00bbno\u00bb pb_border_bottom=\u00bbno\u00bb width=\u00bb1\/1&#8243; el_position=\u00bbfirst last\u00bb]\n<p>De lunes a viernes<br \/>\nUn d\u00eda en estudio GRUPO, 3 horas \u20ac85<br \/>\nUn d\u00eda en estudio GRUPO, 3 1\/2 horas \u20ac95<br \/>\nUn d\u00eda en estudio GRUPO, 6 1\/2 horas \u20ac180<br \/>\nUn d\u00eda en estudio COMBINADO (2 1\/2 horas INDIVIDUAL + 3 1\/2 horas GRUPO), \u20ac210<\/p>\n<p>Un d\u00eda en estudio INDIVIDUAL, 4 horas \u20ac225<br \/>\nUn d\u00eda en estudio INDIVIDUAL, 6 horas \u20ac295<\/p>\n<p>S\u00e1bado y domingo<br \/>\nUn d\u00eda en estudio INDIVIDUAL, 4 horas \u20ac285<br \/>\nUn d\u00eda en estudio INDIVIDUAL, 6 horas \u20ac395<\/p>\n[\/spb_text_block] [\/spb_accordion_tab] [spb_accordion_tab title=\u00bbIncluido en el precio\u00bb accordion_id=\u00bb\u00bb icon=\u00bb\u00bb] [spb_text_block pb_margin_bottom=\u00bbno\u00bb pb_border_bottom=\u00bbno\u00bb width=\u00bb1\/1&#8243; el_position=\u00bbfirst last\u00bb]\n<p>Todo lo que necesitas para el curso.<br \/>\nEl certificado de participaci\u00f3n.<br \/>\nSe pide comunicar al momento de la inscripci\u00f3n la t\u00e9cnica o las t\u00e9cnicas que se desean realizar.<br \/>\nAquellos que est\u00e9n acostumbrados a trabajar con el propio material les sugerimos traerlo.<\/p>\n[\/spb_text_block] [\/spb_accordion_tab] [spb_accordion_tab title=\u00bbDescuentos y reducciones para grupos\u00bb accordion_id=\u00bb\u00bb icon=\u00bb\u00bb] [spb_text_block pb_margin_bottom=\u00bbno\u00bb pb_border_bottom=\u00bbno\u00bb width=\u00bb1\/1&#8243; el_position=\u00bbfirst last\u00bb]\n<p>Para los grupos todos los cursos pueden ser reservados para cualquier fecha. Se pide <a href=\"https:\/\/adg.it\/es\/contactos\/\">contactar la oficina<\/a> en cuanto a las fechas, horarios y duraci\u00f3n del curso para su grupo: les enviaremos el presupuesto detallado a m\u00e1s tardar en 24 horas.<\/p>\n[\/spb_text_block] [\/spb_accordion_tab] [\/spb_accordion] [\/spb_column] [spb_column width=\u00bb1\/3&#8243; el_position=\u00bblast\u00bb] [spb_single_image image=\u00bb13243&#8243; image_size=\u00bbfull\u00bb frame=\u00bbshadowframe\u00bb intro_animation=\u00bbnone\u00bb full_width=\u00bbno\u00bb lightbox=\u00bbyes\u00bb link_target=\u00bb_self\u00bb width=\u00bb1\/1&#8243; el_position=\u00bbfirst last\u00bb] [spb_single_image image=\u00bb13501&#8243; image_size=\u00bbfull\u00bb frame=\u00bbshadowframe\u00bb intro_animation=\u00bbnone\u00bb full_width=\u00bbno\u00bb lightbox=\u00bbyes\u00bb image_link=\u00bbhttps:\/\/adg.it\/en\/product-category\/art-one-day\/\u00bb link_target=\u00bb_blank\u00bb width=\u00bb1\/1&#8243; el_position=\u00bbfirst last\u00bb] [blank_spacer height=\u00bb30px\u00bb width=\u00bb1\/1&#8243; el_position=\u00bbfirst last\u00bb] [spb_text_block title=\u00bbCont\u00e1ctanos\u00bb pb_margin_bottom=\u00bbno\u00bb pb_border_bottom=\u00bbno\u00bb width=\u00bb1\/1&#8243; el_position=\u00bbfirst last\u00bb]\n<div class=\"wpforms-container wpforms-container-full\" id=\"wpforms-18575\"><form id=\"wpforms-form-18575\" class=\"wpforms-validate wpforms-form wpforms-ajax-form\" data-formid=\"18575\" method=\"post\" enctype=\"multipart\/form-data\" action=\"\/es\/wp-json\/wp\/v2\/pages\/10171\" data-token=\"fe6abd27bfc3dc5a615cccba1a09a316\" data-token-time=\"1775468037\"><noscript class=\"wpforms-error-noscript\">Por favor, activa JavaScript en tu navegador para completar este formulario.<\/noscript><div class=\"wpforms-field-container\"><div id=\"wpforms-18575-field_6-container\" class=\"wpforms-field wpforms-field-name\" data-field-id=\"6\"><label class=\"wpforms-field-label\">Nombre <span class=\"wpforms-required-label\">*<\/span><\/label><div class=\"wpforms-field-row wpforms-field-large\"><div class=\"wpforms-field-row-block wpforms-first wpforms-one-half\"><input type=\"text\" id=\"wpforms-18575-field_6\" class=\"wpforms-field-name-first wpforms-field-required\" name=\"wpforms[fields][6][first]\" placeholder=\"Tu nombre\" required><label for=\"wpforms-18575-field_6\" class=\"wpforms-field-sublabel after\">First<\/label><\/div><div class=\"wpforms-field-row-block wpforms-one-half\"><input type=\"text\" id=\"wpforms-18575-field_6-last\" class=\"wpforms-field-name-last wpforms-field-required\" name=\"wpforms[fields][6][last]\" placeholder=\"Tu apellido\" required><label for=\"wpforms-18575-field_6-last\" class=\"wpforms-field-sublabel after\">Last<\/label><\/div><\/div><\/div><div id=\"wpforms-18575-field_1-container\" class=\"wpforms-field wpforms-field-email\" data-field-id=\"1\"><label class=\"wpforms-field-label\" for=\"wpforms-18575-field_1\">Correo electr\u00f3nico <span class=\"wpforms-required-label\">*<\/span><\/label><input type=\"email\" id=\"wpforms-18575-field_1\" class=\"wpforms-field-large wpforms-field-required\" name=\"wpforms[fields][1]\" placeholder=\"Tu correo electr\u00f3nico\" spellcheck=\"false\" required><\/div><div id=\"wpforms-18575-field_2-container\" class=\"wpforms-field wpforms-field-textarea\" data-field-id=\"2\"><label class=\"wpforms-field-label\" for=\"wpforms-18575-field_2\">Mensaje <span class=\"wpforms-required-label\">*<\/span><\/label><textarea id=\"wpforms-18575-field_2\" class=\"wpforms-field-medium wpforms-field-required\" name=\"wpforms[fields][2]\" placeholder=\"Escribe aqu\u00ed tu mensaje\" required><\/textarea><\/div><\/div><!-- .wpforms-field-container --><div class=\"wpforms-field wpforms-field-hp\"><label for=\"wpforms-18575-field-hp\" class=\"wpforms-field-label\">Message<\/label><input type=\"text\" name=\"wpforms[hp]\" id=\"wpforms-18575-field-hp\" class=\"wpforms-field-medium\"><\/div><div class=\"wpforms-submit-container\" ><input type=\"hidden\" name=\"wpforms[id]\" value=\"18575\"><input type=\"hidden\" name=\"page_title\" value=\"\"><input type=\"hidden\" name=\"page_url\" value=\"https:\/\/adg.it\/es\/wp-json\/wp\/v2\/pages\/10171\"><input type=\"hidden\" name=\"url_referer\" value=\"\"><button type=\"submit\" name=\"wpforms[submit]\" id=\"wpforms-submit-18575\" class=\"wpforms-submit\" data-alt-text=\"Enviando...\" data-submit-text=\"Enviar\" aria-live=\"assertive\" value=\"wpforms-submit\">Enviar<\/button><img loading=\"lazy\" decoding=\"async\" src=\"https:\/\/adg.it\/wp-content\/plugins\/wpforms\/assets\/images\/submit-spin.svg\" class=\"wpforms-submit-spinner\" style=\"display: none;\" width=\"26\" height=\"26\" alt=\"Cargando\"><\/div><\/form><\/div>  <!-- .wpforms-container -->\n[\/spb_text_block] [testimonial title=\u00bbSe dice de nosotros&#8230;\u00bb text_size=\u00bbnormal\u00bb item_count=\u00bb1&#8243; order=\u00bbrand\u00bb category=\u00bbAll\u00bb pagination=\u00bbno\u00bb page_link=\u00bbno\u00bb width=\u00bb1\/1&#8243; el_position=\u00bbfirst last\u00bb] [\/spb_column]<\/p>\n","protected":false},"excerpt":{"rendered":"<p>[spb_column width=\u00bb2\/3&#8243; el_position=\u00bbfirst\u00bb] [spb_text_block title=\u00bbUn d\u00eda de Bellas Artes\u00bb pb_margin_bottom=\u00bbno\u00bb pb_border_bottom=\u00bbno\u00bb width=\u00bb1\/1&#8243; el_position=\u00bbfirst last\u00bb] Las clases de Arte de un d\u00eda est\u00e1n pensadas para aquellos amantes del arte que tienen poco tiempo para pasar en la Toscana, pero que desean experimentar un d\u00eda intensivo de Arte en nuestro estudio o entre los monumentos y edificios de Florencia. [\/spb_text_block] [spb_text_block title=\u00bbLas [&hellip;]<\/p>\n","protected":false},"author":27,"featured_media":26872,"parent":0,"menu_order":0,"comment_status":"closed","ping_status":"closed","template":"","meta":{"_joinchat":[],"footnotes":""},"class_list":["post-10171","page","type-page","status-publish","has-post-thumbnail","hentry"],"aioseo_notices":[],"_links":{"self":[{"href":"https:\/\/adg.it\/es\/wp-json\/wp\/v2\/pages\/10171","targetHints":{"allow":["GET"]}}],"collection":[{"href":"https:\/\/adg.it\/es\/wp-json\/wp\/v2\/pages"}],"about":[{"href":"https:\/\/adg.it\/es\/wp-json\/wp\/v2\/types\/page"}],"author":[{"embeddable":true,"href":"https:\/\/adg.it\/es\/wp-json\/wp\/v2\/users\/27"}],"replies":[{"embeddable":true,"href":"https:\/\/adg.it\/es\/wp-json\/wp\/v2\/comments?post=10171"}],"version-history":[{"count":10,"href":"https:\/\/adg.it\/es\/wp-json\/wp\/v2\/pages\/10171\/revisions"}],"predecessor-version":[{"id":26888,"href":"https:\/\/adg.it\/es\/wp-json\/wp\/v2\/pages\/10171\/revisions\/26888"}],"wp:featuredmedia":[{"embeddable":true,"href":"https:\/\/adg.it\/es\/wp-json\/wp\/v2\/media\/26872"}],"wp:attachment":[{"href":"https:\/\/adg.it\/es\/wp-json\/wp\/v2\/media?parent=10171"}],"curies":[{"name":"wp","href":"https:\/\/api.w.org\/{rel}","templated":true}]}}