{"id":10127,"date":"2015-07-10T11:28:40","date_gmt":"2015-07-10T11:28:40","guid":{"rendered":"http:\/\/wp.adg.it\/?page_id=10127"},"modified":"2024-03-01T13:08:43","modified_gmt":"2024-03-01T13:08:43","slug":"cursos-de-lengua-italiana-on-line","status":"publish","type":"page","link":"https:\/\/adg.it\/es\/cursos-de-lengua-italiana-on-line\/","title":{"rendered":"Cursos de lengua italiana on-line"},"content":{"rendered":"<p>[spb_column width=\u00bb2\/3&#8243; el_position=\u00bbfirst\u00bb] [spb_text_block title=\u00bbHabla italiano con nuestros maestros con Skype!\u00bb pb_margin_bottom=\u00bbno\u00bb pb_border_bottom=\u00bbno\u00bb width=\u00bb1\/1&#8243; el_position=\u00bbfirst last\u00bb]\n<p>Accademia del Giglio pone a disposici\u00f3n los\u00a0<strong>cursos de italiano a distancia<\/strong> pensados en quienes no pueden venir a la escuela en Italia o para quien, despu\u00e9s de haber frecuentado un curso en la Accademia del Giglio, desee continuar a hablar italiano una vez de regreso en su pa\u00eds.<\/p>\n<p>Con los cursos on-line el estudiante puede tomar lecciones de\u00a0conversaci\u00f3n y gram\u00e1tica con\u00a0<a href=\"https:\/\/adg.it\/es\/6016-2\/\" target=\"_blank\" rel=\"noopener noreferrer\">nuestros maestros<\/a>\u00a0como si se encontrara en Italia. Las lecciones se realizan gracias a la ayuda de la tecnolog\u00eda: con extrema facilidad podr\u00e1n conectarse <strong>on-line<\/strong> y mejorar\u00a0 su italiano.<\/p>\n<p>Un maestro privado estar\u00e1 disponible para ayudar al estudiante a <strong>maximizar las oportunidades<\/strong> de aprendizaje del idioma italiano.<\/p>\n<p>Los cursos de italiano en l\u00ednea est\u00e1n dise\u00f1ados para <strong>todos los niveles<\/strong>, desde principiante hasta avanzado, y es posible adaptar las lecciones a las necesidades ling\u00fc\u00edsticas del estudiante. Durante las lecciones podr\u00e1s desarrollar todas las habilidades:<\/p>\n<ul>\n<li>conversaci\u00f3n<\/li>\n<li>gram\u00e1tica<\/li>\n<li>comprensi\u00f3n<\/li>\n<li>escucha<\/li>\n<li>escritura<\/li>\n<\/ul>\n<p>Tambi\u00e9n es posible prepararse para los <strong>ex\u00e1menes oficiales<\/strong> de conocimiento del idioma italiano, como CILS o CELI.<\/p>\n<p>El <strong>programa<\/strong> del curso y el <strong>horario<\/strong> son totalmente personalizables.<\/p>\n[\/spb_text_block] [spb_accordion width=\u00bb1\/1&#8243; el_position=\u00bbfirst last\u00bb] [spb_accordion_tab title=\u00bbRequisitos\u00bb accordion_id=\u00bb\u00bb icon=\u00bb\u00bb] [spb_text_block pb_margin_bottom=\u00bbno\u00bb pb_border_bottom=\u00bbno\u00bb width=\u00bb1\/1&#8243; el_position=\u00bbfirst last\u00bb]\n<p>Conexi\u00f3n r\u00e1pida a internet, webcam y micr\u00f3fono, cuenta con\u00a0<a class=\"centrino\" href=\"http:\/\/www.skype.com\/\" target=\"_blank\" rel=\"noopener noreferrer\"><strong>Skype<\/strong><\/a>.<\/p>\n[\/spb_text_block] [\/spb_accordion_tab] [spb_accordion_tab title=\u00bbLas lecciones\u00bb accordion_id=\u00bb\u00bb icon=\u00bb\u00bb] [spb_text_block pb_margin_bottom=\u00bbno\u00bb pb_border_bottom=\u00bbno\u00bb width=\u00bb1\/1&#8243; el_position=\u00bbfirst last\u00bb]\n<p>Las lecciones de conversaci\u00f3n se acompa\u00f1an de <strong>actividades did\u00e1cticas on-line<\/strong> y <strong>ejercicios<\/strong> pensados en el desarrollo de las actividades lingu\u00edsticas.<\/p>\n<p>El maestro propondr\u00e1\u00a0al estudiante ejercicios, comprensiones y v\u00eddeos estudiados especialmente seg\u00fan el nivel del estudiante.<\/p>\n<p>Al\u00a0final de cada lecci\u00f3n el maestro enviar\u00e1 por\u00a0email una\u00a0<strong>retroalimentaci\u00f3n<\/strong> donde se evidenciar\u00e1n los puntos fundamentales de la lecci\u00f3n (gram\u00e1tica, l\u00e9xico y otros elementos surgidos) y\u00a0<strong>enviar\u00e1\u00a0nuevo material<\/strong> para preparar la siguiente lecci\u00f3n.<\/p>\n<p>Es posible organizar lecciones de lengua italiana <a href=\"http:\/\/adg.it\/spagnolo\/cursos_italiano_especializado.html\">sectorial y especializada<\/a>.<\/p>\n[\/spb_text_block] [\/spb_accordion_tab] [spb_accordion_tab title=\u00bb\u00bfC\u00f3mo funciona?\u00bb accordion_id=\u00bb\u00bb icon=\u00bb\u00bb] [spb_text_block pb_margin_bottom=\u00bbno\u00bb pb_border_bottom=\u00bbno\u00bb width=\u00bb1\/1&#8243; el_position=\u00bbfirst last\u00bb]\n<p>Debes simplemente contactar la escuela con un <a href=\"mailto:adg@adg.it,%20adg.assistance@gmail.com\">e-mail<\/a> o Skype y reservar la primera lecci\u00f3n.<\/p>\n<p>Las lecciones pueden llevarse a cabo de lunes a viernes de las 9:00 a las 21:00 horas tiempo de Italia, y el sabado de las 9:30 a las 13:30. Para saber qu\u00e9 hora es en Italia, pulsa <a href=\"http:\/\/wwp.greenwichmeantime.com\/time-zone\/europe\/european-union\/italy\/\" target=\"_blank\" rel=\"noopener noreferrer\">aqu\u00ed<\/a>.<\/p>\n<p>Las lecciones pueden cambiar avisando con <span class=\"color-10\">24 horas de anticipaci\u00f3n por tel\u00e9fono o e-mail<\/span>. Por eventuales problemas t\u00e9cnicos que no dependan de la escuela y puedan presentarse, la lecci\u00f3n no ser\u00e1 recuperada.<\/p>\n[\/spb_text_block] [\/spb_accordion_tab] [spb_accordion_tab title=\u00bbMaestros\u00bb accordion_id=\u00bb\u00bb icon=\u00bb\u00bb] [spb_text_block pb_margin_bottom=\u00bbno\u00bb pb_border_bottom=\u00bbno\u00bb width=\u00bb1\/1&#8243; el_position=\u00bbfirst last\u00bb]\n<p>Todos somos profesores experimentados: hemos ense\u00f1ado italiano como lengua extranjera durante m\u00e1s de 20 a\u00f1os. Tambi\u00e9n somos los editores de <a href=\"https:\/\/www.adgblog.it\/\" target=\"_blank\" rel=\"noopener noreferrer\">adgblog.it<\/a>, probablemente una de las revistas en l\u00ednea m\u00e1s importantes sobre el itaiano L2 \/ LS.<\/p>\n<p>Al hacer clic en los nombres puede leer nuestros CV:<\/p>\n<p>Roberto Bal\u00f2<\/p>\n<p>Cecilia Pontenani<\/p>\n<p>Lorenzo Capanni<\/p>\n<p>&nbsp;<\/p>\n[\/spb_text_block] [\/spb_accordion_tab] [\/spb_accordion] [sf_gallery gallery_id=\u00bb18662&#8243; slider_transition=\u00bbfade\u00bb show_thumbs=\u00bbyes\u00bb autoplay=\u00bbyes\u00bb show_captions=\u00bbyes\u00bb enable_lightbox=\u00bbyes\u00bb width=\u00bb1\/1&#8243; el_position=\u00bbfirst last\u00bb] [spb_accordion width=\u00bb1\/1&#8243; el_position=\u00bbfirst last\u00bb] [spb_accordion_tab title=\u00bbPrecio y detalles\u00bb accordion_id=\u00bb\u00bb icon=\u00bb\u00bb] [spb_text_block title=\u00bbItaliano On-line\u00bb pb_margin_bottom=\u00bbno\u00bb pb_border_bottom=\u00bbno\u00bb width=\u00bb1\/1&#8243; el_position=\u00bbfirst last\u00bb]\n<p>1 leccion de 30 minutos \u20ac20,00<br \/>\n10 lecciones de 30 minutos \u20ac195,00<br \/>\n1 leccion de 45 minutos \u20ac30,00<br \/>\n10 lecciones de 45 minutos \u20ac290,00<br \/>\n<del>Cuota de inscripci\u00f3n \u20ac45<\/del><\/p>\n[\/spb_text_block] [\/spb_accordion_tab] [spb_accordion_tab title=\u00bbIncluido en el precio\u00bb accordion_id=\u00bb\u00bb icon=\u00bb\u00bb] [spb_text_block pb_margin_bottom=\u00bbno\u00bb pb_border_bottom=\u00bbno\u00bb width=\u00bb1\/1&#8243; el_position=\u00bbfirst last\u00bb]\n<p>Material did\u00e1ctico.<br \/>\nLa correcci\u00f3n de las tareas y la retroalimentaci\u00f3n sobre la lecci\u00f3n.<\/p>\n[\/spb_text_block] [\/spb_accordion_tab] [spb_accordion_tab title=\u00bbDescuentos\u00bb accordion_id=\u00bb\u00bb icon=\u00bb\u00bb] [spb_text_block pb_margin_bottom=\u00bbno\u00bb pb_border_bottom=\u00bbno\u00bb width=\u00bb1\/1&#8243; el_position=\u00bbfirst last\u00bb]\n<p>Lecci\u00f3n de prueba <span class=\"color-6\">gratis<\/span>.<\/p>\n[\/spb_text_block] [\/spb_accordion_tab] [\/spb_accordion] [\/spb_column] [spb_column width=\u00bb1\/3&#8243; el_position=\u00bblast\u00bb] [spb_single_image image=\u00bb18797&#8243; image_size=\u00bbfull\u00bb frame=\u00bbglowframe\u00bb intro_animation=\u00bbnone\u00bb full_width=\u00bbno\u00bb lightbox=\u00bbno\u00bb link_target=\u00bb_self\u00bb width=\u00bb1\/1&#8243; el_position=\u00bbfirst last\u00bb] [spb_single_image image=\u00bb13501&#8243; image_size=\u00bbfull\u00bb frame=\u00bbglowframe\u00bb intro_animation=\u00bbnone\u00bb full_width=\u00bbno\u00bb lightbox=\u00bbno\u00bb image_link=\u00bbhttps:\/\/adg.it\/es\/product\/clases-en-linea-italiano\/\u00bb link_target=\u00bb_self\u00bb width=\u00bb1\/1&#8243; el_position=\u00bbfirst last\u00bb] [spb_text_block title=\u00bbCont\u00e1ctanos\u00bb pb_margin_bottom=\u00bbno\u00bb pb_border_bottom=\u00bbno\u00bb width=\u00bb1\/1&#8243; el_position=\u00bbfirst last\u00bb]\n<div class=\"wpforms-container wpforms-container-full\" id=\"wpforms-18575\"><form id=\"wpforms-form-18575\" class=\"wpforms-validate wpforms-form wpforms-ajax-form\" data-formid=\"18575\" method=\"post\" enctype=\"multipart\/form-data\" action=\"\/es\/wp-json\/wp\/v2\/pages\/10127\" data-token=\"fe6abd27bfc3dc5a615cccba1a09a316\" data-token-time=\"1775462880\"><noscript class=\"wpforms-error-noscript\">Por favor, activa JavaScript en tu navegador para completar este formulario.<\/noscript><div class=\"wpforms-field-container\"><div id=\"wpforms-18575-field_6-container\" class=\"wpforms-field wpforms-field-name\" data-field-id=\"6\"><label class=\"wpforms-field-label\">Nombre <span class=\"wpforms-required-label\">*<\/span><\/label><div class=\"wpforms-field-row wpforms-field-large\"><div class=\"wpforms-field-row-block wpforms-first wpforms-one-half\"><input type=\"text\" id=\"wpforms-18575-field_6\" class=\"wpforms-field-name-first wpforms-field-required\" name=\"wpforms[fields][6][first]\" placeholder=\"Tu nombre\" required><label for=\"wpforms-18575-field_6\" class=\"wpforms-field-sublabel after\">First<\/label><\/div><div class=\"wpforms-field-row-block wpforms-one-half\"><input type=\"text\" id=\"wpforms-18575-field_6-last\" class=\"wpforms-field-name-last wpforms-field-required\" name=\"wpforms[fields][6][last]\" placeholder=\"Tu apellido\" required><label for=\"wpforms-18575-field_6-last\" class=\"wpforms-field-sublabel after\">Last<\/label><\/div><\/div><\/div><div id=\"wpforms-18575-field_1-container\" class=\"wpforms-field wpforms-field-email\" data-field-id=\"1\"><label class=\"wpforms-field-label\" for=\"wpforms-18575-field_1\">Correo electr\u00f3nico <span class=\"wpforms-required-label\">*<\/span><\/label><input type=\"email\" id=\"wpforms-18575-field_1\" class=\"wpforms-field-large wpforms-field-required\" name=\"wpforms[fields][1]\" placeholder=\"Tu correo electr\u00f3nico\" spellcheck=\"false\" required><\/div><div id=\"wpforms-18575-field_2-container\" class=\"wpforms-field wpforms-field-textarea\" data-field-id=\"2\"><label class=\"wpforms-field-label\" for=\"wpforms-18575-field_2\">Mensaje <span class=\"wpforms-required-label\">*<\/span><\/label><textarea id=\"wpforms-18575-field_2\" class=\"wpforms-field-medium wpforms-field-required\" name=\"wpforms[fields][2]\" placeholder=\"Escribe aqu\u00ed tu mensaje\" required><\/textarea><\/div><\/div><!-- .wpforms-field-container --><div class=\"wpforms-field wpforms-field-hp\"><label for=\"wpforms-18575-field-hp\" class=\"wpforms-field-label\">Website<\/label><input type=\"text\" name=\"wpforms[hp]\" id=\"wpforms-18575-field-hp\" class=\"wpforms-field-medium\"><\/div><div class=\"wpforms-submit-container\" ><input type=\"hidden\" name=\"wpforms[id]\" value=\"18575\"><input type=\"hidden\" name=\"page_title\" value=\"\"><input type=\"hidden\" name=\"page_url\" value=\"https:\/\/adg.it\/es\/wp-json\/wp\/v2\/pages\/10127\"><input type=\"hidden\" name=\"url_referer\" value=\"\"><button type=\"submit\" name=\"wpforms[submit]\" id=\"wpforms-submit-18575\" class=\"wpforms-submit\" data-alt-text=\"Enviando...\" data-submit-text=\"Enviar\" aria-live=\"assertive\" value=\"wpforms-submit\">Enviar<\/button><img loading=\"lazy\" decoding=\"async\" src=\"https:\/\/adg.it\/wp-content\/plugins\/wpforms\/assets\/images\/submit-spin.svg\" class=\"wpforms-submit-spinner\" style=\"display: none;\" width=\"26\" height=\"26\" alt=\"Cargando\"><\/div><\/form><\/div>  <!-- .wpforms-container -->\n[\/spb_text_block] [testimonial title=\u00bbSe dice de nosotros&#8230;\u00bb text_size=\u00bbnormal\u00bb item_count=\u00bb2&#8243; order=\u00bbrand\u00bb category=\u00bbonline-es\u00bb pagination=\u00bbno\u00bb page_link=\u00bbno\u00bb width=\u00bb1\/1&#8243; el_position=\u00bbfirst last\u00bb] [\/spb_column]<\/p>\n","protected":false},"excerpt":{"rendered":"<p>[spb_column width=\u00bb2\/3&#8243; el_position=\u00bbfirst\u00bb] [spb_text_block title=\u00bbHabla italiano con nuestros maestros con Skype!\u00bb pb_margin_bottom=\u00bbno\u00bb pb_border_bottom=\u00bbno\u00bb width=\u00bb1\/1&#8243; el_position=\u00bbfirst last\u00bb] Accademia del Giglio pone a disposici\u00f3n los\u00a0cursos de italiano a distancia pensados en quienes no pueden venir a la escuela en Italia o para quien, despu\u00e9s de haber frecuentado un curso en la Accademia del Giglio, desee continuar a hablar italiano una vez de [&hellip;]<\/p>\n","protected":false},"author":27,"featured_media":7391,"parent":0,"menu_order":0,"comment_status":"closed","ping_status":"closed","template":"","meta":{"_joinchat":[],"footnotes":""},"class_list":["post-10127","page","type-page","status-publish","has-post-thumbnail","hentry"],"aioseo_notices":[],"_links":{"self":[{"href":"https:\/\/adg.it\/es\/wp-json\/wp\/v2\/pages\/10127","targetHints":{"allow":["GET"]}}],"collection":[{"href":"https:\/\/adg.it\/es\/wp-json\/wp\/v2\/pages"}],"about":[{"href":"https:\/\/adg.it\/es\/wp-json\/wp\/v2\/types\/page"}],"author":[{"embeddable":true,"href":"https:\/\/adg.it\/es\/wp-json\/wp\/v2\/users\/27"}],"replies":[{"embeddable":true,"href":"https:\/\/adg.it\/es\/wp-json\/wp\/v2\/comments?post=10127"}],"version-history":[{"count":0,"href":"https:\/\/adg.it\/es\/wp-json\/wp\/v2\/pages\/10127\/revisions"}],"wp:featuredmedia":[{"embeddable":true,"href":"https:\/\/adg.it\/es\/wp-json\/wp\/v2\/media\/7391"}],"wp:attachment":[{"href":"https:\/\/adg.it\/es\/wp-json\/wp\/v2\/media?parent=10127"}],"curies":[{"name":"wp","href":"https:\/\/api.w.org\/{rel}","templated":true}]}}