{"id":10073,"date":"2015-07-09T10:41:02","date_gmt":"2015-07-09T10:41:02","guid":{"rendered":"http:\/\/wp.adg.it\/?page_id=10073"},"modified":"2026-02-09T10:54:57","modified_gmt":"2026-02-09T10:54:57","slug":"cursos-de-diseno-y-pintura","status":"publish","type":"page","link":"https:\/\/adg.it\/es\/cursos-de-diseno-y-pintura\/","title":{"rendered":"Cursos de dise\u00f1o y pintura"},"content":{"rendered":"<p>[spb_column width=\u00bb2\/3&#8243; el_position=\u00bbfirst\u00bb] [spb_text_block title=\u00bbArte desde una semana a nueve meses\u00bb pb_margin_bottom=\u00bbno\u00bb pb_border_bottom=\u00bbno\u00bb width=\u00bb1\/1&#8243; el_position=\u00bbfirst last\u00bb]\n<p>El curso de arte completo tiene una duraci\u00f3n de <strong>nueve meses<\/strong> (de la Unidad A a la I), pero puede ser frecuentado por periodos m\u00e1s breves (m\u00ednimo 1 semana).\u00a0Cada unidad dura cuatro semanas con un total de <strong>56 o 80 horas<\/strong>. Los cursos inician cada<strong> lunes<\/strong>.<\/p>\n<p>Los programas disponibles son:<\/p>\n<ul>\n<li>Los <strong>cursos intensivos de arte<\/strong> (20 horas semanales) se imparten de lunes a jueves, de 11:30 a 13:00 y de 13:30 a 17:00.<\/li>\n<li>Los <strong>cursos generales de arte<\/strong> (14 horas semanales) se imparten por la ma\u00f1ana (de 10:00 a 13:00 de lunes a jueves y de 10:00 a 12:00 los viernes) o por la tarde (de 13:30 a 17:00 de lunes a jueves).<\/li>\n<\/ul>\n<blockquote class=\"pullquote\">Un modelo est\u00e1 disponible para estudiantes por <strong>2 horas por semana<\/strong> durante el horario escolar. Cada ma\u00f1ana y la tarde del viernes, el estudio est\u00e1 abierto para <strong>el dibujo libre<\/strong>.<\/blockquote>\n<p>El curso se propone ofrecer a los estudiantes las herramientas y conocimientos b\u00e1sicos para enfrentar y conocer las <strong>t\u00e9cnicas art\u00edsticas<\/strong> m\u00e1s importantes. Se prestar\u00e1 especial atenci\u00f3n al dise\u00f1o y en la cultura art\u00edstica de la pintura toscana es de gran importancia: ayuda a desarrollar <strong>habilidades<\/strong> y poderes de <strong>observaci\u00f3n<\/strong>, dos aspectos fundamentales de todas las artes. En las unidades siguientes se estudiar\u00e1n todos los colores y las <strong>t\u00e9cnicas cl\u00e1sicas de la pintura<\/strong>.<\/p>\n<blockquote class=\"pullquote\">Al terminar las nueve unidades el estudiante adquirir\u00e1 el conocimiento necesario para realizar <strong>su propio portafolio<\/strong> y concentrarse en el estudio de su t\u00e9cnica preferida.<\/blockquote>\n<p>Todos nuestros maestros son altamente calificados y expertos en varias disciplinas y t\u00e9cnicas cl\u00e1sicas como dibujo, oleo, acuarela y fresco.<\/p>\n<p>El profesor evaluar\u00e1 las t\u00e9cnicas del estudiante al inicio de cada unidad para ayudarlo a establecer sus <strong>objetivos<\/strong> y puntos para mejorar.<\/p>\n[\/spb_text_block] [spb_text_block title=\u00bbNota importante\u00bb pb_margin_bottom=\u00bbno\u00bb pb_border_bottom=\u00bbno\u00bb width=\u00bb1\/1&#8243; el_position=\u00bbfirst last\u00bb]\n<p>Mientras estudias en nuestra academia, <strong>eres libre de centrarte en las t\u00e9cnicas art\u00edsticas que m\u00e1s te interesen<\/strong> o que desees mejorar. Las \u00ab9 unidades\u00bb representan un marco de aprendizaje general, no m\u00f3dulos fijos que se imparten por separado o en rotaci\u00f3n semanal.<\/p>\n<p>Dado que nuestras clases son reducidas (normalmente de 8 a 10 alumnos), <strong>la ense\u00f1anza es muy personalizada<\/strong>. Incluso si asistes solo durante una o dos semanas, no estar\u00e1s limitado a una sola unidad. En su lugar, los instructores seleccionan y combinan material de varias unidades para adaptarse mejor a tu nivel y objetivos.<\/p>\n<p>Nuestros instructores de arte trabajan en estrecha colaboraci\u00f3n con cada alumno para <strong>dise\u00f1ar un programa personalizado<\/strong> basado en las habilidades, la experiencia y los intereses individuales. Puedes elegir los medios con los que deseas trabajar y los temas que deseas explorar, y tu instructor estructurar\u00e1 la semana en consecuencia.<\/p>\n[\/spb_text_block] [sf_gallery gallery_id=\u00bb9045&#8243; slider_transition=\u00bbslide\u00bb show_thumbs=\u00bbyes\u00bb autoplay=\u00bbyes\u00bb show_captions=\u00bbyes\u00bb enable_lightbox=\u00bbyes\u00bb width=\u00bb1\/1&#8243; el_position=\u00bbfirst last\u00bb] [boxed_content type=\u00bbcoloured\u00bb pb_margin_bottom=\u00bbno\u00bb width=\u00bb1\/1&#8243; el_position=\u00bbfirst last\u00bb]\n<p><strong>Precio y detalles<br \/>\n<\/strong><\/p>\n[\/boxed_content] [spb_accordion width=\u00bb1\/1&#8243; el_position=\u00bbfirst last\u00bb] [spb_accordion_tab title=\u00bb14 horas cada semana\u00bb accordion_id=\u00bb\u00bb icon=\u00bb\u00bb] [spb_text_block title=\u00bbSin material art\u00edstico\u00bb pb_margin_bottom=\u00bbno\u00bb pb_border_bottom=\u00bbno\u00bb width=\u00bb1\/1&#8243; el_position=\u00bbfirst last\u00bb]\n<p>1 semana, 14 horas \u20ac335<br \/>\n2 semanas, 28 horas \u20ac585<br \/>\n3 semanas, 42 horas \u20ac845<br \/>\n1 unidad, 4 semanas, 56 horas \u20ac895<br \/>\n2 unidades, 8 semanas, 112 horas \u20ac1635<br \/>\n3 unidades, 12 semanas, 168 horas \u20ac2355<br \/>\n6 unidades, 24 semanas, 336 horas \u20ac4565<br \/>\n9 unidades, 36 semanas, 504 horas \u20ac670<\/p>\n[\/spb_text_block] [spb_text_block title=\u00bbCon material incluido\u00bb pb_margin_bottom=\u00bbno\u00bb pb_border_bottom=\u00bbno\u00bb width=\u00bb1\/1&#8243; el_position=\u00bbfirst last\u00bb]\n<p>1 semana, 14 horas \u20ac375<br \/>\n2 semanas, 28 horas \u20ac655<br \/>\n3 semanas, 42 horas \u20ac945<br \/>\n1 unidad, 4 semanas, 56 horas \u20ac1025<br \/>\n2 unidades, 8 semanas, 112 horas \u20ac1895<br \/>\n3 unidades, 12 semanas, 168 horas \u20ac2745<\/p>\n[\/spb_text_block] [\/spb_accordion_tab] [spb_accordion_tab title=\u00bb20 horas cada semana\u00bb accordion_id=\u00bb\u00bb icon=\u00bb\u00bb] [spb_text_block title=\u00bbSin material art\u00edstico\u00bb pb_margin_bottom=\u00bbno\u00bb pb_border_bottom=\u00bbno\u00bb width=\u00bb1\/1&#8243; el_position=\u00bbfirst last\u00bb]\n<p>1 semana, 20 horas \u20ac375<br \/>\n2 semanas, 40 horas \u20ac655<br \/>\n3 semanas, 60 horas \u20ac895<br \/>\n1 unidad, 4 semanas, 80 horas \u20ac1175<br \/>\n2 unidades, 8 semanas, 160 horas \u20ac2115<br \/>\n3 unidades, 12 semanas, 240 horas \u20ac3135<br \/>\n6 unidades, 24 semanas, 480 horas \u20ac6025<br \/>\n9 unidades, 36 semanas, 720 horas \u20ac9015<\/p>\n[\/spb_text_block] [spb_text_block title=\u00bbCon material incluido\u00bb pb_margin_bottom=\u00bbno\u00bb pb_border_bottom=\u00bbno\u00bb width=\u00bb1\/1&#8243; el_position=\u00bbfirst last\u00bb]\n<p>1 semana, 20 horas \u20ac420<br \/>\n2 semanas, 40 horas \u20ac735<br \/>\n3 semanas, 60 horas \u20ac1010<br \/>\n1 unidad, 4 semanas, 80 horas \u20ac1315<br \/>\n2 unidades, 8 semanas, 160 horas \u20ac2395<br \/>\n3 unidades, 12 semanas, 240 horas \u20ac3555<\/p>\n[\/spb_text_block] [\/spb_accordion_tab] [spb_accordion_tab title=\u00bbIncluido en el precio\u00bb accordion_id=\u00bb\u00bb icon=\u00bb\u00bb] [spb_text_block pb_margin_bottom=\u00bbno\u00bb pb_border_bottom=\u00bbno\u00bb width=\u00bb1\/1&#8243; el_position=\u00bbfirst last\u00bb]\n<ul>\n<li><strong>Sin materiales art\u00edsticos<\/strong>: se incluyen los materiales b\u00e1sicos (papel, l\u00e1pices y gomas de borrar). El resto de materiales se pueden adquirir en una tienda de bellas artes de la zona, que ofrece un descuento del 10 % a nuestros alumnos. Materiales art\u00edsticos <a href=\"http:\/\/adg.it\/es\/materiales-de-arte\">recomendados<\/a>.<\/li>\n<li><strong>Con materiales art\u00edsticos<\/strong>: se incluye el uso de todos los materiales y herramientas art\u00edsticas necesarios para el curso.<\/li>\n<li>Al finalizar el curso se expedir\u00e1 un <strong>certificado de participaci\u00f3n<\/strong>.<\/li>\n<\/ul>\n<p>&nbsp;<\/p>\n[\/spb_text_block] [\/spb_accordion_tab] [spb_accordion_tab title=\u00bbInscripci\u00f3n\u00bb accordion_id=\u00bb\u00bb icon=\u00bb\u00bb] [spb_text_block pb_margin_bottom=\u00bbno\u00bb pb_border_bottom=\u00bbno\u00bb width=\u00bb1\/1&#8243; el_position=\u00bbfirst last\u00bb]\n<p><a href=\"https:\/\/adg.it\/en\/product\/drawing-and-painting-techniques\/\" target=\"_blank\" rel=\"noopener\">14 horas cada semana<\/a><\/p>\n<p><a href=\"https:\/\/adg.it\/en\/product\/drawing-and-painting-techniques-20-hours-per-week\/\" target=\"_blank\" rel=\"noopener\">20 horas cada semana<\/a><\/p>\n[\/spb_text_block] [\/spb_accordion_tab] [\/spb_accordion] [\/spb_column] [spb_column width=\u00bb1\/3&#8243; el_position=\u00bblast\u00bb] [spb_single_image image=\u00bb6303&#8243; image_size=\u00bbfull\u00bb frame=\u00bbnoframe\u00bb intro_animation=\u00bbnone\u00bb full_width=\u00bbno\u00bb lightbox=\u00bbyes\u00bb link_target=\u00bb_self\u00bb width=\u00bb1\/1&#8243; el_position=\u00bbfirst last\u00bb] [spb_single_image image=\u00bb27123&#8243; image_size=\u00bbfull\u00bb frame=\u00bbnoframe\u00bb intro_animation=\u00bbnone\u00bb full_width=\u00bbno\u00bb lightbox=\u00bbyes\u00bb image_link=\u00bbhttps:\/\/adg.it\/en\/product\/drawing-and-painting-techniques-20-hours-per-week\/\u00bb link_target=\u00bb_blank\u00bb caption=\u00bb20 horas cada semana\u00bb width=\u00bb1\/1&#8243; el_position=\u00bbfirst last\u00bb] [spb_single_image image=\u00bb13501&#8243; image_size=\u00bbfull\u00bb frame=\u00bbnoframe\u00bb intro_animation=\u00bbnone\u00bb full_width=\u00bbno\u00bb lightbox=\u00bbyes\u00bb image_link=\u00bbhttps:\/\/adg.it\/en\/product\/drawing-and-painting-techniques\/\u00bb link_target=\u00bb_blank\u00bb caption=\u00bb14 horas cada semana\u00bb width=\u00bb1\/1&#8243; el_position=\u00bbfirst last\u00bb] [boxed_content type=\u00bbcoloured\u00bb pb_margin_bottom=\u00bbno\u00bb width=\u00bb1\/1&#8243; el_position=\u00bbfirst last\u00bb]\n<p>El programa<\/p>\n[\/boxed_content] [spb_accordion width=\u00bb1\/1&#8243; el_position=\u00bbfirst last\u00bb] [spb_accordion_tab title=\u00bbUnidad A\u00bb accordion_id=\u00bb\u00bb icon=\u00bb\u00bb] [spb_text_block pb_margin_bottom=\u00bbno\u00bb pb_border_bottom=\u00bbno\u00bb width=\u00bb1\/1&#8243; el_position=\u00bbfirst last\u00bb]\n<p>T\u00c8CNICAS DE DISE\u00d1O B\u00c1SICAS I<\/p>\n<p>Conocimiento de las principales t\u00e9cnicas para dise\u00f1o: dibujo esgrafiado, carb\u00f3n, punta de plata, bol\u00edgrafo y pastel.<br \/>\nEstudio de las t\u00e9cnicas de dise\u00f1o (l\u00ednea y claroscuro) para la construcci\u00f3n de un objeto, adquiriendo un m\u00e9todo para lograr una correcta proporci\u00f3n. Conocimiento de los principales medios t\u00e9cnicos para el dise\u00f1o: grafito, carb\u00f3n, sangui\u00f1a, bol\u00edgrafo, pastel.<\/p>\n[\/spb_text_block] [\/spb_accordion_tab] [spb_accordion_tab title=\u00bbUnidad B\u00bb accordion_id=\u00bb\u00bb icon=\u00bb\u00bb] [spb_text_block pb_margin_bottom=\u00bbno\u00bb pb_border_bottom=\u00bbno\u00bb width=\u00bb1\/1&#8243; el_position=\u00bbfirst last\u00bb]\n<p>T\u00c8CNICAS DE DISE\u00d1O B\u00c1SICAS II<\/p>\n<p>Desarrollo y ampliaci\u00f3n de las t\u00e9cnicas de la unidad anterior. Nociones generales de anatom\u00eda y la t\u00e9cnica para la correcta construcci\u00f3n de un cuerpo y de un rostro, basandose en los m\u00e9todos tradicionales.<\/p>\n[\/spb_text_block] [\/spb_accordion_tab] [spb_accordion_tab title=\u00bbUnidad C\u00bb accordion_id=\u00bb\u00bb icon=\u00bb\u00bb] [spb_text_block pb_margin_bottom=\u00bbno\u00bb pb_border_bottom=\u00bbno\u00bb width=\u00bb1\/1&#8243; el_position=\u00bbfirst last\u00bb]\n<p>DISE\u00d1O REAL<\/p>\n<p>Profundizar en las nociones adquiridas en el primer curso y de manera especial en la teor\u00eda de las sombras y conceptos b\u00e1sicos sobre perspectiva, basados en los museos y Plazas de Florencia m\u00e1s representativas. Estudio del desnudo.<\/p>\n[\/spb_text_block] [\/spb_accordion_tab] [spb_accordion_tab title=\u00bbUnidad D\u00bb accordion_id=\u00bb\u00bb icon=\u00bb\u00bb] [spb_text_block pb_margin_bottom=\u00bbno\u00bb pb_border_bottom=\u00bbno\u00bb width=\u00bb1\/1&#8243; el_position=\u00bbfirst last\u00bb]\n<p>T\u00c8CNICAS PICT\u00d3RICAS B\u00c1SICAS I<\/p>\n<p>Conocimiento y estudio de las teorias b\u00e1sicas del color a trav\u00e9s del uso de la t\u00e9mpura acr\u00edlica, pastel y derivados.<\/p>\n[\/spb_text_block] [\/spb_accordion_tab] [spb_accordion_tab title=\u00bbUnidad E\u00bb accordion_id=\u00bb\u00bb icon=\u00bb\u00bb] [spb_text_block pb_margin_bottom=\u00bbno\u00bb pb_border_bottom=\u00bbno\u00bb width=\u00bb1\/1&#8243; el_position=\u00bbfirst last\u00bb]\n<p>T\u00c8CNICAS PICT\u00d3RICAS B\u00c1SICAS II<\/p>\n<p>Estudio de la relaci\u00f3n luz-color en un encarnado, y en un pliegue. Rendimiento crom\u00e1tico y luminosidad en la retracci\u00f3n de objetos de varios materiales como metal, vidrio, etc.<\/p>\n[\/spb_text_block] [\/spb_accordion_tab] [spb_accordion_tab title=\u00bbUnidad F\u00bb accordion_id=\u00bb\u00bb icon=\u00bb\u00bb] [spb_text_block pb_margin_bottom=\u00bbno\u00bb pb_border_bottom=\u00bbno\u00bb width=\u00bb1\/1&#8243; el_position=\u00bbfirst last\u00bb]\n<p>T\u00c8CNICAS PICT\u00d3RICAS AVANZADAS I<\/p>\n<p>Aproximaci\u00f3n gen\u00e9rica a las t\u00e9cnicas pict\u00f3ricas del olio y acuarela. Historia y nociones b\u00e1sicas para su uso.<\/p>\n[\/spb_text_block] [\/spb_accordion_tab] [spb_accordion_tab title=\u00bbUnidad G\u00bb accordion_id=\u00bb\u00bb icon=\u00bb\u00bb] [spb_text_block pb_margin_bottom=\u00bbno\u00bb pb_border_bottom=\u00bbno\u00bb width=\u00bb1\/1&#8243; el_position=\u00bbfirst last\u00bb]\n<p>T\u00c8CNICAS PICT\u00d3RICAS AVANZADAS II<\/p>\n<p>Profundizar en las t\u00e9cnicas de la Unidad F: uso de tempera y acr\u00edlicos.<\/p>\n[\/spb_text_block] [\/spb_accordion_tab] [spb_accordion_tab title=\u00bbUnidad H\u00bb accordion_id=\u00bb\u00bb icon=\u00bb\u00bb] [spb_text_block pb_margin_bottom=\u00bbno\u00bb pb_border_bottom=\u00bbno\u00bb width=\u00bb1\/1&#8243; el_position=\u00bbfirst last\u00bb]\n<p>T\u00c8CNICAS PICT\u00d3RICAS AVANZADAS III<\/p>\n<p>Aproximaci\u00f3n gen\u00e9rica a los frescos. An\u00e1lisis de las t\u00e9cnicas. Pruebas de rendimiento crom\u00e1tico en cal o bajorrelieves.<\/p>\n[\/spb_text_block] [\/spb_accordion_tab] [spb_accordion_tab title=\u00bbUnidad I\u00bb accordion_id=\u00bb\u00bb icon=\u00bb\u00bb] [spb_text_block pb_margin_bottom=\u00bbno\u00bb pb_border_bottom=\u00bbno\u00bb width=\u00bb1\/1&#8243; el_position=\u00bbfirst last\u00bb]\n<p>B\u00daSQUEDA PERSONAL<\/p>\n<p>Profundizar en una o m\u00e1s t\u00e9cnicas escogidas por parte del estudiante, en b\u00fasqueda de un estilo propio.<\/p>\n[\/spb_text_block] [\/spb_accordion_tab] [\/spb_accordion] [spb_text_block title=\u00bbCont\u00e1ctanos\u00bb pb_margin_bottom=\u00bbno\u00bb pb_border_bottom=\u00bbno\u00bb width=\u00bb1\/1&#8243; el_position=\u00bbfirst last\u00bb]\n<div class=\"wpforms-container wpforms-container-full\" id=\"wpforms-18575\"><form id=\"wpforms-form-18575\" class=\"wpforms-validate wpforms-form wpforms-ajax-form\" data-formid=\"18575\" method=\"post\" enctype=\"multipart\/form-data\" action=\"\/es\/wp-json\/wp\/v2\/pages\/10073\" data-token=\"6e8ef0be63d7200d1bb6c0d914e617d4\" data-token-time=\"1775583979\"><noscript class=\"wpforms-error-noscript\">Por favor, activa JavaScript en tu navegador para completar este formulario.<\/noscript><div class=\"wpforms-field-container\"><div id=\"wpforms-18575-field_6-container\" class=\"wpforms-field wpforms-field-name\" data-field-id=\"6\"><label class=\"wpforms-field-label\">Nombre <span class=\"wpforms-required-label\">*<\/span><\/label><div class=\"wpforms-field-row wpforms-field-large\"><div class=\"wpforms-field-row-block wpforms-first wpforms-one-half\"><input type=\"text\" id=\"wpforms-18575-field_6\" class=\"wpforms-field-name-first wpforms-field-required\" name=\"wpforms[fields][6][first]\" placeholder=\"Tu nombre\" required><label for=\"wpforms-18575-field_6\" class=\"wpforms-field-sublabel after\">First<\/label><\/div><div class=\"wpforms-field-row-block wpforms-one-half\"><input type=\"text\" id=\"wpforms-18575-field_6-last\" class=\"wpforms-field-name-last wpforms-field-required\" name=\"wpforms[fields][6][last]\" placeholder=\"Tu apellido\" required><label for=\"wpforms-18575-field_6-last\" class=\"wpforms-field-sublabel after\">Last<\/label><\/div><\/div><\/div><div id=\"wpforms-18575-field_1-container\" class=\"wpforms-field wpforms-field-email\" data-field-id=\"1\"><label class=\"wpforms-field-label\" for=\"wpforms-18575-field_1\">Correo electr\u00f3nico <span class=\"wpforms-required-label\">*<\/span><\/label><input type=\"email\" id=\"wpforms-18575-field_1\" class=\"wpforms-field-large wpforms-field-required\" name=\"wpforms[fields][1]\" placeholder=\"Tu correo electr\u00f3nico\" spellcheck=\"false\" required><\/div><div id=\"wpforms-18575-field_2-container\" class=\"wpforms-field wpforms-field-textarea\" data-field-id=\"2\"><label class=\"wpforms-field-label\" for=\"wpforms-18575-field_2\">Mensaje <span class=\"wpforms-required-label\">*<\/span><\/label><textarea id=\"wpforms-18575-field_2\" class=\"wpforms-field-medium wpforms-field-required\" name=\"wpforms[fields][2]\" placeholder=\"Escribe aqu\u00ed tu mensaje\" required><\/textarea><\/div><\/div><!-- .wpforms-field-container --><div class=\"wpforms-field wpforms-field-hp\"><label for=\"wpforms-18575-field-hp\" class=\"wpforms-field-label\">Phone<\/label><input type=\"text\" name=\"wpforms[hp]\" id=\"wpforms-18575-field-hp\" class=\"wpforms-field-medium\"><\/div><div class=\"wpforms-submit-container\" ><input type=\"hidden\" name=\"wpforms[id]\" value=\"18575\"><input type=\"hidden\" name=\"page_title\" value=\"\"><input type=\"hidden\" name=\"page_url\" value=\"https:\/\/adg.it\/es\/wp-json\/wp\/v2\/pages\/10073\"><input type=\"hidden\" name=\"url_referer\" value=\"\"><button type=\"submit\" name=\"wpforms[submit]\" id=\"wpforms-submit-18575\" class=\"wpforms-submit\" data-alt-text=\"Enviando...\" data-submit-text=\"Enviar\" aria-live=\"assertive\" value=\"wpforms-submit\">Enviar<\/button><img loading=\"lazy\" decoding=\"async\" src=\"https:\/\/adg.it\/wp-content\/plugins\/wpforms\/assets\/images\/submit-spin.svg\" class=\"wpforms-submit-spinner\" style=\"display: none;\" width=\"26\" height=\"26\" alt=\"Cargando\"><\/div><\/form><\/div>  <!-- .wpforms-container -->\n[\/spb_text_block] [testimonial text_size=\u00bbnormal\u00bb item_count=\u00bb2&#8243; order=\u00bbrand\u00bb category=\u00bbarte-sp\u00bb pagination=\u00bbno\u00bb page_link=\u00bbno\u00bb width=\u00bb1\/1&#8243; el_position=\u00bbfirst last\u00bb] [\/spb_column]<\/p>\n","protected":false},"excerpt":{"rendered":"<p>[spb_column width=\u00bb2\/3&#8243; el_position=\u00bbfirst\u00bb] [spb_text_block title=\u00bbArte desde una semana a nueve meses\u00bb pb_margin_bottom=\u00bbno\u00bb pb_border_bottom=\u00bbno\u00bb width=\u00bb1\/1&#8243; el_position=\u00bbfirst last\u00bb] El curso de arte completo tiene una duraci\u00f3n de nueve meses (de la Unidad A a la I), pero puede ser frecuentado por periodos m\u00e1s breves (m\u00ednimo 1 semana).\u00a0Cada unidad dura cuatro semanas con un total de 56 o 80 horas. Los cursos inician [&hellip;]<\/p>\n","protected":false},"author":27,"featured_media":0,"parent":0,"menu_order":0,"comment_status":"closed","ping_status":"closed","template":"","meta":{"_joinchat":[],"footnotes":""},"class_list":["post-10073","page","type-page","status-publish","hentry"],"aioseo_notices":[],"_links":{"self":[{"href":"https:\/\/adg.it\/es\/wp-json\/wp\/v2\/pages\/10073","targetHints":{"allow":["GET"]}}],"collection":[{"href":"https:\/\/adg.it\/es\/wp-json\/wp\/v2\/pages"}],"about":[{"href":"https:\/\/adg.it\/es\/wp-json\/wp\/v2\/types\/page"}],"author":[{"embeddable":true,"href":"https:\/\/adg.it\/es\/wp-json\/wp\/v2\/users\/27"}],"replies":[{"embeddable":true,"href":"https:\/\/adg.it\/es\/wp-json\/wp\/v2\/comments?post=10073"}],"version-history":[{"count":5,"href":"https:\/\/adg.it\/es\/wp-json\/wp\/v2\/pages\/10073\/revisions"}],"predecessor-version":[{"id":27612,"href":"https:\/\/adg.it\/es\/wp-json\/wp\/v2\/pages\/10073\/revisions\/27612"}],"wp:attachment":[{"href":"https:\/\/adg.it\/es\/wp-json\/wp\/v2\/media?parent=10073"}],"curies":[{"name":"wp","href":"https:\/\/api.w.org\/{rel}","templated":true}]}}