{"id":10063,"date":"2015-07-09T09:44:14","date_gmt":"2015-07-09T09:44:14","guid":{"rendered":"http:\/\/wp.adg.it\/?page_id=10063"},"modified":"2025-02-06T15:23:38","modified_gmt":"2025-02-06T15:23:38","slug":"curso-de-desnudo","status":"publish","type":"page","link":"https:\/\/adg.it\/es\/curso-de-desnudo\/","title":{"rendered":"Curso de desnudo"},"content":{"rendered":"<p>[spb_column width=\u00bb2\/3&#8243; el_position=\u00bbfirst\u00bb] [spb_text_block title=\u00bbEl desnudo en el Arte\u00bb pb_margin_bottom=\u00bbno\u00bb pb_border_bottom=\u00bbno\u00bb width=\u00bb1\/1&#8243; el_position=\u00bbfirst last\u00bb]\n<p>El curso de desnudo se realiza normalmente cada semana.<\/p>\n<p>Cada clase de tres horas y media o tres horas implica dos horas y media de sentarse con un modelo y el resto del tiempo se emplea en terminar el trabajo y estudiar anatom\u00eda. Cada semana se imparten 12 horas de clases de dibujo al natural de la figura modelo.<\/p>\n<p>Es posible asistir a las clases por la ma\u00f1ana o por la tarde. Un profesor seguir\u00e1 de cerca los progresos y ayudar\u00e1 al alumno a resolver cualquier problema que encuentre al dibujar el modelo.<\/p>\n[\/spb_text_block] [spb_text_block title=\u00bbEl programa\u00bb pb_margin_bottom=\u00bbno\u00bb pb_border_bottom=\u00bbno\u00bb width=\u00bb1\/1&#8243; el_position=\u00bbfirst last\u00bb]\n<ul>\n<li>T\u00e9cnicas de dise\u00f1o base.<\/li>\n<li>Nociones generales de anatom\u00eda art\u00edstica y t\u00e9cnica para la construcci\u00f3n de cuerpo y rostro seg\u00fan los m\u00e9todos tradicionales y modernos.<\/li>\n<li>Conocimiento de los principales medios t\u00e9cnicos de dise\u00f1o: grafito, carb\u00f3n, sangu\u00ed\u00f1a, bol\u00edgrafo, pastel, tinta china.<\/li>\n<li>Ejercicios de dise\u00f1o de desnudo con\u00a0modelos\u00a0masculinos y femeninos.<\/li>\n<li>Las poses veloces tienen como objetivo ense\u00f1ar la t\u00e9cnica de bosquejo o sketch, mientras que las poses m\u00e1s largas tienden a desarrollar el estudio de la anatomia y de las sombras, as\u00ed como la capacidad de observaci\u00f3n.<\/li>\n<\/ul>\n<p>Posibilidad de participar en las exposiciones colectivas de la escuela.<\/p>\n[\/spb_text_block] [sf_gallery gallery_id=\u00bb8964&#8243; slider_transition=\u00bbfade\u00bb show_thumbs=\u00bbyes\u00bb autoplay=\u00bbyes\u00bb show_captions=\u00bbyes\u00bb enable_lightbox=\u00bbyes\u00bb width=\u00bb1\/1&#8243; el_position=\u00bbfirst last\u00bb] [spb_accordion width=\u00bb1\/1&#8243; el_position=\u00bbfirst last\u00bb] [spb_accordion_tab title=\u00bbPrecio\u00bb accordion_id=\u00bb\u00bb icon=\u00bb\u00bb] [spb_text_block title=\u00bbCurso de desnudo\u00bb pb_margin_bottom=\u00bbno\u00bb pb_border_bottom=\u00bbno\u00bb width=\u00bb1\/1&#8243; el_position=\u00bbfirst last\u00bb]\n<p>LD1, 1 lecci\u00f3n, 3 horas 1\/2 \u20ac115<br \/>\nLD4, 1 semana, 14 horas \u20ac420<br \/>\nLD8, 2 semanas, 28 horas \u20ac840<br \/>\nN\u00famero m\u00e1ximo de estudiantes: 8.<\/p>\n[\/spb_text_block] [\/spb_accordion_tab] [spb_accordion_tab title=\u00bbIncluido en el precio\u00bb accordion_id=\u00bb\u00bb icon=\u00bb\u00bb] [spb_text_block pb_margin_bottom=\u00bbno\u00bb pb_border_bottom=\u00bbno\u00bb width=\u00bb1\/1&#8243; el_position=\u00bbfirst last\u00bb]\n<p>Se proporcionar\u00e1 todo el material art\u00edstico necesario<br \/>\nEl certificado de participaci\u00f3n.<\/p>\n[\/spb_text_block] [\/spb_accordion_tab] [spb_accordion_tab title=\u00bbHorario\u00bb accordion_id=\u00bb\u00bb icon=\u00bb\u00bb] [spb_text_block pb_margin_bottom=\u00bbno\u00bb pb_border_bottom=\u00bbno\u00bb width=\u00bb1\/1&#8243; el_position=\u00bbfirst last\u00bb]\n<p>Elija entre dos horarios:<\/p>\n<ul>\n<li>Ma\u00f1ana (10:00 a 13:00 de lunes a jueves, 11:00 a 13:00 los viernes);<\/li>\n<li>o Tarde (13:30-17:00 de lunes a jueves).<\/li>\n<\/ul>\n[\/spb_text_block] [\/spb_accordion_tab] [\/spb_accordion] [\/spb_column] [spb_column width=\u00bb1\/3&#8243; el_position=\u00bblast\u00bb] [spb_single_image image=\u00bb16074&#8243; image_size=\u00bbfull\u00bb frame=\u00bbnoframe\u00bb intro_animation=\u00bbnone\u00bb full_width=\u00bbno\u00bb lightbox=\u00bbyes\u00bb link_target=\u00bb_self\u00bb width=\u00bb1\/1&#8243; el_position=\u00bbfirst last\u00bb] [spb_single_image image=\u00bb13501&#8243; image_size=\u00bbfull\u00bb frame=\u00bbnoframe\u00bb intro_animation=\u00bbnone\u00bb full_width=\u00bbno\u00bb lightbox=\u00bbyes\u00bb image_link=\u00bbhttps:\/\/adg.it\/en\/product\/life-drawing-and-life-painting-course\/\u00bb link_target=\u00bb_blank\u00bb width=\u00bb1\/1&#8243; el_position=\u00bbfirst last\u00bb] [spb_text_block title=\u00bbCont\u00e1ctenos\u00bb pb_margin_bottom=\u00bbno\u00bb pb_border_bottom=\u00bbno\u00bb width=\u00bb1\/1&#8243; el_position=\u00bbfirst last\u00bb]\n<div class=\"wpforms-container wpforms-container-full\" id=\"wpforms-18575\"><form id=\"wpforms-form-18575\" class=\"wpforms-validate wpforms-form wpforms-ajax-form\" data-formid=\"18575\" method=\"post\" enctype=\"multipart\/form-data\" action=\"\/es\/wp-json\/wp\/v2\/pages\/10063\" data-token=\"ecf25e222d6cf048cedfbf2b0ece48bc\" data-token-time=\"1776858046\"><noscript class=\"wpforms-error-noscript\">Por favor, activa JavaScript en tu navegador para completar este formulario.<\/noscript><div class=\"wpforms-field-container\"><div id=\"wpforms-18575-field_6-container\" class=\"wpforms-field wpforms-field-name\" data-field-id=\"6\"><label class=\"wpforms-field-label\">Nombre <span class=\"wpforms-required-label\">*<\/span><\/label><div class=\"wpforms-field-row wpforms-field-large\"><div class=\"wpforms-field-row-block wpforms-first wpforms-one-half\"><input type=\"text\" id=\"wpforms-18575-field_6\" class=\"wpforms-field-name-first wpforms-field-required\" name=\"wpforms[fields][6][first]\" placeholder=\"Tu nombre\" required><label for=\"wpforms-18575-field_6\" class=\"wpforms-field-sublabel after\">First<\/label><\/div><div class=\"wpforms-field-row-block wpforms-one-half\"><input type=\"text\" id=\"wpforms-18575-field_6-last\" class=\"wpforms-field-name-last wpforms-field-required\" name=\"wpforms[fields][6][last]\" placeholder=\"Tu apellido\" required><label for=\"wpforms-18575-field_6-last\" class=\"wpforms-field-sublabel after\">Last<\/label><\/div><\/div><\/div><div id=\"wpforms-18575-field_1-container\" class=\"wpforms-field wpforms-field-email\" data-field-id=\"1\"><label class=\"wpforms-field-label\" for=\"wpforms-18575-field_1\">Correo electr\u00f3nico <span class=\"wpforms-required-label\">*<\/span><\/label><input type=\"email\" id=\"wpforms-18575-field_1\" class=\"wpforms-field-large wpforms-field-required\" name=\"wpforms[fields][1]\" placeholder=\"Tu correo electr\u00f3nico\" spellcheck=\"false\" required><\/div><div id=\"wpforms-18575-field_2-container\" class=\"wpforms-field wpforms-field-textarea\" data-field-id=\"2\"><label class=\"wpforms-field-label\" for=\"wpforms-18575-field_2\">Mensaje <span class=\"wpforms-required-label\">*<\/span><\/label><textarea id=\"wpforms-18575-field_2\" class=\"wpforms-field-medium wpforms-field-required\" name=\"wpforms[fields][2]\" placeholder=\"Escribe aqu\u00ed tu mensaje\" required><\/textarea><\/div><\/div><!-- .wpforms-field-container --><div class=\"wpforms-field wpforms-field-hp\"><label for=\"wpforms-18575-field-hp\" class=\"wpforms-field-label\">Phone<\/label><input type=\"text\" name=\"wpforms[hp]\" id=\"wpforms-18575-field-hp\" class=\"wpforms-field-medium\"><\/div><div class=\"wpforms-submit-container\" ><input type=\"hidden\" name=\"wpforms[id]\" value=\"18575\"><input type=\"hidden\" name=\"page_title\" value=\"\"><input type=\"hidden\" name=\"page_url\" value=\"https:\/\/adg.it\/es\/wp-json\/wp\/v2\/pages\/10063\"><input type=\"hidden\" name=\"url_referer\" value=\"\"><button type=\"submit\" name=\"wpforms[submit]\" id=\"wpforms-submit-18575\" class=\"wpforms-submit\" data-alt-text=\"Enviando...\" data-submit-text=\"Enviar\" aria-live=\"assertive\" value=\"wpforms-submit\">Enviar<\/button><img loading=\"lazy\" decoding=\"async\" src=\"https:\/\/adg.it\/wp-content\/plugins\/wpforms\/assets\/images\/submit-spin.svg\" class=\"wpforms-submit-spinner\" style=\"display: none;\" width=\"26\" height=\"26\" alt=\"Cargando\"><\/div><\/form><\/div>  <!-- .wpforms-container -->\n[\/spb_text_block] [\/spb_column]<\/p>\n","protected":false},"excerpt":{"rendered":"<p>[spb_column width=\u00bb2\/3&#8243; el_position=\u00bbfirst\u00bb] [spb_text_block title=\u00bbEl desnudo en el Arte\u00bb pb_margin_bottom=\u00bbno\u00bb pb_border_bottom=\u00bbno\u00bb width=\u00bb1\/1&#8243; el_position=\u00bbfirst last\u00bb] El curso de desnudo se realiza normalmente cada semana. Cada clase de tres horas y media o tres horas implica dos horas y media de sentarse con un modelo y el resto del tiempo se emplea en terminar el trabajo y estudiar anatom\u00eda. Cada semana se [&hellip;]<\/p>\n","protected":false},"author":27,"featured_media":0,"parent":0,"menu_order":0,"comment_status":"closed","ping_status":"closed","template":"","meta":{"_joinchat":[],"footnotes":""},"class_list":["post-10063","page","type-page","status-publish","hentry"],"aioseo_notices":[],"_links":{"self":[{"href":"https:\/\/adg.it\/es\/wp-json\/wp\/v2\/pages\/10063","targetHints":{"allow":["GET"]}}],"collection":[{"href":"https:\/\/adg.it\/es\/wp-json\/wp\/v2\/pages"}],"about":[{"href":"https:\/\/adg.it\/es\/wp-json\/wp\/v2\/types\/page"}],"author":[{"embeddable":true,"href":"https:\/\/adg.it\/es\/wp-json\/wp\/v2\/users\/27"}],"replies":[{"embeddable":true,"href":"https:\/\/adg.it\/es\/wp-json\/wp\/v2\/comments?post=10063"}],"version-history":[{"count":3,"href":"https:\/\/adg.it\/es\/wp-json\/wp\/v2\/pages\/10063\/revisions"}],"predecessor-version":[{"id":26308,"href":"https:\/\/adg.it\/es\/wp-json\/wp\/v2\/pages\/10063\/revisions\/26308"}],"wp:attachment":[{"href":"https:\/\/adg.it\/es\/wp-json\/wp\/v2\/media?parent=10063"}],"curies":[{"name":"wp","href":"https:\/\/api.w.org\/{rel}","templated":true}]}}