{"id":10032,"date":"2015-07-08T12:49:08","date_gmt":"2015-07-08T12:49:08","guid":{"rendered":"http:\/\/wp.adg.it\/?page_id=10032"},"modified":"2020-01-28T09:57:04","modified_gmt":"2020-01-28T09:57:04","slug":"nuestros-links-favoritos","status":"publish","type":"page","link":"https:\/\/adg.it\/es\/nuestros-links-favoritos\/","title":{"rendered":"Nuestros links favoritos"},"content":{"rendered":"<p>[spb_column width=\u00bb1\/3&#8243; el_position=\u00bbfirst\u00bb] [spb_single_image image=\u00bb10038&#8243; image_size=\u00bbfull\u00bb frame=\u00bbnoframe\u00bb intro_animation=\u00bbnone\u00bb full_width=\u00bbno\u00bb lightbox=\u00bbno\u00bb link_target=\u00bb_self\u00bb width=\u00bb1\/1&#8243; el_position=\u00bbfirst last\u00bb] [spb_text_block pb_margin_bottom=\u00bbno\u00bb pb_border_bottom=\u00bbno\u00bb width=\u00bb1\/1&#8243; el_position=\u00bbfirst last\u00bb]\n<p>Esta p\u00e1gina contiene links \u00fatiles para su estancia en Italia y en la Accademia del Giglio. Puede explorar las p\u00e1ginas de Florencia y la Toscana, de los transportes, de la lengua italiana, del arte, y una recogida de los sitios web de algunos de nuestros estudiantes.<\/p>\n[\/spb_text_block] [\/spb_column] [spb_column width=\u00bb2\/3&#8243; el_position=\u00bblast\u00bb] [spb_accordion width=\u00bb1\/1&#8243; el_position=\u00bbfirst last\u00bb] [spb_accordion_tab title=\u00bbFlorencia y Toscana\u00bb accordion_id=\u00bb\u00bb icon=\u00bb\u00bb] [spb_text_block pb_margin_bottom=\u00bbno\u00bb pb_border_bottom=\u00bbno\u00bb width=\u00bb1\/1&#8243; el_position=\u00bbfirst last\u00bb]\n<p><a href=\"http:\/\/en.comune.fi.it\/\" target=\"_blank\" rel=\"noopener noreferrer\">Comune<\/a><br \/>\nEl sitio oficial de Florencia.<\/p>\n<p><a href=\"http:\/\/www.firenzeturismo.it\/\" target=\"_blank\" rel=\"noopener noreferrer\">APT<\/a> &#8211; Agencia para el turismo en Florencia<br \/>\nInformaci\u00f3n sobre eventos, museos, comer, dormir, estudiar, etc.<\/p>\n<p><a href=\"http:\/\/www.firenzemusei.it\/\" target=\"_blank\" rel=\"noopener noreferrer\">Firenze Musei<\/a><br \/>\nEl sitio web oficial de todos los museos de Florencia: descripci\u00f3n, horarios, precios&#8230;<\/p>\n<p><a href=\"http:\/\/www.weather.com\/weather\/tenday\/Florence+Italy+FLR:9\" target=\"_blank\" rel=\"noopener noreferrer\">Previsiones climatol\u00f3gicas<\/a><br \/>\nCondiciones climatol\u00f3gicas en Florencia.<\/p>\n<p><a href=\"http:\/\/www.unifi.it\/mdswitch.html\" target=\"_blank\" rel=\"noopener noreferrer\">Universidad<\/a><br \/>\nLa Universidad de Florencia.<\/p>\n<p><a href=\"http:\/\/www.fiorentina.it\/\" target=\"_blank\" rel=\"noopener noreferrer\">Fiorentina<\/a><br \/>\nEl equipo de f\u00f9tbol de Florencia.<\/p>\n[\/spb_text_block] [\/spb_accordion_tab] [spb_accordion_tab title=\u00bbQu\u00e9 hacer en Florencia\u00bb accordion_id=\u00bb\u00bb icon=\u00bb\u00bb] [spb_text_block title=\u00bbTours, visits and more\u00bb pb_margin_bottom=\u00bbno\u00bb pb_border_bottom=\u00bbno\u00bb width=\u00bb1\/1&#8243; el_position=\u00bbfirst last\u00bb]\n<p><a href=\"http:\/\/www.florenceforfun.org\/LENG\/Z2\/C15752-1\/hhcm-home.html\" target=\"_blank\" rel=\"noopener noreferrer\">Florence for Fun<\/a><br \/>\nDiversi\u00f3n, acontecimientos, exposiciones y mucho m\u00e0s&#8230;<\/p>\n<p><a href=\"http:\/\/www.boxol.it\/\" target=\"_blank\" rel=\"noopener noreferrer\">Boxol<\/a><br \/>\nInformaci\u00f3n y gu\u00edas sobre conciertos y espect\u00e1culos en Florencia e Italia.<\/p>\n<p><a href=\"http:\/\/www.mcarthurglen.com\/it\/barberino-designer-outlet\/it\/vieni-a-trovarci\/come-raggiungerci\/\" target=\"_blank\" rel=\"noopener noreferrer\">Barberino Designer Outlet<\/a><br \/>\nServicio de transporte diario hacia y desde el outlet.<\/p>\n[\/spb_text_block] [\/spb_accordion_tab] [spb_accordion_tab title=\u00bbTransporte en el area florentina y en Toscana\u00bb accordion_id=\u00bb\u00bb icon=\u00bb\u00bb] [spb_text_block pb_margin_bottom=\u00bbno\u00bb pb_border_bottom=\u00bbno\u00bb width=\u00bb1\/1&#8243; el_position=\u00bbfirst last\u00bb]\n<p><a href=\"http:\/\/www.aeroporto.firenze.it\/\" target=\"_blank\" rel=\"noopener noreferrer\">Aeropuerto de Florencia<\/a><br \/>\nSalidas y llegadas al Aeropuerto de Florencia \u00abAmerigo Vespucci\u00bb<\/p>\n<p><a href=\"http:\/\/www.aeroporto.firenze.it\/it\/passeggeri\/da-per-l-aeroporto\/bus.html\" target=\"_blank\" rel=\"noopener noreferrer\">Vola in bus<\/a><br \/>\nTransporte\u00a0hacia y desde el\u00a0aeropuerto de Florencia.<\/p>\n<p><a href=\"http:\/\/www.pisa-airport.com\/index.php?lang=_en\" target=\"_blank\" rel=\"noopener noreferrer\">Aeropuerto de Pisa<\/a><br \/>\nSalidas y llegadas al Aeropuerto de Pisa \u00abGalileo Galilei\u00bb.<\/p>\n<p><a href=\"http:\/\/www.terravision.eu\/italiano\/florence_pisa.html\" target=\"_blank\" rel=\"noopener noreferrer\">Terravision<\/a><br \/>\nTransporte\u00a0hacia y desde el\u00a0aeropuerto de Pisa.<\/p>\n<p><a href=\"http:\/\/www.ataf.net\/\" target=\"_blank\" rel=\"noopener noreferrer\">Ataf<\/a><br \/>\nCompa\u00f1\u00edas de servicios terrestres en Florencia<\/p>\n<p><a href=\"http:\/\/www.trenitalia.com\/\" target=\"_blank\" rel=\"noopener noreferrer\">Trenitalia<\/a><br \/>\nServicio ferroviario.<\/p>\n<p><a href=\"http:\/\/www.italotreno.it\/\" target=\"_blank\" rel=\"noopener noreferrer\">Italo treno<\/a><br \/>\nTrenes de alta velocidad hacia y desde Florencia, Mil\u00e1n, Roma, Venecia, Tur\u00edn&#8230;<\/p>\n[\/spb_text_block] [\/spb_accordion_tab] [spb_accordion_tab title=\u00bbD\u00f3nde dormir en Florencia\u00bb accordion_id=\u00bb\u00bb icon=\u00bb\u00bb] [spb_text_block title=\u00bbHotels, B\/B and Hostels\u00bb pb_margin_bottom=\u00bbno\u00bb pb_border_bottom=\u00bbno\u00bb width=\u00bb1\/1&#8243; el_position=\u00bbfirst last\u00bb]\n<p><a href=\"http:\/\/www.laresidenzafiorentina.it\/\" target=\"_blank\" rel=\"noopener noreferrer\">Residenza Fiorentina<\/a><br \/>\nVia de&#8217; Fossi 12 (Santa Maria Novella e l&#8217;Arno).<\/p>\n<p><a href=\"http:\/\/www.hotellorena.com\/\" target=\"_blank\" rel=\"noopener noreferrer\">Hotel Lorena<\/a><br \/>\nVia Faenza, 1 (San Lorenzo, Cappelle Medicee)<\/p>\n<p><a href=\"http:\/\/www.hotelliana.com\" target=\"_blank\" rel=\"noopener noreferrer\">Hotel Villa Liana<\/a><br \/>\nVia Alfieri, 18 (Piazza d&#8217;Azeglio, Santa Croce, sinagoga)<\/p>\n<p><a href=\"http:\/\/www.plushostels.com\/plusflorence\" target=\"_blank\" rel=\"noopener noreferrer\">Plus Florence<\/a><br \/>\nHostel de lujo en el centro, via Santa Caterina D\u2019Alessandria.<\/p>\n[\/spb_text_block] [\/spb_accordion_tab] [spb_accordion_tab title=\u00bbD\u00f3nde comer en Florencia\u00bb accordion_id=\u00bb\u00bb icon=\u00bb\u00bb] [spb_text_block pb_margin_bottom=\u00bbno\u00bb pb_border_bottom=\u00bbno\u00bb width=\u00bb1\/1&#8243; el_position=\u00bbfirst last\u00bb]\n<p>Il Gatto e la Volpe<br \/>\nPizzer\u00eda y trattoria en via Ghibellina 151r, a 20 metros de\u00a0la escuela: descuentos para nuestros estudiantes.<\/p>\n[\/spb_text_block] [\/spb_accordion_tab] [spb_accordion_tab title=\u00bbSobre el arte\u00bb accordion_id=\u00bb\u00bb icon=\u00bb\u00bb] [spb_text_block pb_margin_bottom=\u00bbno\u00bb pb_border_bottom=\u00bbno\u00bb width=\u00bb1\/1&#8243; el_position=\u00bbfirst last\u00bb]\n<p><a href=\"http:\/\/www.pitturaedintorni.it\/\" target=\"_blank\" rel=\"noopener noreferrer\">Pittura &amp; Dintorni<\/a><br \/>\nUn portal sobre el arte, las exhibiciones, las escuelas y los artistas en Florencia, en Italia y en el mundo.<\/p>\n<p><a href=\"http:\/\/www.zecchi.it\/\" target=\"_blank\" rel=\"noopener noreferrer\">Zecchi<\/a> y <a href=\"http:\/\/www.salvinibellearti.it\/\" target=\"_blank\" rel=\"noopener noreferrer\">Salvini<\/a><br \/>\nMaterial de arte. Descuentos para nuestros estudiantes.<\/p>\n[\/spb_text_block] [\/spb_accordion_tab] [spb_accordion_tab title=\u00bbSobre la lengua italiana\u00bb accordion_id=\u00bb\u00bb icon=\u00bb\u00bb] [spb_text_block pb_margin_bottom=\u00bbno\u00bb pb_border_bottom=\u00bbno\u00bb width=\u00bb1\/1&#8243; el_position=\u00bbfirst last\u00bb]\n<p><a href=\"http:\/\/www.adgblog.it\/\" target=\"_blank\" rel=\"noopener noreferrer\">Adgblog<\/a><br \/>\nEjercicios, actividades y canciones para mejorar el italiano.<\/p>\n<p><a href=\"http:\/\/www.accademiadellacrusca.it\/\" target=\"_blank\" rel=\"noopener noreferrer\">Accademia della Crusca<\/a><br \/>\nLa instituci\u00f3n de referencia para la lengua italiana.<\/p>\n<p><a href=\"http:\/\/dizionari.corriere.it\/\" target=\"_blank\" rel=\"noopener noreferrer\">Dizionari<\/a><br \/>\nVarios diccionarios de italiano con el fin de despejar las dudas e incertidumbres.<\/p>\n<p><a href=\"http:\/\/europa.eu\/\" target=\"_blank\" rel=\"noopener noreferrer\">Europe<\/a><br \/>\nEl sitio oficial de la Uni\u00f3n Europea.<\/p>\n[\/spb_text_block] [\/spb_accordion_tab] [spb_accordion_tab title=\u00bbSobre Italia\u00bb accordion_id=\u00bb\u00bb icon=\u00bb\u00bb] [spb_text_block pb_margin_bottom=\u00bbno\u00bb pb_border_bottom=\u00bbno\u00bb width=\u00bb1\/1&#8243; el_position=\u00bbfirst last\u00bb]\n<p><a href=\"http:\/\/www.italia.it\/\" target=\"_blank\" rel=\"noopener noreferrer\">Italia<\/a><br \/>\nEl sitio oficial de turismo en Italia.<\/p>\n<p><a href=\"http:\/\/www.ansa.it\/\" target=\"_blank\" rel=\"noopener noreferrer\">Ansa<\/a><br \/>\nAgencia period\u00edstica italiana ANSA.<\/p>\n<p><a href=\"http:\/\/www.esteri.it\/\" target=\"_blank\" rel=\"noopener noreferrer\">Esteri<\/a><br \/>\nEmbajadas Italianas.<\/p>\n<p><a href=\"http:\/\/www.rai.it\/\" target=\"_blank\" rel=\"noopener noreferrer\">Rai<\/a><br \/>\nRadio y tv.<\/p>\n[\/spb_text_block] [\/spb_accordion_tab] [spb_accordion_tab title=\u00bbLos sitios de nuestros estudiantes y amigos\u00bb accordion_id=\u00bb\u00bb icon=\u00bb\u00bb] [spb_text_block pb_margin_bottom=\u00bbno\u00bb pb_border_bottom=\u00bbno\u00bb width=\u00bb1\/1&#8243; el_position=\u00bbfirst last\u00bb]\n<p><a href=\"http:\/\/bsledge.com\/\" target=\"_blank\" rel=\"noopener noreferrer\">Bruce Sledge<\/a><br \/>\nCantante de \u00f3pera.<\/p>\n<p><a href=\"http:\/\/www.flickr.com\/people\/yasy\/\" target=\"_blank\" rel=\"noopener noreferrer\">Yas Yamamoto<\/a><br \/>\nYas Yamamoto, fot\u00f3grafo.<\/p>\n<p><a href=\"http:\/\/www.anna-mantel.de\/\" target=\"_blank\" rel=\"noopener noreferrer\">Anna Mantel<\/a><br \/>\nInt\u00e9rprete y traductora.<\/p>\n<p><a href=\"http:\/\/www.giniski.com\/\" target=\"_blank\" rel=\"noopener noreferrer\">Giniski<\/a><br \/>\nLos mejores creadores de instrumentos de cuerda en Florencia: guitarras y bajos el\u00e9ctricos.<\/p>\n<p><a href=\"http:\/\/amediavoz.com\/clariond.htm\" target=\"_blank\" rel=\"noopener noreferrer\">Jeannette L. Clariond<\/a><br \/>\nPoeta mexicana y traductora.<br \/>\n<a href=\"http:\/\/www.carretoni.com\/index.html\" target=\"_blank\" rel=\"noopener noreferrer\"><br \/>\nAndr\u00e9 Bustamante Carretoni<\/a><br \/>\nEscritor brasile\u00f1o.<\/p>\n<p><a href=\"http:\/\/www.manologonzalezescultor.com\/\" target=\"_blank\" rel=\"noopener noreferrer\">Manolo Gonzalez<\/a><br \/>\nEscultor en Gran Canaria.<\/p>\n<p><a href=\"http:\/\/www.lucyinteriordesign.com\/\" target=\"_blank\" rel=\"noopener noreferrer\">Lucy Penfield<\/a><br \/>\nInterior designer en Minneapolis.<\/p>\n<p><a href=\"http:\/\/www.annafoley.com\/\" target=\"_blank\" rel=\"noopener noreferrer\">Anna Foley<\/a><br \/>\nArtista australiana.<\/p>\n[\/spb_text_block] [\/spb_accordion_tab] [\/spb_accordion] [\/spb_column]<\/p>\n","protected":false},"excerpt":{"rendered":"<p>[spb_column width=\u00bb1\/3&#8243; el_position=\u00bbfirst\u00bb] [spb_single_image image=\u00bb10038&#8243; image_size=\u00bbfull\u00bb frame=\u00bbnoframe\u00bb intro_animation=\u00bbnone\u00bb full_width=\u00bbno\u00bb lightbox=\u00bbno\u00bb link_target=\u00bb_self\u00bb width=\u00bb1\/1&#8243; el_position=\u00bbfirst last\u00bb] [spb_text_block pb_margin_bottom=\u00bbno\u00bb pb_border_bottom=\u00bbno\u00bb width=\u00bb1\/1&#8243; el_position=\u00bbfirst last\u00bb] Esta p\u00e1gina contiene links \u00fatiles para su estancia en Italia y en la Accademia del Giglio. Puede explorar las p\u00e1ginas de Florencia y la Toscana, de los transportes, de la lengua italiana, del arte, y una recogida de los sitios [&hellip;]<\/p>\n","protected":false},"author":27,"featured_media":0,"parent":0,"menu_order":0,"comment_status":"closed","ping_status":"open","template":"","meta":{"_joinchat":[],"footnotes":""},"class_list":["post-10032","page","type-page","status-publish","hentry"],"aioseo_notices":[],"_links":{"self":[{"href":"https:\/\/adg.it\/es\/wp-json\/wp\/v2\/pages\/10032","targetHints":{"allow":["GET"]}}],"collection":[{"href":"https:\/\/adg.it\/es\/wp-json\/wp\/v2\/pages"}],"about":[{"href":"https:\/\/adg.it\/es\/wp-json\/wp\/v2\/types\/page"}],"author":[{"embeddable":true,"href":"https:\/\/adg.it\/es\/wp-json\/wp\/v2\/users\/27"}],"replies":[{"embeddable":true,"href":"https:\/\/adg.it\/es\/wp-json\/wp\/v2\/comments?post=10032"}],"version-history":[{"count":0,"href":"https:\/\/adg.it\/es\/wp-json\/wp\/v2\/pages\/10032\/revisions"}],"wp:attachment":[{"href":"https:\/\/adg.it\/es\/wp-json\/wp\/v2\/media?parent=10032"}],"curies":[{"name":"wp","href":"https:\/\/api.w.org\/{rel}","templated":true}]}}