{"id":10026,"date":"2015-07-08T10:31:21","date_gmt":"2015-07-08T10:31:21","guid":{"rendered":"http:\/\/wp.adg.it\/?page_id=10026"},"modified":"2025-08-12T09:30:06","modified_gmt":"2025-08-12T09:30:06","slug":"modo-de-inscripcion","status":"publish","type":"page","link":"https:\/\/adg.it\/es\/modo-de-inscripcion\/","title":{"rendered":"Modo de inscripci\u00f3n"},"content":{"rendered":"<p>[spb_column width=\u00bb2\/3&#8243; el_position=\u00bbfirst\u00bb] [impact_text include_button=\u00bbyes\u00bb button_style=\u00bbstandard\u00bb title=\u00bbADG shop\u00bb href=\u00bbhttps:\/\/adg.it\/en\/shop\/\u00bb color=\u00bbaccent\u00bb target=\u00bb_self\u00bb position=\u00bbcta_align_right\u00bb alt_background=\u00bbnone\u00bb width=\u00bb1\/1&#8243; el_position=\u00bbfirst last\u00bb]\n<p>Puedes inscribirte en nuestros cursos a trav\u00e9s de nuestra tienda online.<\/p>\n[\/impact_text] [spb_text_block pb_margin_bottom=\u00bbno\u00bb pb_border_bottom=\u00bbno\u00bb width=\u00bb1\/1&#8243; el_position=\u00bbfirst last\u00bb]\n<p>Si desea inscribirse en uno de nuestros cursos de larga duraci\u00f3n (<strong>13 semanas o m\u00e1s<\/strong>), p\u00f3ngase en <strong><a href=\"https:\/\/adg.it\/es\/contactos\/\">contacto<\/a><\/strong> con nosotros.<\/p>\n<p>Para\u00a0inscripci\u00f3nes \u00ablast-minute\u00bb, por favor contacatar la\u00a0\u00a0secretar\u00eda de la escuela: <strong>adg.assistance@gmail.com<\/strong><\/p>\n[\/spb_text_block] [spb_message color=\u00bbalert-block\u00bb width=\u00bb1\/1&#8243; el_position=\u00bbfirst last\u00bb]\n<p>&nbsp;<\/p>\n<p>Si usted no recibe una respuesta en las pr\u00f3ximas 24 horas, favor de ponerse en contacto con nosotros por correo electr\u00f3nico a adg.assistance@gmail.com<\/p>\n<p>&nbsp;<\/p>\n[\/spb_message] [spb_text_block title=\u00bbPago\u00bb pb_margin_bottom=\u00bbno\u00bb pb_border_bottom=\u00bbno\u00bb width=\u00bb1\/1&#8243; el_position=\u00bbfirst last\u00bb]\n<p>El pago de la cuota escolar puede ser efectuado de las siguientes maneras:<\/p>\n<p><strong>Giro bancario<\/strong> dirigido:<\/p>\n<p>Accademia del Giglio<br \/>\nc\/o UniCredit<br \/>\nFiliale Firenze Vecchietti<br \/>\nVia dei Vecchietti 11 &#8211; 50123 Firenze, ITALY<br \/>\nABI 02008 CAB 02837<br \/>\nN\u00famero de cuenta: 2819790<br \/>\nSwift Code: UNCRITM1F86<br \/>\nCodigo IBAN:\u00a0IT 39 U 02008 02837 000002819790<\/p>\n<p><strong>PayPal<\/strong> (please click on the image and follow the link):<\/p>\n<p><a href=\"https:\/\/www.paypal.com\/cgi-bin\/webscr?cmd=_s-xclick&amp;hosted_button_id=FFXDQNE9ZG2TQ\"><img decoding=\"async\" src=\"https:\/\/www.paypal.com\/es_ES\/ES\/i\/btn\/btn_buynowCC_LG.gif\" alt=\"Buy Now Button\" \/><\/a><\/p>\n<p><strong>Efectivo<\/strong>: directamente a la escuela.<\/p>\n[\/spb_text_block] [spb_message color=\u00bbalert-info\u00bb width=\u00bb1\/1&#8243; el_position=\u00bbfirst last\u00bb]\n<p>El saldo del curso se cubrir\u00e1 el primer d\u00eda del curso<\/p>\n[\/spb_message] [impact_text include_button=\u00bbyes\u00bb button_style=\u00bbarrow\u00bb title=\u00bbText on the button\u00bb href=\u00bbhttp:\/\/adg.it\/es\/reglamento\u00bb color=\u00bbaccent\u00bb target=\u00bb_self\u00bb position=\u00bbcta_align_right\u00bb alt_background=\u00bbnone\u00bb width=\u00bb1\/1&#8243; el_position=\u00bbfirst last\u00bb]\n<p>Reglamento<\/p>\n[\/impact_text] [\/spb_column] [spb_column width=\u00bb1\/3&#8243; el_position=\u00bblast\u00bb] [spb_single_image image=\u00bb9303&#8243; image_size=\u00bbfull\u00bb frame=\u00bbshadowframe\u00bb intro_animation=\u00bbnone\u00bb full_width=\u00bbno\u00bb lightbox=\u00bbno\u00bb link_target=\u00bb_self\u00bb width=\u00bb1\/1&#8243; el_position=\u00bbfirst last\u00bb] [blank_spacer height=\u00bb30px\u00bb width=\u00bb1\/1&#8243; el_position=\u00bbfirst last\u00bb] [spb_text_block title=\u00bbCont\u00e1ctanos\u00bb pb_margin_bottom=\u00bbno\u00bb pb_border_bottom=\u00bbno\u00bb width=\u00bb1\/1&#8243; el_position=\u00bbfirst last\u00bb]\n<div class=\"wpforms-container wpforms-container-full\" id=\"wpforms-18575\"><form id=\"wpforms-form-18575\" class=\"wpforms-validate wpforms-form wpforms-ajax-form\" data-formid=\"18575\" method=\"post\" enctype=\"multipart\/form-data\" action=\"\/es\/wp-json\/wp\/v2\/pages\/10026\" data-token=\"3f3ff71d0b6b1bd44722f799fdef814e\" data-token-time=\"1776211023\"><noscript class=\"wpforms-error-noscript\">Por favor, activa JavaScript en tu navegador para completar este formulario.<\/noscript><div class=\"wpforms-field-container\"><div id=\"wpforms-18575-field_6-container\" class=\"wpforms-field wpforms-field-name\" data-field-id=\"6\"><label class=\"wpforms-field-label\">Nombre <span class=\"wpforms-required-label\">*<\/span><\/label><div class=\"wpforms-field-row wpforms-field-large\"><div class=\"wpforms-field-row-block wpforms-first wpforms-one-half\"><input type=\"text\" id=\"wpforms-18575-field_6\" class=\"wpforms-field-name-first wpforms-field-required\" name=\"wpforms[fields][6][first]\" placeholder=\"Tu nombre\" required><label for=\"wpforms-18575-field_6\" class=\"wpforms-field-sublabel after\">First<\/label><\/div><div class=\"wpforms-field-row-block wpforms-one-half\"><input type=\"text\" id=\"wpforms-18575-field_6-last\" class=\"wpforms-field-name-last wpforms-field-required\" name=\"wpforms[fields][6][last]\" placeholder=\"Tu apellido\" required><label for=\"wpforms-18575-field_6-last\" class=\"wpforms-field-sublabel after\">Last<\/label><\/div><\/div><\/div><div id=\"wpforms-18575-field_1-container\" class=\"wpforms-field wpforms-field-email\" data-field-id=\"1\"><label class=\"wpforms-field-label\" for=\"wpforms-18575-field_1\">Correo electr\u00f3nico <span class=\"wpforms-required-label\">*<\/span><\/label><input type=\"email\" id=\"wpforms-18575-field_1\" class=\"wpforms-field-large wpforms-field-required\" name=\"wpforms[fields][1]\" placeholder=\"Tu correo electr\u00f3nico\" spellcheck=\"false\" required><\/div><div id=\"wpforms-18575-field_2-container\" class=\"wpforms-field wpforms-field-textarea\" data-field-id=\"2\"><label class=\"wpforms-field-label\" for=\"wpforms-18575-field_2\">Mensaje <span class=\"wpforms-required-label\">*<\/span><\/label><textarea id=\"wpforms-18575-field_2\" class=\"wpforms-field-medium wpforms-field-required\" name=\"wpforms[fields][2]\" placeholder=\"Escribe aqu\u00ed tu mensaje\" required><\/textarea><\/div><\/div><!-- .wpforms-field-container --><div class=\"wpforms-field wpforms-field-hp\"><label for=\"wpforms-18575-field-hp\" class=\"wpforms-field-label\">Message<\/label><input type=\"text\" name=\"wpforms[hp]\" id=\"wpforms-18575-field-hp\" class=\"wpforms-field-medium\"><\/div><div class=\"wpforms-submit-container\" ><input type=\"hidden\" name=\"wpforms[id]\" value=\"18575\"><input type=\"hidden\" name=\"page_title\" value=\"\"><input type=\"hidden\" name=\"page_url\" value=\"https:\/\/adg.it\/es\/wp-json\/wp\/v2\/pages\/10026\"><input type=\"hidden\" name=\"url_referer\" value=\"\"><button type=\"submit\" name=\"wpforms[submit]\" id=\"wpforms-submit-18575\" class=\"wpforms-submit\" data-alt-text=\"Enviando...\" data-submit-text=\"Enviar\" aria-live=\"assertive\" value=\"wpforms-submit\">Enviar<\/button><img loading=\"lazy\" decoding=\"async\" src=\"https:\/\/adg.it\/wp-content\/plugins\/wpforms\/assets\/images\/submit-spin.svg\" class=\"wpforms-submit-spinner\" style=\"display: none;\" width=\"26\" height=\"26\" alt=\"Cargando\"><\/div><\/form><\/div>  <!-- .wpforms-container -->\n[\/spb_text_block] [\/spb_column]<\/p>\n","protected":false},"excerpt":{"rendered":"<p>[spb_column width=\u00bb2\/3&#8243; el_position=\u00bbfirst\u00bb] [impact_text include_button=\u00bbyes\u00bb button_style=\u00bbstandard\u00bb title=\u00bbADG shop\u00bb href=\u00bbhttps:\/\/adg.it\/en\/shop\/\u00bb color=\u00bbaccent\u00bb target=\u00bb_self\u00bb position=\u00bbcta_align_right\u00bb alt_background=\u00bbnone\u00bb width=\u00bb1\/1&#8243; el_position=\u00bbfirst last\u00bb] Puedes inscribirte en nuestros cursos a trav\u00e9s de nuestra tienda online. [\/impact_text] [spb_text_block pb_margin_bottom=\u00bbno\u00bb pb_border_bottom=\u00bbno\u00bb width=\u00bb1\/1&#8243; el_position=\u00bbfirst last\u00bb] Si desea inscribirse en uno de nuestros cursos de larga duraci\u00f3n (13 semanas o m\u00e1s), p\u00f3ngase en contacto con nosotros. Para\u00a0inscripci\u00f3nes \u00ablast-minute\u00bb, por favor contacatar la\u00a0\u00a0secretar\u00eda [&hellip;]<\/p>\n","protected":false},"author":27,"featured_media":0,"parent":0,"menu_order":0,"comment_status":"closed","ping_status":"closed","template":"","meta":{"_joinchat":[],"footnotes":""},"class_list":["post-10026","page","type-page","status-publish","hentry"],"aioseo_notices":[],"_links":{"self":[{"href":"https:\/\/adg.it\/es\/wp-json\/wp\/v2\/pages\/10026","targetHints":{"allow":["GET"]}}],"collection":[{"href":"https:\/\/adg.it\/es\/wp-json\/wp\/v2\/pages"}],"about":[{"href":"https:\/\/adg.it\/es\/wp-json\/wp\/v2\/types\/page"}],"author":[{"embeddable":true,"href":"https:\/\/adg.it\/es\/wp-json\/wp\/v2\/users\/27"}],"replies":[{"embeddable":true,"href":"https:\/\/adg.it\/es\/wp-json\/wp\/v2\/comments?post=10026"}],"version-history":[{"count":3,"href":"https:\/\/adg.it\/es\/wp-json\/wp\/v2\/pages\/10026\/revisions"}],"predecessor-version":[{"id":26986,"href":"https:\/\/adg.it\/es\/wp-json\/wp\/v2\/pages\/10026\/revisions\/26986"}],"wp:attachment":[{"href":"https:\/\/adg.it\/es\/wp-json\/wp\/v2\/media?parent=10026"}],"curies":[{"name":"wp","href":"https:\/\/api.w.org\/{rel}","templated":true}]}}