{"id":10006,"date":"2015-07-08T09:02:08","date_gmt":"2015-07-08T09:02:08","guid":{"rendered":"http:\/\/wp.adg.it\/?page_id=10006"},"modified":"2018-07-25T11:46:22","modified_gmt":"2018-07-25T11:46:22","slug":"servicios","status":"publish","type":"page","link":"https:\/\/adg.it\/es\/servicios\/","title":{"rendered":"Servicios"},"content":{"rendered":"<p>[spb_column width=\u00bb1\/2&#8243; el_position=\u00bbfirst\u00bb] [spb_text_block pb_margin_bottom=\u00bbno\u00bb pb_border_bottom=\u00bbno\u00bb width=\u00bb1\/1&#8243; el_position=\u00bbfirst last\u00bb]\n<p>El staff de la Accademia del Giglio brinda <strong>gratuitamente<\/strong> a sus estudiantes informaci\u00f3n necesaria sobre:<\/p>\n<p>&#8211; asistencia sanitaria, d\u00f3nde y c\u00f3mo curarse en caso de enfermedad, a qui\u00e9n dirigirse con confianza y sin preocupaci\u00f3n;<\/p>\n<p>&#8211;\u00a0transporte\u00a0p\u00fablico, el abono para el autob\u00fas, horarios de los trenes y de los aviones, las ofertas especiales para viajar en Italia y en Europa;<\/p>\n<p>&#8211; los derechos que tienen en los conflictos con los propietarios de la casa alojadora;<\/p>\n<p>&#8211; los eventos culturales, los museos en Florencia y en la Toscana;<\/p>\n<p>&#8211; las inscripciones a cursos de las facultades universitarias, de la Academia de las Bellas Artes, as\u00ed como de las escuelas regionales y de provincia.<\/p>\n[\/spb_text_block] [\/spb_column] [spb_column width=\u00bb1\/2&#8243; el_position=\u00bblast\u00bb] [boxed_content type=\u00bbcoloured\u00bb pb_margin_bottom=\u00bbno\u00bb width=\u00bb1\/1&#8243; el_position=\u00bbfirst last\u00bb]\n<p>Servicios<\/p>\n[\/boxed_content] [spb_accordion width=\u00bb1\/1&#8243; el_position=\u00bbfirst last\u00bb] [spb_accordion_tab title=\u00bbVisa y permiso de estancia\u00bb accordion_id=\u00bb\u00bb icon=\u00bb\u00bb] [spb_text_block pb_margin_bottom=\u00bbno\u00bb pb_border_bottom=\u00bbno\u00bb width=\u00bb1\/1&#8243; el_position=\u00bbfirst last\u00bb]\n<div class=\"sf-icon-cont cont-small sf-icon-float-left sf-icon-standard\"><i class=\"ss-globe sf-icon sf-icon-small\"><\/i><\/div>La Accademia del Giglio estar\u00e1 encantada de ayudar y aconsejar a todos los estudiantes que necesiten solicitar una <strong>visa<\/strong> antes de llegar a Italia as\u00ed como a su llegada para obtener o prorrogar <strong>un permiso de estancia por motivos de estudio<\/strong>.<\/p>\n<p>Nota<\/p>\n<p>&#8211; Si eres ciudadano de la Uni\u00f3n Europea o de un pa\u00eds asociado a la UE no necesitas visa.<\/p>\n<p>&#8211; Si eres un ciudadano extranjero y tu pa\u00eds no pertenece a la Uni\u00f3n Europea debes contactar a la Embajada o Consulado Italiano en tu pa\u00eds y hacer la solicitud de visa de ingreso como estudiante. Normalmente para obtener la visa te pedir\u00e1n presentar un certificado de inscripci\u00f3n para poder testificar tu asistencia. Te recordamos que no podemos enviarte tal certificado sin recibir el formulario de inscripci\u00f3n. Te pedimos que la visa te sea otorgada antes de dejar tu pa\u00eds para evitar contratiempos. Si tienes problemas para obtener la visa te recomendamos que nos lo comuniques POR LO MENOS 8 d\u00edas antes de iniciar el curso. Si no nos haces saber que deber\u00e1s postergar tu curso por motivos de visado, se anular\u00e1 tu curso sin posibilidad de reembolso.<\/p>\n<p>Para obtener m\u00e1s informaci\u00f3n, visite la p\u00e1gina <a href=\"http:\/\/adg.it\/es\/faq-frequently-asked-questions\">FAQ<\/a><\/p>\n[\/spb_text_block] [\/spb_accordion_tab] [spb_accordion_tab title=\u00bbPick up &#8211; Transfers\u00bb accordion_id=\u00bb\u00bb icon=\u00bb\u00bb] [spb_text_block pb_margin_bottom=\u00bbno\u00bb pb_border_bottom=\u00bbno\u00bb width=\u00bb1\/1&#8243; el_position=\u00bbfirst last\u00bb]\n<div class=\"sf-icon-cont cont-small sf-icon-float-left sf-icon-standard\"><i class=\"fa-taxi sf-icon sf-icon-small\"><\/i><\/div>Un miembro del staff de la Accademia del Giglio ser\u00e1 asignado para recoger al estudiante a su llegada, a la estaci\u00f3n de tren o al aeropuerto, para acompa\u00f1arlo a la residencia de su estancia florentina. Dicho servicio, que debe ser pedido al momento de llenar la solicitud de inscripci\u00f3n, est\u00e1 disponible <strong>de las 6:00 a las 24:00 horas<\/strong> y tiene un costo de <strong>50,00 \u20ac<\/strong> de la estaci\u00f3n o aeropuerto de Florencia y de <strong>130,00 \u20ac<\/strong> del aeropuerto de Pisa.<\/p>\n[\/spb_text_block] [\/spb_accordion_tab] [spb_accordion_tab title=\u00bbGiovanissimo &#8211; Teenagers\u00bb accordion_id=\u00bb\u00bb icon=\u00bb\u00bb] [spb_text_block pb_margin_bottom=\u00bbno\u00bb pb_border_bottom=\u00bbno\u00bb width=\u00bb1\/1&#8243; el_position=\u00bbfirst last\u00bb]\n<div class=\"sf-icon-cont cont-small sf-icon-float-left sf-icon-standard\"><i class=\"fa-child sf-icon sf-icon-small\"><\/i><\/div>El servicio \u201cGiovanissimo\u201d se ha hecho pensando en los estudiantes <strong>de 13 a 17 a\u00f1os<\/strong>, que necesitan ser seguidos y acompa\u00f1ados despu\u00e9s de las horas de lecci\u00f3n y durante los fines de semana. Un <strong>tutor<\/strong> ayudar\u00e1 al estudiante en sus tareas, controlar\u00e1 peri\u00f3dicamente su progreso acad\u00e9mico en el idioma o de las otras materias, estar\u00e1 siempre en contacto con la familia alojadora y con su maestro. Al estudiante se le dar\u00e1 el n\u00famero de tel\u00e9fono del tutor, para que pueda contactarlo <strong>en caso de urgencia o extrema necesidad<\/strong>. Costo: <strong>150,00 \u20ac semanales<\/strong>.<\/p>\n[\/spb_text_block] [\/spb_accordion_tab] [spb_accordion_tab title=\u00bbWi-Fi\u00bb accordion_id=\u00bb\u00bb icon=\u00bb\u00bb] [spb_text_block pb_margin_bottom=\u00bbno\u00bb pb_border_bottom=\u00bbno\u00bb width=\u00bb1\/1&#8243; el_position=\u00bbfirst last\u00bb]\n<div class=\"sf-icon-cont cont-small sf-icon-float-left sf-icon-standard\"><i class=\"fa-wifi sf-icon sf-icon-small\"><\/i><\/div>Los estudiantes de la Accademia del Giglio tienen la oportunidad de aprovechar nuestra <strong>ADSL Wi-Fi, gratis!<\/strong> y pueden obtener un servicio de e-mail y de navegaci\u00f3n en Internet a precios convenientes en centros especializados.<\/p>\n<p>La mayor parte de estos centros ofrecen tambi\u00e9n los siguientes servicios: fax, scanner, impresi\u00f3n, renta de celulares, masterizaci\u00f3n de CD y renta de lap tops.<\/p>\n[\/spb_text_block] [\/spb_accordion_tab] [\/spb_accordion] [\/spb_column]<\/p>\n","protected":false},"excerpt":{"rendered":"<p>[spb_column width=\u00bb1\/2&#8243; el_position=\u00bbfirst\u00bb] [spb_text_block pb_margin_bottom=\u00bbno\u00bb pb_border_bottom=\u00bbno\u00bb width=\u00bb1\/1&#8243; el_position=\u00bbfirst last\u00bb] El staff de la Accademia del Giglio brinda gratuitamente a sus estudiantes informaci\u00f3n necesaria sobre: &#8211; asistencia sanitaria, d\u00f3nde y c\u00f3mo curarse en caso de enfermedad, a qui\u00e9n dirigirse con confianza y sin preocupaci\u00f3n; &#8211;\u00a0transporte\u00a0p\u00fablico, el abono para el autob\u00fas, horarios de los trenes y de los aviones, las ofertas especiales [&hellip;]<\/p>\n","protected":false},"author":27,"featured_media":0,"parent":0,"menu_order":0,"comment_status":"closed","ping_status":"open","template":"","meta":{"_joinchat":[],"footnotes":""},"class_list":["post-10006","page","type-page","status-publish","hentry"],"aioseo_notices":[],"_links":{"self":[{"href":"https:\/\/adg.it\/es\/wp-json\/wp\/v2\/pages\/10006","targetHints":{"allow":["GET"]}}],"collection":[{"href":"https:\/\/adg.it\/es\/wp-json\/wp\/v2\/pages"}],"about":[{"href":"https:\/\/adg.it\/es\/wp-json\/wp\/v2\/types\/page"}],"author":[{"embeddable":true,"href":"https:\/\/adg.it\/es\/wp-json\/wp\/v2\/users\/27"}],"replies":[{"embeddable":true,"href":"https:\/\/adg.it\/es\/wp-json\/wp\/v2\/comments?post=10006"}],"version-history":[{"count":0,"href":"https:\/\/adg.it\/es\/wp-json\/wp\/v2\/pages\/10006\/revisions"}],"wp:attachment":[{"href":"https:\/\/adg.it\/es\/wp-json\/wp\/v2\/media?parent=10006"}],"curies":[{"name":"wp","href":"https:\/\/api.w.org\/{rel}","templated":true}]}}