{"id":9551,"date":"2015-03-17T10:59:44","date_gmt":"2015-03-17T10:59:44","guid":{"rendered":"http:\/\/wp.adg.it\/students-services-2-2"},"modified":"2025-01-30T13:10:55","modified_gmt":"2025-01-30T13:10:55","slug":"sonderangebote","status":"publish","type":"page","link":"https:\/\/adg.it\/de\/sonderangebote\/","title":{"rendered":"Spezialangebot"},"content":{"rendered":"<p>[spb_column width=&#8220;2\/3&#8243; el_position=&#8220;first&#8220;] [spb_text_block title=&#8220;Kunstwerkst\u00e4tten&#8220; pb_margin_bottom=&#8220;no&#8220; pb_border_bottom=&#8220;no&#8220; width=&#8220;1\/1&#8243; el_position=&#8220;first last&#8220;]\n<p>Studierende, die sich in zwei oder mehr <a href=\"https:\/\/adg.it\/de\/kunstwerkstaetten\/\">Kunstwerkst\u00e4tten<\/a> einschreiben, erhalten <strong>Erm\u00e4\u00dfigungen<\/strong> auf die Kursgeb\u00fchren:<\/p>\n<p>1 Woche, 30 Stunden, 750 Euro<br \/>\n2 Wochen, 60 Stunden, <strong>1350 Euro<\/strong> (150 Euro sparen)<\/p>\n[\/spb_text_block] [spb_text_block title=&#8220;Mehr Rabatte und Erm\u00e4\u00dfigungen&#8220; pb_margin_bottom=&#8220;no&#8220; pb_border_bottom=&#8220;no&#8220; width=&#8220;1\/1&#8243; el_position=&#8220;first last&#8220;]\n<p>&#8211; F\u00fcr Gruppen von vier oder mehr Sch\u00fclern wenden Sie sich bitte <a href=\"https:\/\/adg.it\/de\/kontakt\/\">an die Schule<\/a> f\u00fcr spezielle Angebote.<\/p>\n[\/spb_text_block] [spb_accordion width=&#8220;1\/1&#8243; el_position=&#8220;first last&#8220;] [spb_accordion_tab title=&#8220;Stipendien&#8220; accordion_id=&#8220;&#8220; icon=&#8220;&#8220;] [spb_text_block pb_margin_bottom=&#8220;yes&#8220; pb_border_bottom=&#8220;yes&#8220; width=&#8220;1\/1&#8243; el_position=&#8220;first last&#8220;]\n<p>Erkundigen Sie sich bei\u00a0Ihrem n\u00e4chsten <a href=\"http:\/\/www.esteri.it\/MAE\/EN\/Ministero\/LaReteDiplomatica\/Istituti_Cultura\/default.htm?LANG=EN\" target=\"_blank\" rel=\"noopener noreferrer\">italienischen Kulturinstitut.<\/a><\/p>\n[\/spb_text_block] [\/spb_accordion_tab] [spb_accordion_tab title=&#8220;Bitte beachten Sie, dass&#8220; accordion_id=&#8220;&#8220; icon=&#8220;&#8220;] [spb_text_block pb_margin_bottom=&#8220;no&#8220; pb_border_bottom=&#8220;no&#8220; width=&#8220;1\/1&#8243; el_position=&#8220;first last&#8220;]\n<p>Rabatte, Erm\u00e4\u00dfigungen und\u00a0Sonderangebote k\u00f6nnen nicht mit anderen laufenden Angeboten\/Aktionen kombiniert werden.<\/p>\n[\/spb_text_block] [\/spb_accordion_tab] [\/spb_accordion] [\/spb_column] [spb_column width=&#8220;1\/3&#8243; el_position=&#8220;last&#8220;] [spb_single_image image=&#8220;19509&#8243; image_size=&#8220;full&#8220; frame=&#8220;glowframe&#8220; intro_animation=&#8220;none&#8220; full_width=&#8220;no&#8220; lightbox=&#8220;no&#8220; link_target=&#8220;_self&#8220; width=&#8220;1\/1&#8243; el_position=&#8220;first last&#8220;] [\/spb_column]<\/p>\n","protected":false},"excerpt":{"rendered":"<p>[spb_column width=&#8220;2\/3&#8243; el_position=&#8220;first&#8220;] [spb_text_block title=&#8220;Kunstwerkst\u00e4tten&#8220; pb_margin_bottom=&#8220;no&#8220; pb_border_bottom=&#8220;no&#8220; width=&#8220;1\/1&#8243; el_position=&#8220;first last&#8220;] Studierende, die sich in zwei oder mehr Kunstwerkst\u00e4tten einschreiben, erhalten Erm\u00e4\u00dfigungen auf die Kursgeb\u00fchren: 1 Woche, 30 Stunden, 750 Euro 2 Wochen, 60 Stunden, 1350 Euro (150 Euro sparen) [\/spb_text_block] [spb_text_block title=&#8220;Mehr Rabatte und Erm\u00e4\u00dfigungen&#8220; pb_margin_bottom=&#8220;no&#8220; pb_border_bottom=&#8220;no&#8220; width=&#8220;1\/1&#8243; el_position=&#8220;first last&#8220;] &#8211; F\u00fcr Gruppen von vier oder mehr Sch\u00fclern wenden Sie [&hellip;]<\/p>\n","protected":false},"author":27,"featured_media":0,"parent":0,"menu_order":0,"comment_status":"closed","ping_status":"closed","template":"","meta":{"_joinchat":[],"footnotes":""},"class_list":["post-9551","page","type-page","status-publish","hentry"],"aioseo_notices":[],"_links":{"self":[{"href":"https:\/\/adg.it\/de\/wp-json\/wp\/v2\/pages\/9551","targetHints":{"allow":["GET"]}}],"collection":[{"href":"https:\/\/adg.it\/de\/wp-json\/wp\/v2\/pages"}],"about":[{"href":"https:\/\/adg.it\/de\/wp-json\/wp\/v2\/types\/page"}],"author":[{"embeddable":true,"href":"https:\/\/adg.it\/de\/wp-json\/wp\/v2\/users\/27"}],"replies":[{"embeddable":true,"href":"https:\/\/adg.it\/de\/wp-json\/wp\/v2\/comments?post=9551"}],"version-history":[{"count":1,"href":"https:\/\/adg.it\/de\/wp-json\/wp\/v2\/pages\/9551\/revisions"}],"predecessor-version":[{"id":26174,"href":"https:\/\/adg.it\/de\/wp-json\/wp\/v2\/pages\/9551\/revisions\/26174"}],"wp:attachment":[{"href":"https:\/\/adg.it\/de\/wp-json\/wp\/v2\/media?parent=9551"}],"curies":[{"name":"wp","href":"https:\/\/api.w.org\/{rel}","templated":true}]}}