{"id":9528,"date":"2015-06-22T09:09:34","date_gmt":"2015-06-22T09:09:34","guid":{"rendered":"http:\/\/wp.adg.it\/testimonials-2"},"modified":"2015-10-21T10:29:26","modified_gmt":"2015-10-21T10:29:26","slug":"testimonials","status":"publish","type":"page","link":"https:\/\/adg.it\/de\/testimonials\/","title":{"rendered":"Testimonials"},"content":{"rendered":"<p>[spb_column width=&#8220;1\/3&#8243; el_position=&#8220;first&#8220;] [spb_text_block pb_margin_bottom=&#8220;no&#8220; pb_border_bottom=&#8220;no&#8220; width=&#8220;1\/1&#8243; el_position=&#8220;first last&#8220;]\n<p><span style=\"line-height: 1.5;\"><span id=\"result_box\" class=\"\" lang=\"de\"><span class=\"hps\">Das sind<\/span> <span class=\"hps\">einige der<\/span> <span class=\"hps\">Briefe und<\/span> <span class=\"hps\">E-Mails,<\/span> <span class=\"hps\">die wir von unseren<\/span> <span class=\"hps\">ehemaligen Studenten<\/span> <span class=\"hps\">erhalten<\/span>.<\/p>\n<p><span class=\"hps\">Sie k\u00f6nnen mehr<\/span> <span class=\"hps\">Zeugnisse<\/span> <span class=\"hps\">zu finden<\/span> <span class=\"hps\">und vielleicht<\/span> <span class=\"hps\">Kontakt mit ihnen<\/span>, <span class=\"hps\">auf unserer<\/span><\/span>\u00a0<\/span><a style=\"line-height: 1.5;\" href=\"https:\/\/www.facebook.com\/AccademiaGiglio\" target=\"_blank\">Facebook<\/a><span style=\"line-height: 1.5;\">.<\/span><\/p>\n[\/spb_text_block] [spb_single_image image=&#8220;9520&#8243; image_size=&#8220;full&#8220; frame=&#8220;glowframe&#8220; intro_animation=&#8220;none&#8220; full_width=&#8220;no&#8220; lightbox=&#8220;no&#8220; link_target=&#8220;_self&#8220; width=&#8220;1\/1&#8243; el_position=&#8220;first last&#8220;] [\/spb_column] [spb_column width=&#8220;2\/3&#8243; el_position=&#8220;last&#8220;] [spb_accordion active_section=&#8220;0&#8243; width=&#8220;1\/1&#8243; el_position=&#8220;first last&#8220;] [spb_accordion_tab title=&#8220;German&#8220; accordion_id=&#8220;&#8220; icon=&#8220;&#8220;] [spb_text_block title=&#8220;Martin &#8211; Germany&#8220; pb_margin_bottom=&#8220;no&#8220; pb_border_bottom=&#8220;no&#8220; width=&#8220;1\/1&#8243; el_position=&#8220;first last&#8220;]\n<p>Ich bin Rollstuhlfahrer und habe im Oktober 2001 einen Sprachkurs f\u00fcr 2 Wochen besucht. Eine mitteralterliche Stadt ist nat\u00fcrlich nicht ideal f\u00fcr einen Rollstuhl, aber die Mitarbeiter der Schule (insbesondere Lorenzo) haben mir sehr geholfen und mir eine behindertengerechte Unterkunft besorgt und mir geholfen in die Schule zu kommen. Um zum Unterrichtsraum zu kommen, mu\u00df man n\u00e4mlich 3-4 Stufen hoch.<br \/>\nDer Unterricht war sehr gut: Kleine Gruppen (4-7 Personen) mit der M\u00f6glichkeit viel zu sprechen und konkrete Fragen zu stellen. Besonders hat mir die Aufteilung in Theorie und Konversation gefallen. Die Atmosph\u00e4re war angenehm locker. Man merkt den Lehrern an, dass sie Profis sind. Leider war mein Aufenthalt zu kurz, denn man braucht ungef\u00e4hr eine Woche, um sich richtig einzugew\u00f6hnen. Besser sind 3-4 Wochen. Mein Gesamturteil lautet: Sehr gut.<\/p>\n[\/spb_text_block] [\/spb_accordion_tab] [spb_accordion_tab title=&#8220;English&#8220; accordion_id=&#8220;&#8220; icon=&#8220;&#8220;] [spb_text_block pb_margin_bottom=&#8220;no&#8220; pb_border_bottom=&#8220;no&#8220; width=&#8220;1\/1&#8243; el_position=&#8220;first last&#8220;]\n<p>Click here for <a href=\"http:\/\/adg.it\/testimonials\">English<\/a>.<\/p>\n[\/spb_text_block] [\/spb_accordion_tab] [\/spb_accordion] [\/spb_column]<\/p>\n","protected":false},"excerpt":{"rendered":"<p>[spb_column width=&#8220;1\/3&#8243; el_position=&#8220;first&#8220;] [spb_text_block pb_margin_bottom=&#8220;no&#8220; pb_border_bottom=&#8220;no&#8220; width=&#8220;1\/1&#8243; el_position=&#8220;first last&#8220;] Das sind einige der Briefe und E-Mails, die wir von unseren ehemaligen Studenten erhalten. Sie k\u00f6nnen mehr Zeugnisse zu finden und vielleicht Kontakt mit ihnen, auf unserer\u00a0Facebook. [\/spb_text_block] [spb_single_image image=&#8220;9520&#8243; image_size=&#8220;full&#8220; frame=&#8220;glowframe&#8220; intro_animation=&#8220;none&#8220; full_width=&#8220;no&#8220; lightbox=&#8220;no&#8220; link_target=&#8220;_self&#8220; width=&#8220;1\/1&#8243; el_position=&#8220;first last&#8220;] [\/spb_column] [spb_column width=&#8220;2\/3&#8243; el_position=&#8220;last&#8220;] [spb_accordion active_section=&#8220;0&#8243; width=&#8220;1\/1&#8243; el_position=&#8220;first last&#8220;] [spb_accordion_tab title=&#8220;German&#8220; accordion_id=&#8220;&#8220; [&hellip;]<\/p>\n","protected":false},"author":27,"featured_media":0,"parent":0,"menu_order":0,"comment_status":"closed","ping_status":"closed","template":"","meta":{"_joinchat":[],"footnotes":""},"class_list":["post-9528","page","type-page","status-publish","hentry"],"aioseo_notices":[],"_links":{"self":[{"href":"https:\/\/adg.it\/de\/wp-json\/wp\/v2\/pages\/9528","targetHints":{"allow":["GET"]}}],"collection":[{"href":"https:\/\/adg.it\/de\/wp-json\/wp\/v2\/pages"}],"about":[{"href":"https:\/\/adg.it\/de\/wp-json\/wp\/v2\/types\/page"}],"author":[{"embeddable":true,"href":"https:\/\/adg.it\/de\/wp-json\/wp\/v2\/users\/27"}],"replies":[{"embeddable":true,"href":"https:\/\/adg.it\/de\/wp-json\/wp\/v2\/comments?post=9528"}],"version-history":[{"count":0,"href":"https:\/\/adg.it\/de\/wp-json\/wp\/v2\/pages\/9528\/revisions"}],"wp:attachment":[{"href":"https:\/\/adg.it\/de\/wp-json\/wp\/v2\/media?parent=9528"}],"curies":[{"name":"wp","href":"https:\/\/api.w.org\/{rel}","templated":true}]}}