{"id":9446,"date":"2015-06-19T09:02:09","date_gmt":"2015-06-19T09:02:09","guid":{"rendered":"http:\/\/wp.adg.it\/?page_id=9446"},"modified":"2025-05-02T09:56:14","modified_gmt":"2025-05-02T09:56:14","slug":"unterkunft","status":"publish","type":"page","link":"https:\/\/adg.it\/de\/unterkunft\/","title":{"rendered":"Unterkunft f\u00fcr unsere Studierende"},"content":{"rendered":"<p>[spb_column width=&#8220;1\/3&#8243; el_position=&#8220;first&#8220;] [sf_gallery gallery_id=&#8220;6444&#8243; slider_transition=&#8220;slide&#8220; show_thumbs=&#8220;yes&#8220; autoplay=&#8220;yes&#8220; show_captions=&#8220;yes&#8220; enable_lightbox=&#8220;yes&#8220; width=&#8220;1\/1&#8243; el_position=&#8220;first last&#8220;] [\/spb_column] [spb_column width=&#8220;2\/3&#8243; el_position=&#8220;last&#8220;] [spb_text_block pb_margin_bottom=&#8220;no&#8220; pb_border_bottom=&#8220;no&#8220; width=&#8220;1\/1&#8243; el_position=&#8220;first last&#8220;]\n<p>Eine Unterkunft in Florenz zu finden ist im Allgemeinen einfach, da es zahlreiche Online-Optionen f\u00fcr verschiedene Budgets und Bed\u00fcrfnisse gibt. Um Ihnen den Einstieg zu erleichtern, finden Sie hier einige Vorschl\u00e4ge. Viel Erfolg bei Ihrer Suche!<\/p>\n[\/spb_text_block] [boxed_content title=&#8220;In einer Einzimmerwohnung&#8220; type=&#8220;whitestroke&#8220; custom_bg_colour=&#8220;#4e6894&#8243; custom_text_colour=&#8220;#FFFFFF&#8220; pb_margin_bottom=&#8220;no&#8220; width=&#8220;1\/1&#8243; el_position=&#8220;first last&#8220;]\n<p>Wenn Sie einen Selbstversorger-Wohnung wollen, sollten Sie die Webseite besuchen:<\/p>\n<p><a href=\"https:\/\/www.only-apartments.de\/appartment-florenz.html?utm_source=aff628274&amp;utm_medium=share\" target=\"_blank\" rel=\"noopener noreferrer\">Only-apartments<\/a><\/p>\n<p><a href=\"https:\/\/www.airbnb.de\/\" target=\"_blank\" rel=\"nofollow noopener noreferrer\">Airbnb<\/a><\/p>\n<p>Sie werden die Art der Wohnung finden, die Ihren Bed\u00fcrfnissen entspricht (Ort, Anzahl der Zimmer, Wi-Fi, Klimaanlage, Waschmaschine, etc.)<\/p>\n[\/boxed_content] [boxed_content title=&#8220;In einem Hotel&#8220; type=&#8220;whitestroke&#8220; custom_bg_colour=&#8220;#4e6894&#8243; custom_text_colour=&#8220;#FFFFFF&#8220; pb_margin_bottom=&#8220;no&#8220; width=&#8220;1\/1&#8243; el_position=&#8220;first last&#8220;]\n<p>Wenn Sie in einem Hotel unterbringen m\u00f6chten, sollten Sie die folgende Webseite besuchen:<\/p>\n<p><a href=\"https:\/\/www.booking.com\">Booking.com<\/a><\/p>\n<p>Wenn Sie eine Qualit\u00e4tsherberge suchen:<br \/>\n<a href=\"https:\/\/plushostels.com\/it\/firenze\">Plus Florence Hostel<\/a><br \/>\n<a href=\"https:\/\/www.thesocialhub.co\/de\/florenz-belfiore\/unterkunft\/studenten-unterkunft\/\">The Hub Florence<\/a><br \/>\n<a href=\"https:\/\/www.cx-place.com\/cxflorence-rifredi-campus.html\">CX Student and Explorer place<\/a><br \/>\n<a href=\"https:\/\/yellowsquare.com\/florence\/it\/\">The Yellow Square<\/a><br \/>\n<a href=\"https:\/\/www.beyoo.it\/en\/residenza-universitaria\/florence\/florentia-living-firenze\/\">Beyoo, student accommodation in Italy<\/a><\/p>\n[\/boxed_content] [\/spb_column]<\/p>\n","protected":false},"excerpt":{"rendered":"<p>[spb_column width=&#8220;1\/3&#8243; el_position=&#8220;first&#8220;] [sf_gallery gallery_id=&#8220;6444&#8243; slider_transition=&#8220;slide&#8220; show_thumbs=&#8220;yes&#8220; autoplay=&#8220;yes&#8220; show_captions=&#8220;yes&#8220; enable_lightbox=&#8220;yes&#8220; width=&#8220;1\/1&#8243; el_position=&#8220;first last&#8220;] [\/spb_column] [spb_column width=&#8220;2\/3&#8243; el_position=&#8220;last&#8220;] [spb_text_block pb_margin_bottom=&#8220;no&#8220; pb_border_bottom=&#8220;no&#8220; width=&#8220;1\/1&#8243; el_position=&#8220;first last&#8220;] Eine Unterkunft in Florenz zu finden ist im Allgemeinen einfach, da es zahlreiche Online-Optionen f\u00fcr verschiedene Budgets und Bed\u00fcrfnisse gibt. Um Ihnen den Einstieg zu erleichtern, finden Sie hier einige Vorschl\u00e4ge. Viel Erfolg bei Ihrer Suche! [\/spb_text_block] [&hellip;]<\/p>\n","protected":false},"author":27,"featured_media":0,"parent":0,"menu_order":0,"comment_status":"closed","ping_status":"closed","template":"","meta":{"_joinchat":[],"footnotes":""},"class_list":["post-9446","page","type-page","status-publish","hentry"],"aioseo_notices":[],"_links":{"self":[{"href":"https:\/\/adg.it\/de\/wp-json\/wp\/v2\/pages\/9446","targetHints":{"allow":["GET"]}}],"collection":[{"href":"https:\/\/adg.it\/de\/wp-json\/wp\/v2\/pages"}],"about":[{"href":"https:\/\/adg.it\/de\/wp-json\/wp\/v2\/types\/page"}],"author":[{"embeddable":true,"href":"https:\/\/adg.it\/de\/wp-json\/wp\/v2\/users\/27"}],"replies":[{"embeddable":true,"href":"https:\/\/adg.it\/de\/wp-json\/wp\/v2\/comments?post=9446"}],"version-history":[{"count":4,"href":"https:\/\/adg.it\/de\/wp-json\/wp\/v2\/pages\/9446\/revisions"}],"predecessor-version":[{"id":26587,"href":"https:\/\/adg.it\/de\/wp-json\/wp\/v2\/pages\/9446\/revisions\/26587"}],"wp:attachment":[{"href":"https:\/\/adg.it\/de\/wp-json\/wp\/v2\/media?parent=9446"}],"curies":[{"name":"wp","href":"https:\/\/api.w.org\/{rel}","templated":true}]}}