{"id":9277,"date":"2015-03-03T14:41:13","date_gmt":"2015-03-03T14:41:13","guid":{"rendered":"http:\/\/wp.adg.it\/6016-2-2"},"modified":"2026-02-02T10:29:36","modified_gmt":"2026-02-02T10:29:36","slug":"lehrpersonal","status":"publish","type":"page","link":"https:\/\/adg.it\/de\/lehrpersonal\/","title":{"rendered":"Lehrpersonal"},"content":{"rendered":"[team item_columns=&#8220;3&#8243; item_count=&#8220;12&#8243; category=&#8220;All&#8220; pagination=&#8220;no&#8220; el_class=&#8220;pb0 mb0&#8243; width=&#8220;1\/1&#8243; el_position=&#8220;first last&#8220;] [blank_spacer height=&#8220;40px&#8220; width=&#8220;1\/1&#8243; el_position=&#8220;first last&#8220;] [spb_text_block title=&#8220;Zuweisung von Lehrkr\u00e4ften: Was Sie erwarten k\u00f6nnen&#8220; pb_margin_bottom=&#8220;no&#8220; pb_border_bottom=&#8220;no&#8220; width=&#8220;1\/1&#8243; el_position=&#8220;first last&#8220;]\n<div dir=\"auto\">Potenzielle Studierende fragen oft schon lange vor Kursbeginn, wer ihre Lehrkraft sein wird. Leider ist es nicht m\u00f6glich, Monate im Voraus eine bestimmte Lehrkraft zu bestimmen oder zu garantieren, da der Stundenplan und die Zuweisung der Lehrkr\u00e4fte in der Regel erst etwa 10 Tage vor Kursbeginn endg\u00fcltig festgelegt werden.<\/div>\n<div dir=\"auto\"><\/div>\n<div dir=\"auto\">Dar\u00fcber hinaus ist es nicht m\u00f6glich, unter allen Umst\u00e4nden einen bestimmten Lehrer zu garantieren, da unvorhergesehene Situationen eintreten k\u00f6nnen (z. B. Krankheit, Urlaub oder Feiertage).<\/div>\n<div dir=\"auto\"><\/div>\n<div dir=\"auto\">Was wir garantieren k\u00f6nnen, ist unser uneingeschr\u00e4nktes Engagement, Ihnen den f\u00fcr Ihren Kurs am besten geeigneten Dozenten zuzuweisen: einen qualifizierten und aufmerksamen Fachmann, der Sie Schritt f\u00fcr Schritt unterst\u00fctzt und dabei Ihre Ziele, Interessen und k\u00fcnstlerischen F\u00e4higkeiten ber\u00fccksichtigt. Sollte es notwendig sein, gew\u00e4hrleistet die Schule stets die Kontinuit\u00e4t des Unterrichts, indem sie einen qualifizierten Ersatzdozenten zur Verf\u00fcgung stellt.<\/div>\n<div dir=\"auto\"><\/div>\n[\/spb_text_block] [blank_spacer height=&#8220;40px&#8220; width=&#8220;1\/1&#8243; el_position=&#8220;first last&#8220;] [spb_text_block title=&#8220;Mehr als K\u00fcnstler: Engagierte Lehrer&#8220; pb_margin_bottom=&#8220;no&#8220; pb_border_bottom=&#8220;no&#8220; width=&#8220;1\/1&#8243; el_position=&#8220;first last&#8220;]\n<div dir=\"auto\">\n<div dir=\"auto\">Viele Studieninteressierte fragen auch, ob unsere Dozenten etablierte K\u00fcnstler sind oder ob ihr k\u00fcnstlerischer Stil ihren eigenen Vorlieben entspricht. Wir m\u00f6chten einen wichtigen Punkt klarstellen: Unsere Dozenten sind in erster Linie Lehrer und dar\u00fcber hinaus professionelle K\u00fcnstler.<\/div>\n<div dir=\"auto\"><\/div>\n<div dir=\"auto\">Ihre gr\u00f6\u00dfte St\u00e4rke ist nicht nur ihr k\u00fcnstlerisches Talent, sondern vor allem ihre F\u00e4higkeit zu lehren und Wissen und F\u00e4higkeiten klar zu vermitteln, die sie durch langj\u00e4hrige Lehrerfahrung entwickelt haben. Ein guter K\u00fcnstler zu sein bedeutet nicht automatisch, auch ein guter Lehrer zu sein.&nbsp;<\/p>\n<\/div>\n<div dir=\"auto\"><\/div>\n<div dir=\"auto\">Selbst wenn der pers\u00f6nliche Kunstgeschmack eines Lehrers sich von Ihrem unterscheidet, ist er dennoch voll qualifiziert, eine Vielzahl von Stilen, Techniken und k\u00fcnstlerischen Ans\u00e4tzen auf professionelle und kompetente Weise zu vermitteln. Die Kunstgeschichte zeigt uns auch, dass viele gro\u00dfe K\u00fcnstler \u2013 wie Michelangelo, Vermeer oder Caravaggio \u2013 kein besonderes Interesse daran hatten, zu unterrichten oder eng mit Sch\u00fclern zusammenzuarbeiten.<\/div>\n<div dir=\"auto\">Aus diesem Grund ist es unsere Priorit\u00e4t, Ihnen hervorragende Lehrer zur Seite zu stellen, die Ihre k\u00fcnstlerische Entwicklung wirklich begleiten und unterst\u00fctzen k\u00f6nnen, anstatt einfach nur bekannte oder etablierte K\u00fcnstler.<\/div>\n<\/div>\n<div dir=\"auto\"><\/div>\n[\/spb_text_block] [blank_spacer height=&#8220;40px&#8220; width=&#8220;1\/1&#8243; el_position=&#8220;first last&#8220;] [impact_text include_button=&#8220;yes&#8220; button_style=&#8220;standard&#8220; title=&#8220;Mehr zu AdG&#8220; href=&#8220;https:\/\/adg.it\/de\/uber-accademia-del-giglio\/&#8220; color=&#8220;accent&#8220; target=&#8220;_self&#8220; position=&#8220;cta_align_right&#8220; alt_background=&#8220;none&#8220; width=&#8220;1\/1&#8243; el_position=&#8220;first last&#8220;]\n<p class=\"impact-text\">Accademia del Giglio \u2013 Kunstkurse, Italienischen Sprache und Kultur in Florenz seit 1995<\/p>\n[\/impact_text] [blank_spacer height=&#8220;30px&#8220; width=&#8220;1\/1&#8243; el_position=&#8220;first last&#8220;]\n","protected":false},"excerpt":{"rendered":"<p>[team item_columns=&#8220;3&#8243; item_count=&#8220;12&#8243; category=&#8220;All&#8220; pagination=&#8220;no&#8220; el_class=&#8220;pb0 mb0&#8243; width=&#8220;1\/1&#8243; el_position=&#8220;first last&#8220;] [blank_spacer height=&#8220;40px&#8220; width=&#8220;1\/1&#8243; el_position=&#8220;first last&#8220;] [spb_text_block title=&#8220;Zuweisung von Lehrkr\u00e4ften: Was Sie erwarten k\u00f6nnen&#8220; pb_margin_bottom=&#8220;no&#8220; pb_border_bottom=&#8220;no&#8220; width=&#8220;1\/1&#8243; el_position=&#8220;first last&#8220;] Potenzielle Studierende fragen oft schon lange vor Kursbeginn, wer ihre Lehrkraft sein wird. Leider ist es nicht m\u00f6glich, Monate im Voraus eine bestimmte Lehrkraft zu bestimmen oder zu garantieren, da der Stundenplan [&hellip;]<\/p>\n","protected":false},"author":27,"featured_media":0,"parent":0,"menu_order":0,"comment_status":"closed","ping_status":"closed","template":"","meta":{"_joinchat":[],"footnotes":""},"class_list":["post-9277","page","type-page","status-publish","hentry"],"aioseo_notices":[],"_links":{"self":[{"href":"https:\/\/adg.it\/de\/wp-json\/wp\/v2\/pages\/9277","targetHints":{"allow":["GET"]}}],"collection":[{"href":"https:\/\/adg.it\/de\/wp-json\/wp\/v2\/pages"}],"about":[{"href":"https:\/\/adg.it\/de\/wp-json\/wp\/v2\/types\/page"}],"author":[{"embeddable":true,"href":"https:\/\/adg.it\/de\/wp-json\/wp\/v2\/users\/27"}],"replies":[{"embeddable":true,"href":"https:\/\/adg.it\/de\/wp-json\/wp\/v2\/comments?post=9277"}],"version-history":[{"count":3,"href":"https:\/\/adg.it\/de\/wp-json\/wp\/v2\/pages\/9277\/revisions"}],"predecessor-version":[{"id":27588,"href":"https:\/\/adg.it\/de\/wp-json\/wp\/v2\/pages\/9277\/revisions\/27588"}],"wp:attachment":[{"href":"https:\/\/adg.it\/de\/wp-json\/wp\/v2\/media?parent=9277"}],"curies":[{"name":"wp","href":"https:\/\/api.w.org\/{rel}","templated":true}]}}