{"id":9177,"date":"2015-06-11T13:18:00","date_gmt":"2015-06-11T13:18:00","guid":{"rendered":"http:\/\/wp.adg.it\/?page_id=9177"},"modified":"2025-08-12T09:32:40","modified_gmt":"2025-08-12T09:32:40","slug":"anmeldung","status":"publish","type":"page","link":"https:\/\/adg.it\/de\/anmeldung\/","title":{"rendered":"Anmeldung"},"content":{"rendered":"<p>[spb_column width=&#8220;2\/3&#8243; el_position=&#8220;first&#8220;] [impact_text include_button=&#8220;yes&#8220; button_style=&#8220;standard&#8220; title=&#8220;ADG shop&#8220; href=&#8220;https:\/\/adg.it\/en\/shop\/&#8220; color=&#8220;accent&#8220; target=&#8220;_self&#8220; position=&#8220;cta_align_right&#8220; alt_background=&#8220;none&#8220; width=&#8220;1\/1&#8243; el_position=&#8220;first last&#8220;]\n<p>Melden Sie sich \u00fcber den Online-Shop an<\/p>\n[\/impact_text] [blank_spacer height=&#8220;15px&#8220; width=&#8220;1\/1&#8243; el_position=&#8220;first last&#8220;] [spb_text_block title=&#8220;Einschreibung&#8220; pb_margin_bottom=&#8220;no&#8220; pb_border_bottom=&#8220;no&#8220; width=&#8220;1\/1&#8243; el_position=&#8220;first last&#8220;]\n<p>Wenn Sie sich f\u00fcr einen unserer Langzeitkurse (<strong>13 Wochen oder l\u00e4nger<\/strong>) anmelden m\u00f6chten, <strong><a href=\"https:\/\/adg.it\/de\/kontakt\/\">kontaktieren<\/a> <\/strong>Sie uns bitte.<\/p>\n<p>F\u00fcr Last-Minute Anmeldungen kontaktieren Sie bitte die Schulb\u00fcro info@adg.it.<\/p>\n[\/spb_text_block] [spb_message color=&#8220;alert-block&#8220; width=&#8220;1\/1&#8243; el_position=&#8220;first last&#8220;]\n<p>Wenn sie nach 24 Stunden keine antwort von uns bekommen, bitte kontaktieren Sie\u00a0wieder, danke!<\/p>\n[\/spb_message] [spb_text_block title=&#8220;Bezahlung&#8220; pb_margin_bottom=&#8220;no&#8220; pb_border_bottom=&#8220;no&#8220; width=&#8220;1\/1&#8243; el_position=&#8220;first last&#8220;]\n<p>Die Geld\u00fcberweisung kann wie unten erkl\u00e4rt erfolgen:<\/p>\n<ul>\n<li>durch eine <strong>Bank\u00fcberweisung<\/strong>. Anschrift:<\/li>\n<\/ul>\n<p>Accademia del Giglio<br \/>\nc\/o UniCredit<br \/>\nFiliale Firenze Vecchietti<br \/>\nVia dei Vecchietti 11 &#8211; 50123 Firenze, ITALIA<br \/>\nABI 02008 CAB 02837<br \/>\nC\/c n\u00b0: 2819790<br \/>\nSwift Code: UNCRITM1F86<br \/>\nIBAN code:\u00a0IT 39 U 02008 02837 000002819790<\/p>\n<ul>\n<li>Jetzt einfach, schnell und sicher online bezahlen \u2013 mit <strong>PayPal<\/strong>.<\/li>\n<\/ul>\n<p><a href=\"https:\/\/www.paypal.com\/cgi-bin\/webscr?cmd=_s-xclick&amp;hosted_button_id=X2LMP5Z2KFPG8\"><img decoding=\"async\" src=\"https:\/\/www.paypal.com\/de_DE\/DE\/i\/btn\/btn_buynowCC_LG.gif\" alt=\"Jetzt kaufen\" \/><\/a><\/p>\n<ul>\n<li><strong>Cash<\/strong> (direkt an der Schule).<\/li>\n<\/ul>\n[\/spb_text_block] [spb_message color=&#8220;alert-info&#8220; width=&#8220;1\/1&#8243; el_position=&#8220;first last&#8220;]\n<p>Am 1. Tag des Kurses mu\u00df der Restbetrag\u00a0beim Sekretariat der Schule bezahlt werden<\/p>\n[\/spb_message] [impact_text include_button=&#8220;yes&#8220; button_style=&#8220;arrow&#8220; title=&#8220;Text on the button&#8220; href=&#8220;http:\/\/adg.it\/de\/konditionen&#8220; color=&#8220;accent&#8220; target=&#8220;_self&#8220; position=&#8220;cta_align_right&#8220; alt_background=&#8220;none&#8220; width=&#8220;1\/1&#8243; el_position=&#8220;first last&#8220;]\n<p>Konditionen<\/p>\n[\/impact_text] [\/spb_column] [spb_column width=&#8220;1\/3&#8243; el_position=&#8220;last&#8220;] [spb_single_image image=&#8220;9304&#8243; image_size=&#8220;full&#8220; frame=&#8220;shadowframe&#8220; intro_animation=&#8220;none&#8220; full_width=&#8220;no&#8220; lightbox=&#8220;yes&#8220; link_target=&#8220;_self&#8220; width=&#8220;1\/1&#8243; el_position=&#8220;first last&#8220;] [blank_spacer height=&#8220;15px&#8220; width=&#8220;1\/1&#8243; el_position=&#8220;first last&#8220;] [spb_text_block title=&#8220;Kontaktieren Sie uns&#8220; pb_margin_bottom=&#8220;no&#8220; pb_border_bottom=&#8220;no&#8220; width=&#8220;1\/1&#8243; el_position=&#8220;first last&#8220;]\n<div class=\"wpforms-container wpforms-container-full\" id=\"wpforms-18575\"><form id=\"wpforms-form-18575\" class=\"wpforms-validate wpforms-form wpforms-ajax-form\" data-formid=\"18575\" method=\"post\" enctype=\"multipart\/form-data\" action=\"\/de\/wp-json\/wp\/v2\/pages\/9177\" data-token=\"06a1eb9ba43ce8184d4f35b9761c8047\" data-token-time=\"1777144753\"><noscript class=\"wpforms-error-noscript\">Bitte aktiviere JavaScript in deinem Browser, um dieses Formular fertigzustellen.<\/noscript><div class=\"wpforms-field-container\"><div id=\"wpforms-18575-field_6-container\" class=\"wpforms-field wpforms-field-name\" data-field-id=\"6\"><label class=\"wpforms-field-label\">Name <span class=\"wpforms-required-label\">*<\/span><\/label><div class=\"wpforms-field-row wpforms-field-large\"><div class=\"wpforms-field-row-block wpforms-first wpforms-one-half\"><input type=\"text\" id=\"wpforms-18575-field_6\" class=\"wpforms-field-name-first wpforms-field-required\" name=\"wpforms[fields][6][first]\" placeholder=\"Ihr Vorname\" required><label for=\"wpforms-18575-field_6\" class=\"wpforms-field-sublabel after\">First<\/label><\/div><div class=\"wpforms-field-row-block wpforms-one-half\"><input type=\"text\" id=\"wpforms-18575-field_6-last\" class=\"wpforms-field-name-last wpforms-field-required\" name=\"wpforms[fields][6][last]\" placeholder=\"Ihr Familienname\" required><label for=\"wpforms-18575-field_6-last\" class=\"wpforms-field-sublabel after\">Last<\/label><\/div><\/div><\/div><div id=\"wpforms-18575-field_1-container\" class=\"wpforms-field wpforms-field-email\" data-field-id=\"1\"><label class=\"wpforms-field-label\" for=\"wpforms-18575-field_1\">E-Mail <span class=\"wpforms-required-label\">*<\/span><\/label><input type=\"email\" id=\"wpforms-18575-field_1\" class=\"wpforms-field-large wpforms-field-required\" name=\"wpforms[fields][1]\" placeholder=\"Ihre E-Mail\" spellcheck=\"false\" required><\/div><div id=\"wpforms-18575-field_2-container\" class=\"wpforms-field wpforms-field-textarea\" data-field-id=\"2\"><label class=\"wpforms-field-label\" for=\"wpforms-18575-field_2\">Nachricht <span class=\"wpforms-required-label\">*<\/span><\/label><textarea id=\"wpforms-18575-field_2\" class=\"wpforms-field-medium wpforms-field-required\" name=\"wpforms[fields][2]\" placeholder=\"Schreiben Sie hier Ihre Nachricht\" required><\/textarea><\/div><\/div><!-- .wpforms-field-container --><div class=\"wpforms-field wpforms-field-hp\"><label for=\"wpforms-18575-field-hp\" class=\"wpforms-field-label\">Message<\/label><input type=\"text\" name=\"wpforms[hp]\" id=\"wpforms-18575-field-hp\" class=\"wpforms-field-medium\"><\/div><div class=\"wpforms-submit-container\" ><input type=\"hidden\" name=\"wpforms[id]\" value=\"18575\"><input type=\"hidden\" name=\"page_title\" value=\"\"><input type=\"hidden\" name=\"page_url\" value=\"https:\/\/adg.it\/de\/wp-json\/wp\/v2\/pages\/9177\"><input type=\"hidden\" name=\"url_referer\" value=\"\"><button type=\"submit\" name=\"wpforms[submit]\" id=\"wpforms-submit-18575\" class=\"wpforms-submit\" data-alt-text=\"Senden...\" data-submit-text=\"Senden\" aria-live=\"assertive\" value=\"wpforms-submit\">Senden<\/button><img loading=\"lazy\" decoding=\"async\" src=\"https:\/\/adg.it\/wp-content\/plugins\/wpforms\/assets\/images\/submit-spin.svg\" class=\"wpforms-submit-spinner\" style=\"display: none;\" width=\"26\" height=\"26\" alt=\"Wird geladen\"><\/div><\/form><\/div>  <!-- .wpforms-container -->\n[\/spb_text_block] [\/spb_column]<\/p>\n","protected":false},"excerpt":{"rendered":"<p>[spb_column width=&#8220;2\/3&#8243; el_position=&#8220;first&#8220;] [impact_text include_button=&#8220;yes&#8220; button_style=&#8220;standard&#8220; title=&#8220;ADG shop&#8220; href=&#8220;https:\/\/adg.it\/en\/shop\/&#8220; color=&#8220;accent&#8220; target=&#8220;_self&#8220; position=&#8220;cta_align_right&#8220; alt_background=&#8220;none&#8220; width=&#8220;1\/1&#8243; el_position=&#8220;first last&#8220;] Melden Sie sich \u00fcber den Online-Shop an [\/impact_text] [blank_spacer height=&#8220;15px&#8220; width=&#8220;1\/1&#8243; el_position=&#8220;first last&#8220;] [spb_text_block title=&#8220;Einschreibung&#8220; pb_margin_bottom=&#8220;no&#8220; pb_border_bottom=&#8220;no&#8220; width=&#8220;1\/1&#8243; el_position=&#8220;first last&#8220;] Wenn Sie sich f\u00fcr einen unserer Langzeitkurse (13 Wochen oder l\u00e4nger) anmelden m\u00f6chten, kontaktieren Sie uns bitte. F\u00fcr Last-Minute Anmeldungen kontaktieren Sie bitte die [&hellip;]<\/p>\n","protected":false},"author":27,"featured_media":0,"parent":0,"menu_order":0,"comment_status":"closed","ping_status":"closed","template":"","meta":{"_joinchat":[],"footnotes":""},"class_list":["post-9177","page","type-page","status-publish","hentry"],"aioseo_notices":[],"_links":{"self":[{"href":"https:\/\/adg.it\/de\/wp-json\/wp\/v2\/pages\/9177","targetHints":{"allow":["GET"]}}],"collection":[{"href":"https:\/\/adg.it\/de\/wp-json\/wp\/v2\/pages"}],"about":[{"href":"https:\/\/adg.it\/de\/wp-json\/wp\/v2\/types\/page"}],"author":[{"embeddable":true,"href":"https:\/\/adg.it\/de\/wp-json\/wp\/v2\/users\/27"}],"replies":[{"embeddable":true,"href":"https:\/\/adg.it\/de\/wp-json\/wp\/v2\/comments?post=9177"}],"version-history":[{"count":2,"href":"https:\/\/adg.it\/de\/wp-json\/wp\/v2\/pages\/9177\/revisions"}],"predecessor-version":[{"id":26989,"href":"https:\/\/adg.it\/de\/wp-json\/wp\/v2\/pages\/9177\/revisions\/26989"}],"wp:attachment":[{"href":"https:\/\/adg.it\/de\/wp-json\/wp\/v2\/media?parent=9177"}],"curies":[{"name":"wp","href":"https:\/\/api.w.org\/{rel}","templated":true}]}}