{"id":9127,"date":"2015-06-10T14:23:17","date_gmt":"2015-06-10T14:23:17","guid":{"rendered":"http:\/\/wp.adg.it\/?page_id=9127"},"modified":"2026-03-30T11:17:10","modified_gmt":"2026-03-30T11:17:10","slug":"konditionen","status":"publish","type":"page","link":"https:\/\/adg.it\/de\/konditionen\/","title":{"rendered":"Konditionen"},"content":{"rendered":"<p>[spb_column width=&#8220;2\/3&#8243; el_position=&#8220;first&#8220;] [spb_text_block pb_margin_bottom=&#8220;no&#8220; pb_border_bottom=&#8220;no&#8220; width=&#8220;1\/1&#8243; el_position=&#8220;first last&#8220;]\n<p><strong>Dauer der Lektion<\/strong>: Eine akademische Stunde betr\u00e4gt 45 Minuten f\u00fcr den Italienisch-Gruppenunterricht und 60 Minuten f\u00fcr den Kunstunterricht (sofern nicht anders angegeben).<\/p>\n<p><strong>Zeitplan<\/strong>: Der Stundenplan der Schule kann an nationalen Feiertagen ge\u00e4ndert werden.<\/p>\n<p><strong>Mindestteilnehmerzahl<\/strong>: Die Akademie beh\u00e4lt sich das Recht vor, einen Kurs zu stornieren, wenn die Mindestteilnehmerzahl von drei Personen nicht erreicht wird. In solchen F\u00e4llen wird der volle Betrag zur\u00fcckerstattet.<\/p>\n<p><strong>Vertretung des Lehrers<\/strong>: Die Akademie beh\u00e4lt sich das Recht vor, Lehrkr\u00e4fte f\u00fcr jeden Kurs oder Workshop kurzfristig oder w\u00e4hrend der Sitzung zu ersetzen.<\/p>\n<p><strong>H\u00f6here Gewalt<\/strong>: Wir raten den Teilnehmern dringend, eine Reiseversicherung abzuschlie\u00dfen, um sich gegen unvorhergesehene Umst\u00e4nde (h\u00f6here Gewalt) abzusichern, die zu einer Kursabsage und m\u00f6glichen Verlusten bei Flugkosten und Unterkunft f\u00fchren k\u00f6nnen.<\/p>\n<p><strong>Verantwortung der Teilnehmer<\/strong>: Die Teilnehmer sind f\u00fcr alle Sch\u00e4den verantwortlich, die sie am Schuleigentum verursachen.<\/p>\n<p><strong>Verantwortung der Schule<\/strong>: Die Akademie haftet nicht f\u00fcr Sch\u00e4den, Verluste oder Verletzungen, die die Studenten w\u00e4hrend ihres Studiums erleiden.<\/p>\n<p><strong>Stornierungsbedingungen<\/strong>:<\/p>\n<ul>\n<li>Die geleistete Anzahlung wird nur dann vollst\u00e4ndig zur\u00fcckerstattet, wenn der Studierende die \u201eFlex-Option\u201c erworben hat. In allen anderen F\u00e4llen ist die Anzahlung nicht erstattungsf\u00e4hig.<\/li>\n<li>Die Option \u201eFlex\u201c ist nicht erstattungsf\u00e4hig.<\/li>\n<li>Studierende, die in einem Privatkurs eingeschrieben sind und die Kursgeb\u00fchr vollst\u00e4ndig bezahlt haben, haben Anspruch auf eine R\u00fcckerstattung von 80 % des Betrags, sofern die Stornierung mindestens 7 Tage im Voraus mitgeteilt wird. Nach Ablauf dieser Frist ist keine R\u00fcckerstattung mehr m\u00f6glich.<\/li>\n<li>Visumantrag: Studierende, die ein Studentenvisum beantragen und \u00fcber eine Zulassungsbescheinigung unserer Akademie verf\u00fcgen, erhalten bei Vorlage eines Nachweises \u00fcber die Ablehnung des Visums (z. B. Schreiben der italienischen Botschaft\/des italienischen Konsulats) eine R\u00fcckerstattung der Anzahlung in H\u00f6he von 80 %.<\/li>\n<li>Versp\u00e4tete Ankunft\/fr\u00fche Abreise:Bei versp\u00e4teter Ankunft oder vorzeitiger Abreise w\u00e4hrend eines Kurses wird keine R\u00fcckerstattung gew\u00e4hrt.<\/li>\n<\/ul>\n<p><strong>Kurs\u00e4nderungen<\/strong>: Studenten, die die Art des Kurses oder die Kurstermine \u00e4ndern m\u00f6chten, k\u00f6nnen dies nach Genehmigung durch die Schulleitung tun. Sie m\u00fcssen jedoch eine zus\u00e4tzliche Verwaltungsgeb\u00fchr von 50 Euro entrichten.<\/p>\n<p><strong>Bankgeb\u00fchren<\/strong>:Die Kursteilnehmer sind f\u00fcr alle \u00dcberweisungsgeb\u00fchren im Zusammenhang mit ihrer Einschreibung verantwortlich.<\/p>\n<p><strong>Lehrer-Sch\u00fcler-Probleme<\/strong>:Die Akademie wird alle angemessenen Anstrengungen unternehmen, um sicherzustellen, dass der Lehrer und der Kurs zueinander passen. Wir sind jedoch nicht verantwortlich f\u00fcr Probleme zwischen Sch\u00fclern und Lehrern, die au\u00dferhalb unserer Kontrolle liegen.<\/p>\n<p><strong>Akzeptanz der Bedingungen und Streitbeilegung<\/strong>: &#8222;Mit dem Einreichen des Anmeldeformulars erkennt der Sch\u00fcler diese Bedingungen an und stimmt ihnen zu.Alle Streitigkeiten, die sich aus dieser Vereinbarung ergeben, werden vor dem zust\u00e4ndigen Gericht in Florenz, Italien, verhandelt.<\/p>\n[\/spb_text_block] [\/spb_column] [spb_column width=&#8220;1\/3&#8243; el_position=&#8220;last&#8220;] [spb_single_image image=&#8220;9716&#8243; image_size=&#8220;full&#8220; frame=&#8220;shadowframe&#8220; intro_animation=&#8220;none&#8220; full_width=&#8220;no&#8220; lightbox=&#8220;no&#8220; link_target=&#8220;_self&#8220; width=&#8220;1\/1&#8243; el_position=&#8220;first last&#8220;] [\/spb_column]<\/p>\n","protected":false},"excerpt":{"rendered":"<p>[spb_column width=&#8220;2\/3&#8243; el_position=&#8220;first&#8220;] [spb_text_block pb_margin_bottom=&#8220;no&#8220; pb_border_bottom=&#8220;no&#8220; width=&#8220;1\/1&#8243; el_position=&#8220;first last&#8220;] Dauer der Lektion: Eine akademische Stunde betr\u00e4gt 45 Minuten f\u00fcr den Italienisch-Gruppenunterricht und 60 Minuten f\u00fcr den Kunstunterricht (sofern nicht anders angegeben). Zeitplan: Der Stundenplan der Schule kann an nationalen Feiertagen ge\u00e4ndert werden. Mindestteilnehmerzahl: Die Akademie beh\u00e4lt sich das Recht vor, einen Kurs zu stornieren, wenn die Mindestteilnehmerzahl von drei Personen [&hellip;]<\/p>\n","protected":false},"author":27,"featured_media":0,"parent":0,"menu_order":0,"comment_status":"closed","ping_status":"closed","template":"","meta":{"_joinchat":[],"footnotes":""},"class_list":["post-9127","page","type-page","status-publish","hentry"],"aioseo_notices":[],"_links":{"self":[{"href":"https:\/\/adg.it\/de\/wp-json\/wp\/v2\/pages\/9127","targetHints":{"allow":["GET"]}}],"collection":[{"href":"https:\/\/adg.it\/de\/wp-json\/wp\/v2\/pages"}],"about":[{"href":"https:\/\/adg.it\/de\/wp-json\/wp\/v2\/types\/page"}],"author":[{"embeddable":true,"href":"https:\/\/adg.it\/de\/wp-json\/wp\/v2\/users\/27"}],"replies":[{"embeddable":true,"href":"https:\/\/adg.it\/de\/wp-json\/wp\/v2\/comments?post=9127"}],"version-history":[{"count":4,"href":"https:\/\/adg.it\/de\/wp-json\/wp\/v2\/pages\/9127\/revisions"}],"predecessor-version":[{"id":27768,"href":"https:\/\/adg.it\/de\/wp-json\/wp\/v2\/pages\/9127\/revisions\/27768"}],"wp:attachment":[{"href":"https:\/\/adg.it\/de\/wp-json\/wp\/v2\/media?parent=9127"}],"curies":[{"name":"wp","href":"https:\/\/api.w.org\/{rel}","templated":true}]}}