{"id":9069,"date":"2015-02-28T22:54:04","date_gmt":"2015-02-28T22:54:04","guid":{"rendered":"http:\/\/wp.adg.it\/form-3"},"modified":"2022-10-12T14:13:16","modified_gmt":"2022-10-12T14:13:16","slug":"form","status":"publish","type":"page","link":"https:\/\/adg.it\/de\/form\/","title":{"rendered":"Bewerbungsformulare"},"content":{"rendered":"<p>[spb_column width=&#8220;1\/2&#8243; el_position=&#8220;first&#8220;] [spb_text_block pb_margin_bottom=&#8220;yes&#8220; pb_border_bottom=&#8220;no&#8220; width=&#8220;1\/1&#8243; el_position=&#8220;first last&#8220;]\n<p>Sie k\u00f6nnen sich \u00fcber unseren <a href=\"https:\/\/adg.it\/en\/shop\/\" target=\"_blank\" rel=\"noopener\">Online-Shop<\/a> f\u00fcr unsere Kurse anmelden.<\/p>\n[\/spb_text_block] [\/spb_column] [spb_column width=&#8220;1\/2&#8243; el_position=&#8220;last&#8220;] [spb_text_block pb_margin_bottom=&#8220;no&#8220; pb_border_bottom=&#8220;no&#8220; width=&#8220;1\/1&#8243; el_position=&#8220;first last&#8220;]\n<h3 class=\"mt0\">Accademia del Giglio<\/h3>\n<p>Via Ghibellina 116<br \/>\n50122 Florenz<br \/>\nItalien<\/p>\n<p class=\"p1\">P.I. e C.F. 04633720489<\/p>\n<p class=\"p1\">Tel: <strong><a href=\"tel:\/\/+393512754681\">+39-351-275-4681<\/a><\/strong> (Montag-Sonntag, Rom\/Paris\/Berlin, Zeit von 9-21 Uhr, auch SMS und WhatsApp)<\/p>\n<p class=\"p1\">B\u00fcrozeiten:<br \/>\nMontag bis Freitag von 9.00 bis 17.00 Uhr<\/p>\n<p>Die Accademia del Giglio liegt nur wenige Schritte vom Palazzo Vecchio und dem Dom entfernt. Die genaue Adresse ist<br \/>\nVia Ghibellina <span class=\"color-10\">116 blaue Zahl.<\/span><br \/>\nDie Schule befindet sich direkt vor dem Bargello Museum.<\/p>\n<h3>Kontaktdaten<\/h3>\n<p>Infos zu Kursen:<\/p>\n<p><a href=\"mailto:info@adg.it\">info@adg.it<\/a><\/p>\n<p><a href=\"mailto:adg.assistance@gmail.com\">adg.assistance@gmail.com<\/a><\/p>\n<p>Wenn Sie innerhalb von <strong>24 Stunden<\/strong>keine Antwort erhalten, kontaktieren Sie uns bitte erneut.<\/p>\n<p>Assistenz &amp; Webmaster<\/p>\n<p><a href=\"mailto:adg.assistance@gmail.com\">adg.assistance@gmail.com<\/a><\/p>\n<h3>Bleiben Sie sozial<\/h3>\n<ul class=\"social-icons large \">\n<li class=\"twitter\"><a href=\"http:\/\/www.twitter.com\/AccademiaGiglio\" target=\"_blank\"><i class=\"fab fa-twitter\"><\/i><i class=\"fab fa-twitter\"><\/i><\/a><\/li>\n<li class=\"facebook\"><a href=\"https:\/\/www.facebook.com\/AccademiaGiglio\" target=\"_blank\"><i class=\"fab fa-facebook\"><\/i><i class=\"fab fa-facebook\"><\/i><\/a><\/li>\n<li class=\"youtube\"><a href=\"https:\/\/www.youtube.com\/c\/accademiadelgiglio\" target=\"_blank\"><i class=\"fab fa-youtube\"><\/i><i class=\"fab fa-youtube\"><\/i><\/a><\/li>\n<li class=\"skype\"><a href=\"skype:adgskype\" target=\"_blank\"><i class=\"fab fa-skype\"><\/i><i class=\"fab fa-skype\"><\/i><\/a><\/li>\n<li class=\"linkedin\"><a href=\"https:\/\/www.linkedin.com\/company\/accademia-del-giglio\" target=\"_blank\"><i class=\"fab fa-linkedin\"><\/i><i class=\"fab fa-linkedin\"><\/i><\/a><\/li>\n<li class=\"flickr\"><a href=\"https:\/\/www.flickr.com\/photos\/adgblog\/\" target=\"_blank\"><i class=\"fab fa-flickr\"><\/i><i class=\"fab fa-flickr\"><\/i><\/a><\/li>\n<li class=\"pinterest\"><a href=\"http:\/\/www.pinterest.com\/adgblog\/\" target=\"_blank\"><i class=\"fab fa-pinterest\"><\/i><i class=\"fab fa-pinterest\"><\/i><\/a><\/li>\n<li class=\"foursquare\"><a href=\"https:\/\/it.foursquare.com\/v\/accademia-del-giglio\/4c970ab272dd224b6d69b191\" target=\"_blank\"><i class=\"fab fa-foursquare\"><\/i><i class=\"fab fa-foursquare\"><\/i><\/a><\/li>\n<li class=\"instagram\"><a href=\"http:\/\/instagram.com\/accademiadelgiglio\" target=\"_blank\"><i class=\"fab fa-instagram\"><\/i><i class=\"fab fa-instagram\"><\/i><\/a><\/li>\n<\/ul>\n\n[\/spb_text_block] [\/spb_column]<\/p>\n","protected":false},"excerpt":{"rendered":"<p>[spb_column width=&#8220;1\/2&#8243; el_position=&#8220;first&#8220;] [spb_text_block pb_margin_bottom=&#8220;yes&#8220; pb_border_bottom=&#8220;no&#8220; width=&#8220;1\/1&#8243; el_position=&#8220;first last&#8220;] Sie k\u00f6nnen sich \u00fcber unseren Online-Shop f\u00fcr unsere Kurse anmelden. [\/spb_text_block] [\/spb_column] [spb_column width=&#8220;1\/2&#8243; el_position=&#8220;last&#8220;] [spb_text_block pb_margin_bottom=&#8220;no&#8220; pb_border_bottom=&#8220;no&#8220; width=&#8220;1\/1&#8243; el_position=&#8220;first last&#8220;] Accademia del Giglio Via Ghibellina 116 50122 Florenz Italien P.I. e C.F. 04633720489 Tel: +39-351-275-4681 (Montag-Sonntag, Rom\/Paris\/Berlin, Zeit von 9-21 Uhr, auch SMS und WhatsApp) B\u00fcrozeiten: Montag bis Freitag von [&hellip;]<\/p>\n","protected":false},"author":27,"featured_media":0,"parent":0,"menu_order":0,"comment_status":"closed","ping_status":"closed","template":"","meta":{"_joinchat":[],"footnotes":""},"class_list":["post-9069","page","type-page","status-publish","hentry"],"aioseo_notices":[],"_links":{"self":[{"href":"https:\/\/adg.it\/de\/wp-json\/wp\/v2\/pages\/9069","targetHints":{"allow":["GET"]}}],"collection":[{"href":"https:\/\/adg.it\/de\/wp-json\/wp\/v2\/pages"}],"about":[{"href":"https:\/\/adg.it\/de\/wp-json\/wp\/v2\/types\/page"}],"author":[{"embeddable":true,"href":"https:\/\/adg.it\/de\/wp-json\/wp\/v2\/users\/27"}],"replies":[{"embeddable":true,"href":"https:\/\/adg.it\/de\/wp-json\/wp\/v2\/comments?post=9069"}],"version-history":[{"count":0,"href":"https:\/\/adg.it\/de\/wp-json\/wp\/v2\/pages\/9069\/revisions"}],"wp:attachment":[{"href":"https:\/\/adg.it\/de\/wp-json\/wp\/v2\/media?parent=9069"}],"curies":[{"name":"wp","href":"https:\/\/api.w.org\/{rel}","templated":true}]}}