{"id":8832,"date":"2015-06-03T14:21:44","date_gmt":"2015-06-03T14:21:44","guid":{"rendered":"http:\/\/wp.adg.it\/?page_id=8832"},"modified":"2025-09-18T08:07:38","modified_gmt":"2025-09-18T08:07:38","slug":"italian-language-classes","status":"publish","type":"page","link":"https:\/\/adg.it\/de\/italian-language-classes\/","title":{"rendered":"Kurse in italienischer Sprache und Kunst"},"content":{"rendered":"<p>[spb_column width=&#8220;2\/3&#8243; el_position=&#8220;first&#8220;] [spb_text_block title=&#8220;Italienisch + Kunst&#8220; pb_margin_bottom=&#8220;no&#8220; pb_border_bottom=&#8220;no&#8220; width=&#8220;1\/1&#8243; el_position=&#8220;first last&#8220;]\n<p>Unsere Italienischkurse finden in einer ruhigen Gegend des Stadtzentrums statt.<\/p>\n<p><strong>Unsere Klassen sind klein<\/strong> weil wir der Meinung sind, dass kleine Klassengr\u00f6\u00dfen unerl\u00e4sslich sind, um den Lernprozess zu erleichtern und sicherzustellen, dass der Schwerpunkt auf die Lernanforderungen des einzelnen Sch\u00fclers gelegt wird und darauf, ihm bei der \u00dcberwindung etwaiger Schwierigkeiten in einem freundlichen Umfeld zu helfen, w\u00e4hrend das Angebot an Kursen es dem Sch\u00fcler erm\u00f6glicht, das Programm an seine individuellen Bed\u00fcrfnisse anzupassen.<\/p>\n<blockquote class=\"blockquote2\">Laut <strong><a class=\"centrino\" href=\"http:\/\/www.coe.int\/t\/dg4\/education\/elp\/\" target=\"_blank\" rel=\"noopener noreferrer\">Europ\u00e4ischem Sprachenportfolio<\/a><\/strong> gibt es sechs Niveaustufen, die von absoluten Anf\u00e4ngern bis zu fortgeschrittenen Kenntnissen reichen.<\/blockquote>\n<p>Es ist m\u00f6glich, einen Gruppenkurs in italienischer Sprache mit einem Kurs in <a href=\"https:\/\/adg.it\/de\/kurse-in-zeichnen-und-techniken-der-malerei\/\">Zeichnen und Malen<\/a> zu kombinieren.<\/p>\n<p>Der <strong>Italienischunterricht<\/strong> findet vormittags statt, von Montag bis Freitag von 9.00 Uhr bis 10.30 Uhr, <strong>10 Stunden<\/strong> pro Woche.<\/p>\n<p>Der <strong>Kunstunterricht<\/strong> findet von Montag bis Donnerstag statt:<\/p>\n<ul>\n<li>von 11.30 Uhr bis 13.00 Uhr und 13.30 Uhr bis 17.00 Uhr (<strong>20 Stunden pro Woche<\/strong>)<\/li>\n<li>oder nur am Nachmittag von 13.30 bis 17.00 Uhr (<strong>14 Stunden pro Woche<\/strong>).<\/li>\n<\/ul>\n[\/spb_text_block] [boxed_content type=&#8220;coloured&#8220; pb_margin_bottom=&#8220;no&#8220; width=&#8220;1\/1&#8243; el_position=&#8220;first last&#8220;]\n<p>Weitere Informationen<\/p>\n[\/boxed_content] [spb_accordion width=&#8220;1\/1&#8243; el_position=&#8220;first last&#8220;] [spb_accordion_tab title=&#8220;Merkmal des Kurses&#8220; accordion_id=&#8220;&#8220; icon=&#8220;&#8220;] [spb_text_block pb_margin_bottom=&#8220;no&#8220; pb_border_bottom=&#8220;no&#8220; width=&#8220;1\/1&#8243; el_position=&#8220;first last&#8220;]\n<p>Die Klassen sind klein, um das Lernen zu maximieren.<\/p>\n<p>Der Italienischunterricht wird auf allen Niveaus angeboten, von den Anf\u00e4ngern bis zu den fortgeschrittenen Sch\u00fclern.<\/p>\n<p>Die Sch\u00fcler werden bei ihrer Ankunft getestet und in das entsprechende Niveau eingestuft.<\/p>\n<p>Die Studierenden sind verpflichtet, regelm\u00e4\u00dfig am Unterricht teilzunehmen.<\/p>\n[\/spb_text_block] [\/spb_accordion_tab] [spb_accordion_tab title=&#8220;Kredite und Zertifikate&#8220; accordion_id=&#8220;&#8220; icon=&#8220;&#8220;] [spb_text_block pb_margin_bottom=&#8220;no&#8220; pb_border_bottom=&#8220;no&#8220; width=&#8220;1\/1&#8243; el_position=&#8220;first last&#8220;]\n<p>Die Accademia del Giglio empfiehlt Studierenden, die sich ihr Auslandsstudium anrechnen lassen m\u00f6chten, sich vor der Anmeldung bei ihrer Universit\u00e4t oder Hochschule zu erkundigen.<br \/>\nDa die meisten Universit\u00e4ten und Hochschulen 15 Stunden pro Semester als akzeptables Niveau betrachten, bieten wir Kurse an, die 5 Stunden pro Semester f\u00fcr das Studium der italienischen Sprache vorsehen, zusammen mit fakultativen Stunden f\u00fcr diejenigen Studenten, die andere Module wie Kunstgeschichte, Atelierkunst usw. studieren m\u00f6chten. Bitte klicken Sie hier, um n\u00e4here Informationen zu erhalten.<\/p>\n[\/spb_text_block] [\/spb_accordion_tab] [\/spb_accordion] [sf_gallery gallery_id=&#8220;6875&#8243; slider_transition=&#8220;fade&#8220; show_thumbs=&#8220;yes&#8220; autoplay=&#8220;yes&#8220; show_captions=&#8220;yes&#8220; enable_lightbox=&#8220;yes&#8220; width=&#8220;1\/1&#8243; el_position=&#8220;first last&#8220;] [boxed_content type=&#8220;coloured&#8220; pb_margin_bottom=&#8220;no&#8220; width=&#8220;1\/1&#8243; el_position=&#8220;first last&#8220;]\n<p>Studiengeb\u00fchren<\/p>\n[\/boxed_content] [spb_accordion width=&#8220;1\/1&#8243; el_position=&#8220;first last&#8220;] [spb_accordion_tab title=&#8220;Italienisch + Kunst&#8220; accordion_id=&#8220;&#8220; icon=&#8220;&#8220;] [spb_text_block title=&#8220;10 + 20 Stunden pro Woche&#8220; pb_margin_bottom=&#8220;no&#8220; pb_border_bottom=&#8220;no&#8220; width=&#8220;1\/1&#8243; el_position=&#8220;first last&#8220;]\n<p>LA1+, 1 Woche, 10 Lektionen italienische Sprache + 20 Stunden Zeichnen und Maltechniken, \u20ac495<br \/>\nLA2+, 2 Wochen, 20 Lektionen italienische Sprache + 40 Stunden Zeichnen und Maltechniken, \u20ac865<br \/>\nLA3+, 3 Wochen, 30 Lektionen italienische Sprache + 60 Stunden Zeichnen und Maltechniken, \u20ac1195<br \/>\nLA4+, 4 Wochen, 40 Lektionen italienische Sprache + 80 Stunden Zeichnen und Maltechniken, \u20ac1535<br \/>\nLA8+, 8 Wochen, 80 Lektionen italienische Sprache + 160 Stunden Zeichnen und Maltechniken, \u20ac2855<br \/>\nLA12+, 12 Wochen, 120 Lektionen italienische Sprache + 240 Stunden Zeichnen und Maltechniken, \u20ac4245<\/p>\n[\/spb_text_block] [spb_text_block title=&#8220;10 + 14 Stunden pro Woche&#8220; pb_margin_bottom=&#8220;no&#8220; pb_border_bottom=&#8220;no&#8220; width=&#8220;1\/1&#8243; el_position=&#8220;first last&#8220;]\n<p>LA1, 1 Woche, 10 Lektionen italienische Sprache + 14 Stunden Zeichnen und Maltechniken, \u20ac455<br \/>\nLA2, 2 Wochen, 20 Lektionen italienische Sprache + 28 Stunden Zeichnen und Maltechniken, \u20ac795<br \/>\nLA3, 3 Wochen, 30 Lektionen italienische Sprache + 42 Stunden Zeichnen und Maltechniken, \u20ac1175<br \/>\nLA4, 4 Wochen, 40 Lektionen italienische Sprache + 56 Stunden Zeichnen und Maltechniken, \u20ac1255<br \/>\nLA8, 8 Wochen, 80 Lektionen italienische Sprache + 112 Stunden Zeichnen und Maltechniken, \u20ac2385<br \/>\nLA12, 12 Wochen, 120 Lektionen italienische Sprache + 168 Stunden Zeichnen und Maltechniken, \u20ac2465<\/p>\n[\/spb_text_block] [\/spb_accordion_tab] [spb_accordion_tab title=&#8220;Bitte beachten Sie, dass&#8220; accordion_id=&#8220;&#8220; icon=&#8220;&#8220;] [spb_text_block pb_margin_bottom=&#8220;no&#8220; pb_border_bottom=&#8220;no&#8220; width=&#8220;1\/1&#8243; el_position=&#8220;first last&#8220;]\n<p>1 Lektion italienische Sprache = 45 Minuten<br \/>\n1 Stunde Zeichnen und Malen = 60 Minuten<\/p>\n[\/spb_text_block] [\/spb_accordion_tab] [spb_accordion_tab title=&#8220;Kurspreis beinhaltet&#8220; accordion_id=&#8220;&#8220; icon=&#8220;&#8220;] [spb_text_block pb_margin_bottom=&#8220;no&#8220; pb_border_bottom=&#8220;no&#8220; width=&#8220;1\/1&#8243; el_position=&#8220;first last&#8220;]\n<p>Italienisches Kursmaterial (Kunstmaterial ist nicht enthalten)<br \/>\nBewertungstest und Abschlusspr\u00fcfung<br \/>\nEin Zertifikat am Ende des Kurses<\/p>\n[\/spb_text_block] [\/spb_accordion_tab] [spb_accordion_tab title=&#8220;Termine&#8220; accordion_id=&#8220;termine&#8220; icon=&#8220;&#8220;] [spb_text_block pb_margin_bottom=&#8220;no&#8220; pb_border_bottom=&#8220;no&#8220; width=&#8220;1\/1&#8243; el_position=&#8220;first last&#8220;]\n<p>Unsere Kurse bieten flexible Starttermine, die sich Ihrem Zeitplan anpassen.<\/p>\n<ul>\n<li>Wenn Sie bereits \u00fcber Italienischkenntnisse verf\u00fcgen, k\u00f6nnen Sie Ihr Kunst+Italienisch-Programm an jedem Montag beginnen.<\/li>\n<li>Wenn Sie noch keine Italienischkenntnisse haben, k\u00f6nnen Sie jeden ersten Montag im Monat bei uns einsteigen.<\/li>\n<\/ul>\n<p>Manchmal bieten wir zus\u00e4tzliche Starttermine an. Bitte kontaktieren Sie uns f\u00fcr weitere Informationen zur Verf\u00fcgbarkeit.<\/p>\n[\/spb_text_block] [\/spb_accordion_tab] [\/spb_accordion] [\/spb_column] [spb_column width=&#8220;1\/3&#8243; el_position=&#8220;last&#8220;] [spb_single_image image=&#8220;8068&#8243; image_size=&#8220;full&#8220; frame=&#8220;noframe&#8220; intro_animation=&#8220;none&#8220; full_width=&#8220;no&#8220; lightbox=&#8220;no&#8220; link_target=&#8220;_self&#8220; width=&#8220;1\/1&#8243; el_position=&#8220;first last&#8220;] [spb_single_image image=&#8220;13499&#8243; image_size=&#8220;full&#8220; frame=&#8220;noframe&#8220; intro_animation=&#8220;none&#8220; full_width=&#8220;no&#8220; lightbox=&#8220;yes&#8220; image_link=&#8220;https:\/\/adg.it\/en\/product\/italian-language-and-art-classes\/&#8220; link_target=&#8220;_self&#8220; caption=&#8220;Italianish + Kunst&#8220; width=&#8220;1\/1&#8243; el_position=&#8220;first last&#8220;] [spb_text_block title=&#8220;Kontaktieren Sie uns&#8220; pb_margin_bottom=&#8220;no&#8220; pb_border_bottom=&#8220;no&#8220; width=&#8220;1\/1&#8243; el_position=&#8220;first last&#8220;]\n<div class=\"wpforms-container wpforms-container-full\" id=\"wpforms-18575\"><form id=\"wpforms-form-18575\" class=\"wpforms-validate wpforms-form wpforms-ajax-form\" data-formid=\"18575\" method=\"post\" enctype=\"multipart\/form-data\" action=\"\/de\/wp-json\/wp\/v2\/pages\/8832\" data-token=\"0e0bc2db261e8c672a38d7743f203418\" data-token-time=\"1776507344\"><noscript class=\"wpforms-error-noscript\">Bitte aktiviere JavaScript in deinem Browser, um dieses Formular fertigzustellen.<\/noscript><div class=\"wpforms-field-container\"><div id=\"wpforms-18575-field_6-container\" class=\"wpforms-field wpforms-field-name\" data-field-id=\"6\"><label class=\"wpforms-field-label\">Name <span class=\"wpforms-required-label\">*<\/span><\/label><div class=\"wpforms-field-row wpforms-field-large\"><div class=\"wpforms-field-row-block wpforms-first wpforms-one-half\"><input type=\"text\" id=\"wpforms-18575-field_6\" class=\"wpforms-field-name-first wpforms-field-required\" name=\"wpforms[fields][6][first]\" placeholder=\"Ihr Vorname\" required><label for=\"wpforms-18575-field_6\" class=\"wpforms-field-sublabel after\">First<\/label><\/div><div class=\"wpforms-field-row-block wpforms-one-half\"><input type=\"text\" id=\"wpforms-18575-field_6-last\" class=\"wpforms-field-name-last wpforms-field-required\" name=\"wpforms[fields][6][last]\" placeholder=\"Ihr Familienname\" required><label for=\"wpforms-18575-field_6-last\" class=\"wpforms-field-sublabel after\">Last<\/label><\/div><\/div><\/div><div id=\"wpforms-18575-field_1-container\" class=\"wpforms-field wpforms-field-email\" data-field-id=\"1\"><label class=\"wpforms-field-label\" for=\"wpforms-18575-field_1\">E-Mail <span class=\"wpforms-required-label\">*<\/span><\/label><input type=\"email\" id=\"wpforms-18575-field_1\" class=\"wpforms-field-large wpforms-field-required\" name=\"wpforms[fields][1]\" placeholder=\"Ihre E-Mail\" spellcheck=\"false\" required><\/div><div id=\"wpforms-18575-field_2-container\" class=\"wpforms-field wpforms-field-textarea\" data-field-id=\"2\"><label class=\"wpforms-field-label\" for=\"wpforms-18575-field_2\">Nachricht <span class=\"wpforms-required-label\">*<\/span><\/label><textarea id=\"wpforms-18575-field_2\" class=\"wpforms-field-medium wpforms-field-required\" name=\"wpforms[fields][2]\" placeholder=\"Schreiben Sie hier Ihre Nachricht\" required><\/textarea><\/div><\/div><!-- .wpforms-field-container --><div class=\"wpforms-field wpforms-field-hp\"><label for=\"wpforms-18575-field-hp\" class=\"wpforms-field-label\">Comment<\/label><input type=\"text\" name=\"wpforms[hp]\" id=\"wpforms-18575-field-hp\" class=\"wpforms-field-medium\"><\/div><div class=\"wpforms-submit-container\" ><input type=\"hidden\" name=\"wpforms[id]\" value=\"18575\"><input type=\"hidden\" name=\"page_title\" value=\"\"><input type=\"hidden\" name=\"page_url\" value=\"https:\/\/adg.it\/de\/wp-json\/wp\/v2\/pages\/8832\"><input type=\"hidden\" name=\"url_referer\" value=\"\"><button type=\"submit\" name=\"wpforms[submit]\" id=\"wpforms-submit-18575\" class=\"wpforms-submit\" data-alt-text=\"Senden...\" data-submit-text=\"Senden\" aria-live=\"assertive\" value=\"wpforms-submit\">Senden<\/button><img loading=\"lazy\" decoding=\"async\" src=\"https:\/\/adg.it\/wp-content\/plugins\/wpforms\/assets\/images\/submit-spin.svg\" class=\"wpforms-submit-spinner\" style=\"display: none;\" width=\"26\" height=\"26\" alt=\"Wird geladen\"><\/div><\/form><\/div>  <!-- .wpforms-container -->\n[\/spb_text_block] [testimonial title=&#8220;Referenzen&#8220; text_size=&#8220;normal&#8220; item_count=&#8220;2&#8243; order=&#8220;rand&#8220; category=&#8220;italian-group&#8220; pagination=&#8220;no&#8220; page_link=&#8220;no&#8220; width=&#8220;1\/1&#8243; el_position=&#8220;first last&#8220;] [\/spb_column]<\/p>\n","protected":false},"excerpt":{"rendered":"<p>[spb_column width=&#8220;2\/3&#8243; el_position=&#8220;first&#8220;] [spb_text_block title=&#8220;Italienisch + Kunst&#8220; pb_margin_bottom=&#8220;no&#8220; pb_border_bottom=&#8220;no&#8220; width=&#8220;1\/1&#8243; el_position=&#8220;first last&#8220;] Unsere Italienischkurse finden in einer ruhigen Gegend des Stadtzentrums statt. Unsere Klassen sind klein weil wir der Meinung sind, dass kleine Klassengr\u00f6\u00dfen unerl\u00e4sslich sind, um den Lernprozess zu erleichtern und sicherzustellen, dass der Schwerpunkt auf die Lernanforderungen des einzelnen Sch\u00fclers gelegt wird und darauf, ihm bei der \u00dcberwindung [&hellip;]<\/p>\n","protected":false},"author":27,"featured_media":8070,"parent":0,"menu_order":0,"comment_status":"closed","ping_status":"closed","template":"","meta":{"_joinchat":[],"footnotes":""},"class_list":["post-8832","page","type-page","status-publish","has-post-thumbnail","hentry"],"aioseo_notices":[],"_links":{"self":[{"href":"https:\/\/adg.it\/de\/wp-json\/wp\/v2\/pages\/8832","targetHints":{"allow":["GET"]}}],"collection":[{"href":"https:\/\/adg.it\/de\/wp-json\/wp\/v2\/pages"}],"about":[{"href":"https:\/\/adg.it\/de\/wp-json\/wp\/v2\/types\/page"}],"author":[{"embeddable":true,"href":"https:\/\/adg.it\/de\/wp-json\/wp\/v2\/users\/27"}],"replies":[{"embeddable":true,"href":"https:\/\/adg.it\/de\/wp-json\/wp\/v2\/comments?post=8832"}],"version-history":[{"count":3,"href":"https:\/\/adg.it\/de\/wp-json\/wp\/v2\/pages\/8832\/revisions"}],"predecessor-version":[{"id":21760,"href":"https:\/\/adg.it\/de\/wp-json\/wp\/v2\/pages\/8832\/revisions\/21760"}],"wp:featuredmedia":[{"embeddable":true,"href":"https:\/\/adg.it\/de\/wp-json\/wp\/v2\/media\/8070"}],"wp:attachment":[{"href":"https:\/\/adg.it\/de\/wp-json\/wp\/v2\/media?parent=8832"}],"curies":[{"name":"wp","href":"https:\/\/api.w.org\/{rel}","templated":true}]}}