{"id":8792,"date":"2015-06-03T08:51:22","date_gmt":"2015-06-03T08:51:22","guid":{"rendered":"http:\/\/wp.adg.it\/?page_id=8792"},"modified":"2018-07-26T08:10:52","modified_gmt":"2018-07-26T08:10:52","slug":"italienisch-lernen-in-florenz","status":"publish","type":"page","link":"https:\/\/adg.it\/de\/italienisch-lernen-in-florenz\/","title":{"rendered":"Italienisch lernen in Florenz"},"content":{"rendered":"[spb_accordion width=&#8220;3\/4&#8243; el_position=&#8220;first last&#8220;] [spb_accordion_tab title=&#8220;Italianische Sprachkurse&#8220; accordion_id=&#8220;&#8220; icon=&#8220;&#8220;] [spb_text_block pb_margin_bottom=&#8220;no&#8220; pb_border_bottom=&#8220;no&#8220; width=&#8220;1\/1&#8243; el_position=&#8220;first last&#8220;]\n<p>Die Italienische Sprachkurse finden von Montag bis Freitag von 9:30 bis 13:30 Uhr statt, wie im Stundenplan zu ersehen ist.<\/p>\n<p>Am Anfang jedes Kurses wird ein m\u00fcndlicher und schriftlicher Test abgehalten, um die italienische Kenntnisse der einzelnen Studierenden zu pr\u00fcfen, und um konsequente homogene Klassen zu strukturieren, in denen die Teilnehmer auf dem gleichen sprachlichen Niveau sind.<\/p>\n<p>Die Kurse sind in 7 Stufen eingeteilt: Anf\u00e4nger, Grundstufe 1, Grundstufe 2, Mittelstufe 1, Mittelstufe 2, Fortbildung 1 und Fortbildung 2. Nach dem &#8222;Gemeinsamen Europ\u00e4ischen Referenzrahmen f\u00fcr Sprachen: lernen, lehren, beurteilen&#8220;.<\/p>\n<p>&nbsp;<\/p>\n[\/spb_text_block] [\/spb_accordion_tab] [spb_accordion_tab title=&#8220;Zeugnisse und Bescheinigungen&#8220; accordion_id=&#8220;&#8220; icon=&#8220;&#8220;] [spb_text_block pb_margin_bottom=&#8220;no&#8220; pb_border_bottom=&#8220;no&#8220; width=&#8220;1\/1&#8243; el_position=&#8220;first last&#8220;]\n<p>Die Accademia del Giglio erteilt folgende Zeugnisse:<\/p>\n<ul>\n<li>Teilnahmebescheinigung, (am Ende jedes Kurses) in der der Lehrer seine Leistungsbewertung mitteilt.<\/li>\n<li>\u00abBescheinigung der Accademia del Giglio\u00bb, nachdem der Sch\u00fcler f\u00fcr wenigstens drei Monate einen intensiven Sprachkurs besucht hat und die Fortgeschrittenenpr\u00fcfung bestanden hat.<\/li>\n<\/ul>\n[\/spb_text_block] [\/spb_accordion_tab] [\/spb_accordion] [spb_column width=&#8220;3\/4&#8243; el_position=&#8220;first last&#8220;] [spb_single_image image=&#8220;6815&#8243; image_size=&#8220;full&#8220; frame=&#8220;glowframe&#8220; intro_animation=&#8220;none&#8220; full_width=&#8220;no&#8220; lightbox=&#8220;no&#8220; image_link=&#8220;https:\/\/adg.it\/de\/italienisch-lernen-in-gruppen&#8220; link_target=&#8220;_self&#8220; width=&#8220;1\/3&#8243; el_position=&#8220;first&#8220;] [spb_text_block title=&#8220;Maximal 7 Studierende&#8220; pb_margin_bottom=&#8220;no&#8220; pb_border_bottom=&#8220;no&#8220; width=&#8220;2\/3&#8243; el_position=&#8220;last&#8220;]\n<p style=\"text-align: center;\">In diesen kleinen Gruppen wird die Qualit\u00e4t des Unterrichtes gesteigert, weil jeder Teilnehmer die M\u00f6glichkeit hat, viel mehr Konversation zu betreiben und ihm so besser bei seinen eventuellen Schwierigkeiten geholfen werden kann.<\/p>\n<p style=\"text-align: center;\"><a class=\"sf-button standard blue standard  dropshadow\" href=\"https:\/\/adg.it\/de\/italienisch-lernen-in-gruppen\" target=\"_self\"><span class=\"text\">Weitere Informationen<\/span><\/a><\/p>\n[\/spb_text_block] [\/spb_column] [blank_spacer height=&#8220;30px&#8220; width=&#8220;3\/4&#8243; el_position=&#8220;first last&#8220;] [spb_column width=&#8220;3\/4&#8243; el_position=&#8220;first last&#8220;] [spb_single_image image=&#8220;11207&#8243; image_size=&#8220;full&#8220; frame=&#8220;glowframe&#8220; intro_animation=&#8220;none&#8220; full_width=&#8220;no&#8220; lightbox=&#8220;no&#8220; image_link=&#8220;https:\/\/adg.it\/de\/individuelle-sprachkurse&#8220; link_target=&#8220;_self&#8220; width=&#8220;1\/3&#8243; el_position=&#8220;first&#8220;] [spb_text_block title=&#8220;Individuelle Sprachkurse&#8220; pb_margin_bottom=&#8220;no&#8220; pb_border_bottom=&#8220;no&#8220; width=&#8220;2\/3&#8243; el_position=&#8220;last&#8220;]\n<p style=\"text-align: center;\">Wenn Sie, der einen individuellen Kurs w\u00e4hlen, bekommen Sie einen Unterricht, der komplett nach Ihren pers\u00f6nlichen W\u00fcnschen und Bed\u00fcrfnissen gestaltet ist.<\/p>\n<p style=\"text-align: center;\"><a class=\"sf-button standard blue standard  dropshadow\" href=\"https:\/\/adg.it\/de\/individuelle-sprachkurse\" target=\"_self\"><span class=\"text\">Weitere Informationen<\/span><\/a><\/p>\n[\/spb_text_block] [\/spb_column] [blank_spacer height=&#8220;30px&#8220; width=&#8220;3\/4&#8243; el_position=&#8220;first last&#8220;] [spb_column width=&#8220;3\/4&#8243; el_position=&#8220;first last&#8220;] [spb_single_image image=&#8220;7633&#8243; image_size=&#8220;full&#8220; frame=&#8220;glowframe&#8220; intro_animation=&#8220;none&#8220; full_width=&#8220;no&#8220; lightbox=&#8220;no&#8220; image_link=&#8220;https:\/\/adg.it\/de\/spezialkurse-im-italienischen&#8220; link_target=&#8220;_self&#8220; width=&#8220;1\/3&#8243; el_position=&#8220;first&#8220;] [spb_text_block title=&#8220;Spezialisierte Italienischkurse&#8220; pb_margin_bottom=&#8220;no&#8220; pb_border_bottom=&#8220;no&#8220; width=&#8220;2\/3&#8243; el_position=&#8220;last&#8220;]\n<p style=\"text-align: center;\">Um die Entwicklung besonderer Sprachf\u00e4higkeiten und die Erweiterung des Wortschatzes in einen Spezialgebiet zu f\u00f6rdern, bieten wir Ihnen zus\u00e4tzlich zu unserem Angebot folgende Kurse an:<\/p>\n<p style=\"text-align: center;\"><a class=\"sf-button standard blue standard  dropshadow\" href=\"https:\/\/adg.it\/de\/spezialkurse-im-italienischen\" target=\"_self\"><span class=\"text\">Weitere Informationen<\/span><\/a><\/p>\n[\/spb_text_block] [\/spb_column] [blank_spacer height=&#8220;30px&#8220; width=&#8220;3\/4&#8243; el_position=&#8220;first last&#8220;] [spb_column width=&#8220;3\/4&#8243; el_position=&#8220;first last&#8220;] [spb_single_image image=&#8220;8049&#8243; image_size=&#8220;full&#8220; frame=&#8220;glowframe&#8220; intro_animation=&#8220;none&#8220; full_width=&#8220;no&#8220; lightbox=&#8220;no&#8220; image_link=&#8220;https:\/\/adg.it\/de\/hausunterricht&#8220; link_target=&#8220;_self&#8220; width=&#8220;1\/3&#8243; el_position=&#8220;first&#8220;] [spb_text_block title=&#8220;Hausunterricht &#8211; Studieren an Ihrem Lehrer zu Hause&#8220; pb_margin_bottom=&#8220;no&#8220; pb_border_bottom=&#8220;no&#8220; width=&#8220;2\/3&#8243; el_position=&#8220;last&#8220;]\n<p style=\"text-align: center;\">Wenn Sie etwas Anderes und etwas ganz Spezielles suchen, sollten Sie sich Hausunterricht in Italienisch \u00fcberlegen.<\/p>\n<p style=\"text-align: center;\"><a class=\"sf-button standard blue standard  dropshadow\" href=\"https:\/\/adg.it\/de\/hausunterricht\" target=\"_self\"><span class=\"text\">Weitere informationen<\/span><\/a><\/p>\n[\/spb_text_block] [\/spb_column] [blank_spacer height=&#8220;30px&#8220; width=&#8220;3\/4&#8243; el_position=&#8220;first last&#8220;] [spb_column width=&#8220;3\/4&#8243; el_position=&#8220;first last&#8220;] [spb_single_image image=&#8220;7648&#8243; image_size=&#8220;full&#8220; frame=&#8220;glowframe&#8220; intro_animation=&#8220;none&#8220; full_width=&#8220;no&#8220; lightbox=&#8220;no&#8220; image_link=&#8220;https:\/\/adg.it\/it\/corso-di-italiano-on-line&#8220; link_target=&#8220;_self&#8220; width=&#8220;1\/3&#8243; el_position=&#8220;first&#8220;] [spb_text_block title=&#8220;Online Italienische Sprachkurse&#8220; pb_margin_bottom=&#8220;no&#8220; pb_border_bottom=&#8220;no&#8220; width=&#8220;2\/3&#8243; el_position=&#8220;last&#8220;]\n<p style=\"text-align: center;\">Wenn Sie nicht in Italien kommen k\u00f6nnen, oder wenn Sie in Italien einen Sprachkurs bescucht haben und jetzt in Ihrem Land Italienisch weiterlernen m\u00f6chten&#8230;<\/p>\n<p style=\"text-align: center;\"><a class=\"sf-button standard blue standard  dropshadow\" href=\"https:\/\/adg.it\/it\/corso-di-italiano-on-line\" target=\"_self\"><span class=\"text\">Informationen auf Italienisch<\/span><\/a><\/p>\n[\/spb_text_block] [\/spb_column] [blank_spacer height=&#8220;30px&#8220; width=&#8220;3\/4&#8243; el_position=&#8220;first last&#8220;] [spb_column width=&#8220;3\/4&#8243; el_position=&#8220;first last&#8220;] [spb_single_image image=&#8220;9577&#8243; image_size=&#8220;full&#8220; frame=&#8220;glowframe&#8220; intro_animation=&#8220;none&#8220; full_width=&#8220;no&#8220; lightbox=&#8220;no&#8220; image_link=&#8220;https:\/\/adg.it\/it\/corso-insegnanti-italiano-l2\/&#8220; link_target=&#8220;_self&#8220; width=&#8220;1\/3&#8243; el_position=&#8220;first&#8220;] [spb_text_block title=&#8220;Kurse f\u00fcr Lehrer&#8220; pb_margin_bottom=&#8220;no&#8220; pb_border_bottom=&#8220;no&#8220; width=&#8220;2\/3&#8243; el_position=&#8220;last&#8220;]\n<p style=\"text-align: center;\">Die Accademia del Giglio veranstelt\u00a0Seminare f\u00fcr Lehrer, die Italienisch als Fremdsprache unterrichten, und die ihre Bem\u00fchungen auf die Nutzung und Entwicklung neuer Technologien in der Lehre und auf die Verwendung der Fernlehre konzentrieren wollen.<\/p>\n<p style=\"text-align: center;\"><a class=\"sf-button standard blue standard  dropshadow\" href=\"https:\/\/adg.it\/it\/corso-insegnanti-italiano-l2\/\" target=\"_self\"><span class=\"text\">Informationen auf Italienisch<\/span><\/a><\/p>\n[\/spb_text_block] [\/spb_column] [blank_spacer height=&#8220;30px&#8220; width=&#8220;3\/4&#8243; el_position=&#8220;first last&#8220;]\n","protected":false},"excerpt":{"rendered":"<p>[spb_accordion width=&#8220;3\/4&#8243; el_position=&#8220;first last&#8220;] [spb_accordion_tab title=&#8220;Italianische Sprachkurse&#8220; accordion_id=&#8220;&#8220; icon=&#8220;&#8220;] [spb_text_block pb_margin_bottom=&#8220;no&#8220; pb_border_bottom=&#8220;no&#8220; width=&#8220;1\/1&#8243; el_position=&#8220;first last&#8220;] Die Italienische Sprachkurse finden von Montag bis Freitag von 9:30 bis 13:30 Uhr statt, wie im Stundenplan zu ersehen ist. Am Anfang jedes Kurses wird ein m\u00fcndlicher und schriftlicher Test abgehalten, um die italienische Kenntnisse der einzelnen Studierenden zu pr\u00fcfen, und um konsequente homogene Klassen [&hellip;]<\/p>\n","protected":false},"author":27,"featured_media":0,"parent":0,"menu_order":0,"comment_status":"closed","ping_status":"closed","template":"","meta":{"_joinchat":[],"footnotes":""},"class_list":["post-8792","page","type-page","status-publish","hentry"],"aioseo_notices":[],"_links":{"self":[{"href":"https:\/\/adg.it\/de\/wp-json\/wp\/v2\/pages\/8792","targetHints":{"allow":["GET"]}}],"collection":[{"href":"https:\/\/adg.it\/de\/wp-json\/wp\/v2\/pages"}],"about":[{"href":"https:\/\/adg.it\/de\/wp-json\/wp\/v2\/types\/page"}],"author":[{"embeddable":true,"href":"https:\/\/adg.it\/de\/wp-json\/wp\/v2\/users\/27"}],"replies":[{"embeddable":true,"href":"https:\/\/adg.it\/de\/wp-json\/wp\/v2\/comments?post=8792"}],"version-history":[{"count":0,"href":"https:\/\/adg.it\/de\/wp-json\/wp\/v2\/pages\/8792\/revisions"}],"wp:attachment":[{"href":"https:\/\/adg.it\/de\/wp-json\/wp\/v2\/media?parent=8792"}],"curies":[{"name":"wp","href":"https:\/\/api.w.org\/{rel}","templated":true}]}}