{"id":8735,"date":"2015-06-01T13:09:09","date_gmt":"2015-06-01T13:09:09","guid":{"rendered":"http:\/\/wp.adg.it\/?page_id=8735"},"modified":"2018-07-26T08:25:33","modified_gmt":"2018-07-26T08:25:33","slug":"kunstgeschichtekurse","status":"publish","type":"page","link":"https:\/\/adg.it\/de\/kunstgeschichtekurse\/","title":{"rendered":"Kunstgeschichtekurse"},"content":{"rendered":"<p>[spb_column width=&#8220;3\/4&#8243; el_position=&#8220;first last&#8220;] [spb_text_block title=&#8220;Individuelle oder Gruppenkurse&#8220; pb_margin_bottom=&#8220;no&#8220; pb_border_bottom=&#8220;no&#8220; width=&#8220;1\/1&#8243; el_position=&#8220;first last&#8220;]\n<p>Warum bieten wir Ihnen einen Kunstgeschichtekurs? Florenz ist durch seine weltber\u00fchmten Kulturdenkm\u00e4ler quasi ein \u201cOpen-Air\u201d-Museum. Als solches sollte es von unseren Sch\u00fclern mit Hilfe der Lehrer erfahren und entdeckt werden. Deswegen ist der Kurs als Reise zur Wiederentdeckung der visuellen K\u00fcnste (Malerei und Bildhauerei) des Mittelalters und der Renaissance in der Toskana vorgesehen, und gleichzeitig als Grunderfahrung f\u00fcr eine erste Ann\u00e4herung mit den Kunstwerken und ihren vielf\u00e4ltigen Interpretationsm\u00f6glichkeiten.<\/p>\n[\/spb_text_block] [sf_gallery gallery_id=&#8220;11498&#8243; slider_transition=&#8220;slide&#8220; show_thumbs=&#8220;yes&#8220; autoplay=&#8220;yes&#8220; show_captions=&#8220;yes&#8220; enable_lightbox=&#8220;no&#8220; width=&#8220;1\/1&#8243; el_position=&#8220;first last&#8220;] [spb_accordion width=&#8220;1\/1&#8243; el_position=&#8220;first last&#8220;] [spb_accordion_tab title=&#8220;Die Renaissance im Florenz (SA)&#8220; accordion_id=&#8220;die-renaissance-im-florenz&#8211;sa-&#8220; icon=&#8220;&#8220;] [spb_text_block pb_margin_bottom=&#8220;no&#8220; pb_border_bottom=&#8220;no&#8220; width=&#8220;1\/1&#8243; el_position=&#8220;first last&#8220;]\n<p>Ein 16-st\u00fcndiges Seminar \u00fcber Kunstgeschichte: \u201cVon Giotto bis zum Manierismus\u201d und \u201cdie Renaissance in Florenz und in Italien\u201d. Dieser Kurs analysiert die wichtigsten kunstgeschichtlichen Themen vom XIV. bis zum XVI. Jahrhundert, sowie die gr\u00f6\u00dften K\u00fcnstler der Zeit wie Botticelli, Leonardo und Michelangelo. Die Lektionen in der Schule werden mit Besichtigungen der Florentiner Museen und Denkm\u00e4ler mit F\u00fchrung begleitet. Jede Woche sind zwei Lektionen (die jeweils eine Stunde dauern) und zwei Besichtigungen mit F\u00fchrung (die jeweils zwei Stunden dauern) vorgesehen. Innerhalb von vier Wochen wird der Studierende die M\u00f6glichkeit haben, die Gem\u00e4ldegalerie der Uffizien, das Nationalmuseum Bargello, das Kunstmuseum der Akademie, die Medici-Kapellen, die palatinische Galerie, die Kirche von Santa Maria Novella und die Kirche von S. Croce zu besichtigen.<\/p>\n<p>Weitere Informationen auf <a href=\"https:\/\/adg.it\/en\/art-history-courses\/the-renaissance-in-florence\/\">Englisch<\/a> und <a href=\"https:\/\/adg.it\/it\/corsi-storia-arte\/rinascimento\/\">Italien<\/a>.<\/p>\n[\/spb_text_block] [\/spb_accordion_tab] [spb_accordion_tab title=&#8220;Der italienische Garten und toskanische Villen (SGV)&#8220; accordion_id=&#8220;der-italienische-garten-und-toskanische-villen&#8211;sgv-&#8220; icon=&#8220;&#8220;] [spb_text_block pb_margin_bottom=&#8220;no&#8220; pb_border_bottom=&#8220;no&#8220; width=&#8220;1\/1&#8243; el_position=&#8220;first last&#8220;]\n<p>In diesem Kurs werden wir entdecken\u00a0die ber\u00fchmte alte G\u00e4rten von Florenz und einige der wichtigsten Medici-Villen in der N\u00e4he der Stadt. Sie werden die\u00a0Geschichte der italienischen Gartenkunst lernen.<\/p>\n<p>Weitere Informationen auf <a href=\"https:\/\/adg.it\/en\/art-history-courses\/italian-garden-tuscan-villas\/\">Englisch<\/a> und <a href=\"https:\/\/adg.it\/it\/corsi-storia-arte\/giardini-e-ville\/\">Italien<\/a>.<\/p>\n[\/spb_text_block] [\/spb_accordion_tab] [spb_accordion_tab title=&#8220;Geschichte der italienischen Mode (SIM)&#8220; accordion_id=&#8220;geschichte-der-italienischen-mode&#8211;sim-&#8220; icon=&#8220;&#8220;] [spb_text_block pb_margin_bottom=&#8220;no&#8220; pb_border_bottom=&#8220;no&#8220; width=&#8220;1\/1&#8243; el_position=&#8220;first last&#8220;]\n<p>Die Herkunft und die Entwicklung der italienischen Mode. Die Mode in den italienischen Gem\u00e4lden. F\u00fchrungen ins Museum Ferragamo, der ber\u00fchmte Modesch\u00f6pfer, und ins Museum vom Gewebe in Prato.<\/p>\n<p>Weitere Informationen auf <a href=\"https:\/\/adg.it\/en\/art-history-courses\/history-of-italian-fashion\/\">Englisch<\/a> und <a href=\"https:\/\/adg.it\/it\/corsi-storia-arte\/moda\/\">Italien<\/a>.<\/p>\n[\/spb_text_block] [\/spb_accordion_tab] [spb_accordion_tab title=&#8220;Ein Tag von Italienischer Kunstgeschichte\u00a0(OD)&#8220; accordion_id=&#8220;ein-tag-von-italienischer-kunstgeschichte&#8211;od-&#8220; icon=&#8220;&#8220;] [spb_text_block pb_margin_bottom=&#8220;no&#8220; pb_border_bottom=&#8220;no&#8220; width=&#8220;1\/1&#8243; el_position=&#8220;first last&#8220;]\n<p>Sehr intensive Kunstegeschichtekurse, die nur ein Tag dauern, und w\u00e4hrend deren k\u00f6nnen sie die ber\u00fchmste Museen und Monumenten von Florenz mit einem von unseren Lehrer besichtigen k\u00f6nnen.<\/p>\n<p>Weitere Informationen auf <a href=\"https:\/\/adg.it\/en\/art-history-courses\/one-day-classes\/\">Englisch<\/a> und <a href=\"https:\/\/adg.it\/it\/corsi-storia-arte\/corso-di-un-giorno\/\">Italien<\/a>.<\/p>\n[\/spb_text_block] [\/spb_accordion_tab] [\/spb_accordion] [boxed_content type=&#8220;coloured&#8220; pb_margin_bottom=&#8220;no&#8220; width=&#8220;1\/1&#8243; el_position=&#8220;first last&#8220;]\n<p>Seit 1995 werden alle unsere\u00a0Kurse direkt von unseren qualifizierten und erfahrenen Lehrern in den R\u00e4umen der Schule abgehalten. Wir sind keine Schule, die Kurse anbietet, die von anderen Schulen veranstaltet werden. Deswegen bieten wir nur eine Auswahl von Kursen an, deren Programme im Laufe der Jahre getestet und verbessert worden sind.<\/p>\n[\/boxed_content] [\/spb_column]<\/p>\n","protected":false},"excerpt":{"rendered":"<p>[spb_column width=&#8220;3\/4&#8243; el_position=&#8220;first last&#8220;] [spb_text_block title=&#8220;Individuelle oder Gruppenkurse&#8220; pb_margin_bottom=&#8220;no&#8220; pb_border_bottom=&#8220;no&#8220; width=&#8220;1\/1&#8243; el_position=&#8220;first last&#8220;] Warum bieten wir Ihnen einen Kunstgeschichtekurs? Florenz ist durch seine weltber\u00fchmten Kulturdenkm\u00e4ler quasi ein \u201cOpen-Air\u201d-Museum. Als solches sollte es von unseren Sch\u00fclern mit Hilfe der Lehrer erfahren und entdeckt werden. Deswegen ist der Kurs als Reise zur Wiederentdeckung der visuellen K\u00fcnste (Malerei und Bildhauerei) des Mittelalters und [&hellip;]<\/p>\n","protected":false},"author":27,"featured_media":0,"parent":0,"menu_order":0,"comment_status":"closed","ping_status":"closed","template":"","meta":{"_joinchat":[],"footnotes":""},"class_list":["post-8735","page","type-page","status-publish","hentry"],"aioseo_notices":[],"_links":{"self":[{"href":"https:\/\/adg.it\/de\/wp-json\/wp\/v2\/pages\/8735","targetHints":{"allow":["GET"]}}],"collection":[{"href":"https:\/\/adg.it\/de\/wp-json\/wp\/v2\/pages"}],"about":[{"href":"https:\/\/adg.it\/de\/wp-json\/wp\/v2\/types\/page"}],"author":[{"embeddable":true,"href":"https:\/\/adg.it\/de\/wp-json\/wp\/v2\/users\/27"}],"replies":[{"embeddable":true,"href":"https:\/\/adg.it\/de\/wp-json\/wp\/v2\/comments?post=8735"}],"version-history":[{"count":0,"href":"https:\/\/adg.it\/de\/wp-json\/wp\/v2\/pages\/8735\/revisions"}],"wp:attachment":[{"href":"https:\/\/adg.it\/de\/wp-json\/wp\/v2\/media?parent=8735"}],"curies":[{"name":"wp","href":"https:\/\/api.w.org\/{rel}","templated":true}]}}