{"id":8603,"date":"2015-05-28T14:34:57","date_gmt":"2015-05-28T14:34:57","guid":{"rendered":"http:\/\/wp.adg.it\/?page_id=8603"},"modified":"2020-04-14T15:40:30","modified_gmt":"2020-04-14T15:40:30","slug":"kurse-fur-schulgruppen","status":"publish","type":"page","link":"https:\/\/adg.it\/de\/kurse-fur-schulgruppen\/","title":{"rendered":"Kurse f\u00fcr Schulgruppen"},"content":{"rendered":"[boxed_content type=&#8220;coloured&#8220; pb_margin_bottom=&#8220;no&#8220; width=&#8220;3\/4&#8243; el_position=&#8220;first last&#8220;]\n<p>Seit 1995 organisiert die Accademia del Giglio italienische Sprach-, Kunst- und Kunstgeschichtekurse f\u00fcr Schulklassen.<\/p>\n[\/boxed_content] [blank_spacer height=&#8220;30px&#8220; width=&#8220;3\/4&#8243; el_position=&#8220;first last&#8220;] [spb_text_block pb_margin_bottom=&#8220;yes&#8220; pb_border_bottom=&#8220;yes&#8220; width=&#8220;3\/4&#8243; el_position=&#8220;first last&#8220;]\n<p>W\u00e4hrend 20 Jahren haben wir mehrere Male mit dem italienischen Abteilung der americanischen Universit\u00e4t &#8222;Bard College&#8220; mitgearbeitet.<\/p>\n<p>Die Universit\u00e4t von Kansas hat uns als Sommerresidenz ihrer\u00a0italienischen Kursen gew\u00e4hlt.<\/p>\n<p>Ausserdem haben\u00a0wir viele italienische Sprach-, Kunst- und Kunstgeschichtekurse f\u00fcr die folgenden Institute organisiert:<\/p>\n<p>Gymnasium Flora Tristan (Frankreich)\u00a0im Rahmen des Erasmus+, das\u00a0F\u00f6rderprogramm der Europ\u00e4ischen Union;<br \/>\nCampion School (UK);<br \/>\nDe La Salle Schulen Marianum (\u00d6sterreich);<br \/>\nNewman College (Australien);<br \/>\nLong Road Sixth Form College (UK);<br \/>\nBlakehurst High School (Australien);<br \/>\nOur Lady of Mercy College (Australien);<br \/>\nBroxbourne School (UK);<br \/>\nSt Andrews (South Africa);<\/p>\n<p><strong>Wir k\u00f6nnen ein\u00a0ma\u00dffertigtes Programm fur Ihre Schulgruppe nach Ihren Anforderungen und Hinweise schaffen.<\/strong><br \/>\n<strong>Bitte, teilen Sie uns Ihre Antr\u00e4ge (Fach\/Thema, Dauer, Periode des gew\u00fcnschten Kurses) mit, und wir werden Sie mit allen Detail des Programmes versorgen.<\/strong><\/p>\n<p>Ausserdem k\u00f6nnen wir zus\u00e4tzliche Aktivit\u00e4ten, wie F\u00fchrungen in Museen in Florenz, Ausfl\u00fcge nach andere St\u00e4dten der Toskana wie Siena, Lucca, San Gimignano.<\/p>\n<p>Alle Kurse werden entweder auf Italienisch oder auf Englisch abgehalten.<\/p>\n<p>Wenn Sie brauchen, kann sich unsere\u00a0Schule auch darum k\u00fcmmern, Ihrer Gruppe eine gute Unterkunft zu vermitteln.<\/p>\n<p>Auf dieser\u00a0Seite finden Sie einige Beispiele von Kursen, die wir Ihnen anbieten k\u00f6nnen.<\/p>\n[\/spb_text_block] [spb_column width=&#8220;3\/4&#8243; el_position=&#8220;first last&#8220;] [spb_single_image image=&#8220;6815&#8243; image_size=&#8220;full&#8220; frame=&#8220;glowframe&#8220; intro_animation=&#8220;none&#8220; full_width=&#8220;no&#8220; lightbox=&#8220;no&#8220; link_target=&#8220;_self&#8220; width=&#8220;1\/3&#8243; el_position=&#8220;first&#8220;] [spb_text_block pb_margin_bottom=&#8220;no&#8220; pb_border_bottom=&#8220;no&#8220; width=&#8220;2\/3&#8243; el_position=&#8220;last&#8220;]\n<p><strong>Italienisch Sprachkurse<\/strong>. Ein, zwei oder mehrere Tage, 2, 3 oder 4 Stunden pro Tag, von Montag bis Freitag und auch am Wochenende.<\/p>\n<p>Informationen per E-Mail<\/p>\n[\/spb_text_block] [\/spb_column] [spb_column width=&#8220;3\/4&#8243; el_position=&#8220;first last&#8220;] [spb_single_image image=&#8220;6802&#8243; image_size=&#8220;full&#8220; frame=&#8220;borderframe&#8220; intro_animation=&#8220;none&#8220; full_width=&#8220;no&#8220; lightbox=&#8220;no&#8220; link_target=&#8220;_self&#8220; width=&#8220;1\/3&#8243; el_position=&#8220;first&#8220;] [spb_text_block pb_margin_bottom=&#8220;no&#8220; pb_border_bottom=&#8220;no&#8220; width=&#8220;2\/3&#8243; el_position=&#8220;last&#8220;]\n<p><strong>Kunstkurse,\u00a0<\/strong>Eins, zwei oder mehrere Tage, 2, 3 oder 4 Stunden pro Tag, von Montag bis Freitag und auch am Wochenende.<\/p>\n<p>Informationen per E-Mail<\/p>\n[\/spb_text_block] [\/spb_column] [spb_column width=&#8220;3\/4&#8243; el_position=&#8220;first last&#8220;] [spb_single_image image=&#8220;6897&#8243; image_size=&#8220;full&#8220; frame=&#8220;glowframe&#8220; intro_animation=&#8220;none&#8220; full_width=&#8220;no&#8220; lightbox=&#8220;no&#8220; link_target=&#8220;_self&#8220; width=&#8220;1\/3&#8243; el_position=&#8220;first&#8220;] [spb_text_block pb_margin_bottom=&#8220;no&#8220; pb_border_bottom=&#8220;no&#8220; width=&#8220;2\/3&#8243; el_position=&#8220;last&#8220;]\n<p><strong>Kunstgeschichte Kurse<\/strong>.\u00a0Eins, zwei oder mehrere Tage, 2, 3 oder 4 Stunden pro Tag, von Montag bis Freitag und auch am Wochenende.<\/p>\n<p>Informationen per E-Mail<\/p>\n[\/spb_text_block] [\/spb_column] [spb_column width=&#8220;3\/4&#8243; el_position=&#8220;first last&#8220;] [spb_single_image image=&#8220;6781&#8243; image_size=&#8220;full&#8220; frame=&#8220;glowframe&#8220; intro_animation=&#8220;none&#8220; full_width=&#8220;no&#8220; lightbox=&#8220;no&#8220; link_target=&#8220;_self&#8220; width=&#8220;1\/3&#8243; el_position=&#8220;first&#8220;] [spb_text_block pb_margin_bottom=&#8220;no&#8220; pb_border_bottom=&#8220;no&#8220; width=&#8220;2\/3&#8243; el_position=&#8220;last&#8220;]\n<p><strong>Fresco Werkstatt.\u00a0<\/strong>Eine ausgezeichnete Lektion von 2 Stunden \u00fcber die Technik der Freskomalerei: Geschichte, Theorie und Praxis.<\/p>\n[\/spb_text_block] [\/spb_column] [spb_column width=&#8220;3\/4&#8243; el_position=&#8220;first last&#8220;] [spb_single_image image=&#8220;6891&#8243; image_size=&#8220;full&#8220; frame=&#8220;glowframe&#8220; intro_animation=&#8220;none&#8220; full_width=&#8220;no&#8220; lightbox=&#8220;no&#8220; link_target=&#8220;_self&#8220; width=&#8220;1\/3&#8243; el_position=&#8220;first&#8220;] [spb_text_block pb_margin_bottom=&#8220;no&#8220; pb_border_bottom=&#8220;no&#8220; width=&#8220;2\/3&#8243; el_position=&#8220;last&#8220;]\n<p><strong>Kochkurse<\/strong>. 3 oder 6 Stunden pro Woche: ein Kurs, um die Geheimnisse der italienischen K\u00fcche in einer professionellen K\u00fcche zu entdecken.<\/p>\n<p>Informationen per E-Mail<\/p>\n[\/spb_text_block] [\/spb_column] [spb_column width=&#8220;3\/4&#8243; el_position=&#8220;first last&#8220;] [spb_single_image image=&#8220;13936&#8243; image_size=&#8220;full&#8220; frame=&#8220;glowframe&#8220; intro_animation=&#8220;none&#8220; full_width=&#8220;no&#8220; lightbox=&#8220;no&#8220; link_target=&#8220;_self&#8220; width=&#8220;1\/3&#8243; el_position=&#8220;first&#8220;] [spb_text_block pb_margin_bottom=&#8220;no&#8220; pb_border_bottom=&#8220;no&#8220; width=&#8220;2\/3&#8243; el_position=&#8220;last&#8220;]\n<p><strong>Kombinerte kurse<\/strong>.\u00a0Wir k\u00f6nnen mehrere Programme f\u00fcr kurzes oder langes Zeitraum , die die folgende F\u00e4che zusammenstellen:<\/p>\n<ul>\n<li>Italienische Sprache und Kultur;<\/li>\n<li>Kunstgeschichte;<\/li>\n<li>Pompeji und das alte Rom;<\/li>\n<li>Italienische Literatur;<\/li>\n<li>Geschichte des italienischen Kinos;<\/li>\n<li>Musikgeschichte;<\/li>\n<li>Geschichte der Italienischen Mode<\/li>\n<\/ul>\n<p>Informationen per E-Mail<\/p>\n[\/spb_text_block] [blank_spacer height=&#8220;30px&#8220; width=&#8220;1\/1&#8243; el_position=&#8220;first last&#8220;] [spb_message color=&#8220;alert-info&#8220; width=&#8220;1\/1&#8243; el_position=&#8220;first last&#8220;]\n<p>Die Accademia del Giglio erteilt folgende Zeugnisse:<\/p>\n<ul>\n<li>Teilnahmebescheinigung, (am Ende jedes Kurses) in der der Lehrer seine Leistungsbewertung mitteilt.<\/li>\n<li>\u00abBescheinigung der Accademia del Giglio\u00bb, nachdem der Sch\u00fcler f\u00fcr wenigstens drei Monate einen intensiven Sprach- oder Kunstkurs besucht hat und die Fortgeschrittenenpr\u00fcfung bestanden hat.<\/li>\n<\/ul>\n<p>Die Lehrer der Accademia del Giglio sind immer bereit, auch den Sch\u00fclern zu helfen, die sich f\u00fcr die Aufnahmepr\u00fcfung der Kunstakademie oder anderer italienischen Universit\u00e4ten vorbereiten m\u00f6chten.<\/p>\n[\/spb_message] [fullwidth_text title=&#8220;Kontaktieren Sie uns&#8220; alt_background=&#8220;none&#8220; width=&#8220;1\/1&#8243; el_position=&#8220;first last&#8220;]\n<div class=\"wpforms-container wpforms-container-full\" id=\"wpforms-18575\"><form id=\"wpforms-form-18575\" class=\"wpforms-validate wpforms-form wpforms-ajax-form\" data-formid=\"18575\" method=\"post\" enctype=\"multipart\/form-data\" action=\"\/de\/wp-json\/wp\/v2\/pages\/8603\" data-token=\"b252db015855706f15b22f8d5b6bb94b\" data-token-time=\"1775351042\"><noscript class=\"wpforms-error-noscript\">Bitte aktiviere JavaScript in deinem Browser, um dieses Formular fertigzustellen.<\/noscript><div class=\"wpforms-field-container\"><div id=\"wpforms-18575-field_6-container\" class=\"wpforms-field wpforms-field-name\" data-field-id=\"6\"><label class=\"wpforms-field-label\">Name <span class=\"wpforms-required-label\">*<\/span><\/label><div class=\"wpforms-field-row wpforms-field-large\"><div class=\"wpforms-field-row-block wpforms-first wpforms-one-half\"><input type=\"text\" id=\"wpforms-18575-field_6\" class=\"wpforms-field-name-first wpforms-field-required\" name=\"wpforms[fields][6][first]\" placeholder=\"Ihr Vorname\" required><label for=\"wpforms-18575-field_6\" class=\"wpforms-field-sublabel after\">First<\/label><\/div><div class=\"wpforms-field-row-block wpforms-one-half\"><input type=\"text\" id=\"wpforms-18575-field_6-last\" class=\"wpforms-field-name-last wpforms-field-required\" name=\"wpforms[fields][6][last]\" placeholder=\"Ihr Familienname\" required><label for=\"wpforms-18575-field_6-last\" class=\"wpforms-field-sublabel after\">Last<\/label><\/div><\/div><\/div><div id=\"wpforms-18575-field_1-container\" class=\"wpforms-field wpforms-field-email\" data-field-id=\"1\"><label class=\"wpforms-field-label\" for=\"wpforms-18575-field_1\">E-Mail <span class=\"wpforms-required-label\">*<\/span><\/label><input type=\"email\" id=\"wpforms-18575-field_1\" class=\"wpforms-field-large wpforms-field-required\" name=\"wpforms[fields][1]\" placeholder=\"Ihre E-Mail\" spellcheck=\"false\" required><\/div><div id=\"wpforms-18575-field_2-container\" class=\"wpforms-field wpforms-field-textarea\" data-field-id=\"2\"><label class=\"wpforms-field-label\" for=\"wpforms-18575-field_2\">Nachricht <span class=\"wpforms-required-label\">*<\/span><\/label><textarea id=\"wpforms-18575-field_2\" class=\"wpforms-field-medium wpforms-field-required\" name=\"wpforms[fields][2]\" placeholder=\"Schreiben Sie hier Ihre Nachricht\" required><\/textarea><\/div><\/div><!-- .wpforms-field-container --><div class=\"wpforms-field wpforms-field-hp\"><label for=\"wpforms-18575-field-hp\" class=\"wpforms-field-label\">Email<\/label><input type=\"text\" name=\"wpforms[hp]\" id=\"wpforms-18575-field-hp\" class=\"wpforms-field-medium\"><\/div><div class=\"wpforms-submit-container\" ><input type=\"hidden\" name=\"wpforms[id]\" value=\"18575\"><input type=\"hidden\" name=\"page_title\" value=\"\"><input type=\"hidden\" name=\"page_url\" value=\"https:\/\/adg.it\/de\/wp-json\/wp\/v2\/pages\/8603\"><input type=\"hidden\" name=\"url_referer\" value=\"\"><button type=\"submit\" name=\"wpforms[submit]\" id=\"wpforms-submit-18575\" class=\"wpforms-submit\" data-alt-text=\"Senden...\" data-submit-text=\"Senden\" aria-live=\"assertive\" value=\"wpforms-submit\">Senden<\/button><img loading=\"lazy\" decoding=\"async\" src=\"https:\/\/adg.it\/wp-content\/plugins\/wpforms\/assets\/images\/submit-spin.svg\" class=\"wpforms-submit-spinner\" style=\"display: none;\" width=\"26\" height=\"26\" alt=\"Wird geladen\"><\/div><\/form><\/div>  <!-- .wpforms-container -->\n[\/fullwidth_text] [\/spb_column]<\/p>\n","protected":false},"excerpt":{"rendered":"<p>[boxed_content type=&#8220;coloured&#8220; pb_margin_bottom=&#8220;no&#8220; width=&#8220;3\/4&#8243; el_position=&#8220;first last&#8220;] Seit 1995 organisiert die Accademia del Giglio italienische Sprach-, Kunst- und Kunstgeschichtekurse f\u00fcr Schulklassen. [\/boxed_content] [blank_spacer height=&#8220;30px&#8220; width=&#8220;3\/4&#8243; el_position=&#8220;first last&#8220;] [spb_text_block pb_margin_bottom=&#8220;yes&#8220; pb_border_bottom=&#8220;yes&#8220; width=&#8220;3\/4&#8243; el_position=&#8220;first last&#8220;] W\u00e4hrend 20 Jahren haben wir mehrere Male mit dem italienischen Abteilung der americanischen Universit\u00e4t &#8222;Bard College&#8220; mitgearbeitet. Die Universit\u00e4t von Kansas hat uns als Sommerresidenz ihrer\u00a0italienischen Kursen gew\u00e4hlt. [&hellip;]<\/p>\n","protected":false},"author":27,"featured_media":0,"parent":0,"menu_order":0,"comment_status":"closed","ping_status":"closed","template":"","meta":{"_joinchat":[],"footnotes":""},"class_list":["post-8603","page","type-page","status-publish","hentry"],"aioseo_notices":[],"_links":{"self":[{"href":"https:\/\/adg.it\/de\/wp-json\/wp\/v2\/pages\/8603","targetHints":{"allow":["GET"]}}],"collection":[{"href":"https:\/\/adg.it\/de\/wp-json\/wp\/v2\/pages"}],"about":[{"href":"https:\/\/adg.it\/de\/wp-json\/wp\/v2\/types\/page"}],"author":[{"embeddable":true,"href":"https:\/\/adg.it\/de\/wp-json\/wp\/v2\/users\/27"}],"replies":[{"embeddable":true,"href":"https:\/\/adg.it\/de\/wp-json\/wp\/v2\/comments?post=8603"}],"version-history":[{"count":0,"href":"https:\/\/adg.it\/de\/wp-json\/wp\/v2\/pages\/8603\/revisions"}],"wp:attachment":[{"href":"https:\/\/adg.it\/de\/wp-json\/wp\/v2\/media?parent=8603"}],"curies":[{"name":"wp","href":"https:\/\/api.w.org\/{rel}","templated":true}]}}