{"id":8512,"date":"2015-05-27T11:54:54","date_gmt":"2015-05-27T11:54:54","guid":{"rendered":"http:\/\/wp.adg.it\/?page_id=8512"},"modified":"2025-10-17T10:15:21","modified_gmt":"2025-10-17T10:15:21","slug":"uber-accademia-del-giglio","status":"publish","type":"page","link":"https:\/\/adg.it\/de\/uber-accademia-del-giglio\/","title":{"rendered":"\u0170ber Accademia del Giglio"},"content":{"rendered":"<p>[spb_column width=&#8220;2\/3&#8243; el_position=&#8220;first&#8220;] [spb_text_block title=&#8220;Die Schule&#8220; pb_margin_bottom=&#8220;no&#8220; pb_border_bottom=&#8220;no&#8220; width=&#8220;1\/1&#8243; el_position=&#8220;first last&#8220;]\n<p>Seit 1995 bieten wir Kurse in Kunst, Italienischsprache und Kultur. Wir haben uns auf dem Unterricht der italienischen Sprache und Kultur f\u00fcr Ausl\u00e4nder spezialisiert. Das Ziel der Schule ist es, die Sch\u00fcler in die Lage zu setzen, sich komplett in das italienisch Kultur einzuf\u00fchren.<\/p>\n[\/spb_text_block] [spb_accordion width=&#8220;1\/1&#8243; el_position=&#8220;first last&#8220;] [spb_accordion_tab title=&#8220;Anerkennungen&#8220; accordion_id=&#8220;&#8220; icon=&#8220;&#8220;] [spb_text_block pb_margin_bottom=&#8220;no&#8220; pb_border_bottom=&#8220;no&#8220; width=&#8220;1\/1&#8243; el_position=&#8220;first last&#8220;]\n<p>W\u00e4hrend 20 Jahren unsere Schule hat mehrere Anerkennungen erreicht:<br \/>\n&#8211; offizielle Anerkennung des italienischen Ministeriums f\u00fcr Bildung, Universit\u00e4t und Forschung;<br \/>\n&#8211; Anerkennung des Schwedischen Training Centre, CSN;<br \/>\n&#8211; Standort f\u00fcr Sommerprogramme der\u00a0Universit\u00e4t von Kansas.<\/p>\n[\/spb_text_block] [\/spb_accordion_tab] [spb_accordion_tab title=&#8220;Auszeichnungen&#8220; accordion_id=&#8220;&#8220; icon=&#8220;&#8220;] [spb_text_block pb_margin_bottom=&#8220;no&#8220; pb_border_bottom=&#8220;no&#8220; width=&#8220;1\/1&#8243; el_position=&#8220;first last&#8220;]\n<p>In 2007 erhielt die Schule den &#8222;European Label 2007&#8243; durch die Europ\u00e4ische Kommission, das Bundesministerium f\u00fcr Arbeit und das Ministerium f\u00fcr Bildung, Universit\u00e4t Forschung, f\u00fcr Ihre\u00a0Bem\u00fchungen in das Lehren und Lernen von innovativen Sprachmethoden.<\/p>\n[\/spb_text_block] [\/spb_accordion_tab] [spb_accordion_tab title=&#8220;Kooperationen&#8220; accordion_id=&#8220;&#8220; icon=&#8220;&#8220;] [spb_text_block pb_margin_bottom=&#8220;no&#8220; pb_border_bottom=&#8220;no&#8220; width=&#8220;1\/1&#8243; el_position=&#8220;first last&#8220;]\n<p>Die Schule arbeitet mit\u00a0Lic\u00e9e Flora Tristan (Frankreich) im Rahmen des Erasmus+, das\u00a0F\u00f6rderprogramm der Europ\u00e4ischen Union, die eine Politik der beruflichen Bildung umzusetzen soll.<br \/>\nSeit 1995\u00a0hat Accademia del Giglio vielen Schulen und Universit\u00e4ten aus der ganzen Welt verschiedene Kurse und Bildungsprogramme angeboten.<\/p>\n<p>Mehrere Informationen auf Englisch.<\/p>\n[\/spb_text_block] [\/spb_accordion_tab] [spb_accordion_tab title=&#8220;Kurse f\u00fcr Lehrer&#8220; accordion_id=&#8220;&#8220; icon=&#8220;&#8220;] [spb_text_block pb_margin_bottom=&#8220;no&#8220; pb_border_bottom=&#8220;no&#8220; width=&#8220;1\/1&#8243; el_position=&#8220;first last&#8220;]\n<p>Die Accademia del Giglio organisiert Seminare\u00a0f\u00fcr Lehrer, die Italienisch als Fremdsprache unterrichten, und die ihre Bem\u00fchungen auf\u00a0die Nutzung und Entwicklung neuer Technologien in der Lehre und auf die Verwendung der Fernlehre konzentrieren wollen.<\/p>\n[\/spb_text_block] [\/spb_accordion_tab] [spb_accordion_tab title=&#8220;Ver\u00f6ffentlichungen&#8220; accordion_id=&#8220;&#8220; icon=&#8220;&#8220;] [spb_text_block pb_margin_bottom=&#8220;no&#8220; pb_border_bottom=&#8220;no&#8220; width=&#8220;1\/1&#8243; el_position=&#8220;first last&#8220;]\n<p>&#8222;Bollettino Itals&#8220; von Universit\u00e4t Ca &#8218;Foscari in Venedig, drei Artikel\u00a0\u00fcber neue Methode um Italienisch asl Fremdsprache zu lernen, und \u00fcber die Benutzung des Blog und des Wiki in einem Sprachkurs.<\/p>\n<p>Juni 2007 (Jahr V n XX.);<br \/>\nSeptember 2007 (Jahr V n XXI.);<br \/>\nJuni 2008 (Jahr VI n. 25).<\/p>\n<p>November 2010, haben die Lehrer von Accademia del Giglio &#8222;Progetto L2\/LS TRIO&#8220; f\u00fcr die Toskana Region realisiert. Es handelt sich um Lernobjekte und Podcasts f\u00fcr Ausl\u00e4nder, die Italienisch lernen wollen, geschrieben.<\/p>\n[\/spb_text_block] [\/spb_accordion_tab] [spb_accordion_tab title=&#8220;Unsere Lehrer&#8220; accordion_id=&#8220;&#8220; icon=&#8220;&#8220;] [spb_text_block pb_margin_bottom=&#8220;no&#8220; pb_border_bottom=&#8220;no&#8220; width=&#8220;1\/1&#8243; el_position=&#8220;first last&#8220;]\n<p>Entdecken sie auf Dierser Seite, wer unsere <a href=\"https:\/\/adg.it\/de\/lehrpersonal\/\">Lehrer und Mitarbeiter sind<\/a><\/p>\n[\/spb_text_block] [\/spb_accordion_tab] [\/spb_accordion] [\/spb_column] [spb_column width=&#8220;1\/3&#8243; el_position=&#8220;last&#8220;] [spb_single_image image=&#8220;9510&#8243; image_size=&#8220;full&#8220; frame=&#8220;noframe&#8220; intro_animation=&#8220;none&#8220; full_width=&#8220;no&#8220; lightbox=&#8220;yes&#8220; link_target=&#8220;_self&#8220; width=&#8220;1\/1&#8243; el_position=&#8220;first last&#8220;] [spb_message color=&#8220;alert-info&#8220; width=&#8220;1\/1&#8243; el_position=&#8220;first last&#8220;]\n<p>Die Schule befindet sich in Florenz, in einem Geb\u00e4ude aus dem 18. Jahrhundert, <strong>in zentraler und ruhiger Lage<\/strong>: einige Minuten zu Fu\u00df vom Dom (Santa Maria del Fiore) so wie vom Rathaus (Palazzo Vecchio) entfernt.<\/p>\n[\/spb_message] [blank_spacer height=&#8220;30px&#8220; width=&#8220;1\/1&#8243; el_position=&#8220;first last&#8220;] [testimonial title=&#8220;Anmerkungen&#8220; text_size=&#8220;normal&#8220; item_count=&#8220;1&#8243; order=&#8220;rand&#8220; category=&#8220;All&#8220; pagination=&#8220;no&#8220; page_link=&#8220;no&#8220; width=&#8220;1\/1&#8243; el_position=&#8220;first last&#8220;] [\/spb_column]<\/p>\n","protected":false},"excerpt":{"rendered":"<p>[spb_column width=&#8220;2\/3&#8243; el_position=&#8220;first&#8220;] [spb_text_block title=&#8220;Die Schule&#8220; pb_margin_bottom=&#8220;no&#8220; pb_border_bottom=&#8220;no&#8220; width=&#8220;1\/1&#8243; el_position=&#8220;first last&#8220;] Seit 1995 bieten wir Kurse in Kunst, Italienischsprache und Kultur. Wir haben uns auf dem Unterricht der italienischen Sprache und Kultur f\u00fcr Ausl\u00e4nder spezialisiert. Das Ziel der Schule ist es, die Sch\u00fcler in die Lage zu setzen, sich komplett in das italienisch Kultur einzuf\u00fchren. [\/spb_text_block] [spb_accordion width=&#8220;1\/1&#8243; el_position=&#8220;first last&#8220;] [&hellip;]<\/p>\n","protected":false},"author":27,"featured_media":0,"parent":0,"menu_order":0,"comment_status":"closed","ping_status":"closed","template":"","meta":{"_joinchat":[],"footnotes":""},"class_list":["post-8512","page","type-page","status-publish","hentry"],"aioseo_notices":[],"_links":{"self":[{"href":"https:\/\/adg.it\/de\/wp-json\/wp\/v2\/pages\/8512","targetHints":{"allow":["GET"]}}],"collection":[{"href":"https:\/\/adg.it\/de\/wp-json\/wp\/v2\/pages"}],"about":[{"href":"https:\/\/adg.it\/de\/wp-json\/wp\/v2\/types\/page"}],"author":[{"embeddable":true,"href":"https:\/\/adg.it\/de\/wp-json\/wp\/v2\/users\/27"}],"replies":[{"embeddable":true,"href":"https:\/\/adg.it\/de\/wp-json\/wp\/v2\/comments?post=8512"}],"version-history":[{"count":1,"href":"https:\/\/adg.it\/de\/wp-json\/wp\/v2\/pages\/8512\/revisions"}],"predecessor-version":[{"id":27243,"href":"https:\/\/adg.it\/de\/wp-json\/wp\/v2\/pages\/8512\/revisions\/27243"}],"wp:attachment":[{"href":"https:\/\/adg.it\/de\/wp-json\/wp\/v2\/media?parent=8512"}],"curies":[{"name":"wp","href":"https:\/\/api.w.org\/{rel}","templated":true}]}}