{"id":8443,"date":"2015-05-26T13:57:20","date_gmt":"2015-05-26T13:57:20","guid":{"rendered":"http:\/\/wp.adg.it\/?page_id=8443"},"modified":"2025-07-24T13:12:03","modified_gmt":"2025-07-24T13:12:03","slug":"kurse-und-seminare-in-bildende-kunst","status":"publish","type":"page","link":"https:\/\/adg.it\/de\/kurse-und-seminare-in-bildende-kunst\/","title":{"rendered":"Kunstkurse"},"content":{"rendered":"[spb_text_block title=&#8220;Kunstkurse in Florenz seit 1995&#8243; pb_margin_bottom=&#8220;no&#8220; pb_border_bottom=&#8220;no&#8220; width=&#8220;3\/4&#8243; el_position=&#8220;first last&#8220;]\n<p>Seit 1995 bietet\u00a0Accademia del Giglio Kunstkurse\u00a0auf hohem professionellen Niveau an. Die Sch\u00fcler (ausl\u00e4ndische sowie italienische) lernen k\u00fcnstlerischen Techniken wie Zeichnung (Graphit, Kohle lehrt, Blut, Bleistift und Feder), Malerei (Tempera, Acryl, \u00d6l und Pastell), Aquarell im Freien.<\/p>\n<p>In\u00a0Accademia del Giglio h\u00e4lt man f\u00fcr wichtig die Qualit\u00e4t der Bildung und der Programme. Deshalb haben alle unsere Lehrer ein\u00a0Diplom f\u00fcr bildende Kunst, sowie Erfahrung in der Schulbereich (mindestens vier Jahre).<\/p>\n[\/spb_text_block] [spb_accordion width=&#8220;3\/4&#8243; el_position=&#8220;first last&#8220;] [spb_accordion_tab title=&#8220;Unsere Kunstwerkst\u00e4tte&#8220; accordion_id=&#8220;&#8220; icon=&#8220;&#8220;] [spb_text_block pb_margin_bottom=&#8220;no&#8220; pb_border_bottom=&#8220;no&#8220; width=&#8220;1\/1&#8243; el_position=&#8220;first last&#8220;]\n<p>Wir bieten auch intensive Kurse und Seminare in Zeichnen, Malen, Fresko, Aquarell, \u00d6lmalerei und Tempera, Kohle, R\u00f6tel Zeichnung, Aktzeichnung.\u00a0Die Kurse werden entweder auf Italienisch oder auf Englisch in\u00a0angenehmer Atmosph\u00e4re abgehalten.<\/p>\n[\/spb_text_block] [\/spb_accordion_tab] [\/spb_accordion] [spb_column width=&#8220;3\/4&#8243; el_position=&#8220;first last&#8220;] [spb_single_image image=&#8220;6802&#8243; image_size=&#8220;full&#8220; frame=&#8220;glowframe&#8220; intro_animation=&#8220;none&#8220; full_width=&#8220;no&#8220; lightbox=&#8220;no&#8220; image_link=&#8220;https:\/\/adg.it\/de\/kurse-in-zeichnen-und-techniken-der-malerei&#8220; link_target=&#8220;_self&#8220; width=&#8220;1\/3&#8243; el_position=&#8220;first&#8220;] [spb_text_block title=&#8220;Kurse im Zeichnen und Malen&#8220; pb_margin_bottom=&#8220;no&#8220; pb_border_bottom=&#8220;no&#8220; width=&#8220;2\/3&#8243; el_position=&#8220;last&#8220;]\n<p style=\"text-align: center;\">Der Kunstkurs ist in 9 Stufen eingeteilt und dauert insgesamt 9 Monate. Es ist jedoch f\u00fcr den Sch\u00fcler m\u00f6glich, an einzelnen Teilen des Kurses teilzunehmen (mindestens 1 Woche).<\/p>\n<p style=\"text-align: center;\"><a class=\"sf-button standard orange standard  dropshadow\" href=\"https:\/\/adg.it\/de\/kurse-in-zeichnen-und-techniken-der-malerei\" target=\"_self\"><span class=\"text\">Informationen<\/span><\/a><\/p>\n[\/spb_text_block] [\/spb_column] [spb_column width=&#8220;3\/4&#8243; el_position=&#8220;first last&#8220;] [spb_single_image image=&#8220;11055&#8243; image_size=&#8220;full&#8220; frame=&#8220;glowframe&#8220; intro_animation=&#8220;none&#8220; full_width=&#8220;no&#8220; lightbox=&#8220;no&#8220; image_link=&#8220;https:\/\/adg.it\/de\/fortgeschrittenes-zeichnen-und-malen\/&#8220; link_target=&#8220;_self&#8220; width=&#8220;1\/3&#8243; el_position=&#8220;first&#8220;] [spb_text_block title=&#8220;Fortgeschrittene Zeichen- und Maltechniken&#8220; pb_margin_bottom=&#8220;no&#8220; pb_border_bottom=&#8220;no&#8220; width=&#8220;2\/3&#8243; el_position=&#8220;last&#8220;]\n<p style=\"text-align: center;\">Dieses einj\u00e4hrige Programm wurde f\u00fcr Studenten entwickelt, die entschlossen sind, sich durch die Praxis des nachhaltigen Kunstschaffens gr\u00f6\u00dferen k\u00fcnstlerischen Herausforderungen zu stellen.<\/p>\n<p style=\"text-align: center;\"><a class=\"sf-button standard orange standard  dropshadow\" href=\"https:\/\/adg.it\/de\/fortgeschrittenes-zeichnen-und-malen\/\" target=\"_self\"><span class=\"text\">Informationen<\/span><\/a><\/p>\n[\/spb_text_block] [\/spb_column] [spb_column width=&#8220;3\/4&#8243; el_position=&#8220;first last&#8220;] [spb_single_image image=&#8220;6781&#8243; image_size=&#8220;full&#8220; frame=&#8220;glowframe&#8220; intro_animation=&#8220;none&#8220; full_width=&#8220;no&#8220; lightbox=&#8220;no&#8220; image_link=&#8220;https:\/\/adg.it\/de\/die-fresko-werkstatt&#8220; link_target=&#8220;_self&#8220; width=&#8220;1\/3&#8243; el_position=&#8220;first&#8220;] [spb_text_block title=&#8220;Fresko Werkstatt&#8220; pb_margin_bottom=&#8220;no&#8220; pb_border_bottom=&#8220;no&#8220; width=&#8220;2\/3&#8243; el_position=&#8220;last&#8220;]\n<p style=\"text-align: center;\">Das Fresko ist eines der \u00e4ltesten Maltechniken. Es wurde von den \u00c4gyptern entwickelt, die es sp\u00e4ter den Griechen beigebracht haben. Erst im 14 Jahrhundert, dank des italienischen Malers Giotto, gewann diese Technik immer gr\u00f6\u00dfere k\u00fcnstlerische Bedeutung&#8230;<\/p>\n<p style=\"text-align: center;\"><a class=\"sf-button standard orange standard  dropshadow\" href=\"https:\/\/adg.it\/de\/die-fresko-werkstatt\" target=\"_self\"><span class=\"text\">Informationen<\/span><\/a><\/p>\n[\/spb_text_block] [\/spb_column] [spb_column width=&#8220;3\/4&#8243; el_position=&#8220;first last&#8220;] [spb_single_image image=&#8220;21473&#8243; image_size=&#8220;full&#8220; frame=&#8220;glowframe&#8220; intro_animation=&#8220;none&#8220; full_width=&#8220;no&#8220; lightbox=&#8220;no&#8220; image_link=&#8220;https:\/\/adg.it\/de\/bildhauerkurs-mit-ton\/&#8220; link_target=&#8220;_self&#8220; width=&#8220;1\/3&#8243; el_position=&#8220;first&#8220;] [spb_text_block title=&#8220;Bildhauerkurs mit Ton&#8220; pb_margin_bottom=&#8220;no&#8220; pb_border_bottom=&#8220;no&#8220; width=&#8220;2\/3&#8243; el_position=&#8220;last&#8220;]\n<p style=\"text-align: center;\">Der komplette Realistische Bildhauerkurs besteht aus 3 Einheiten (SC1, SC2, SC3) und hat eine Dauer von 12 Wochen.<\/p>\n<p style=\"text-align: center;\"><a class=\"sf-button standard orange standard  dropshadow\" href=\"https:\/\/adg.it\/de\/bildhauerkurs-mit-ton\/\" target=\"_self\"><span class=\"text\">Informationen<\/span><\/a><\/p>\n[\/spb_text_block] [\/spb_column] [spb_column width=&#8220;3\/4&#8243; el_position=&#8220;first last&#8220;] [spb_single_image image=&#8220;13247&#8243; image_size=&#8220;full&#8220; frame=&#8220;glowframe&#8220; intro_animation=&#8220;none&#8220; full_width=&#8220;no&#8220; lightbox=&#8220;no&#8220; image_link=&#8220;https:\/\/adg.it\/de\/eintaegige-kunstkurse\/&#8220; link_target=&#8220;_self&#8220; width=&#8220;1\/3&#8243; el_position=&#8220;first&#8220;] [spb_text_block title=&#8220;Ein Tag von Kunst in Florenz&#8220; pb_margin_bottom=&#8220;no&#8220; pb_border_bottom=&#8220;no&#8220; width=&#8220;2\/3&#8243; el_position=&#8220;last&#8220;]\n<p style=\"text-align: center;\">Ein Tag im Atelier oder unter freiem Himmel in Florenz, ganz im Zeichen der bildenden K\u00fcnste. Zeichnen und malen Sie inmitten der Atmosph\u00e4re der Renaissance und halten Sie die herrlichen Ausblicke der Stadt in Skizzen fest.<\/p>\n<p style=\"text-align: center;\"><a class=\"sf-button standard orange standard  dropshadow\" href=\"https:\/\/adg.it\/de\/eintaegige-kunstkurse\/\" target=\"_self\"><span class=\"text\">Informationen<\/span><\/a><\/p>\n[\/spb_text_block] [\/spb_column] [spb_column width=&#8220;3\/4&#8243; el_position=&#8220;first last&#8220;] [spb_single_image image=&#8220;26913&#8243; image_size=&#8220;full&#8220; frame=&#8220;glowframe&#8220; intro_animation=&#8220;none&#8220; full_width=&#8220;no&#8220; lightbox=&#8220;no&#8220; image_link=&#8220;https:\/\/adg.it\/de\/ein-tag-voller-kunst-in-der-toskana\/&#8220; link_target=&#8220;_self&#8220; width=&#8220;1\/3&#8243; el_position=&#8220;first&#8220;] [spb_text_block title=&#8220;Ein Tag von Kunst in der Toskana&#8220; pb_margin_bottom=&#8220;no&#8220; pb_border_bottom=&#8220;no&#8220; width=&#8220;2\/3&#8243; el_position=&#8220;last&#8220;]\n<p style=\"text-align: center;\">Erleben Sie einen intensiven Tag voller Kunst in Ihrer Lieblingsumgebung in der Toskana, sei es in den bezaubernden H\u00fcgeln des Chianti, im mittelalterlichen Siena oder San Gimignano oder in der faszinierenden Stadt Lucca.<\/p>\n<p style=\"text-align: center;\"><a class=\"sf-button standard orange standard  dropshadow\" href=\"https:\/\/adg.it\/de\/ein-tag-voller-kunst-in-der-toskana\/\" target=\"_self\"><span class=\"text\">Informationen<\/span><\/a><\/p>\n[\/spb_text_block] [\/spb_column] [spb_column width=&#8220;3\/4&#8243; el_position=&#8220;first last&#8220;] [spb_single_image image=&#8220;6791&#8243; image_size=&#8220;full&#8220; frame=&#8220;glowframe&#8220; intro_animation=&#8220;none&#8220; full_width=&#8220;no&#8220; lightbox=&#8220;no&#8220; image_link=&#8220;https:\/\/adg.it\/de\/kunstakademie\/&#8220; link_target=&#8220;_self&#8220; width=&#8220;1\/3&#8243; el_position=&#8220;first&#8220;] [spb_text_block title=&#8220;Vorbereitungskurse f\u00fcr die Kunstakademie&#8220; pb_margin_bottom=&#8220;no&#8220; pb_border_bottom=&#8220;no&#8220; width=&#8220;2\/3&#8243; el_position=&#8220;last&#8220;]\n<p style=\"text-align: center;\">Vorbereitungskurse f\u00fcr die Aufnahmepr\u00fcfung an der Kunstakademie. Die Accademia del Giglio hat eine lange Erfahrung im Organisieren von Vorbereitungskursen f\u00fcr die Aufnahmepr\u00fcfung an der staatlichen Kunstakademie, die sich in Florenz sowie in anderen italienischen St\u00e4dten befindet und die am Ende des Studiums das Diplom in Malerei, Bildhauerei, Dekoration oder B\u00fchnenbild erteilt.<\/p>\n<p style=\"text-align: center;\"><a class=\"sf-button standard orange standard  dropshadow\" href=\"https:\/\/adg.it\/de\/kunstakademie\/\" target=\"_self\"><span class=\"text\">Informationen<\/span><\/a><\/p>\n[\/spb_text_block] [\/spb_column] [spb_column width=&#8220;3\/4&#8243; el_position=&#8220;first last&#8220;] [spb_single_image image=&#8220;6303&#8243; image_size=&#8220;full&#8220; frame=&#8220;glowframe&#8220; intro_animation=&#8220;none&#8220; full_width=&#8220;no&#8220; lightbox=&#8220;no&#8220; image_link=&#8220;https:\/\/adg.it\/en\/art-classes-long-term\/&#8220; link_target=&#8220;_self&#8220; width=&#8220;1\/3&#8243; el_position=&#8220;first&#8220;] [spb_text_block title=&#8220;Zwei Jahre Kunstkurs&#8220; pb_margin_bottom=&#8220;no&#8220; pb_border_bottom=&#8220;no&#8220; width=&#8220;2\/3&#8243; el_position=&#8220;last&#8220;]\n<p style=\"text-align: center;\">W\u00e4hrend zwei Jahren lernt man\u00a0verschiedene Techniken, man verbessert die eigene F\u00e4higkeiten, man erreicht eine\u00a0Ausbildung auf hohem Niveau, wo sich Handwerk und Theorie erg\u00e4nzen.\u00a0Die Studierenden lernen eigenst\u00e4ndig, kreativ und kritisch mit ihren Arbeiten umzugehen.<\/p>\n<p style=\"text-align: center;\"><a class=\"sf-button standard orange standard  dropshadow\" href=\"https:\/\/adg.it\/en\/art-classes-long-term\/\" target=\"_self\"><span class=\"text\">Informationen auf Englisch<\/span><\/a><\/p>\n[\/spb_text_block] [\/spb_column] [spb_column width=&#8220;3\/4&#8243; el_position=&#8220;first last&#8220;] [spb_single_image image=&#8220;21379&#8243; image_size=&#8220;full&#8220; frame=&#8220;glowframe&#8220; intro_animation=&#8220;none&#8220; full_width=&#8220;no&#8220; lightbox=&#8220;no&#8220; image_link=&#8220;https:\/\/adg.it\/de\/kunstwerkstaetten\/&#8220; link_target=&#8220;_self&#8220; width=&#8220;1\/3&#8243; el_position=&#8220;first&#8220;] [spb_text_block title=&#8220;Intensive Kunstseminare&#8220; pb_margin_bottom=&#8220;no&#8220; pb_border_bottom=&#8220;no&#8220; width=&#8220;2\/3&#8243; el_position=&#8220;last&#8220;]\n<p style=\"text-align: center;\">W\u00e4hrend des ganzen Jahres\u00a0veranstalten wir viele Kunstwerkst\u00e4tte: &#8222;Skizzen und Italienische Landschaften\u201c, das klassische Portr\u00e4t (um die Geheimnisse der Meister kennenzulernen), die R\u00f6telzeichnung und andere klassische Zeichentechniken, die Aquarellmalerei, die Technik\u00a0der Freskomalerei\u00a0und mehrere andere intensive Kunstkurse &#8230;<\/p>\n<p style=\"text-align: center;\"><a class=\"sf-button standard orange standard  dropshadow\" href=\"https:\/\/adg.it\/de\/kunstwerkstaetten\/\" target=\"_self\"><span class=\"text\">Informationen<\/span><\/a><\/p>\n[\/spb_text_block] [\/spb_column] [spb_column width=&#8220;3\/4&#8243; el_position=&#8220;first last&#8220;] [spb_single_image image=&#8220;16072&#8243; image_size=&#8220;full&#8220; frame=&#8220;borderframe&#8220; intro_animation=&#8220;none&#8220; full_width=&#8220;no&#8220; lightbox=&#8220;no&#8220; image_link=&#8220;https:\/\/adg.it\/en\/lifedrawing\/&#8220; link_target=&#8220;_self&#8220; width=&#8220;1\/3&#8243; el_position=&#8220;first&#8220;] [spb_text_block title=&#8220;Aktzeichenkurs&#8220; pb_margin_bottom=&#8220;no&#8220; pb_border_bottom=&#8220;no&#8220; width=&#8220;2\/3&#8243; el_position=&#8220;last&#8220;]\n<p style=\"text-align: center;\">Dieser Kurs entwickelt das visuelle Verst\u00e4ndnis durch die direkte Beobachtung des menschlichen K\u00f6rpers; er umfasst den Erwerb der Grundbegriffe der Anatomie sowie den jener Techniken um K\u00f6rper und Gesichte zeichnen zu k\u00f6nnen&#8230;<\/p>\n<p style=\"text-align: center;\"><a class=\"sf-button standard orange standard  dropshadow\" href=\"https:\/\/adg.it\/en\/lifedrawing\/\" target=\"_self\"><span class=\"text\">Informationen auf Englisch<\/span><\/a><\/p>\n[\/spb_text_block] [\/spb_column] [spb_column width=&#8220;3\/4&#8243; el_position=&#8220;first last&#8220;] [spb_single_image image=&#8220;8397&#8243; image_size=&#8220;full&#8220; frame=&#8220;glowframe&#8220; intro_animation=&#8220;none&#8220; full_width=&#8220;no&#8220; lightbox=&#8220;no&#8220; image_link=&#8220;https:\/\/adg.it\/de\/kunst-klassen-wochenende\/&#8220; link_target=&#8220;_self&#8220; width=&#8220;1\/3&#8243; el_position=&#8220;first&#8220;] [spb_text_block title=&#8220;Wochenende der Kunst in Florenz&#8220; pb_margin_bottom=&#8220;no&#8220; pb_border_bottom=&#8220;no&#8220; width=&#8220;2\/3&#8243; el_position=&#8220;last&#8220;]\n<p style=\"text-align: center;\">Super-Intensive Kunstkurse f\u00fcr nur ein Sch\u00fcler oder f\u00fcr kleine Gruppen. Man kann verschiedene k\u00fcnstlerische\u00a0Techniken lernen. Der\u00a0Unterricht, der komplett nach Ihren pers\u00f6nlichen W\u00fcnschen und Bed\u00fcrfnissen gestaltet ist, findet entweder im Studio oder im Freien statt.<\/p>\n<p style=\"text-align: center;\"><a class=\"sf-button standard orange standard  dropshadow\" href=\"https:\/\/adg.it\/de\/kunst-klassen-wochenende\/\" target=\"_self\"><span class=\"text\">Informationen<\/span><\/a><\/p>\n[\/spb_text_block] [\/spb_column]<\/p>\n","protected":false},"excerpt":{"rendered":"<p>[spb_text_block title=&#8220;Kunstkurse in Florenz seit 1995&#8243; pb_margin_bottom=&#8220;no&#8220; pb_border_bottom=&#8220;no&#8220; width=&#8220;3\/4&#8243; el_position=&#8220;first last&#8220;] Seit 1995 bietet\u00a0Accademia del Giglio Kunstkurse\u00a0auf hohem professionellen Niveau an. Die Sch\u00fcler (ausl\u00e4ndische sowie italienische) lernen k\u00fcnstlerischen Techniken wie Zeichnung (Graphit, Kohle lehrt, Blut, Bleistift und Feder), Malerei (Tempera, Acryl, \u00d6l und Pastell), Aquarell im Freien. In\u00a0Accademia del Giglio h\u00e4lt man f\u00fcr wichtig die Qualit\u00e4t der Bildung und der [&hellip;]<\/p>\n","protected":false},"author":27,"featured_media":0,"parent":0,"menu_order":0,"comment_status":"closed","ping_status":"closed","template":"","meta":{"_joinchat":[],"footnotes":""},"class_list":["post-8443","page","type-page","status-publish","hentry"],"aioseo_notices":[],"_links":{"self":[{"href":"https:\/\/adg.it\/de\/wp-json\/wp\/v2\/pages\/8443","targetHints":{"allow":["GET"]}}],"collection":[{"href":"https:\/\/adg.it\/de\/wp-json\/wp\/v2\/pages"}],"about":[{"href":"https:\/\/adg.it\/de\/wp-json\/wp\/v2\/types\/page"}],"author":[{"embeddable":true,"href":"https:\/\/adg.it\/de\/wp-json\/wp\/v2\/users\/27"}],"replies":[{"embeddable":true,"href":"https:\/\/adg.it\/de\/wp-json\/wp\/v2\/comments?post=8443"}],"version-history":[{"count":2,"href":"https:\/\/adg.it\/de\/wp-json\/wp\/v2\/pages\/8443\/revisions"}],"predecessor-version":[{"id":26919,"href":"https:\/\/adg.it\/de\/wp-json\/wp\/v2\/pages\/8443\/revisions\/26919"}],"wp:attachment":[{"href":"https:\/\/adg.it\/de\/wp-json\/wp\/v2\/media?parent=8443"}],"curies":[{"name":"wp","href":"https:\/\/api.w.org\/{rel}","templated":true}]}}