{"id":8432,"date":"2015-05-25T14:36:46","date_gmt":"2015-05-25T14:36:46","guid":{"rendered":"http:\/\/wp.adg.it\/?page_id=8432"},"modified":"2026-02-09T11:15:12","modified_gmt":"2026-02-09T11:15:12","slug":"kurse-in-zeichnen-und-techniken-der-malerei","status":"publish","type":"page","link":"https:\/\/adg.it\/de\/kurse-in-zeichnen-und-techniken-der-malerei\/","title":{"rendered":"Kurse in Zeichnen und Techniken der Malerei"},"content":{"rendered":"<p>[spb_column width=&#8220;2\/3&#8243; el_position=&#8220;first&#8220;] [spb_text_block title=&#8220;Kunstkurse von einer Woche bis zu 9 Monaten&#8220; pb_margin_bottom=&#8220;no&#8220; pb_border_bottom=&#8220;no&#8220; width=&#8220;1\/1&#8243; el_position=&#8220;first last&#8220;]\n<p>Der Kunstkurs ist in 9 Stufen eingeteilt und dauert insgesamt 9 Monate. Es ist jedoch f\u00fcr den Sch\u00fcler m\u00f6glich, an einzelnen Teilen des Kurses teilzunehmen (mindestens 1 Woche). Die Kurse beginnen an jedem <strong>Montag<\/strong>.<\/p>\n<ul>\n<li><strong>Intensivkurse in Kunst<\/strong> (20 Stunden pro Woche) finden montags bis donnerstags von 11:30 bis 13:00 Uhr und von 13:30 bis 17:00 Uhr statt.<\/li>\n<li><strong>Allgemeine Kunstkurse<\/strong> (14 Stunden pro Woche) finden entweder vormittags (montags bis donnerstags von 10:00 bis 13:00 Uhr und freitags von 10:00 bis 12:00 Uhr) oder nachmittags (montags bis donnerstags von 13:30 bis 17:00 Uhr) statt.<\/li>\n<\/ul>\n<p>Unsere Lehrer sind in den verschiedenen Disziplinen hochqualifiziert und spezialisiert. Um die Lehrquali\u00e4t zu sichern werden die Kurse mit h\u00f6chstens 10 Sch\u00fclern durchgef\u00fchrt.<\/p>\n<p>Die ersten drei Stufen bestehen aus einer Einf\u00fchrung in die Grundtechniken der Zeichnung und der Malerei, w\u00e4hrend die darauffolgenden drei Stufen sich mit der F\u00f6rderung des k\u00fcnstlerischen K\u00f6nnens des Sch\u00fclers befassen.<\/p>\n<p>Am Ende dieser 9 Stufen werden die Sch\u00fcler ein Grundwissen besitzen, das ihnen erm\u00f6glicht ihre pers\u00f6nlichen Pr\u00e4sentationsmappen zu vervollst\u00e4ndigen. Ausserdem werden sie eine bevorzugte Technik konzentriert studiert haben.<\/p>\n<p>Alle Kurse werden entweder auf Italienisch oder auf Englisch abgehalten.<\/p>\n[\/spb_text_block] [spb_text_block title=&#8220;Anmerkung&#8220; pb_margin_bottom=&#8220;no&#8220; pb_border_bottom=&#8220;no&#8220; width=&#8220;1\/1&#8243; el_position=&#8220;first last&#8220;]\n<p>W\u00e4hrend Ihres Studiums an unserer Akademie k\u00f6nnen Sie sich ganz auf die Kunsttechniken konzentrieren, <strong>die Sie am meisten interessieren<\/strong> oder die Sie verbessern m\u00f6chten. Die \u201e9 Einheiten\u201c stellen einen allgemeinen Lernrahmen dar und sind keine festen Module, die separat oder in w\u00f6chentlicher Rotation durchgef\u00fchrt werden.<\/p>\n<p>Da unsere Klassen klein sind (in der Regel 8\u201310 Sch\u00fcler), <strong>ist der Unterricht sehr individuell gestaltet<\/strong>. Selbst wenn Sie nur ein oder zwei Wochen lang teilnehmen, sind Sie nicht auf eine einzige Einheit beschr\u00e4nkt. Stattdessen w\u00e4hlen die Dozenten Materialien aus mehreren Einheiten aus und kombinieren diese so, dass sie Ihrem Niveau und Ihren Zielen am besten entsprechen.<\/p>\n<p>Unsere Kunstdozenten arbeiten eng mit jedem einzelnen Sch\u00fcler zusammen, <strong>um ein ma\u00dfgeschneidertes Programm<\/strong> zu erstellen, das auf den individuellen F\u00e4higkeiten, Erfahrungen und Interessen basiert. Sie k\u00f6nnen die Medien, mit denen Sie arbeiten m\u00f6chten, und die Themen, die Sie erkunden m\u00f6chten, selbst ausw\u00e4hlen, und Ihr Dozent wird die Woche entsprechend strukturieren.<\/p>\n[\/spb_text_block] [sf_gallery gallery_id=&#8220;9043&#8243; slider_transition=&#8220;slide&#8220; show_thumbs=&#8220;yes&#8220; autoplay=&#8220;yes&#8220; show_captions=&#8220;yes&#8220; enable_lightbox=&#8220;no&#8220; width=&#8220;1\/1&#8243; el_position=&#8220;first last&#8220;] [boxed_content type=&#8220;coloured&#8220; pb_margin_bottom=&#8220;no&#8220; width=&#8220;1\/1&#8243; el_position=&#8220;first last&#8220;]\n<p><strong>Preise<\/strong><\/p>\n[\/boxed_content] [spb_accordion width=&#8220;1\/1&#8243; el_position=&#8220;first last&#8220;] [spb_accordion_tab title=&#8220;14 Stunden pro Woche&#8220; accordion_id=&#8220;&#8220; icon=&#8220;&#8220;] [spb_text_block title=&#8220;Ohne Material&#8220; pb_margin_bottom=&#8220;no&#8220; pb_border_bottom=&#8220;no&#8220; width=&#8220;1\/1&#8243; el_position=&#8220;first last&#8220;]\n<p>1 Woche, 14 Stunden \u20ac335<br \/>\n2 Wochen, 28 Stunden \u20ac585<br \/>\n3 Wochen, 42 Stunden \u20ac845<br \/>\n1 Monat, 4 Wochen, 56 Stunden \u20ac895<br \/>\n2 Monate, 8 Wochen, 112 Stunden \u20ac1635<br \/>\n3 Monate, 12 Wochen, 168 Stunden \u20ac2355<br \/>\n6 Monate, 24 Wochen, 336 Stunden \u20ac4565<br \/>\n9 Monate, 36 Wochen, 504 Stunden \u20ac6705<\/p>\n[\/spb_text_block] [spb_text_block title=&#8220;Mit Material&#8220; pb_margin_bottom=&#8220;no&#8220; pb_border_bottom=&#8220;no&#8220; width=&#8220;1\/1&#8243; el_position=&#8220;first last&#8220;]\n<p>1 Woche, 14 Stunden \u20ac375<br \/>\n2 Wochen, 28 Stunden \u20ac655<br \/>\n3 Wochen, 42 Stunden \u20ac945<br \/>\n1 Monat, 4 Wochen, 56 Stunden \u20ac1025<br \/>\n2 Monate, 8 Wochen, 112 Stunden \u20ac1895<br \/>\n3 Monate, 12 Wochen, 168 Stunden \u20ac2745<\/p>\n[\/spb_text_block] [\/spb_accordion_tab] [spb_accordion_tab title=&#8220;20 Stunden pro Woche&#8220; accordion_id=&#8220;&#8220; icon=&#8220;&#8220;] [spb_text_block title=&#8220;Ohne Material&#8220; pb_margin_bottom=&#8220;no&#8220; pb_border_bottom=&#8220;no&#8220; width=&#8220;1\/1&#8243; el_position=&#8220;first last&#8220;]\n<p>1 Woche, 20 Stunden \u20ac375<br \/>\n2 Wochen, 40 Stunden \u20ac655<br \/>\n3 Wochen, 60 Stunden \u20ac895<br \/>\n1 Monat, 4 Wochen, 80 Stunden \u20ac1175<br \/>\n2 Monate, 8 Wochen, 160 Stunden \u20ac2115<br \/>\n3 Monate, 12 Wochen, 240 Stunden \u20ac3135<br \/>\n6 Monate, 24 Wochen, 480 Stunden \u20ac6025<br \/>\n9 Monate, 36 Wochen, 720 Stunden \u20ac9015<\/p>\n[\/spb_text_block] [spb_text_block title=&#8220;Mit Material&#8220; pb_margin_bottom=&#8220;no&#8220; pb_border_bottom=&#8220;no&#8220; width=&#8220;1\/1&#8243; el_position=&#8220;first last&#8220;]\n<p>1 Woche, 20 Stunden \u20ac420<br \/>\n2 Wochen, 40 Stunden \u20ac735<br \/>\n3 Wochen, 60 Stunden \u20ac1010<br \/>\n1 Monat, 4 Wochen, 80 Stunden \u20ac1315<br \/>\n2 Monate, 8 Wochen, 160 Stunden \u20ac2395<br \/>\n3 Monate, 12 Wochen, 240 Stunden \u20ac3555<\/p>\n[\/spb_text_block] [\/spb_accordion_tab] [spb_accordion_tab title=&#8220;Im Preis inbegriffen&#8220; accordion_id=&#8220;&#8220; icon=&#8220;&#8220;] [spb_text_block pb_margin_bottom=&#8220;no&#8220; pb_border_bottom=&#8220;no&#8220; width=&#8220;1\/1&#8243; el_position=&#8220;first last&#8220;]\n<ul>\n<li><strong>Ohne Kunstmaterialien<\/strong>: Grundlegende Kunstmaterialien (Papier, Stifte und Radiergummis) sind im Preis inbegriffen. Weitere Materialien k\u00f6nnen in einem nahe gelegenen Kunstfachgesch\u00e4ft erworben werden, das unseren Sch\u00fclern einen Rabatt von 10 % gew\u00e4hrt.<\/li>\n<li><strong>Mit Kunstmaterialien<\/strong>: Die Nutzung aller f\u00fcr den Kurs erforderlichen Kunstmaterialien und Werkzeuge ist im Preis inbegriffen.<\/li>\n<li>Nach Abschluss des Kurses wird eine <strong>Teilnahmebescheinigung ausgestellt<\/strong>.<\/li>\n<\/ul>\n[\/spb_text_block] [\/spb_accordion_tab] [spb_accordion_tab title=&#8220;Studenplan un Kurskalender&#8220; accordion_id=&#8220;&#8220; icon=&#8220;&#8220;] [spb_text_block pb_margin_bottom=&#8220;no&#8220; pb_border_bottom=&#8220;no&#8220; width=&#8220;1\/1&#8243; el_position=&#8220;first last&#8220;]\n<p>Es ist m\u00f6glich, den Kurs jeden Montag beginnen, je nach Verf\u00fcgbarkeit.<\/p>\n[\/spb_text_block] [\/spb_accordion_tab] [spb_accordion_tab title=&#8220;Einschreibung&#8220; accordion_id=&#8220;&#8220; icon=&#8220;&#8220;] [spb_text_block pb_margin_bottom=&#8220;no&#8220; pb_border_bottom=&#8220;no&#8220; width=&#8220;1\/1&#8243; el_position=&#8220;first last&#8220;]\n<p>Um sich anzumelden, besuchen Sie bitte diese Seite:<\/p>\n<ul>\n<li><a href=\"https:\/\/adg.it\/en\/product\/drawing-and-painting-techniques\/\">14 Stunden pro Woche<\/a><\/li>\n<li><a href=\"https:\/\/adg.it\/en\/product\/drawing-and-painting-techniques-20-hours-per-week\/\">20 Stunden pro Woche<\/a><\/li>\n<\/ul>\n[\/spb_text_block] [\/spb_accordion_tab] [\/spb_accordion] [\/spb_column] [spb_column width=&#8220;1\/3&#8243; el_position=&#8220;last&#8220;] [spb_single_image image=&#8220;6303&#8243; image_size=&#8220;full&#8220; frame=&#8220;noframe&#8220; intro_animation=&#8220;none&#8220; full_width=&#8220;no&#8220; lightbox=&#8220;yes&#8220; link_target=&#8220;_self&#8220; width=&#8220;1\/1&#8243; el_position=&#8220;first last&#8220;] [spb_single_image image=&#8220;27135&#8243; image_size=&#8220;full&#8220; frame=&#8220;noframe&#8220; intro_animation=&#8220;none&#8220; full_width=&#8220;no&#8220; lightbox=&#8220;yes&#8220; image_link=&#8220;https:\/\/adg.it\/en\/product\/drawing-and-painting-techniques-20-hours-per-week\/&#8220; link_target=&#8220;_blank&#8220; caption=&#8220;20 Stunden pro Woche&#8220; width=&#8220;1\/1&#8243; el_position=&#8220;first last&#8220;] [spb_single_image image=&#8220;13499&#8243; image_size=&#8220;full&#8220; frame=&#8220;noframe&#8220; intro_animation=&#8220;none&#8220; full_width=&#8220;no&#8220; lightbox=&#8220;yes&#8220; image_link=&#8220;https:\/\/adg.it\/en\/product\/drawing-and-painting-techniques\/&#8220; link_target=&#8220;_blank&#8220; caption=&#8220;14 Stunden pro Woche&#8220; width=&#8220;1\/1&#8243; el_position=&#8220;first last&#8220;] [blank_spacer height=&#8220;30px&#8220; width=&#8220;1\/1&#8243; el_position=&#8220;first last&#8220;] [boxed_content type=&#8220;coloured&#8220; pb_margin_bottom=&#8220;no&#8220; width=&#8220;1\/1&#8243; el_position=&#8220;first last&#8220;]\n<p>Das Programm<\/p>\n[\/boxed_content] [spb_accordion width=&#8220;1\/1&#8243; el_position=&#8220;first last&#8220;] [spb_accordion_tab title=&#8220;Einheit A &#8220; accordion_id=&#8220;&#8220; icon=&#8220;&#8220;] [spb_text_block title=&#8220;A. Grundtechniken des Zeichnens I&#8220; pb_margin_bottom=&#8220;no&#8220; pb_border_bottom=&#8220;no&#8220; width=&#8220;1\/1&#8243; el_position=&#8220;first last&#8220;]\n<p lang=\"de-DE\" align=\"JUSTIFY\">Eine Einf\u00fchrung in die Grundtechniken (Linie, Licht und Schatten). Die Sch\u00fcler lernen, einen Gegenstand in nat\u00fcrlicher Gr\u00f6sse und gem\u00e4ss den Proportionen auf Papier darzustellen. Die Sch\u00fcler arbeiten mit Bleistift und Kohle. Es sind keine k\u00fcnstlerischen Vorkenntisse erforderlich.<\/p>\n[\/spb_text_block] [\/spb_accordion_tab] [spb_accordion_tab title=&#8220;Einheit B&#8220; accordion_id=&#8220;&#8220; icon=&#8220;&#8220;] [spb_text_block title=&#8220;Grundtechniken des Zeichnens II&#8220; pb_margin_bottom=&#8220;no&#8220; pb_border_bottom=&#8220;no&#8220; width=&#8220;1\/1&#8243; el_position=&#8220;first last&#8220;]\n<p>Erste Studien in der Anatomie und den Methoden, die traditionell zur Darstellung von K\u00f6rpern und Gesichtern angewandt wird. Es wird mit R\u00f6tel, Tuschfeder und Pastellkreide gearbeitet.<\/p>\n[\/spb_text_block] [\/spb_accordion_tab] [spb_accordion_tab title=&#8220;Einheit C&#8220; accordion_id=&#8220;&#8220; icon=&#8220;&#8220;] [spb_text_block title=&#8220;Zeichnen von der Natur&#8220; pb_margin_bottom=&#8220;no&#8220; pb_border_bottom=&#8220;no&#8220; width=&#8220;1\/1&#8243; el_position=&#8220;first last&#8220;]\n<p>Vertieftes Studium des in den ersten beiden Einheiten erlangten K\u00f6nnens. Besonderes Augenmerk wird auf die Licht\/Schatten \u2013 Technik geworfen, einschliesslich Grundlagen der Schattierung und der Perspektive. Zeichenstunden finden teilweise vor Ort auf den Pl\u00e4tzen und in den Museen von Florenz statt.<\/p>\n[\/spb_text_block] [\/spb_accordion_tab] [spb_accordion_tab title=&#8220;Einheit D&#8220; accordion_id=&#8220;&#8220; icon=&#8220;&#8220;] [spb_text_block title=&#8220;Plastische Anatomie, Portr\u00e4tzeichnen und Aktzeichnen&#8220; pb_margin_bottom=&#8220;no&#8220; pb_border_bottom=&#8220;no&#8220; width=&#8220;1\/1&#8243; el_position=&#8220;first last&#8220;]\n<p>In dieser Einheit setzt sich der Sch\u00fcler mit visuellem Verst\u00e4ndnis und der Methodik f\u00fcr das Zeichnen von K\u00f6rpern und Gesichtern auseinander. Dies wird durch direktes Studium des menschlichen K\u00f6rpers vermittelt: In jeder Sitzung posieren m\u00e4nnliche bzw. weibliche Nacktmodelle. Kurze Posen vermitteln die Skizziertechnik, w\u00e4hrend l\u00e4ngere Posen dem Studium der Anatomie, der Schattierungstechnik und der Sch\u00e4rfung der Beobachtungsgabe des Sch\u00fclers dienen.<\/p>\n[\/spb_text_block] [\/spb_accordion_tab] [spb_accordion_tab title=&#8220;Einheit E&#8220; accordion_id=&#8220;&#8220; icon=&#8220;&#8220;] [spb_text_block title=&#8220;Grundlagen der Malerei I&#8220; pb_margin_bottom=&#8220;no&#8220; pb_border_bottom=&#8220;no&#8220; width=&#8220;1\/1&#8243; el_position=&#8220;first last&#8220;]\n<p>In dieser Einheit befassen sich die Sch\u00fcler mit den Grundlagen der Farbenlehre, der Praxis in verschiedensten Techniken (Akryl, Tempera und Pastell) sowie Licht- und Farbeffekten auf K\u00f6rper und Textilien.<\/p>\n[\/spb_text_block] [\/spb_accordion_tab] [spb_accordion_tab title=&#8220;Einheit F&#8220; accordion_id=&#8220;&#8220; icon=&#8220;&#8220;] [spb_text_block title=&#8220;Grundlagen der Malerei II&#8220; pb_margin_bottom=&#8220;no&#8220; pb_border_bottom=&#8220;no&#8220; width=&#8220;1\/1&#8243; el_position=&#8220;first last&#8220;]\n<p>Vertieftes Studium des in der vorhergehenden Einheit erlangten K\u00f6nnens, besonders der Tempera-Technik. Die Sch\u00fcler lernen ausserdem die Helligkeit von Farben auf verschiedenen Objekten hervozuheben oder abzuschw\u00e4chen und lernen das Verhalten von Licht auf Metall, Glas etc. kennen.<\/p>\n[\/spb_text_block] [\/spb_accordion_tab] [spb_accordion_tab title=&#8220;Einheit G&#8220; accordion_id=&#8220;&#8220; icon=&#8220;&#8220;] [spb_text_block title=&#8220;Fortgeschrittene Maltechniken I&#8220; pb_margin_bottom=&#8220;no&#8220; pb_border_bottom=&#8220;no&#8220; width=&#8220;1\/1&#8243; el_position=&#8220;first last&#8220;]\n<p>Eine Ann\u00e4herung an traditionelle Maltechniken, d.h. \u00d6l und Aquarell, einschliesslich ihrem geschichtlichen Hintergrund und Anwendungsgebieten.<\/p>\n[\/spb_text_block] [\/spb_accordion_tab] [spb_accordion_tab title=&#8220;Einheit H&#8220; accordion_id=&#8220;&#8220; icon=&#8220;&#8220;] [spb_text_block title=&#8220;Fortgeschrittene Maltechniken II&#8220; pb_margin_bottom=&#8220;no&#8220; pb_border_bottom=&#8220;no&#8220; width=&#8220;1\/1&#8243; el_position=&#8220;first last&#8220;]\n<p>Eine Einf\u00fchrung in verschiedene Freskotechniken. Die Sch\u00fcler \u00fcben das Malen auf Gips oder versuchen sich in der Technik des \u201ebas-relief\u201c. In dieser Einheit ist ein 16-st\u00fcndiges Kunstgeschichteseminar integriert.<\/p>\n[\/spb_text_block] [\/spb_accordion_tab] [spb_accordion_tab title=&#8220;Einheit I&#8220; accordion_id=&#8220;&#8220; icon=&#8220;&#8220;] [spb_text_block title=&#8220;Der Weg zum pers\u00f6nlichen Portfolio&#8220; pb_margin_bottom=&#8220;no&#8220; pb_border_bottom=&#8220;no&#8220; width=&#8220;1\/1&#8243; el_position=&#8220;first last&#8220;]\n<p>Ein intensives Studium einer oder mehrerer Techniken, die jeder Sch\u00fcler pers\u00f6nlich ausw\u00e4hlt. Hierbei wird die Erlangung eines pers\u00f6nlichen Stils angestrebt.<\/p>\n[\/spb_text_block] [\/spb_accordion_tab] [\/spb_accordion] [blank_spacer height=&#8220;30px&#8220; width=&#8220;1\/1&#8243; el_position=&#8220;first last&#8220;] [spb_text_block title=&#8220;Kontaktieren Sie uns&#8220; pb_margin_bottom=&#8220;no&#8220; pb_border_bottom=&#8220;no&#8220; width=&#8220;1\/1&#8243; el_position=&#8220;first last&#8220;]\n<div class=\"wpforms-container wpforms-container-full\" id=\"wpforms-18575\"><form id=\"wpforms-form-18575\" class=\"wpforms-validate wpforms-form wpforms-ajax-form\" data-formid=\"18575\" method=\"post\" enctype=\"multipart\/form-data\" action=\"\/de\/wp-json\/wp\/v2\/pages\/8432\" data-token=\"e497b07744c1ea6e3dee81047d1f8ba5\" data-token-time=\"1775740930\"><noscript class=\"wpforms-error-noscript\">Bitte aktiviere JavaScript in deinem Browser, um dieses Formular fertigzustellen.<\/noscript><div class=\"wpforms-field-container\"><div id=\"wpforms-18575-field_6-container\" class=\"wpforms-field wpforms-field-name\" data-field-id=\"6\"><label class=\"wpforms-field-label\">Name <span class=\"wpforms-required-label\">*<\/span><\/label><div class=\"wpforms-field-row wpforms-field-large\"><div class=\"wpforms-field-row-block wpforms-first wpforms-one-half\"><input type=\"text\" id=\"wpforms-18575-field_6\" class=\"wpforms-field-name-first wpforms-field-required\" name=\"wpforms[fields][6][first]\" placeholder=\"Ihr Vorname\" required><label for=\"wpforms-18575-field_6\" class=\"wpforms-field-sublabel after\">First<\/label><\/div><div class=\"wpforms-field-row-block wpforms-one-half\"><input type=\"text\" id=\"wpforms-18575-field_6-last\" class=\"wpforms-field-name-last wpforms-field-required\" name=\"wpforms[fields][6][last]\" placeholder=\"Ihr Familienname\" required><label for=\"wpforms-18575-field_6-last\" class=\"wpforms-field-sublabel after\">Last<\/label><\/div><\/div><\/div><div id=\"wpforms-18575-field_1-container\" class=\"wpforms-field wpforms-field-email\" data-field-id=\"1\"><label class=\"wpforms-field-label\" for=\"wpforms-18575-field_1\">E-Mail <span class=\"wpforms-required-label\">*<\/span><\/label><input type=\"email\" id=\"wpforms-18575-field_1\" class=\"wpforms-field-large wpforms-field-required\" name=\"wpforms[fields][1]\" placeholder=\"Ihre E-Mail\" spellcheck=\"false\" required><\/div><div id=\"wpforms-18575-field_2-container\" class=\"wpforms-field wpforms-field-textarea\" data-field-id=\"2\"><label class=\"wpforms-field-label\" for=\"wpforms-18575-field_2\">Nachricht <span class=\"wpforms-required-label\">*<\/span><\/label><textarea id=\"wpforms-18575-field_2\" class=\"wpforms-field-medium wpforms-field-required\" name=\"wpforms[fields][2]\" placeholder=\"Schreiben Sie hier Ihre Nachricht\" required><\/textarea><\/div><\/div><!-- .wpforms-field-container --><div class=\"wpforms-field wpforms-field-hp\"><label for=\"wpforms-18575-field-hp\" class=\"wpforms-field-label\">Comment<\/label><input type=\"text\" name=\"wpforms[hp]\" id=\"wpforms-18575-field-hp\" class=\"wpforms-field-medium\"><\/div><div class=\"wpforms-submit-container\" ><input type=\"hidden\" name=\"wpforms[id]\" value=\"18575\"><input type=\"hidden\" name=\"page_title\" value=\"\"><input type=\"hidden\" name=\"page_url\" value=\"https:\/\/adg.it\/de\/wp-json\/wp\/v2\/pages\/8432\"><input type=\"hidden\" name=\"url_referer\" value=\"\"><button type=\"submit\" name=\"wpforms[submit]\" id=\"wpforms-submit-18575\" class=\"wpforms-submit\" data-alt-text=\"Senden...\" data-submit-text=\"Senden\" aria-live=\"assertive\" value=\"wpforms-submit\">Senden<\/button><img loading=\"lazy\" decoding=\"async\" src=\"https:\/\/adg.it\/wp-content\/plugins\/wpforms\/assets\/images\/submit-spin.svg\" class=\"wpforms-submit-spinner\" style=\"display: none;\" width=\"26\" height=\"26\" alt=\"Wird geladen\"><\/div><\/form><\/div>  <!-- .wpforms-container -->\n[\/spb_text_block] [\/spb_column]<\/p>\n","protected":false},"excerpt":{"rendered":"<p>[spb_column width=&#8220;2\/3&#8243; el_position=&#8220;first&#8220;] [spb_text_block title=&#8220;Kunstkurse von einer Woche bis zu 9 Monaten&#8220; pb_margin_bottom=&#8220;no&#8220; pb_border_bottom=&#8220;no&#8220; width=&#8220;1\/1&#8243; el_position=&#8220;first last&#8220;] Der Kunstkurs ist in 9 Stufen eingeteilt und dauert insgesamt 9 Monate. Es ist jedoch f\u00fcr den Sch\u00fcler m\u00f6glich, an einzelnen Teilen des Kurses teilzunehmen (mindestens 1 Woche). Die Kurse beginnen an jedem Montag. Intensivkurse in Kunst (20 Stunden pro Woche) finden montags [&hellip;]<\/p>\n","protected":false},"author":27,"featured_media":0,"parent":0,"menu_order":0,"comment_status":"closed","ping_status":"closed","template":"","meta":{"_joinchat":[],"footnotes":""},"class_list":["post-8432","page","type-page","status-publish","hentry"],"aioseo_notices":[],"_links":{"self":[{"href":"https:\/\/adg.it\/de\/wp-json\/wp\/v2\/pages\/8432","targetHints":{"allow":["GET"]}}],"collection":[{"href":"https:\/\/adg.it\/de\/wp-json\/wp\/v2\/pages"}],"about":[{"href":"https:\/\/adg.it\/de\/wp-json\/wp\/v2\/types\/page"}],"author":[{"embeddable":true,"href":"https:\/\/adg.it\/de\/wp-json\/wp\/v2\/users\/27"}],"replies":[{"embeddable":true,"href":"https:\/\/adg.it\/de\/wp-json\/wp\/v2\/comments?post=8432"}],"version-history":[{"count":5,"href":"https:\/\/adg.it\/de\/wp-json\/wp\/v2\/pages\/8432\/revisions"}],"predecessor-version":[{"id":27613,"href":"https:\/\/adg.it\/de\/wp-json\/wp\/v2\/pages\/8432\/revisions\/27613"}],"wp:attachment":[{"href":"https:\/\/adg.it\/de\/wp-json\/wp\/v2\/media?parent=8432"}],"curies":[{"name":"wp","href":"https:\/\/api.w.org\/{rel}","templated":true}]}}