{"id":8422,"date":"2015-05-25T12:59:35","date_gmt":"2015-05-25T12:59:35","guid":{"rendered":"http:\/\/wp.adg.it\/?page_id=8422"},"modified":"2025-02-03T13:17:24","modified_gmt":"2025-02-03T13:17:24","slug":"die-fresko-werkstatt","status":"publish","type":"page","link":"https:\/\/adg.it\/de\/die-fresko-werkstatt\/","title":{"rendered":"Die Fresko Werkstatt"},"content":{"rendered":"<p>[spb_column width=&#8220;2\/3&#8243; el_position=&#8220;first&#8220;] [spb_text_block title=&#8220;Eines der \u00e4ltesten Maltechniken&#8220; pb_margin_bottom=&#8220;no&#8220; pb_border_bottom=&#8220;no&#8220; width=&#8220;1\/1&#8243; el_position=&#8220;first last&#8220;]\n<p>Das Fresko ist eines der \u00e4ltesten Maltechniken. Es wurde von den \u00c4gyptern entwickelt, die es sp\u00e4ter den Griechen beigebracht haben. Erst im 14 Jahrhundert, dank des italienischen Malers Giotto, gewann diese Technik immer gr\u00f6\u00dfere k\u00fcnstlerische Bedeutung.<\/p>\n<p>Die spezielle Qualit\u00e4t des Freskos liegt ohne Frage in der Praktik: Das Pigment, ein nat\u00fcrliches Material &#8211; wird auf frischem Gips mehrmals innerhalb von kurzer Zeit aufgetragen, und durch die Koh\u00e4renz fixiert es sich im Gips und bringt warme und zarte T\u00f6ne hervor. Der K\u00fcnstler darf keine Fehler machen, da das Korrigieren eines Fehlers die Zerst\u00f6rung des Bildes bedeuten w\u00fcrde.<\/p>\n<p>Deswegen ist diese Technik besonders schwierig zu lernen und zu beherrschen. Dieser Kurs wird deshalb Sch\u00fclern empfohlen, die schon gewisse k\u00fcnstlerische Grundkenntnisse besitzen oder die an den ersten 3 Stufen des Kunstkurses teilgenommen haben.<\/p>\n<p>In diesem Kurs wird den Sch\u00fclern beibgebracht, wie man ein Fresko herstellt, von Anfang bis Ende. Erst lernen sie wie man ein Flechtwerk baut, danach wie man den Gips auftr\u00e4gt, das Zeichnen einer \u201cSinopia\u201d, stampfen , Farbstudium, das Malen auf einem Gipsgrund und die veschiedenen Effekte der Farben im Verh\u00e4ltnis zu verschiedenen Gipsgr\u00fcnden. Auch Vortr\u00e4ge \u00fcber Kunstgeschichte werden angeboten.<\/p>\n<p>Der Kurs dauert <strong>4 Wochen &#8211; insgesamt 56 Stunden<\/strong> und findet nachmittags statt (13:30-17Uhr, Montag-Donnerstag).<\/p>\n<p>Jeder Kurs hat maximal 7 Sch\u00fcler.<\/p>\n<p>Der Kurs wird entweder auf Italienisch oder auf Englisch abgehalten.<\/p>\n[\/spb_text_block] [sf_gallery gallery_id=&#8220;6314&#8243; slider_transition=&#8220;fade&#8220; show_thumbs=&#8220;yes&#8220; autoplay=&#8220;yes&#8220; show_captions=&#8220;yes&#8220; enable_lightbox=&#8220;yes&#8220; width=&#8220;1\/1&#8243; el_position=&#8220;first last&#8220;] [boxed_content type=&#8220;coloured&#8220; pb_margin_bottom=&#8220;no&#8220; width=&#8220;1\/1&#8243; el_position=&#8220;first last&#8220;]\n<p>Preise<\/p>\n[\/boxed_content] [spb_accordion width=&#8220;1\/1&#8243; el_position=&#8220;first last&#8220;] [spb_accordion_tab title=&#8220;Die Fresco Werkstatt&#8220; accordion_id=&#8220;&#8220; icon=&#8220;&#8220;] [spb_text_block title=&#8220;14 Stunden pro Woche&#8220; pb_margin_bottom=&#8220;no&#8220; pb_border_bottom=&#8220;no&#8220; width=&#8220;1\/1&#8243; el_position=&#8220;first last&#8220;]\n<p>FRESKO, 1 Woche, 14 Stunden \u20ac400<br \/>\nFRESKO, 2 Wochen, 28 Stunden \u20ac590<br \/>\nFRESKO, 4 Wochen, 56 Stunden \u20ac990<br \/>\nFRESKO, 4 Wochen, 168 Stunden \u20ac2790<\/p>\n[\/spb_text_block] [spb_text_block title=&#8220;20 Stunden pro Woche&#8220; pb_margin_bottom=&#8220;no&#8220; pb_border_bottom=&#8220;no&#8220; width=&#8220;1\/1&#8243; el_position=&#8220;first last&#8220;]\n<p>FRESKO, 1 Woche, 20 Stunden \u20ac460<br \/>\nFRESKO, 2 Wochen, 40 Stunden \u20ac790<br \/>\nFRESKO, 4 Wochen, 80 Stunden \u20ac1320<br \/>\nFRESKO, 4 Wochen, 240 Stunden \u20ac3790<\/p>\n[\/spb_text_block] [\/spb_accordion_tab] [spb_accordion_tab title=&#8220;Im Preis inbegriffen&#8220; accordion_id=&#8220;&#8220; icon=&#8220;&#8220;] [spb_text_block pb_margin_bottom=&#8220;no&#8220; pb_border_bottom=&#8220;no&#8220; width=&#8220;1\/1&#8243; el_position=&#8220;first last&#8220;]\n<ul>\n<li>Die Lernmittel sind im Preis inbegriffen, nur die Pinseln und Pigmente nicht.<\/li>\n<li>Die Bescheinigung \u00fcber die Teilnahme.<\/li>\n<\/ul>\n[\/spb_text_block] [\/spb_accordion_tab] [spb_accordion_tab title=&#8220;Erm\u00e4\u00dfigungen&#8220; accordion_id=&#8220;&#8220; icon=&#8220;&#8220;] [spb_text_block pb_margin_bottom=&#8220;no&#8220; pb_border_bottom=&#8220;no&#8220; width=&#8220;1\/1&#8243; el_position=&#8220;first last&#8220;]\n<p>1. Wenn zwei Sch\u00fcler zusammen einschreiben, erhalten sie eine Erm\u00e4\u00dfigung von 10% auf die Kursgeb\u00fchr erhalten.<br \/>\n2. Ein 10% Rabatt auf die Sprachkurse der italienischen Sprachkursen mit der bildenden Kunst kombiniert.<\/p>\n[\/spb_text_block] [\/spb_accordion_tab] [spb_accordion_tab title=&#8220;Stundenplan und Kurskalender&#8220; accordion_id=&#8220;&#8220; icon=&#8220;&#8220;] [spb_text_block pb_margin_bottom=&#8220;no&#8220; pb_border_bottom=&#8220;no&#8220; width=&#8220;1\/1&#8243; el_position=&#8220;first last&#8220;]\n<ul>\n<li>20 Stunden pro Woche: 11.30-13 Uhr und 13.30-17 Uhr Mo-Do.<\/li>\n<li>14-Stunden-Wochenprogramm: 13.30-17 Uhr Mo-Do (Option Nachmittag) oder 10-13 Uhr Mo-Do + 11-13 Uhr Fr (Option Vormittag).<\/li>\n<\/ul>\n<p>Es besteht die M\u00f6glichkeit, jeden Montag mit dem Fresco-Unterricht zu beginnen.<\/p>\n[\/spb_text_block] [\/spb_accordion_tab] [spb_accordion_tab title=&#8220;Unterrichtsmaterialien&#8220; accordion_id=&#8220;&#8220; icon=&#8220;&#8220;] [spb_text_block pb_margin_bottom=&#8220;no&#8220; pb_border_bottom=&#8220;no&#8220; width=&#8220;1\/1&#8243; el_position=&#8220;first last&#8220;]\n<p>Pigmente und B\u00fcrsten haben einen ungef\u00e4hren extra Kosten von 35-40 Euro. Unsere Studenten k\u00f6nnen Erm\u00e4\u00dfigungen in den besten Gesch\u00e4ften der Malutensilien in Florenz zu genie\u00dfen, zeigt unsere Studentenausweis.<\/p>\n[\/spb_text_block] [\/spb_accordion_tab] [\/spb_accordion] [\/spb_column] [spb_column width=&#8220;1\/3&#8243; el_position=&#8220;last&#8220;] [spb_single_image image=&#8220;6781&#8243; image_size=&#8220;full&#8220; frame=&#8220;shadowframe&#8220; intro_animation=&#8220;none&#8220; full_width=&#8220;no&#8220; lightbox=&#8220;yes&#8220; link_target=&#8220;_self&#8220; width=&#8220;1\/1&#8243; el_position=&#8220;first last&#8220;] [boxed_content type=&#8220;coloured&#8220; pb_margin_bottom=&#8220;no&#8220; width=&#8220;1\/1&#8243; el_position=&#8220;first last&#8220;]\n<p>Das Fresko Schritt f\u00fcr Schritt<\/p>\n[\/boxed_content] [spb_single_image image=&#8220;13499&#8243; image_size=&#8220;full&#8220; frame=&#8220;shadowframe&#8220; intro_animation=&#8220;none&#8220; full_width=&#8220;no&#8220; lightbox=&#8220;yes&#8220; image_link=&#8220;https:\/\/adg.it\/en\/product\/fresco-course\/&#8220; link_target=&#8220;_blank&#8220; width=&#8220;1\/1&#8243; el_position=&#8220;first last&#8220;] [spb_accordion width=&#8220;1\/1&#8243; el_position=&#8220;first last&#8220;] [spb_accordion_tab title=&#8220;Der Arriccio&#8220; accordion_id=&#8220;&#8220; icon=&#8220;&#8220;] [spb_text_block pb_margin_bottom=&#8220;no&#8220; pb_border_bottom=&#8220;no&#8220; width=&#8220;1\/1&#8243; el_position=&#8220;first last&#8220;]\n<p>Hier wird eine Schicht \u201cMotar\u201d (eine Mischung aus Kleister und grobem Sand) auf das Flechtwerk aufgetragen. Dies mu\u00df wiederholt werden, wonach eine weitere Schicht von Gips (eine Mischung von Kleister und feinem Sand) aufgetragen wird.<\/p>\n[\/spb_text_block] [\/spb_accordion_tab] [spb_accordion_tab title=&#8220;\u00dcbertragung&#8220; accordion_id=&#8220;&#8220; icon=&#8220;&#8220;] [spb_text_block pb_margin_bottom=&#8220;no&#8220; pb_border_bottom=&#8220;no&#8220; width=&#8220;1\/1&#8243; el_position=&#8220;first last&#8220;]\n<p>Der dritte Schritt: \u00dcbertragung auf ein anderes Material.<br \/>\nDie Zeichnung wird auf ein St\u00fcck Pappe gezeichnet und die Linie der Kontur durchlocht und \u00fcber dem Gips behutsam gestampft.<\/p>\n[\/spb_text_block] [\/spb_accordion_tab] [spb_accordion_tab title=&#8220;Sinopia&#8220; accordion_id=&#8220;&#8220; icon=&#8220;&#8220;] [spb_text_block pb_margin_bottom=&#8220;no&#8220; pb_border_bottom=&#8220;no&#8220; width=&#8220;1\/1&#8243; el_position=&#8220;first last&#8220;]\n<p>Man erziehlt hierbei, dass eine Sinopia auf dem Kreidegrund auftaucht. Diese Sinopia muss in zwei oder mehreren Teilen, je nach Gr\u00f6sse, eingeteilt werden. Jedes Teil wird nachher einzeln gemalt.<\/p>\n[\/spb_text_block] [\/spb_accordion_tab] [spb_accordion_tab title=&#8220;Die Fertigung des Gipses&#8220; accordion_id=&#8220;&#8220; icon=&#8220;&#8220;] [spb_text_block pb_margin_bottom=&#8220;no&#8220; pb_border_bottom=&#8220;no&#8220; width=&#8220;1\/1&#8243; el_position=&#8220;first last&#8220;]\n<p>Der vierte und letzte Schritt die Fertigung des Gipses.<br \/>\nEine Mischung aus gesiebtem Sand und gel\u00f6schtem Kalk wird auf den Gips aufgetragen und mit einem Handtuch sorgf\u00e4ltig und sanft ausgegl\u00e4ttet. Danach kann man endlich mit dem Malen beginnen.<\/p>\n[\/spb_text_block] [\/spb_accordion_tab] [\/spb_accordion] [blank_spacer height=&#8220;30px&#8220; width=&#8220;1\/1&#8243; el_position=&#8220;first last&#8220;] [spb_text_block title=&#8220;Kontaktieren Sie uns&#8220; pb_margin_bottom=&#8220;no&#8220; pb_border_bottom=&#8220;no&#8220; width=&#8220;1\/1&#8243; el_position=&#8220;first last&#8220;]\n<div class=\"wpforms-container wpforms-container-full\" id=\"wpforms-18575\"><form id=\"wpforms-form-18575\" class=\"wpforms-validate wpforms-form wpforms-ajax-form\" data-formid=\"18575\" method=\"post\" enctype=\"multipart\/form-data\" action=\"\/de\/wp-json\/wp\/v2\/pages\/8422\" data-token=\"d97069d592d32f8d6d09365468c5c69a\" data-token-time=\"1778608317\"><noscript class=\"wpforms-error-noscript\">Bitte aktiviere JavaScript in deinem Browser, um dieses Formular fertigzustellen.<\/noscript><div class=\"wpforms-field-container\"><div id=\"wpforms-18575-field_6-container\" class=\"wpforms-field wpforms-field-name\" data-field-id=\"6\"><label class=\"wpforms-field-label\">Name <span class=\"wpforms-required-label\">*<\/span><\/label><div class=\"wpforms-field-row wpforms-field-large\"><div class=\"wpforms-field-row-block wpforms-first wpforms-one-half\"><input type=\"text\" id=\"wpforms-18575-field_6\" class=\"wpforms-field-name-first wpforms-field-required\" name=\"wpforms[fields][6][first]\" placeholder=\"Ihr Vorname\" required><label for=\"wpforms-18575-field_6\" class=\"wpforms-field-sublabel after\">First<\/label><\/div><div class=\"wpforms-field-row-block wpforms-one-half\"><input type=\"text\" id=\"wpforms-18575-field_6-last\" class=\"wpforms-field-name-last wpforms-field-required\" name=\"wpforms[fields][6][last]\" placeholder=\"Ihr Familienname\" required><label for=\"wpforms-18575-field_6-last\" class=\"wpforms-field-sublabel after\">Last<\/label><\/div><\/div><\/div><div id=\"wpforms-18575-field_1-container\" class=\"wpforms-field wpforms-field-email\" data-field-id=\"1\"><label class=\"wpforms-field-label\" for=\"wpforms-18575-field_1\">E-Mail <span class=\"wpforms-required-label\">*<\/span><\/label><input type=\"email\" id=\"wpforms-18575-field_1\" class=\"wpforms-field-large wpforms-field-required\" name=\"wpforms[fields][1]\" placeholder=\"Ihre E-Mail\" spellcheck=\"false\" required><\/div><div id=\"wpforms-18575-field_2-container\" class=\"wpforms-field wpforms-field-textarea\" data-field-id=\"2\"><label class=\"wpforms-field-label\" for=\"wpforms-18575-field_2\">Nachricht <span class=\"wpforms-required-label\">*<\/span><\/label><textarea id=\"wpforms-18575-field_2\" class=\"wpforms-field-medium wpforms-field-required\" name=\"wpforms[fields][2]\" placeholder=\"Schreiben Sie hier Ihre Nachricht\" required><\/textarea><\/div><\/div><!-- .wpforms-field-container --><div class=\"wpforms-field wpforms-field-hp\"><label for=\"wpforms-18575-field-hp\" class=\"wpforms-field-label\">Phone<\/label><input type=\"text\" name=\"wpforms[hp]\" id=\"wpforms-18575-field-hp\" class=\"wpforms-field-medium\"><\/div><div class=\"wpforms-submit-container\" ><input type=\"hidden\" name=\"wpforms[id]\" value=\"18575\"><input type=\"hidden\" name=\"page_title\" value=\"\"><input type=\"hidden\" name=\"page_url\" value=\"https:\/\/adg.it\/de\/wp-json\/wp\/v2\/pages\/8422\"><input type=\"hidden\" name=\"url_referer\" value=\"\"><button type=\"submit\" name=\"wpforms[submit]\" id=\"wpforms-submit-18575\" class=\"wpforms-submit\" data-alt-text=\"Senden...\" data-submit-text=\"Senden\" aria-live=\"assertive\" value=\"wpforms-submit\">Senden<\/button><img loading=\"lazy\" decoding=\"async\" src=\"https:\/\/adg.it\/wp-content\/plugins\/wpforms\/assets\/images\/submit-spin.svg\" class=\"wpforms-submit-spinner\" style=\"display: none;\" width=\"26\" height=\"26\" alt=\"Wird geladen\"><\/div><\/form><\/div>  <!-- .wpforms-container -->\n[\/spb_text_block] [\/spb_column]<\/p>\n","protected":false},"excerpt":{"rendered":"<p>[spb_column width=&#8220;2\/3&#8243; el_position=&#8220;first&#8220;] [spb_text_block title=&#8220;Eines der \u00e4ltesten Maltechniken&#8220; pb_margin_bottom=&#8220;no&#8220; pb_border_bottom=&#8220;no&#8220; width=&#8220;1\/1&#8243; el_position=&#8220;first last&#8220;] Das Fresko ist eines der \u00e4ltesten Maltechniken. Es wurde von den \u00c4gyptern entwickelt, die es sp\u00e4ter den Griechen beigebracht haben. Erst im 14 Jahrhundert, dank des italienischen Malers Giotto, gewann diese Technik immer gr\u00f6\u00dfere k\u00fcnstlerische Bedeutung. Die spezielle Qualit\u00e4t des Freskos liegt ohne Frage in der Praktik: [&hellip;]<\/p>\n","protected":false},"author":27,"featured_media":0,"parent":0,"menu_order":0,"comment_status":"closed","ping_status":"closed","template":"","meta":{"_joinchat":[],"footnotes":""},"class_list":["post-8422","page","type-page","status-publish","hentry"],"aioseo_notices":[],"_links":{"self":[{"href":"https:\/\/adg.it\/de\/wp-json\/wp\/v2\/pages\/8422","targetHints":{"allow":["GET"]}}],"collection":[{"href":"https:\/\/adg.it\/de\/wp-json\/wp\/v2\/pages"}],"about":[{"href":"https:\/\/adg.it\/de\/wp-json\/wp\/v2\/types\/page"}],"author":[{"embeddable":true,"href":"https:\/\/adg.it\/de\/wp-json\/wp\/v2\/users\/27"}],"replies":[{"embeddable":true,"href":"https:\/\/adg.it\/de\/wp-json\/wp\/v2\/comments?post=8422"}],"version-history":[{"count":3,"href":"https:\/\/adg.it\/de\/wp-json\/wp\/v2\/pages\/8422\/revisions"}],"predecessor-version":[{"id":26287,"href":"https:\/\/adg.it\/de\/wp-json\/wp\/v2\/pages\/8422\/revisions\/26287"}],"wp:attachment":[{"href":"https:\/\/adg.it\/de\/wp-json\/wp\/v2\/media?parent=8422"}],"curies":[{"name":"wp","href":"https:\/\/api.w.org\/{rel}","templated":true}]}}