{"id":8379,"date":"2015-05-21T13:12:33","date_gmt":"2015-05-21T13:12:33","guid":{"rendered":"http:\/\/wp.adg.it\/?page_id=8379"},"modified":"2025-01-16T12:09:07","modified_gmt":"2025-01-16T12:09:07","slug":"kunstakademie","status":"publish","type":"page","link":"https:\/\/adg.it\/de\/kunstakademie\/","title":{"rendered":"Vorbereitungskurse f\u00fcr die Aufnahmepr\u00fcfung an der Kunstakademie"},"content":{"rendered":"<p>[spb_column width=&#8220;2\/3&#8243; el_position=&#8220;first&#8220;] [spb_text_block pb_margin_bottom=&#8220;no&#8220; pb_border_bottom=&#8220;no&#8220; width=&#8220;1\/1&#8243; el_position=&#8220;first last&#8220;]\n<p>Die Accademia del Giglio hat eine lange Erfahrung im Organisieren von Vorbereitungskursen f\u00fcr die Aufnahmepr\u00fcfung an der staatlichen Kunstakademie, die sich in Florenz sowie in anderen italienischen St\u00e4dten befindet und die am Ende des Studiums das Diplom in Malerei, Bildhauerei, Dekoration oder B\u00fchnenbild erteilt.<\/p>\n<p>Da die Aufnahmepr\u00fcfung an der Kunstakademie in den ersten zehn Tagen im Oktober stattfindet, werden die Vorbereitungskurse ausschlie\u00dflich im August und September (<strong>Kurs BA: insgesamt 56, 84 oder 112 Stunden, 4, 6 oder 8 Wochen<\/strong>) abgehalten.<\/p>\n<p>W\u00e4hrend des Kurses werden die Sch\u00fcler entdecken die Elemente der Kunstgeschichte, Perspektive, Zeichnen der Akt-und andere k\u00fcnstlerische Techniken, um die Pr\u00fcfung zu bestehen.<\/p>\n<p>Die Studenten werden auch Gegenstand eines oder mehrerer Simulationen unter Ber\u00fccksichtigung von Ereignissen mit Sicherheit zu unterst\u00fctzen.<\/p>\n<p>Die Accademia del Giglio ist in der Lage, Ihnen ausf\u00fcrliche Informationen \u00fcber die Formalit\u00e4ten der Einschreibung an die verschiedenen Kunstakademien in Italien zu geben, damit Sie alle b\u00fcrokratischen Schwierigkeiten \u00fcberwinden k\u00f6nnen.<\/p>\n[\/spb_text_block] [sf_gallery gallery_id=&#8220;6412&#8243; slider_transition=&#8220;fade&#8220; show_thumbs=&#8220;yes&#8220; autoplay=&#8220;yes&#8220; show_captions=&#8220;yes&#8220; enable_lightbox=&#8220;yes&#8220; width=&#8220;1\/1&#8243; el_position=&#8220;first last&#8220;] [spb_accordion width=&#8220;1\/1&#8243; el_position=&#8220;first last&#8220;] [spb_accordion_tab title=&#8220;Preise&#8220; accordion_id=&#8220;&#8220; icon=&#8220;&#8220;] [spb_text_block title=&#8220;14 Stunden&#8220; pb_margin_bottom=&#8220;no&#8220; pb_border_bottom=&#8220;no&#8220; width=&#8220;1\/1&#8243; el_position=&#8220;first last&#8220;]\n<p>BA1, 1 Woche, 14 Stunden \u20ac335<br \/>\nBA2, 2 Wochen, 28 Stunden \u20ac585<br \/>\nBA4, 4 Wochen, 56 Stunden \u20ac895<br \/>\nBA8, 8 Wochen, 112 Stunden \u20ac1635<br \/>\nBA12, 12 Wochen, 168 Stunden \u20ac2355<\/p>\n[\/spb_text_block] [spb_text_block title=&#8220;20 Stunden&#8220; pb_margin_bottom=&#8220;no&#8220; pb_border_bottom=&#8220;no&#8220; width=&#8220;1\/1&#8243; el_position=&#8220;first last&#8220;]\n<p>BA1+, 1 Woche, 20 Stunden \u20ac375<br \/>\nBA2+, 2 Wochen, 40 Stunden \u20ac655<br \/>\nBA4+, 4 Wochen, 80 Stunden \u20ac1175<br \/>\nBA8+, 8 Wochen, 160 Stunden \u20ac2115<br \/>\nBA12+, 12 Wochen, 240 Stunden \u20ac3135<\/p>\n[\/spb_text_block] [\/spb_accordion_tab] [spb_accordion_tab title=&#8220;Im Preis inbegriffen&#8220; accordion_id=&#8220;&#8220; icon=&#8220;&#8220;] [spb_text_block pb_margin_bottom=&#8220;no&#8220; pb_border_bottom=&#8220;no&#8220; width=&#8220;1\/1&#8243; el_position=&#8220;first last&#8220;]\n<ol>\n<li>Rohstoffe (Papier, Bleistift &#8230;);<\/li>\n<li>Teilnahmebescheinigung.<\/li>\n<\/ol>\n[\/spb_text_block] [\/spb_accordion_tab] [spb_accordion_tab title=&#8220;Kurskalender&#8220; accordion_id=&#8220;&#8220; icon=&#8220;&#8220;] [spb_text_block pb_margin_bottom=&#8220;no&#8220; pb_border_bottom=&#8220;no&#8220; width=&#8220;1\/1&#8243; el_position=&#8220;first last&#8220;]\n<p><a href=\"https:\/\/adg.it\/de\/kontakt\">Kontakt<\/a><\/p>\n[\/spb_text_block] [\/spb_accordion_tab] [spb_accordion_tab title=&#8220;Stundenplan&#8220; accordion_id=&#8220;&#8220; icon=&#8220;&#8220;] [spb_text_block pb_margin_bottom=&#8220;no&#8220; pb_border_bottom=&#8220;no&#8220; width=&#8220;1\/1&#8243; el_position=&#8220;first last&#8220;]\n<p>Montag bis Donnerstag von 13:30 bis 17:00 Uhr. Jeden Morgen einschlie\u00dflich freitags ist die Werkstatt ge\u00f6ffnet.<\/p>\n[\/spb_text_block] [\/spb_accordion_tab] [spb_accordion_tab title=&#8220;Erm\u00e4\u00dfigungen&#8220; accordion_id=&#8220;&#8220; icon=&#8220;&#8220;] [spb_text_block pb_margin_bottom=&#8220;no&#8220; pb_border_bottom=&#8220;no&#8220; width=&#8220;1\/1&#8243; el_position=&#8220;first last&#8220;]\n<p>Alle Kurse sind in italienischer Sprache. Diejenigen, die nicht \u00fcber ausreichende Kenntnisse der Sprache, kann von der M\u00f6glichkeit der Kombination einen Kurs von Kultur oder Kunst mit einem Italienisch-Sprachkurs, der damit um <strong>10%<\/strong> reduziert werden profitieren.<br \/>\nStudenten, die in einem Kurs die M\u00f6glichkeit haben, BA frequenter alle anderen Kunst-Kurse und Seminare mit <strong>10%<\/strong> Rabatt.<\/p>\n[\/spb_text_block] [\/spb_accordion_tab] [spb_accordion_tab title=&#8220;Bereiche&#8220; accordion_id=&#8220;&#8220; icon=&#8220;&#8220;] [spb_text_block pb_margin_bottom=&#8220;no&#8220; pb_border_bottom=&#8220;no&#8220; width=&#8220;1\/1&#8243; el_position=&#8220;first last&#8220;]\n<p>Geben Sie bei der Anmeldung k\u00fcnstlerischen Bereich der Studie, die Sie verfolgen m\u00f6chten: <strong>Malerei Zeichnung, Malerei Project, Grafik, Skulptur, Dekoration, Szenografie<\/strong>, kostenlos nackte Schule, etc..<\/p>\n[\/spb_text_block] [\/spb_accordion_tab] [spb_accordion_tab title=&#8220;Unterrichtsmaterialien&#8220; accordion_id=&#8220;&#8220; icon=&#8220;&#8220;] [spb_text_block pb_margin_bottom=&#8220;no&#8220; pb_border_bottom=&#8220;no&#8220; width=&#8220;1\/1&#8243; el_position=&#8220;first last&#8220;]\n<p><strong>(Nicht im Preis inbegriffen)<\/strong><\/p>\n<p>F\u00fcr die Zeichnung:<br \/>\nBleistifte HB, B2 B4 o; Kohle, Kreide, Papier, Radiergummi.<br \/>\n20 \u2013 30 \u20ac<\/p>\n<p>F\u00fcr die Malerei:<br \/>\nPrim\u00e4re Farben: rot, gelb, blau<br \/>\ntitanwei\u00df<br \/>\nSienaerde<br \/>\n3 oder 4 B\u00fcrsten (klein, mittel und gro\u00df)<br \/>\nRange (wenn m\u00f6glich Bl\u00e4tter off)<br \/>\nTerpentin<br \/>\n30 \u2013 50 \u20ac<\/p>\n<p>Wenn Sie nicht die Unterrichtsmaterialien f\u00fcr Ihren Kurs haben, machen Sie sich keine Sorge: am ersten Tag des Kurses wird der Lehrer Sie sagen, was Sie brauchen und wo es zu kaufen: Erm\u00e4\u00dfigungen f\u00fcr unsere Sch\u00fcler in mehreren Kunstgesch\u00e4ften in Florenz.<\/p>\n[\/spb_text_block] [\/spb_accordion_tab] [\/spb_accordion] [\/spb_column] [spb_column width=&#8220;1\/3&#8243; el_position=&#8220;last&#8220;] [spb_single_image image=&#8220;8169&#8243; image_size=&#8220;full&#8220; frame=&#8220;shadowframe&#8220; intro_animation=&#8220;none&#8220; full_width=&#8220;no&#8220; lightbox=&#8220;yes&#8220; link_target=&#8220;_self&#8220; width=&#8220;1\/1&#8243; el_position=&#8220;first last&#8220;] [spb_single_image image=&#8220;13499&#8243; image_size=&#8220;full&#8220; frame=&#8220;shadowframe&#8220; intro_animation=&#8220;none&#8220; full_width=&#8220;no&#8220; lightbox=&#8220;yes&#8220; image_link=&#8220;https:\/\/adg.it\/en\/product\/preparatory-course-for-applicants-to-the-italian-fine-arts-academies\/&#8220; link_target=&#8220;_blank&#8220; width=&#8220;1\/1&#8243; el_position=&#8220;first last&#8220;] [spb_text_block title=&#8220;Kontaktieren Sie uns&#8220; pb_margin_bottom=&#8220;no&#8220; pb_border_bottom=&#8220;no&#8220; width=&#8220;1\/1&#8243; el_position=&#8220;first last&#8220;]\n<div class=\"wpforms-container wpforms-container-full\" id=\"wpforms-18575\"><form id=\"wpforms-form-18575\" class=\"wpforms-validate wpforms-form wpforms-ajax-form\" data-formid=\"18575\" method=\"post\" enctype=\"multipart\/form-data\" action=\"\/de\/wp-json\/wp\/v2\/pages\/8379\" data-token=\"ecf25e222d6cf048cedfbf2b0ece48bc\" data-token-time=\"1776873846\"><noscript class=\"wpforms-error-noscript\">Bitte aktiviere JavaScript in deinem Browser, um dieses Formular fertigzustellen.<\/noscript><div class=\"wpforms-field-container\"><div id=\"wpforms-18575-field_6-container\" class=\"wpforms-field wpforms-field-name\" data-field-id=\"6\"><label class=\"wpforms-field-label\">Name <span class=\"wpforms-required-label\">*<\/span><\/label><div class=\"wpforms-field-row wpforms-field-large\"><div class=\"wpforms-field-row-block wpforms-first wpforms-one-half\"><input type=\"text\" id=\"wpforms-18575-field_6\" class=\"wpforms-field-name-first wpforms-field-required\" name=\"wpforms[fields][6][first]\" placeholder=\"Ihr Vorname\" required><label for=\"wpforms-18575-field_6\" class=\"wpforms-field-sublabel after\">First<\/label><\/div><div class=\"wpforms-field-row-block wpforms-one-half\"><input type=\"text\" id=\"wpforms-18575-field_6-last\" class=\"wpforms-field-name-last wpforms-field-required\" name=\"wpforms[fields][6][last]\" placeholder=\"Ihr Familienname\" required><label for=\"wpforms-18575-field_6-last\" class=\"wpforms-field-sublabel after\">Last<\/label><\/div><\/div><\/div><div id=\"wpforms-18575-field_1-container\" class=\"wpforms-field wpforms-field-email\" data-field-id=\"1\"><label class=\"wpforms-field-label\" for=\"wpforms-18575-field_1\">E-Mail <span class=\"wpforms-required-label\">*<\/span><\/label><input type=\"email\" id=\"wpforms-18575-field_1\" class=\"wpforms-field-large wpforms-field-required\" name=\"wpforms[fields][1]\" placeholder=\"Ihre E-Mail\" spellcheck=\"false\" required><\/div><div id=\"wpforms-18575-field_2-container\" class=\"wpforms-field wpforms-field-textarea\" data-field-id=\"2\"><label class=\"wpforms-field-label\" for=\"wpforms-18575-field_2\">Nachricht <span class=\"wpforms-required-label\">*<\/span><\/label><textarea id=\"wpforms-18575-field_2\" class=\"wpforms-field-medium wpforms-field-required\" name=\"wpforms[fields][2]\" placeholder=\"Schreiben Sie hier Ihre Nachricht\" required><\/textarea><\/div><\/div><!-- .wpforms-field-container --><div class=\"wpforms-field wpforms-field-hp\"><label for=\"wpforms-18575-field-hp\" class=\"wpforms-field-label\">Comment<\/label><input type=\"text\" name=\"wpforms[hp]\" id=\"wpforms-18575-field-hp\" class=\"wpforms-field-medium\"><\/div><div class=\"wpforms-submit-container\" ><input type=\"hidden\" name=\"wpforms[id]\" value=\"18575\"><input type=\"hidden\" name=\"page_title\" value=\"\"><input type=\"hidden\" name=\"page_url\" value=\"https:\/\/adg.it\/de\/wp-json\/wp\/v2\/pages\/8379\"><input type=\"hidden\" name=\"url_referer\" value=\"\"><button type=\"submit\" name=\"wpforms[submit]\" id=\"wpforms-submit-18575\" class=\"wpforms-submit\" data-alt-text=\"Senden...\" data-submit-text=\"Senden\" aria-live=\"assertive\" value=\"wpforms-submit\">Senden<\/button><img loading=\"lazy\" decoding=\"async\" src=\"https:\/\/adg.it\/wp-content\/plugins\/wpforms\/assets\/images\/submit-spin.svg\" class=\"wpforms-submit-spinner\" style=\"display: none;\" width=\"26\" height=\"26\" alt=\"Wird geladen\"><\/div><\/form><\/div>  <!-- .wpforms-container -->\n[\/spb_text_block] [\/spb_column]<\/p>\n","protected":false},"excerpt":{"rendered":"<p>[spb_column width=&#8220;2\/3&#8243; el_position=&#8220;first&#8220;] [spb_text_block pb_margin_bottom=&#8220;no&#8220; pb_border_bottom=&#8220;no&#8220; width=&#8220;1\/1&#8243; el_position=&#8220;first last&#8220;] Die Accademia del Giglio hat eine lange Erfahrung im Organisieren von Vorbereitungskursen f\u00fcr die Aufnahmepr\u00fcfung an der staatlichen Kunstakademie, die sich in Florenz sowie in anderen italienischen St\u00e4dten befindet und die am Ende des Studiums das Diplom in Malerei, Bildhauerei, Dekoration oder B\u00fchnenbild erteilt. Da die Aufnahmepr\u00fcfung an der Kunstakademie in [&hellip;]<\/p>\n","protected":false},"author":27,"featured_media":8171,"parent":0,"menu_order":0,"comment_status":"closed","ping_status":"closed","template":"","meta":{"_joinchat":[],"footnotes":""},"class_list":["post-8379","page","type-page","status-publish","has-post-thumbnail","hentry"],"aioseo_notices":[],"_links":{"self":[{"href":"https:\/\/adg.it\/de\/wp-json\/wp\/v2\/pages\/8379","targetHints":{"allow":["GET"]}}],"collection":[{"href":"https:\/\/adg.it\/de\/wp-json\/wp\/v2\/pages"}],"about":[{"href":"https:\/\/adg.it\/de\/wp-json\/wp\/v2\/types\/page"}],"author":[{"embeddable":true,"href":"https:\/\/adg.it\/de\/wp-json\/wp\/v2\/users\/27"}],"replies":[{"embeddable":true,"href":"https:\/\/adg.it\/de\/wp-json\/wp\/v2\/comments?post=8379"}],"version-history":[{"count":1,"href":"https:\/\/adg.it\/de\/wp-json\/wp\/v2\/pages\/8379\/revisions"}],"predecessor-version":[{"id":25861,"href":"https:\/\/adg.it\/de\/wp-json\/wp\/v2\/pages\/8379\/revisions\/25861"}],"wp:featuredmedia":[{"embeddable":true,"href":"https:\/\/adg.it\/de\/wp-json\/wp\/v2\/media\/8171"}],"wp:attachment":[{"href":"https:\/\/adg.it\/de\/wp-json\/wp\/v2\/media?parent=8379"}],"curies":[{"name":"wp","href":"https:\/\/api.w.org\/{rel}","templated":true}]}}