{"id":8369,"date":"2015-05-21T12:29:48","date_gmt":"2015-05-21T12:29:48","guid":{"rendered":"http:\/\/wp.adg.it\/?page_id=8369"},"modified":"2025-11-04T11:10:46","modified_gmt":"2025-11-04T11:10:46","slug":"anfang","status":"publish","type":"page","link":"https:\/\/adg.it\/de\/","title":{"rendered":"Home"},"content":{"rendered":"[blank_spacer height=&#8220;30px&#8220; width=&#8220;1\/1&#8243; el_position=&#8220;first last&#8220;] [spb_single_image image=&#8220;27337&#8243; image_size=&#8220;full&#8220; frame=&#8220;noframe&#8220; intro_animation=&#8220;none&#8220; full_width=&#8220;yes&#8220; lightbox=&#8220;no&#8220; image_link=&#8220;https:\/\/adg.it\/de\/kunstwerkstaetten\/&#8220; link_target=&#8220;_self&#8220; width=&#8220;1\/1&#8243; el_position=&#8220;first last&#8220;] [blank_spacer height=&#8220;30px&#8220; width=&#8220;1\/1&#8243; el_position=&#8220;first last&#8220;] [spb_column width=&#8220;1\/4&#8243; el_position=&#8220;first&#8220;] [spb_icon_box title=&#8220;Kunstkurse&#8220; box_type=&#8220;standard&#8220; image=&#8220;fa-paint-brush&#8220; color=&#8220;standard&#8220; link=&#8220;http:\/\/adg.it\/de\/kurse-und-seminare-in-bildende-kunst&#8220; target=&#8220;_self&#8220; animation=&#8220;none&#8220; animation_delay=&#8220;0&#8243; width=&#8220;1\/1&#8243; el_position=&#8220;first last&#8220;]\n<p>Kurse in Zeichnen und Malerei, Intensive Seminare f\u00fcr verschiedene Techniken: \u00d6l, Fresko, Portr\u00e4t, Wasserfarben&#8230;<\/p>\n[\/spb_icon_box] [\/spb_column] [spb_column width=&#8220;1\/4&#8243;] [spb_icon_box title=&#8220;Kunstwerkst\u00e4tten&#8220; box_type=&#8220;standard&#8220; image=&#8220;ss-write&#8220; color=&#8220;standard&#8220; link=&#8220;https:\/\/adg.it\/de\/kunstwerkstaetten\/&#8220; target=&#8220;_self&#8220; animation=&#8220;none&#8220; animation_delay=&#8220;0&#8243; width=&#8220;1\/1&#8243; el_position=&#8220;first last&#8220;]\n<p>W\u00f6chentliche intensive Kunstworkshops: \u00d6l-, Tempera- und Acrylmalerei, grundlegende und fortgeschrittene Zeichentechniken, klassische und zeitgen\u00f6ssische Kunst.<\/p>\n[\/spb_icon_box] [\/spb_column] [spb_column width=&#8220;1\/4&#8243;] [spb_icon_box title=&#8220;Andere Kunstkurse&#8220; box_type=&#8220;standard&#8220; image=&#8220;fas fa-university&#8220; color=&#8220;standard&#8220; link=&#8220;https:\/\/adg.it\/de\/kurse-und-seminare-in-bildende-kunst\/&#8220; target=&#8220;_self&#8220; animation=&#8220;none&#8220; animation_delay=&#8220;0&#8243; width=&#8220;1\/1&#8243; el_position=&#8220;first last&#8220;]\n<p>Kurz- und Langzeit-Kunstkurse in Florenz: Fresko, Aquarell, Zeichenkurse f\u00fcr Fortgeschrittene, Aktzeichnen und Tonskulptur.<\/p>\n[\/spb_icon_box] [\/spb_column] [spb_column width=&#8220;1\/4&#8243; el_position=&#8220;last&#8220;] [spb_icon_box title=&#8220;Schulgruppen&#8220; box_type=&#8220;standard&#8220; image=&#8220;fa-users&#8220; color=&#8220;standard&#8220; link=&#8220;http:\/\/adg.it\/de\/kurse-fur-schulgruppen&#8220; target=&#8220;_self&#8220; animation=&#8220;none&#8220; animation_delay=&#8220;0&#8243; width=&#8220;1\/1&#8243; el_position=&#8220;first last&#8220;]\n<p>Italienisch-Sprachkurse, Kunst und Kultur f\u00fcr Schulklassen. Durchgef\u00fchrten Programme nach Ihren W\u00fcnschen.<\/p>\n[\/spb_icon_box] [\/spb_column] [blank_spacer height=&#8220;30px&#8220; width=&#8220;1\/1&#8243; el_position=&#8220;first last&#8220;] [boxed_content title=&#8220;Italienisch Sprachschule und Kunst&#8220; type=&#8220;coloured&#8220; pb_margin_bottom=&#8220;yes&#8220; width=&#8220;1\/1&#8243; el_position=&#8220;first last&#8220;]\n<p><strong>In Florenz seit 1995.<\/strong><\/p>\n<p>Seit 1995 ist Accademia del Giglio eine Schule, die sich auf dem Unterricht der italienischen Sprache Kunst und Kultur f\u00fcr Ausl\u00e4nder spezialisiert hat.<\/p>\n<p>Das Ziel der Schule ist es, Sie in die Lage zu versetzen, sich komplett in die italienische Lebensweise einzuf\u00fchren und die m\u00fcndliche und schriftliche Sprache immer besser zu beherrschen.<\/p>\n<p>Deswegen werden, neben hochspezialisierten Italienischkursen, auch Kultur-, Literatur-, Kunst- und Kunstgeschichtekurse angeboten. In der Accademia del Giglio finden Sie eine nette und freundliche Atmosph\u00e4re, in der man sich bem\u00fcht, ihre verschiedenen Anspr\u00fcche zu erf\u00fcllen.<\/p>\n[\/boxed_content] [spb_toggle title=&#8220;In Geburtsst\u00e4tte der Renaissance&#8220; open=&#8220;false&#8220; width=&#8220;1\/1&#8243; el_position=&#8220;first last&#8220;]\n<p>Die Schule befindet sich in Florenz, in einem Geb\u00e4ude aus dem 18. Jahrhundert, in zentraler und ruhiger Lage: einige Minuten zu Fu\u00df vom Dom (Santa Maria del Fiore) sowie vom Rathaus (Palazzo Vecchio) entfernt.<\/p>\n<p>Sie sind deswegen vollkommen in der k\u00fcnstlerischen, historischen und kulturellen Geburtsst\u00e4tte der italienischen Renaissance eingebettet.<\/p>\n<p>Schnelle und gute Verkehrsverbindungen erm\u00f6glichen es, weitere Perlen der Toskana zu erreichen, die in einem Umkreis von 70 km von Florenz liegen: San Gimignano, Siena, Pisa, Pistoia, Lucca\u2026<\/p>\n[\/spb_toggle] [spb_toggle title=&#8220;Stadt- und Museumsbesuche, Ausfl\u00fcge in die Toskana&#8220; open=&#8220;false&#8220; width=&#8220;1\/1&#8243; el_position=&#8220;first last&#8220;]\n<p>Jede Woche gibt es bei der Accademia del Giglio etwas neues zu tun: man organisiert f\u00fcr die Sch\u00fcler Stadt- und Museumsbesuche, Ausfl\u00fcge in die Toskana, Abendessen in florentinischen Caf\u00e9s oder Restaurants. Jeden Nachmittag sind die Sch\u00fcler, die vormittags Kurse besuchen, in der Schule willkommen: hier k\u00f6nnen sie lesen, Filme auf Italienisch anschauen, sich unterhalten oder sich mit Gesellschaftsspielen am\u00fcsieren.<\/p>\n[\/spb_toggle] [spb_toggle title=&#8220;Dienstleistungen und Informationen&#8220; open=&#8220;false&#8220; width=&#8220;1\/1&#8243; el_position=&#8220;first last&#8220;]\n<p>Sorgf\u00e4ltig ausgew\u00e4hlte <strong>Unterkunft<\/strong>: Zimmer bei einer Familie oder in Student Apartments, Studios oder F2 o Miete, Wi-Fi-, Service &#8222;giovanissimo&#8220; (f\u00fcr Teens), Transfer vom Bahnhof oder Flughafen, Service &#8222;in due&#8220; (Gespr\u00e4ch Austausch).<\/p>\n<p>Unser Blog <a href=\"http:\/\/www.adgblog.it\/\">www.adgblog.it<\/a> (2007 European Label f\u00fcr den Sprachunterricht) finden Sie Hunderte von \u00dcbungen, Italienisch zu lernen, sowie Updates \u00fcber unsere Initiativen und viele andere n\u00fctzliche Informationen \u00fcber Florenz finden Italien.<\/p>\n[\/spb_toggle] [blank_spacer height=&#8220;30px&#8220; width=&#8220;1\/1&#8243; el_position=&#8220;first last&#8220;] [spb_column width=&#8220;1\/4&#8243; el_position=&#8220;first&#8220;] [spb_icon_box title=&#8220;Online Italienisch&#8220; box_type=&#8220;animated&#8220; image=&#8220;fas fa-comments&#8220; color=&#8220;standard&#8220; link=&#8220;https:\/\/adg.it\/de\/online-italienisch-sprachkurse\/&#8220; target=&#8220;_self&#8220; animation=&#8220;none&#8220; animation_delay=&#8220;0&#8243; width=&#8220;1\/1&#8243; el_position=&#8220;first last&#8220;]\n<p>Nehmen Sie Ihren Unterricht bei einem unserer Lehrer, als w\u00e4ren Sie in Italien. Der Unterricht wird mit Hilfe moderner und leicht zug\u00e4nglicher Technologien abgehalten: Mit nur einem Klick sind Sie online und k\u00f6nnen Ihr Italienisch verbessern.<\/p>\n[\/spb_icon_box] [\/spb_column] [spb_column width=&#8220;1\/4&#8243;] [spb_icon_box title=&#8220;Die Kunst-Werkstatt&#8220; box_type=&#8220;animated&#8220; image=&#8220;fas fa-grin-stars&#8220; color=&#8220;standard&#8220; link=&#8220;https:\/\/adg.it\/de\/kunstwerkstaetten\/&#8220; target=&#8220;_self&#8220; animation=&#8220;none&#8220; animation_delay=&#8220;0&#8243; width=&#8220;1\/1&#8243; el_position=&#8220;first last&#8220;]\n<p>Sie haben auch die M\u00f6glichkeit an einen Kunstkurs teilzunehmen. Sie werden einfach Zeichnentechniken lernen oder Sie k\u00f6nnen Ihre Kunstf\u00e4higkeiten durch das Studieren von traditionellen Malereitechniken verbessern.<\/p>\n[\/spb_icon_box] [\/spb_column] [spb_column width=&#8220;1\/4&#8243;] [spb_icon_box title=&#8220;Anmerkungen&#8220; box_type=&#8220;animated&#8220; image=&#8220;fas fa-bullhorn&#8220; color=&#8220;standard&#8220; link=&#8220;http:\/\/adg.it\/testimonials&#8220; target=&#8220;_self&#8220; animation=&#8220;none&#8220; animation_delay=&#8220;0&#8243; width=&#8220;1\/1&#8243; el_position=&#8220;first last&#8220;]\n<p>Lesen Sie was unsere Sch\u00fcler \u00fcber AdG sagen<\/p>\n[\/spb_icon_box] [\/spb_column] [spb_column width=&#8220;1\/4&#8243; el_position=&#8220;last&#8220;] [spb_icon_box title=&#8220;Photo album&#8220; box_type=&#8220;animated&#8220; image=&#8220;fa-camera-retro&#8220; color=&#8220;standard&#8220; link=&#8220;https:\/\/www.instagram.com\/accademiadelgiglio\/&#8220; target=&#8220;_blank&#8220; animation=&#8220;none&#8220; animation_delay=&#8220;0&#8243; width=&#8220;1\/1&#8243; el_position=&#8220;first last&#8220;]\n<p>Sehen Sie unseren Instagram photo album an!<\/p>\n[\/spb_icon_box] [\/spb_column] [blank_spacer height=&#8220;30px&#8220; width=&#8220;1\/1&#8243; el_position=&#8220;first last&#8220;] [posts_carousel item_count=&#8220;12&#8243; category=&#8220;kunstwerkstaetten&#8220; offset=&#8220;0&#8243; posts_order=&#8220;ASC&#8220; show_title=&#8220;yes&#8220; show_excerpt=&#8220;no&#8220; show_details=&#8220;no&#8220; excerpt_length=&#8220;20&#8243; width=&#8220;1\/1&#8243; el_position=&#8220;first last&#8220;]\n","protected":false},"excerpt":{"rendered":"<p>[blank_spacer height=&#8220;30px&#8220; width=&#8220;1\/1&#8243; el_position=&#8220;first last&#8220;] [spb_single_image image=&#8220;27337&#8243; image_size=&#8220;full&#8220; frame=&#8220;noframe&#8220; intro_animation=&#8220;none&#8220; full_width=&#8220;yes&#8220; lightbox=&#8220;no&#8220; image_link=&#8220;https:\/\/adg.it\/de\/kunstwerkstaetten\/&#8220; link_target=&#8220;_self&#8220; width=&#8220;1\/1&#8243; el_position=&#8220;first last&#8220;] [blank_spacer height=&#8220;30px&#8220; width=&#8220;1\/1&#8243; el_position=&#8220;first last&#8220;] [spb_column width=&#8220;1\/4&#8243; el_position=&#8220;first&#8220;] [spb_icon_box title=&#8220;Kunstkurse&#8220; box_type=&#8220;standard&#8220; image=&#8220;fa-paint-brush&#8220; color=&#8220;standard&#8220; link=&#8220;http:\/\/adg.it\/de\/kurse-und-seminare-in-bildende-kunst&#8220; target=&#8220;_self&#8220; animation=&#8220;none&#8220; animation_delay=&#8220;0&#8243; width=&#8220;1\/1&#8243; el_position=&#8220;first last&#8220;] Kurse in Zeichnen und Malerei, Intensive Seminare f\u00fcr verschiedene Techniken: \u00d6l, Fresko, Portr\u00e4t, Wasserfarben&#8230; [\/spb_icon_box] [\/spb_column] [spb_column width=&#8220;1\/4&#8243;] [spb_icon_box title=&#8220;Kunstwerkst\u00e4tten&#8220; box_type=&#8220;standard&#8220; image=&#8220;ss-write&#8220; color=&#8220;standard&#8220; [&hellip;]<\/p>\n","protected":false},"author":27,"featured_media":0,"parent":0,"menu_order":0,"comment_status":"closed","ping_status":"closed","template":"","meta":{"_joinchat":[],"footnotes":""},"class_list":["post-8369","page","type-page","status-publish","hentry"],"aioseo_notices":[],"_links":{"self":[{"href":"https:\/\/adg.it\/de\/wp-json\/wp\/v2\/pages\/8369","targetHints":{"allow":["GET"]}}],"collection":[{"href":"https:\/\/adg.it\/de\/wp-json\/wp\/v2\/pages"}],"about":[{"href":"https:\/\/adg.it\/de\/wp-json\/wp\/v2\/types\/page"}],"author":[{"embeddable":true,"href":"https:\/\/adg.it\/de\/wp-json\/wp\/v2\/users\/27"}],"replies":[{"embeddable":true,"href":"https:\/\/adg.it\/de\/wp-json\/wp\/v2\/comments?post=8369"}],"version-history":[{"count":5,"href":"https:\/\/adg.it\/de\/wp-json\/wp\/v2\/pages\/8369\/revisions"}],"predecessor-version":[{"id":27341,"href":"https:\/\/adg.it\/de\/wp-json\/wp\/v2\/pages\/8369\/revisions\/27341"}],"wp:attachment":[{"href":"https:\/\/adg.it\/de\/wp-json\/wp\/v2\/media?parent=8369"}],"curies":[{"name":"wp","href":"https:\/\/api.w.org\/{rel}","templated":true}]}}