{"id":27878,"date":"2026-05-04T10:56:11","date_gmt":"2026-05-04T10:56:11","guid":{"rendered":"https:\/\/adg.it\/?page_id=27878"},"modified":"2026-05-04T10:56:11","modified_gmt":"2026-05-04T10:56:11","slug":"studierendenservice","status":"publish","type":"page","link":"https:\/\/adg.it\/de\/studierendenservice\/","title":{"rendered":"Studierendenservice"},"content":{"rendered":"<p>[spb_column width=&#8220;1\/2&#8243; el_position=&#8220;first&#8220;] [spb_text_block pb_margin_bottom=&#8220;no&#8220; pb_border_bottom=&#8220;no&#8220; width=&#8220;1\/1&#8243; el_position=&#8220;first last&#8220;]\n<p>Die Mitarbeiter der Accademia del Giglio bieten <strong>kostenlose Beratung<\/strong> zu folgenden Themen:<br \/>\n&#8211; Zuverl\u00e4ssige und professionelle medizinische Hilfe, d. h. wo man hingehen und wen man kontaktieren sollte, falls ein Arzt ben\u00f6tigt wird.<br \/>\n&#8211; \u00d6ffentliche Verkehrsmittel, Fahrkarten, Zug- und Flugpl\u00e4ne, Sonderangebote f\u00fcr Reisen in Italien und Europa;<br \/>\n&#8211; Unterhaltungsangebote, Ausstellungen, Museen in Florenz und der Toskana.<br \/>\n&#8211; Wie man sich f\u00fcr Universit\u00e4tskurse, an der Accademia di Belle Arti sowie an regionalen und kommunalen Schulen einschreibt.<\/p>\n[\/spb_text_block] [\/spb_column] [spb_column width=&#8220;1\/2&#8243; el_position=&#8220;last&#8220;] [boxed_content type=&#8220;coloured&#8220; pb_margin_bottom=&#8220;yes&#8220; width=&#8220;1\/1&#8243; el_position=&#8220;first last&#8220;]\n<p>Dienstleistungen<\/p>\n[\/boxed_content] [spb_accordion width=&#8220;1\/1&#8243; el_position=&#8220;first last&#8220;] [spb_accordion_tab title=&#8220;Visa&#8220; accordion_id=&#8220;&#8220; icon=&#8220;&#8220;] [spb_text_block title=&#8220;Visum und Aufenthaltsgenehmigung&#8220; pb_margin_bottom=&#8220;no&#8220; pb_border_bottom=&#8220;no&#8220; width=&#8220;1\/1&#8243; el_position=&#8220;first last&#8220;]\n<div class=\"sf-icon-cont cont-small sf-icon-float-left sf-icon-standard\"><i class=\"ss-globe sf-icon sf-icon-small\"><\/i><\/div>Die Accademia del Giglio steht Studierenden, die ein Visum f\u00fcr die Einreise ben\u00f6tigen, sowie solchen, die ihren Aufenthalt in Italien verl\u00e4ngern m\u00fcssen, um ihr Studium abzuschlie\u00dfen, mit Rat und Tat zur Seite.<\/p>\n<p>&#8211; Wenn Sie <strong>Staatsangeh\u00f6riger der Europ\u00e4ischen Union<\/strong> sind oder einen Reisepass eines Landes besitzen, das Mitglied oder Partner der Europ\u00e4ischen Union ist, ben\u00f6tigen Sie f\u00fcr die Einreise nach Italien kein Visum.<\/p>\n<p>&#8211; Sind Sie hingegen ein <strong>ausl\u00e4ndischer Studierender<\/strong> oder geh\u00f6rt Ihr Land nicht zur Europ\u00e4ischen Union oder ist kein Partner der Europ\u00e4ischen Union, werden Sie gebeten, sich an die n\u00e4chstgelegene italienische Botschaft oder das n\u00e4chstgelegene italienische Konsulat in Ihrem Land zu wenden und ein Visum zu beantragen.<\/p>\n<p>Um ein Visum zu erhalten, ben\u00f6tigen Sie unser Zulassungsschreiben, das best\u00e4tigt, dass Sie w\u00e4hrend Ihres Aufenthalts in Italien an Kursen teilnehmen werden. Bitte beachten Sie, <strong>dass wir Ihnen unser Zulassungsschreiben erst nach Abschluss aller Zulassungsverfahren zusenden k\u00f6nnen<\/strong>. Bitte stellen Sie sicher, dass Sie Ihr Visum erhalten, bevor Sie Ihr Land verlassen. Sollten Sie Probleme bei der Beschaffung Ihres Visums haben (in einigen L\u00e4ndern kann die Bearbeitung bis zu 5 Wochen dauern), informieren Sie uns bitte SP\u00c4TESTENS 8 Tage vor Kursbeginn. Bei Studierenden, die uns zu sp\u00e4t informieren, kann der Kurs storniert werden, und es erfolgt keine R\u00fcckerstattung.<\/p>\n[\/spb_text_block] [\/spb_accordion_tab] [spb_accordion_tab title=&#8220;Erasmus+&#8220; accordion_id=&#8220;&#8220; icon=&#8220;&#8220;] [spb_text_block pb_margin_bottom=&#8220;no&#8220; pb_border_bottom=&#8220;no&#8220; width=&#8220;1\/1&#8243; el_position=&#8220;first last&#8220;]\n<div class=\"sf-icon-cont cont-small sf-icon-float-left sf-icon-standard\"><i class=\"fas fa-book-reader sf-icon sf-icon-small\"><\/i><\/div>M\u00f6chten Sie am <strong>ERASMUS+ KA1<\/strong>-Programm teilnehmen?<br \/>\nDie Accademia del Giglio ist eine akkreditierte Einrichtung im Rahmen von ERASMUS+. Wenn Sie daran interessiert sind, einen Kurs bei uns zu besuchen, laden wir Sie herzlich ein, sich an die ERASMUS-Agentur in Ihrem Heimatland zu wenden und Ihre Bewerbung einzureichen, wobei Sie unsere Einrichtung als Ihre bevorzugte Gastinstitution angeben.<br \/>\nBitte geben Sie bei Ihrer Bewerbung unseren <strong>OID<\/strong>-Code an: <strong>E10198236<\/strong>.<br \/>\nSollten Sie weitere Informationen oder Unterst\u00fctzung ben\u00f6tigen, k\u00f6nnen <a href=\"https:\/\/adg.it\/de\/kontakt\/\">Sie sich gerne an uns wenden<\/a>.<\/p>\n[\/spb_text_block] [\/spb_accordion_tab] [spb_accordion_tab title=&#8220;Wi-Fi&#8220; accordion_id=&#8220;&#8220; icon=&#8220;&#8220;] [spb_text_block title=&#8220;Kostenloses WLAN&#8220; pb_margin_bottom=&#8220;no&#8220; pb_border_bottom=&#8220;no&#8220; width=&#8220;1\/1&#8243; el_position=&#8220;first last&#8220;]\n<div class=\"sf-icon-cont cont-small sf-icon-float-left sf-icon-standard\"><i class=\"fa-wifi sf-icon sf-icon-small\"><\/i><\/div>Studierende der Accademia del Giglio haben kostenlosen Internetzugang.<\/p>\n[\/spb_text_block] [\/spb_accordion_tab] [\/spb_accordion] [\/spb_column]<\/p>\n","protected":false},"excerpt":{"rendered":"<p>[spb_column width=&#8220;1\/2&#8243; el_position=&#8220;first&#8220;] [spb_text_block pb_margin_bottom=&#8220;no&#8220; pb_border_bottom=&#8220;no&#8220; width=&#8220;1\/1&#8243; el_position=&#8220;first last&#8220;] Die Mitarbeiter der Accademia del Giglio bieten kostenlose Beratung zu folgenden Themen: &#8211; Zuverl\u00e4ssige und professionelle medizinische Hilfe, d. h. wo man hingehen und wen man kontaktieren sollte, falls ein Arzt ben\u00f6tigt wird. &#8211; \u00d6ffentliche Verkehrsmittel, Fahrkarten, Zug- und Flugpl\u00e4ne, Sonderangebote f\u00fcr Reisen in Italien und Europa; &#8211; Unterhaltungsangebote, Ausstellungen, Museen [&hellip;]<\/p>\n","protected":false},"author":27,"featured_media":0,"parent":0,"menu_order":0,"comment_status":"closed","ping_status":"open","template":"","meta":{"_joinchat":[],"footnotes":""},"class_list":["post-27878","page","type-page","status-publish","hentry"],"aioseo_notices":[],"_links":{"self":[{"href":"https:\/\/adg.it\/de\/wp-json\/wp\/v2\/pages\/27878","targetHints":{"allow":["GET"]}}],"collection":[{"href":"https:\/\/adg.it\/de\/wp-json\/wp\/v2\/pages"}],"about":[{"href":"https:\/\/adg.it\/de\/wp-json\/wp\/v2\/types\/page"}],"author":[{"embeddable":true,"href":"https:\/\/adg.it\/de\/wp-json\/wp\/v2\/users\/27"}],"replies":[{"embeddable":true,"href":"https:\/\/adg.it\/de\/wp-json\/wp\/v2\/comments?post=27878"}],"version-history":[{"count":1,"href":"https:\/\/adg.it\/de\/wp-json\/wp\/v2\/pages\/27878\/revisions"}],"predecessor-version":[{"id":27879,"href":"https:\/\/adg.it\/de\/wp-json\/wp\/v2\/pages\/27878\/revisions\/27879"}],"wp:attachment":[{"href":"https:\/\/adg.it\/de\/wp-json\/wp\/v2\/media?parent=27878"}],"curies":[{"name":"wp","href":"https:\/\/api.w.org\/{rel}","templated":true}]}}