{"id":26911,"date":"2025-07-24T12:54:30","date_gmt":"2025-07-24T12:54:30","guid":{"rendered":"https:\/\/adg.it\/?page_id=26911"},"modified":"2025-07-24T12:54:30","modified_gmt":"2025-07-24T12:54:30","slug":"ein-tag-voller-kunst-in-der-toskana","status":"publish","type":"page","link":"https:\/\/adg.it\/de\/ein-tag-voller-kunst-in-der-toskana\/","title":{"rendered":"Ein Tag voller Kunst in der Toskana"},"content":{"rendered":"<p>[spb_column width=&#8220;2\/3&#8243; el_position=&#8220;first&#8220;] [spb_text_block title=&#8220;Ein intensiver Eint\u00e4giger Kunstkurs&#8220; pb_margin_bottom=&#8220;no&#8220; pb_border_bottom=&#8220;no&#8220; width=&#8220;1\/1&#8243; el_position=&#8220;first last&#8220;]\n<p>Unsere eint\u00e4gigen Kunstkurse sind ideal f\u00fcr Kunstliebhaber, die nur wenig Zeit in der <strong>Toskana<\/strong> verbringen k\u00f6nnen! Erleben Sie einen intensiven Tag voller Kunst in Ihrer Lieblingsumgebung in der Toskana, sei es in den bezaubernden H\u00fcgeln des <strong>Chianti<\/strong>, im mittelalterlichen <strong>Siena<\/strong> oder <strong>San Gimignano<\/strong> oder in der faszinierenden Stadt <strong>Lucca<\/strong>.<\/p>\n[\/spb_text_block] [spb_text_block title=&#8220;Privatunterricht in der Toskana&#8220; pb_margin_bottom=&#8220;no&#8220; pb_border_bottom=&#8220;no&#8220; width=&#8220;1\/1&#8243; el_position=&#8220;first last&#8220;]\n<p>Sind Sie auf der Suche nach einem ganz pers\u00f6nlichen Kunsterlebnis in der Toskana? Unsere <strong>Einzel<\/strong>&#8211; und <strong>Zweierkurse<\/strong> sind speziell auf Sie zugeschnitten und werden t\u00e4glich, auch am Wochenende, in der gesamten Region angeboten. Ob Sie sich in den bezaubernden H\u00fcgeln des Chianti, im mittelalterlichen Siena, im historischen Lucca oder einem anderen Juwel der Toskana befinden \u2013 wir bringen das Kunsterlebnis zu Ihnen.<\/p>\n<h3>Ma\u00dfgeschneiderte Kunsterlebnisse in der Toskana<\/h3>\n<p>Sie passen Ihr Training an Ihr Leistungsniveau und Ihre bevorzugte Unterrichtszeit an. Unsere Trainer begleiten Sie stets auf Ihrem Leistungsniveau und sorgen so f\u00fcr einen lohnenden und produktiven Unterricht.<\/p>\n<h3>Deine k\u00fcnstlerische Reise, ganz nach deinem Geschmack<\/h3>\n<p>W\u00e4hlen Sie einen oder mehrere der ber\u00fchmten Orte der Toskana als k\u00fcnstlerische Kulisse, darunter:<\/p>\n<ul>\n<li>Siena<\/li>\n<li>San Gimignano<\/li>\n<li>Monteriggioni<\/li>\n<li>Pisa<\/li>\n<li>Vinci<\/li>\n<li>Volterra<\/li>\n<li>Certaldo<\/li>\n<li>Lucca<\/li>\n<li>Montepulciano<\/li>\n<li>Pienza<\/li>\n<li>Montalcino<\/li>\n<li>Arezzo<\/li>\n<li>Die Chianti-Region<\/li>\n<\/ul>\n<p>F\u00fcr Einzelpersonen und kleine Gruppen k\u00f6nnen das Programm und der Zeitplan vollst\u00e4ndig an Ihre spezifischen Bed\u00fcrfnisse und Interessen angepasst werden.<\/p>\n<p>Am Ende Ihres Kurses nehmen Sie ein kleines, aber bedeutungsvolles Kunstwerk mit nach Hause \u2013 ein perfektes Andenken an Ihre k\u00fcnstlerische Reise durch Italien.<\/p>\n[\/spb_text_block] [boxed_content type=&#8220;coloured&#8220; pb_margin_bottom=&#8220;no&#8220; width=&#8220;1\/1&#8243; el_position=&#8220;first last&#8220;]\n<p>Das Programm<\/p>\n[\/boxed_content] [spb_accordion width=&#8220;1\/1&#8243; el_position=&#8220;first last&#8220;] [spb_accordion_tab title=&#8220;Ein Tag Zeichnen und Malen in der Toskana&#8220; accordion_id=&#8220;&#8220; icon=&#8220;&#8220;] [spb_text_block pb_margin_bottom=&#8220;no&#8220; pb_border_bottom=&#8220;no&#8220; width=&#8220;1\/1&#8243; el_position=&#8220;first last&#8220;]\n<h3 class=\"ui-sortable-handle\">Erleben Sie die Kunst und Sch\u00f6nheit der Toskana: Ein privater Tageskurs<\/h3>\n<p>Begeben Sie sich auf einen ganz besonderen privaten Ganztages-Kunstkurs, der Sie von Florenz zu einem oder mehreren unvergesslichen Orten in der Toskana f\u00fchrt. Sie reisen bequem und haben die einmalige Gelegenheit, die wundersch\u00f6ne toskanische Landschaft und St\u00e4dte zu skizzieren und atemberaubende \u201eScorci\u201d (Aussichten) en plein air zu malen.<\/p>\n<p>Ihre Auswahlm\u00f6glichkeiten f\u00fcr Reiseziele:<\/p>\n<ul>\n<li>Chianti-Gebiet: Entdecken Sie diese reizvolle Region zwischen Florenz und Siena mit dem Privatwagen.<\/li>\n<li>Siena: Entdecken Sie die mittelalterliche Stadt, die mit dem Bus erreichbar ist.<\/li>\n<li>San Gimignano oder Monteriggioni: Reise zu diesen historischen Juwelen mit dem Privatwagen.<\/li>\n<li>Pisa: Besuchen Sie den ber\u00fchmten schiefen Turm, der mit dem Zug erreichbar ist.<\/li>\n<li>Volterra: Erkunden Sie diese antike etruskische Stadt mit dem Privatwagen.<\/li>\n<li>Vinci oder Certaldo: Besuchen Sie diese Kulturst\u00e4tten mit einem privaten Auto.<\/li>\n<li>Lucca: Erleben Sie diese faszinierende Stadt mit Stadtmauer, die mit dem Zug erreichbar ist.<\/li>\n<li>Montepulciano, Pienza oder Montalcino: Tauchen Sie mit einem privaten Auto in diese ber\u00fchmten Weinst\u00e4dte ein.<\/li>\n<li>Arezzo: Entdecken Sie diese kunstvolle Stadt, die mit dem Zug erreichbar ist.<\/li>\n<\/ul>\n<p>Ein Privatwagen oder \u00f6ffentliche Verkehrsmittel bringen Sie und Ihren Kunstlehrer zu dem Ort Ihrer Wahl: Dort haben Sie die M\u00f6glichkeit, in entspannter Atmosph\u00e4re zu zeichnen und Kunstwerke zu schaffen, die Sie mit nach Hause nehmen und vielleicht als Inspiration f\u00fcr die Zukunft nutzen k\u00f6nnen.<\/p>\n<p>Unsere <strong>erfahrenen Kunstlehrer<\/strong> helfen Ihnen dabei, Ihre Beobachtungsgabe zu sch\u00e4rfen, w\u00e4hrend Sie die Sch\u00f6nheit einer nat\u00fcrlichen Landschaft, eines charmanten Stadtbildes, eines historischen Denkmals oder eines alten Geb\u00e4udes einfangen. Sie k\u00f6nnen frei w\u00e4hlen und eine oder mehrere Techniken ausprobieren, die Ihren F\u00e4higkeiten und Vorlieben entsprechen, darunter <strong>Kohle, Pastell, Aquarell oder Acryl<\/strong>.<\/p>\n<h3 class=\"ui-sortable-handle\">Ihr k\u00fcnstlerischer Tag in der Toskana<\/h3>\n<p>Hier erfahren Sie, was Ihr individuelles ganzt\u00e4giges Kunsterlebnis beinhaltet:<\/p>\n<ul>\n<li>Abfahrt am Morgen: Wir holen Sie zwischen 9 und 10 Uhr in Florenz ab.<\/li>\n<li>Kunst-Immersion: Kommen Sie an Ihrem ausgew\u00e4hlten Reiseziel in der Toskana an und tauchen Sie ein in das Skizzieren und Malen unter freiem Himmel.<\/li>\n<li>Leichtes Mittagessen (nicht inbegriffen): Genie\u00dfen Sie ein erfrischendes leichtes Mittagessen inmitten Ihrer k\u00fcnstlerischen Aktivit\u00e4ten.<\/li>\n<li>Nachmittags erkunden: Weiter geht es mit Skizzieren und Besichtigungen lokaler Sehensw\u00fcrdigkeiten.<\/li>\n<li>R\u00fcckkehr nach Florenz: Wir bringen Sie zwischen 18:00 und 19:00 Uhr zur\u00fcck nach Florenz.<\/li>\n<\/ul>\n<p>Die Gesamtdauer des Unterrichts betr\u00e4gt etwa <strong>5 Stunden konzentrierten Kunstunterrichts<\/strong>.<\/p>\n<h3 class=\"ui-sortable-handle\">Was Sie mitbringen sollten<\/h3>\n<p>Wir empfehlen Ihnen, Trekking- oder bequeme Schuhe und einen Hut mit breiter Krempe zu tragen, damit Sie sich den ganzen Tag \u00fcber wohlf\u00fchlen.<\/p>\n<p>Dieser Kurs kann sowohl Kunstanf\u00e4ngern als auch erfahrenen K\u00fcnstlern und Fachleuten empfohlen werden.<\/p>\n<h3 class=\"ui-sortable-handle\">Bitte beachten Sie, dass<\/h3>\n<p>Unsere En-plein-air-Kurse beinhalten Spazierg\u00e4nge und Treppensteigen, um zu den Orten im Freien zu gelangen, an denen wir atemberaubende, ikonische Ausblicke zeichnen und malen. Wenn Sie in Ihrer Mobilit\u00e4t eingeschr\u00e4nkt sind, ist dieser Kurs m\u00f6glicherweise nicht f\u00fcr Sie geeignet. Wir empfehlen Ihnen, sich mit uns in Verbindung zu setzen, um alternative Optionen zu besprechen. Bei nachgewiesenen Mobilit\u00e4tsproblemen, die eine Teilnahme verhindern, werden R\u00fcckerstattungen von Fall zu Fall gepr\u00fcft.<\/p>\n[\/spb_text_block] [\/spb_accordion_tab] [\/spb_accordion] [sf_gallery gallery_id=&#8220;19025&#8243; slider_transition=&#8220;fade&#8220; show_thumbs=&#8220;yes&#8220; autoplay=&#8220;yes&#8220; show_captions=&#8220;yes&#8220; enable_lightbox=&#8220;yes&#8220; width=&#8220;1\/1&#8243; el_position=&#8220;first last&#8220;] [boxed_content type=&#8220;coloured&#8220; pb_margin_bottom=&#8220;no&#8220; width=&#8220;1\/1&#8243; el_position=&#8220;first last&#8220;]\n<p><strong>Preisdetails<\/strong><\/p>\n[\/boxed_content] [spb_accordion width=&#8220;1\/1&#8243; el_position=&#8220;first last&#8220;] [spb_accordion_tab title=&#8220;Preise und Details&#8220; accordion_id=&#8220;&#8220; icon=&#8220;&#8220;] [spb_text_block title=&#8220;Ein Tag in der Toskana&#8220; pb_margin_bottom=&#8220;no&#8220; pb_border_bottom=&#8220;no&#8220; width=&#8220;1\/1&#8243; el_position=&#8220;first last&#8220;]\n<p>Unsere exklusiven privaten Kunstkurse finden von <strong>Montag<\/strong> bis <strong>Samstag<\/strong> statt.<\/p>\n<p><strong>Die unten aufgef\u00fchrten Preise gelten f\u00fcr einen Sch\u00fcler<\/strong> und beinhalten den Transport von Florenz zu Ihrem gew\u00e4hlten Zielort:<\/p>\n<ul>\n<li>Chianti-Gebiet (zwischen Florenz und Siena, Privatwagen): 800 \u20ac<\/li>\n<li>Siena (Bus): 750 \u20ac<\/li>\n<li>San Gimignano \/ Monteriggioni (Privatwagen): 900 \u20ac<\/li>\n<li>Montepulciano, Pienza, Montalcino (Privatauto): 900 \u20ac<\/li>\n<li>Pisa (Zug): 750 \u20ac<\/li>\n<li>Vinci (Privatwagen): 850 \u20ac<\/li>\n<li>Lucca (Zug): 750 \u20ac<\/li>\n<li>Arezzo (Zug): 800 \u20ac<\/li>\n<\/ul>\n<p><strong>Anpassungen der Preise<\/strong>:<\/p>\n<p>Hinzuf\u00fcgen eines Sch\u00fclers: F\u00fcr jeden weiteren Sch\u00fcler, der am Unterricht teilnimmt, f\u00e4llt eine zus\u00e4tzliche Geb\u00fchr von 120 \u20ac an.<\/p>\n<p>Selbsttransport-Rabatt:<\/p>\n<ul>\n<li>Wenn Sie Ihre Anreise zu Zug-\/Bus-Zielen selbst organisieren, ziehen Sie 50 \u20ac vom angegebenen Preis ab.<\/li>\n<li>Wenn Sie Ihren eigenen Transport f\u00fcr Autoreiseziele organisieren, ziehen Sie 100 \u20ac vom angegebenen Preis ab.<\/li>\n<\/ul>\n<p>F\u00fcr kleine Gruppen, andere Optionen oder weitere Informationen, <a title=\"Kontakte\" href=\"https:\/\/adg.it\/de\/kontakt\/\">kontaktieren Sie uns<\/a> bitte.<\/p>\n[\/spb_text_block] [\/spb_accordion_tab] [spb_accordion_tab title=&#8220;Kurspreis beinhaltet&#8220; accordion_id=&#8220;&#8220; icon=&#8220;&#8220;] [spb_text_block pb_margin_bottom=&#8220;no&#8220; pb_border_bottom=&#8220;no&#8220; width=&#8220;1\/1&#8243; el_position=&#8220;first last&#8220;]\n<ul>\n<li>alle erforderlichen Kunstmaterialien und Werkzeuge;<\/li>\n<li>ein Zertifikat am Ende des Kurses;<\/li>\n<li>Transport wie oben erw\u00e4hnt.<\/li>\n<\/ul>\n[\/spb_text_block] [\/spb_accordion_tab] [spb_accordion_tab title=&#8220;Bitte beachten Sie, dass&#8220; accordion_id=&#8220;&#8220; icon=&#8220;&#8220;] [spb_text_block pb_margin_bottom=&#8220;no&#8220; pb_border_bottom=&#8220;no&#8220; width=&#8220;1\/1&#8243; el_position=&#8220;first last&#8220;]\n<ul>\n<li>Der Privatunterricht findet sowohl auf Englisch als auch auf Italienisch statt.<\/li>\n<li>Auf Anfrage k\u00f6nnen Privatkurse auch auf Spanisch, Franz\u00f6sisch oder Deutsch abgehalten werden.<\/li>\n<li>Das Programm kann auf die Bed\u00fcrfnisse, F\u00e4higkeiten und Interessen der Sch\u00fcler zugeschnitten werden.<\/li>\n<li>Kunstmaterial wird von der Schule zur Verf\u00fcgung gestellt, aber die Sch\u00fcler k\u00f6nnen auch das Material mitbringen, das sie normalerweise in ihren Ateliers oder in anderen Akademien verwenden.<\/li>\n<li>Bei der Anmeldung wird jeder Bewerber gebeten, die Technik(n) anzugeben, die er\/sie w\u00e4hrend seines\/ihres Kurses studieren m\u00f6chte.<\/li>\n<\/ul>\n[\/spb_text_block] [\/spb_accordion_tab] [\/spb_accordion] [\/spb_column] [spb_column width=&#8220;1\/3&#8243; el_position=&#8220;last&#8220;] [spb_single_image image=&#8220;26794&#8243; image_size=&#8220;full&#8220; frame=&#8220;shadowframe&#8220; intro_animation=&#8220;none&#8220; full_width=&#8220;no&#8220; lightbox=&#8220;no&#8220; link_target=&#8220;_self&#8220; width=&#8220;1\/1&#8243; el_position=&#8220;first last&#8220;] [spb_text_block title=&#8220;Kontaktieren Sie uns&#8220; pb_margin_bottom=&#8220;no&#8220; pb_border_bottom=&#8220;no&#8220; width=&#8220;1\/1&#8243; el_position=&#8220;first last&#8220;]\n<div class=\"wpforms-container wpforms-container-full\" id=\"wpforms-18575\"><form id=\"wpforms-form-18575\" class=\"wpforms-validate wpforms-form wpforms-ajax-form\" data-formid=\"18575\" method=\"post\" enctype=\"multipart\/form-data\" action=\"\/de\/wp-json\/wp\/v2\/pages\/26911\" data-token=\"084cdca4354971784843ebc4534ae9e5\" data-token-time=\"1776398615\"><noscript class=\"wpforms-error-noscript\">Bitte aktiviere JavaScript in deinem Browser, um dieses Formular fertigzustellen.<\/noscript><div class=\"wpforms-field-container\"><div id=\"wpforms-18575-field_6-container\" class=\"wpforms-field wpforms-field-name\" data-field-id=\"6\"><label class=\"wpforms-field-label\">Name <span class=\"wpforms-required-label\">*<\/span><\/label><div class=\"wpforms-field-row wpforms-field-large\"><div class=\"wpforms-field-row-block wpforms-first wpforms-one-half\"><input type=\"text\" id=\"wpforms-18575-field_6\" class=\"wpforms-field-name-first wpforms-field-required\" name=\"wpforms[fields][6][first]\" placeholder=\"Ihr Vorname\" required><label for=\"wpforms-18575-field_6\" class=\"wpforms-field-sublabel after\">First<\/label><\/div><div class=\"wpforms-field-row-block wpforms-one-half\"><input type=\"text\" id=\"wpforms-18575-field_6-last\" class=\"wpforms-field-name-last wpforms-field-required\" name=\"wpforms[fields][6][last]\" placeholder=\"Ihr Familienname\" required><label for=\"wpforms-18575-field_6-last\" class=\"wpforms-field-sublabel after\">Last<\/label><\/div><\/div><\/div><div id=\"wpforms-18575-field_1-container\" class=\"wpforms-field wpforms-field-email\" data-field-id=\"1\"><label class=\"wpforms-field-label\" for=\"wpforms-18575-field_1\">E-Mail <span class=\"wpforms-required-label\">*<\/span><\/label><input type=\"email\" id=\"wpforms-18575-field_1\" class=\"wpforms-field-large wpforms-field-required\" name=\"wpforms[fields][1]\" placeholder=\"Ihre E-Mail\" spellcheck=\"false\" required><\/div><div id=\"wpforms-18575-field_2-container\" class=\"wpforms-field wpforms-field-textarea\" data-field-id=\"2\"><label class=\"wpforms-field-label\" for=\"wpforms-18575-field_2\">Nachricht <span class=\"wpforms-required-label\">*<\/span><\/label><textarea id=\"wpforms-18575-field_2\" class=\"wpforms-field-medium wpforms-field-required\" name=\"wpforms[fields][2]\" placeholder=\"Schreiben Sie hier Ihre Nachricht\" required><\/textarea><\/div><\/div><!-- .wpforms-field-container --><div class=\"wpforms-field wpforms-field-hp\"><label for=\"wpforms-18575-field-hp\" class=\"wpforms-field-label\">Phone<\/label><input type=\"text\" name=\"wpforms[hp]\" id=\"wpforms-18575-field-hp\" class=\"wpforms-field-medium\"><\/div><div class=\"wpforms-submit-container\" ><input type=\"hidden\" name=\"wpforms[id]\" value=\"18575\"><input type=\"hidden\" name=\"page_title\" value=\"\"><input type=\"hidden\" name=\"page_url\" value=\"https:\/\/adg.it\/de\/wp-json\/wp\/v2\/pages\/26911\"><input type=\"hidden\" name=\"url_referer\" value=\"\"><button type=\"submit\" name=\"wpforms[submit]\" id=\"wpforms-submit-18575\" class=\"wpforms-submit\" data-alt-text=\"Senden...\" data-submit-text=\"Senden\" aria-live=\"assertive\" value=\"wpforms-submit\">Senden<\/button><img loading=\"lazy\" decoding=\"async\" src=\"https:\/\/adg.it\/wp-content\/plugins\/wpforms\/assets\/images\/submit-spin.svg\" class=\"wpforms-submit-spinner\" style=\"display: none;\" width=\"26\" height=\"26\" alt=\"Wird geladen\"><\/div><\/form><\/div>  <!-- .wpforms-container -->\n[\/spb_text_block] [testimonial title=&#8220;Referenzen&#8220; text_size=&#8220;normal&#8220; item_count=&#8220;2&#8243; order=&#8220;rand&#8220; category=&#8220;art-one-day&#8220; pagination=&#8220;no&#8220; page_link=&#8220;no&#8220; width=&#8220;1\/1&#8243; el_position=&#8220;first last&#8220;] [\/spb_column]<\/p>\n","protected":false},"excerpt":{"rendered":"<p>[spb_column width=&#8220;2\/3&#8243; el_position=&#8220;first&#8220;] [spb_text_block title=&#8220;Ein intensiver Eint\u00e4giger Kunstkurs&#8220; pb_margin_bottom=&#8220;no&#8220; pb_border_bottom=&#8220;no&#8220; width=&#8220;1\/1&#8243; el_position=&#8220;first last&#8220;] Unsere eint\u00e4gigen Kunstkurse sind ideal f\u00fcr Kunstliebhaber, die nur wenig Zeit in der Toskana verbringen k\u00f6nnen! Erleben Sie einen intensiven Tag voller Kunst in Ihrer Lieblingsumgebung in der Toskana, sei es in den bezaubernden H\u00fcgeln des Chianti, im mittelalterlichen Siena oder San Gimignano oder in der faszinierenden [&hellip;]<\/p>\n","protected":false},"author":27,"featured_media":0,"parent":0,"menu_order":0,"comment_status":"closed","ping_status":"closed","template":"","meta":{"_joinchat":[],"footnotes":""},"class_list":["post-26911","page","type-page","status-publish","hentry"],"aioseo_notices":[],"_links":{"self":[{"href":"https:\/\/adg.it\/de\/wp-json\/wp\/v2\/pages\/26911","targetHints":{"allow":["GET"]}}],"collection":[{"href":"https:\/\/adg.it\/de\/wp-json\/wp\/v2\/pages"}],"about":[{"href":"https:\/\/adg.it\/de\/wp-json\/wp\/v2\/types\/page"}],"author":[{"embeddable":true,"href":"https:\/\/adg.it\/de\/wp-json\/wp\/v2\/users\/27"}],"replies":[{"embeddable":true,"href":"https:\/\/adg.it\/de\/wp-json\/wp\/v2\/comments?post=26911"}],"version-history":[{"count":1,"href":"https:\/\/adg.it\/de\/wp-json\/wp\/v2\/pages\/26911\/revisions"}],"predecessor-version":[{"id":26915,"href":"https:\/\/adg.it\/de\/wp-json\/wp\/v2\/pages\/26911\/revisions\/26915"}],"wp:attachment":[{"href":"https:\/\/adg.it\/de\/wp-json\/wp\/v2\/media?parent=26911"}],"curies":[{"name":"wp","href":"https:\/\/api.w.org\/{rel}","templated":true}]}}