{"id":20009,"date":"2024-03-19T09:27:56","date_gmt":"2024-03-19T09:27:56","guid":{"rendered":"https:\/\/adg.it\/?page_id=20009"},"modified":"2025-02-06T15:26:24","modified_gmt":"2025-02-06T15:26:24","slug":"aktzeichnung","status":"publish","type":"page","link":"https:\/\/adg.it\/de\/aktzeichnung\/","title":{"rendered":"Aktzeichnungskurse und Aktmalereikurse"},"content":{"rendered":"<p>[spb_column width=&#8220;2\/3&#8243; el_position=&#8220;first&#8220;] [spb_text_block title=&#8220;Der Akt in der Kunst&#8220; pb_margin_bottom=&#8220;no&#8220; pb_border_bottom=&#8220;no&#8220; width=&#8220;1\/1&#8243; el_position=&#8220;first last&#8220;]\n<p>Dieser Kurs befasst sich mit dem visuellen Verst\u00e4ndnis durch direkte Beobachtung des <strong>menschlichen K\u00f6rpers<\/strong> und beinhaltet den Erwerb grundlegender Begriffe der <strong>Anatomie<\/strong> sowie die Methodik, die verwendet wird, um <strong>K\u00f6rper<\/strong> und <strong>Gesichterzu<\/strong> zeichnen.<\/p>\n<p>Die Sch\u00fcler \u00fcben mit den Hauptzeichenwerkzeugen,d.h. Graphit, Holzkohle, Sanguine, Stift-und-Tinte, Pastellkreide. Es sind keine spezifischen k\u00fcnstlerischen F\u00e4higkeiten oder Hintergr\u00fcnde erforderlich.<\/p>\n<p>Bei jeder Sitzung werden die Sch\u00fcler entweder von weiblichen oder <strong>m\u00e4nnlichen<\/strong> Models <strong>sch\u00f6pfen<\/strong>, die <strong>nackt posieren<\/strong> (mindestens 2 Stunden). Schnelle Posen zielen darauf ab, die Skizzentechnik zu lehren, w\u00e4hrend l\u00e4ngere Posen beabsichtigen, das Studium der Anatomie und der Schattierungen sowie die Beobachtungsf\u00e4higkeiten des Sch\u00fclers zu entwickeln.<\/p>\n<p>Dieser Kurs hat eine variable Dauer und kann mit unserem <a href=\"https:\/\/adg.it\/de\/kurse-in-zeichnen-und-techniken-der-malerei\/\">Zeichen- und Malkurs<\/a> <strong>kombiniert<\/strong> werden.<\/p>\n<p>Dieser Kurs beinhaltet 12 Stunden Live-Aktzeichnen-Unterricht pro Woche<\/p>\n<p><strong>Bitte beachten Sie<\/strong>:Der Unterricht findet sowohl in <strong>italienischer<\/strong> als auch in <strong>englischer<\/strong> Sprachestatt.<\/p>\n[\/spb_text_block] [sf_gallery gallery_id=&#8220;6277&#8243; slider_transition=&#8220;fade&#8220; show_thumbs=&#8220;yes&#8220; autoplay=&#8220;yes&#8220; show_captions=&#8220;yes&#8220; enable_lightbox=&#8220;yes&#8220; width=&#8220;1\/1&#8243; el_position=&#8220;first last&#8220;] [spb_accordion width=&#8220;1\/1&#8243; el_position=&#8220;first last&#8220;] [spb_accordion_tab title=&#8220;Preise und Details&#8220; accordion_id=&#8220;&#8220; icon=&#8220;&#8220;] [spb_text_block title=&#8220;Aktzeichnungkurs&#8220; pb_margin_bottom=&#8220;no&#8220; pb_border_bottom=&#8220;no&#8220; width=&#8220;1\/1&#8243; el_position=&#8220;first last&#8220;]\n<p>LD1, 1 Lektion, 3,5 Stunden \u20ac115<br \/>\nLD4, 14 Stunden in einer Woche \u20ac420<br \/>\nLD8, 28 Stunden in zwei Wochen \u20ac840<\/p>\n<p>Um die h\u00f6chste Unterrichtsqualit\u00e4t zu sichern, wird die Zahl der Studierenden 8 pro Gruppe nicht \u00fcberschreiten.<\/p>\n[\/spb_text_block] [\/spb_accordion_tab] [spb_accordion_tab title=&#8220;Kurspreis beinhaltet&#8220; accordion_id=&#8220;&#8220; icon=&#8220;&#8220;] [spb_text_block pb_margin_bottom=&#8220;no&#8220; pb_border_bottom=&#8220;no&#8220; width=&#8220;1\/1&#8243; el_position=&#8220;first last&#8220;]\n<p>Kunst Material.<br \/>\nEin Zertifikat am Ende des Kurses.<\/p>\n[\/spb_text_block] [\/spb_accordion_tab] [spb_accordion_tab title=&#8220;Zeitplan&#8220; accordion_id=&#8220;&#8220; icon=&#8220;&#8220;] [spb_text_block pb_margin_bottom=&#8220;no&#8220; pb_border_bottom=&#8220;no&#8220; width=&#8220;1\/1&#8243; el_position=&#8220;first last&#8220;]\n<p>Sie k\u00f6nnen zwischen zwei Zeiten w\u00e4hlen:<\/p>\n<ul>\n<li>Vormittag (10-13 Uhr Mo-Do, 11-13 Uhr Fr);<\/li>\n<li>oder nachmittags (13:30-17:00 Uhr Mo-Do).<\/li>\n<\/ul>\n<p>Sie k\u00f6nnen den Kurs jeden Montag beginnen, je nach Verf\u00fcgbarkeit von Pl\u00e4tzen; bitte kontaktieren Sie das Sekretariat.<\/p>\n[\/spb_text_block] [\/spb_accordion_tab] [\/spb_accordion] [\/spb_column] [spb_column width=&#8220;1\/3&#8243; el_position=&#8220;last&#8220;] [spb_single_image image=&#8220;17904&#8243; image_size=&#8220;full&#8220; frame=&#8220;noframe&#8220; intro_animation=&#8220;none&#8220; full_width=&#8220;no&#8220; lightbox=&#8220;yes&#8220; link_target=&#8220;_self&#8220; width=&#8220;1\/1&#8243; el_position=&#8220;first last&#8220;] [spb_single_image image=&#8220;13499&#8243; image_size=&#8220;full&#8220; frame=&#8220;noframe&#8220; intro_animation=&#8220;none&#8220; full_width=&#8220;no&#8220; lightbox=&#8220;no&#8220; image_link=&#8220;https:\/\/adg.it\/en\/product\/life-drawing-and-life-painting-course\/&#8220; link_target=&#8220;_self&#8220; width=&#8220;1\/1&#8243; el_position=&#8220;first last&#8220;] [spb_text_block title=&#8220;Kontaktieren Sie uns&#8220; pb_margin_bottom=&#8220;no&#8220; pb_border_bottom=&#8220;no&#8220; width=&#8220;1\/1&#8243; el_position=&#8220;first last&#8220;]\n<div class=\"wpforms-container wpforms-container-full\" id=\"wpforms-18575\"><form id=\"wpforms-form-18575\" class=\"wpforms-validate wpforms-form wpforms-ajax-form\" data-formid=\"18575\" method=\"post\" enctype=\"multipart\/form-data\" action=\"\/de\/wp-json\/wp\/v2\/pages\/20009\" data-token=\"0ba67a46799c76c20b35fb7ab7aa8214\" data-token-time=\"1775681993\"><noscript class=\"wpforms-error-noscript\">Bitte aktiviere JavaScript in deinem Browser, um dieses Formular fertigzustellen.<\/noscript><div class=\"wpforms-field-container\"><div id=\"wpforms-18575-field_6-container\" class=\"wpforms-field wpforms-field-name\" data-field-id=\"6\"><label class=\"wpforms-field-label\">Name <span class=\"wpforms-required-label\">*<\/span><\/label><div class=\"wpforms-field-row wpforms-field-large\"><div class=\"wpforms-field-row-block wpforms-first wpforms-one-half\"><input type=\"text\" id=\"wpforms-18575-field_6\" class=\"wpforms-field-name-first wpforms-field-required\" name=\"wpforms[fields][6][first]\" placeholder=\"Ihr Vorname\" required><label for=\"wpforms-18575-field_6\" class=\"wpforms-field-sublabel after\">First<\/label><\/div><div class=\"wpforms-field-row-block wpforms-one-half\"><input type=\"text\" id=\"wpforms-18575-field_6-last\" class=\"wpforms-field-name-last wpforms-field-required\" name=\"wpforms[fields][6][last]\" placeholder=\"Ihr Familienname\" required><label for=\"wpforms-18575-field_6-last\" class=\"wpforms-field-sublabel after\">Last<\/label><\/div><\/div><\/div><div id=\"wpforms-18575-field_1-container\" class=\"wpforms-field wpforms-field-email\" data-field-id=\"1\"><label class=\"wpforms-field-label\" for=\"wpforms-18575-field_1\">E-Mail <span class=\"wpforms-required-label\">*<\/span><\/label><input type=\"email\" id=\"wpforms-18575-field_1\" class=\"wpforms-field-large wpforms-field-required\" name=\"wpforms[fields][1]\" placeholder=\"Ihre E-Mail\" spellcheck=\"false\" required><\/div><div id=\"wpforms-18575-field_2-container\" class=\"wpforms-field wpforms-field-textarea\" data-field-id=\"2\"><label class=\"wpforms-field-label\" for=\"wpforms-18575-field_2\">Nachricht <span class=\"wpforms-required-label\">*<\/span><\/label><textarea id=\"wpforms-18575-field_2\" class=\"wpforms-field-medium wpforms-field-required\" name=\"wpforms[fields][2]\" placeholder=\"Schreiben Sie hier Ihre Nachricht\" required><\/textarea><\/div><\/div><!-- .wpforms-field-container --><div class=\"wpforms-field wpforms-field-hp\"><label for=\"wpforms-18575-field-hp\" class=\"wpforms-field-label\">Message<\/label><input type=\"text\" name=\"wpforms[hp]\" id=\"wpforms-18575-field-hp\" class=\"wpforms-field-medium\"><\/div><div class=\"wpforms-submit-container\" ><input type=\"hidden\" name=\"wpforms[id]\" value=\"18575\"><input type=\"hidden\" name=\"page_title\" value=\"\"><input type=\"hidden\" name=\"page_url\" value=\"https:\/\/adg.it\/de\/wp-json\/wp\/v2\/pages\/20009\"><input type=\"hidden\" name=\"url_referer\" value=\"\"><button type=\"submit\" name=\"wpforms[submit]\" id=\"wpforms-submit-18575\" class=\"wpforms-submit\" data-alt-text=\"Senden...\" data-submit-text=\"Senden\" aria-live=\"assertive\" value=\"wpforms-submit\">Senden<\/button><img loading=\"lazy\" decoding=\"async\" src=\"https:\/\/adg.it\/wp-content\/plugins\/wpforms\/assets\/images\/submit-spin.svg\" class=\"wpforms-submit-spinner\" style=\"display: none;\" width=\"26\" height=\"26\" alt=\"Wird geladen\"><\/div><\/form><\/div>  <!-- .wpforms-container -->\n[\/spb_text_block] [\/spb_column]<\/p>\n","protected":false},"excerpt":{"rendered":"<p>[spb_column width=&#8220;2\/3&#8243; el_position=&#8220;first&#8220;] [spb_text_block title=&#8220;Der Akt in der Kunst&#8220; pb_margin_bottom=&#8220;no&#8220; pb_border_bottom=&#8220;no&#8220; width=&#8220;1\/1&#8243; el_position=&#8220;first last&#8220;] Dieser Kurs befasst sich mit dem visuellen Verst\u00e4ndnis durch direkte Beobachtung des menschlichen K\u00f6rpers und beinhaltet den Erwerb grundlegender Begriffe der Anatomie sowie die Methodik, die verwendet wird, um K\u00f6rper und Gesichterzu zeichnen. Die Sch\u00fcler \u00fcben mit den Hauptzeichenwerkzeugen,d.h. Graphit, Holzkohle, Sanguine, Stift-und-Tinte, Pastellkreide. Es sind [&hellip;]<\/p>\n","protected":false},"author":27,"featured_media":0,"parent":0,"menu_order":0,"comment_status":"closed","ping_status":"closed","template":"","meta":{"_joinchat":[],"footnotes":""},"class_list":["post-20009","page","type-page","status-publish","hentry"],"aioseo_notices":[],"_links":{"self":[{"href":"https:\/\/adg.it\/de\/wp-json\/wp\/v2\/pages\/20009","targetHints":{"allow":["GET"]}}],"collection":[{"href":"https:\/\/adg.it\/de\/wp-json\/wp\/v2\/pages"}],"about":[{"href":"https:\/\/adg.it\/de\/wp-json\/wp\/v2\/types\/page"}],"author":[{"embeddable":true,"href":"https:\/\/adg.it\/de\/wp-json\/wp\/v2\/users\/27"}],"replies":[{"embeddable":true,"href":"https:\/\/adg.it\/de\/wp-json\/wp\/v2\/comments?post=20009"}],"version-history":[{"count":2,"href":"https:\/\/adg.it\/de\/wp-json\/wp\/v2\/pages\/20009\/revisions"}],"predecessor-version":[{"id":26310,"href":"https:\/\/adg.it\/de\/wp-json\/wp\/v2\/pages\/20009\/revisions\/26310"}],"wp:attachment":[{"href":"https:\/\/adg.it\/de\/wp-json\/wp\/v2\/media?parent=20009"}],"curies":[{"name":"wp","href":"https:\/\/api.w.org\/{rel}","templated":true}]}}