{"id":19657,"date":"2020-06-30T07:15:19","date_gmt":"2020-06-30T07:15:19","guid":{"rendered":"https:\/\/adg.it\/?page_id=19657"},"modified":"2020-06-30T07:16:49","modified_gmt":"2020-06-30T07:16:49","slug":"on-line-art-klasse-als-ein-geschenk","status":"publish","type":"page","link":"https:\/\/adg.it\/de\/on-line-art-klasse-als-ein-geschenk\/","title":{"rendered":"Geben Sie eine Online-Kunstklasse als Geschenk"},"content":{"rendered":"<p>[spb_column width=&#8220;3\/4&#8243; el_position=&#8220;first last&#8220;] [spb_text_block pb_margin_bottom=&#8220;no&#8220; pb_border_bottom=&#8220;no&#8220; width=&#8220;1\/1&#8243; el_position=&#8220;first last&#8220;]\n<blockquote class=\"blockquote3\">Schenken Sie jemandem ein unvergessliches Geschenk: einen <strong>Online-Kunstkurs<\/strong> in Florenz in der Accademia del Giglio.<\/blockquote>\n<p>Die <strong>Kunstlehrer<\/strong> von Accademia del Giglio in Florenz stehen Ihnen online zur <strong>Verf\u00fcgung, um Ihnen zu beraten und Ratschl\u00e4ge<\/strong> zu geben, wie Sie Ihre Zeichen- und Malf\u00e4higkeiten verbessern k\u00f6nnen und wie Sie Ihre Kunstwerke Schritt f\u00fcr Schritt konzipieren und durchf\u00fchren k\u00f6nnen.<\/p>\n<p>Ein <strong>Geschenkkurs<\/strong> ist ein Kurs, den Sie einem Freund, einer Freundin oder Ihren Geliebten zu einem besonderen Anlass (Geburtstag, Jubil\u00e4um, Verlobung, Weihnachten, etc.) anbieten m\u00f6chten oder einfach nur weil Sie ihnen eine \u00dcberraschung machen wollen.<\/p>\n<p>F\u00fcr jeden Geschenkkurs stehen <strong>verschiedene Themen<\/strong> zur Verf\u00fcgung, wie z. B.:<\/p>\n<ul>\n<li>Zeichnung<\/li>\n<li>Malerei<\/li>\n<li>Aquarell<\/li>\n<li>\u00d6l- und Acrylmalerei<\/li>\n<li>Illustration<\/li>\n<li>Dekoration<\/li>\n<\/ul>\n<blockquote class=\"blockquote3\">Der Unterricht online ist sehr einfach und wird <strong>individuell<\/strong>abgehalten.<\/blockquote>\n<p>Sie k\u00f6nnen Skype, Messenger, Zoom oder eine andere App f\u00fcr Videoanrufe verwenden.<\/p>\n<p>Wenn Sie unsere <strong>Lehrkr\u00e4fte<\/strong> treffen m\u00f6chten, besuchen Sie bitte <a href=\"https:\/\/adg.it\/de\/lehrpersonal\/\">diese Seite<\/a>.<\/p>\n<p>Jede Lektion hat eine Dauer von 30 Minuten und einen Preis von <strong>19,90 Euro.<\/strong><\/p>\n<p>Ein Paket von 10 Lektionen hat einen Sonderpreis von <strong>185 Euro<\/strong> (statt 199 Euro).<\/p>\n[\/spb_text_block] [sf_gallery gallery_id=&#8220;18868&#8243; slider_transition=&#8220;fade&#8220; show_thumbs=&#8220;yes&#8220; autoplay=&#8220;yes&#8220; show_captions=&#8220;yes&#8220; enable_lightbox=&#8220;no&#8220; width=&#8220;3\/4&#8243; el_position=&#8220;first last&#8220;] [boxed_content type=&#8220;coloured&#8220; pb_margin_bottom=&#8220;no&#8220; width=&#8220;1\/1&#8243; el_position=&#8220;first last&#8220;]\n<p><strong>Testimonials<\/strong> Testimonials<\/p>\n[\/boxed_content] [testimonial_carousel item_count=&#8220;3&#8243; order=&#8220;rand&#8220; category=&#8220;All&#8220; page_link=&#8220;yes&#8220; width=&#8220;1\/1&#8243; el_position=&#8220;first last&#8220;] [blank_spacer height=&#8220;30px&#8220; width=&#8220;1\/1&#8243; el_position=&#8220;first last&#8220;] [boxed_content type=&#8220;coloured&#8220; pb_margin_bottom=&#8220;no&#8220; width=&#8220;1\/1&#8243; el_position=&#8220;first last&#8220;]\n<p><strong>Preis und Details<\/strong><\/p>\n[\/boxed_content] [spb_accordion width=&#8220;1\/1&#8243; el_position=&#8220;first last&#8220;] [spb_accordion_tab title=&#8220;Preise&#8220; accordion_id=&#8220;&#8220; icon=&#8220;&#8220;] [spb_text_block pb_margin_bottom=&#8220;no&#8220; pb_border_bottom=&#8220;no&#8220; width=&#8220;1\/1&#8243; el_position=&#8220;first last&#8220;]\n<p>1 Lektion von 30 Minuten \u20ac19,90<br \/>\n10 Lektionen von 30 Minuten <strong>\u20ac185,00<\/strong> (statt <del>\u20ac199,00<\/del>)<br \/>\n1 Lektion von 60 Minuten \u20ac39,80<br \/>\n10 Lektionen von 60 Minuten <strong>\u20ac360,00<\/strong> (statt <del>398,00 \u20ac)<\/del><\/p>\n[\/spb_text_block] [\/spb_accordion_tab] [spb_accordion_tab title=&#8220;Wie wird das Geschenk geliefert?&#8220; accordion_id=&#8220;&#8220; icon=&#8220;&#8220;] [spb_text_block icon=&#8220;Wie wird das Geschenk geliefert?&#8220; pb_margin_bottom=&#8220;no&#8220; pb_border_bottom=&#8220;no&#8220; width=&#8220;1\/1&#8243; el_position=&#8220;first last&#8220;]\n<p>Geschenkkurse werden digital als Coupon geliefert (wenn Sie eine Auswahl an Coupons sehen m\u00f6chten, klicken Sie bitte hier).<\/p>\n<p>Sie k\u00f6nnen das Datum der Lieferung planen, wenn Sie m\u00f6chten. Es stehen zwei Lieferoptionen zur Verf\u00fcgung:<\/p>\n<ul>\n<li>Sie k\u00f6nnen bitten, den Gutschein zu erhalten, den Sie dann pers\u00f6nlich an Ihre Geliebten\/Freunde darbringen werden;<\/li>\n<li>Sie k\u00f6nnen uns den Gutschein an Ihre Liebsten\/Freunde liefern lassen.<\/li>\n<\/ul>\n[\/spb_text_block] [\/spb_accordion_tab] [spb_accordion_tab title=&#8220;Kann ich ein Geschenk zur\u00fcckgeben?&#8220; accordion_id=&#8220;&#8220; icon=&#8220;&#8220;] [spb_text_block title=&#8220;Kann ich ein Geschenk zur\u00fcckgeben?&#8220; pb_margin_bottom=&#8220;no&#8220; pb_border_bottom=&#8220;no&#8220; width=&#8220;1\/1&#8243; el_position=&#8220;first last&#8220;]\n<p>Ja, vorausgesetzt, Sie geben es mindestens 7 Tage vor Kursbeginn zur\u00fcck. In diesem Fall wird Ihnen der gesamte Betrag zur\u00fcckerstattet.<\/p>\n[\/spb_text_block] [\/spb_accordion_tab] [spb_accordion_tab title=&#8220;Zeitplan&#8220; accordion_id=&#8220;&#8220; icon=&#8220;&#8220;] [spb_text_block pb_margin_bottom=&#8220;no&#8220; pb_border_bottom=&#8220;no&#8220; width=&#8220;1\/1&#8243; el_position=&#8220;first last&#8220;]\n<p>Der Online-Unterricht kann zwischen <strong>7.30 und<\/strong> <strong>23.30 Uhr (23.30 Uhr)<\/strong> mitteleurop\u00e4ischer Zeit stattfinden.<\/p>\n<p>Die Lektion kann in zwei Teile aufgeteilt werden: D.h. in den ersten 15 Minuten legen Sie einen Arbeitsplan auf und dann nach etwa einer Stunde, in den zweiten 15 Minuten \u00fcberpr\u00fcft unser Kursleiter, was Sie getan haben, kann einige \u00c4nderungen vorschlagen und gibt Ihnen weitere Ratschl\u00e4ge bis zur n\u00e4chsten Lektion;<\/p>\n[\/spb_text_block] [\/spb_accordion_tab] [spb_accordion_tab title=&#8220;Allgemeine Gesch\u00e4ftsbedingungen&#8220; accordion_id=&#8220;&#8220; icon=&#8220;&#8220;] [spb_text_block pb_margin_bottom=&#8220;no&#8220; pb_border_bottom=&#8220;no&#8220; width=&#8220;1\/1&#8243; el_position=&#8220;first last&#8220;]\n<ul>\n<li>Die Empf\u00e4nger m\u00fcssen 14 Jahre oder \u00e4lter sein.<\/li>\n<li>Eine Lektion dauert 30 oder 60 Minuten.<\/li>\n<li>Stornierte Buchungen. Wenn eine Buchung 24 Stunden vor Kursbeginn storniert wird, kann die Lektion umgeplant werden. Wenn eine Buchung innerhalb von weniger als 24 Stunden vor Kursbeginn storniert wird, kann der Unterricht nicht umgeplant werden.<\/li>\n<li>Studenten, die ihren Kurs versp\u00e4tet beginnen oder vor dem offiziellen Ende unterbrechen, werden nicht erstattet.<\/li>\n<li>Mit dem Absenden des Anmeldungsformulars akzeptiert der Student unsere Gesch\u00e4ftsbedingungen. Alle Streitigkeiten, die sich im Rahmen dieser Unterlegung ergeben, werden vor dem zust\u00e4ndigen Gericht in Florenz beigelegt.<\/li>\n<\/ul>\n[\/spb_text_block] [\/spb_accordion_tab] [\/spb_accordion] [boxed_content type=&#8220;coloured&#8220; pb_margin_bottom=&#8220;no&#8220; width=&#8220;1\/1&#8243; el_position=&#8220;first last&#8220;]\n<p><strong>Anmeldungsformular<\/strong><\/p>\n<p>Bitte f\u00fcllen Sie dieses Formular aus und nach dem Senden werden Sie auf die Zahlungsseite umgeleitet. Wenn Sie Fragen haben, kontaktieren Sie <a href=\"https:\/\/adg.it\/de\/kontakt\/\">uns<\/a>bitte .<\/p>\n[\/boxed_content] [spb_text_block pb_margin_bottom=&#8220;no&#8220; pb_border_bottom=&#8220;no&#8220; width=&#8220;1\/1&#8243; el_position=&#8220;first last&#8220;]\n<div class=\"wpforms-container wpforms-container-full\" id=\"wpforms-18860\"><form id=\"wpforms-form-18860\" class=\"wpforms-validate wpforms-form\" data-formid=\"18860\" method=\"post\" enctype=\"multipart\/form-data\" action=\"\/de\/wp-json\/wp\/v2\/pages\/19657\" data-token=\"d04bfa35d43e65bbf85addbb3d62b5d1\" data-token-time=\"1776794250\"><noscript class=\"wpforms-error-noscript\">Bitte aktiviere JavaScript in deinem Browser, um dieses Formular fertigzustellen.<\/noscript><div class=\"wpforms-field-container\"><div id=\"wpforms-18860-field_2-container\" class=\"wpforms-field wpforms-field-text\" data-field-id=\"2\"><label class=\"wpforms-field-label\" for=\"wpforms-18860-field_2\">Ihr Vorname <span class=\"wpforms-required-label\">*<\/span><\/label><input type=\"text\" id=\"wpforms-18860-field_2\" class=\"wpforms-field-large wpforms-field-required\" name=\"wpforms[fields][2]\" required><\/div><div id=\"wpforms-18860-field_1-container\" class=\"wpforms-field wpforms-field-text\" data-field-id=\"1\"><label class=\"wpforms-field-label\" for=\"wpforms-18860-field_1\">Ihr Familienname <span class=\"wpforms-required-label\">*<\/span><\/label><input type=\"text\" id=\"wpforms-18860-field_1\" class=\"wpforms-field-large wpforms-field-required\" name=\"wpforms[fields][1]\" required><\/div><div id=\"wpforms-18860-field_3-container\" class=\"wpforms-field wpforms-field-email\" data-field-id=\"3\"><label class=\"wpforms-field-label\" for=\"wpforms-18860-field_3\">Ihre E-Mail <span class=\"wpforms-required-label\">*<\/span><\/label><input type=\"email\" id=\"wpforms-18860-field_3\" class=\"wpforms-field-large wpforms-field-required\" name=\"wpforms[fields][3]\" spellcheck=\"false\" required><\/div><div id=\"wpforms-18860-field_4-container\" class=\"wpforms-field wpforms-field-phone\" data-field-id=\"4\"><label class=\"wpforms-field-label\" for=\"wpforms-18860-field_4\">Ihr Telefon<\/label><input type=\"tel\" id=\"wpforms-18860-field_4\" class=\"wpforms-field-large\" data-rule-int-phone-field=\"true\" name=\"wpforms[fields][4]\" aria-label=\"Ihr Telefon\" ><\/div><div id=\"wpforms-18860-field_8-container\" class=\"wpforms-field wpforms-field-text\" data-field-id=\"8\"><label class=\"wpforms-field-label\" for=\"wpforms-18860-field_8\">Vorname des Empf\u00e4ngers <span class=\"wpforms-required-label\">*<\/span><\/label><input type=\"text\" id=\"wpforms-18860-field_8\" class=\"wpforms-field-large wpforms-field-required\" name=\"wpforms[fields][8]\" required><\/div><div id=\"wpforms-18860-field_18-container\" class=\"wpforms-field wpforms-field-text\" data-field-id=\"18\"><label class=\"wpforms-field-label\" for=\"wpforms-18860-field_18\">Empf\u00e4ngerfamilienname <span class=\"wpforms-required-label\">*<\/span><\/label><input type=\"text\" id=\"wpforms-18860-field_18\" class=\"wpforms-field-large wpforms-field-required\" name=\"wpforms[fields][18]\" required><\/div><div id=\"wpforms-18860-field_19-container\" class=\"wpforms-field wpforms-field-text\" data-field-id=\"19\"><label class=\"wpforms-field-label\" for=\"wpforms-18860-field_19\">Empf\u00e4nger-E-Mail<\/label><input type=\"text\" id=\"wpforms-18860-field_19\" class=\"wpforms-field-large\" name=\"wpforms[fields][19]\" ><\/div><div id=\"wpforms-18860-field_15-container\" class=\"wpforms-field wpforms-field-payment-select wpforms-field-select-style-classic\" data-field-id=\"15\"><label class=\"wpforms-field-label\" for=\"wpforms-18860-field_15\">W\u00e4hlen Sie den Geschenkkurs <span class=\"wpforms-required-label\">*<\/span><\/label><select id=\"wpforms-18860-field_15\" class=\"wpforms-payment-price wpforms-field-large wpforms-field-required\" name=\"wpforms[fields][15]\" required=\"required\"><option value=\"\" class=\"placeholder\" disabled  selected='selected'>---<\/option><option value=\"2\" data-amount=\"19.90\" >1 Lektion von 30 Minuten<\/option><option value=\"3\" data-amount=\"185.00\" >10 Lektionen von 30 Minuten<\/option><option value=\"5\" data-amount=\"39.80\" >1 Lektion von 60 Minuten<\/option><option value=\"6\" data-amount=\"360.00\" >10 Lektionen von 60 Minuten<\/option><\/select><\/div><div id=\"wpforms-18860-field_17-container\" class=\"wpforms-field wpforms-field-select wpforms-field-select-style-classic\" data-field-id=\"17\"><label class=\"wpforms-field-label\" for=\"wpforms-18860-field_17\">W\u00e4hlen Sie den Lehrer<\/label><select id=\"wpforms-18860-field_17\" class=\"wpforms-field-large\" name=\"wpforms[fields][17]\"><option value=\"Keine Pr\u00e4ferenz\"  class=\"choice-4 depth-1\"  >Keine Pr\u00e4ferenz<\/option><option value=\"Stefano Cesarato\"  class=\"choice-2 depth-1\"  >Stefano Cesarato<\/option><option value=\"Mohsen Veysi\"  class=\"choice-1 depth-1\"  >Mohsen Veysi<\/option><option value=\"Enrico Deiana\"  class=\"choice-3 depth-1\"  >Enrico Deiana<\/option><\/select><\/div><div id=\"wpforms-18860-field_13-container\" class=\"wpforms-field wpforms-field-textarea\" data-field-id=\"13\"><label class=\"wpforms-field-label\" for=\"wpforms-18860-field_13\">F\u00fcgen Sie hier Ihre Nachricht hinzu<\/label><textarea id=\"wpforms-18860-field_13\" class=\"wpforms-field-medium\" name=\"wpforms[fields][13]\" ><\/textarea><\/div><div id=\"wpforms-18860-field_14-container\" class=\"wpforms-field wpforms-field-radio\" data-field-id=\"14\"><label class=\"wpforms-field-label\">Ich habe die Allgemeinen Gesch\u00e4ftsbedingungen \u00fcberdasBlatt gelesen und stimme zu, an sie gebunden zu sein: <span class=\"wpforms-required-label\">*<\/span><\/label><ul id=\"wpforms-18860-field_14\" class=\"wpforms-field-required\"><li class=\"choice-0 depth-1 wpforms-selected\"><input type=\"radio\" id=\"wpforms-18860-field_14_0\" name=\"wpforms[fields][14]\" value=\"ja\" required  checked='checked'><label class=\"wpforms-field-label-inline\" for=\"wpforms-18860-field_14_0\">ja<\/label><\/li><li class=\"choice-1 depth-1\"><input type=\"radio\" id=\"wpforms-18860-field_14_1\" name=\"wpforms[fields][14]\" value=\"Nein\" required ><label class=\"wpforms-field-label-inline\" for=\"wpforms-18860-field_14_1\">Nein<\/label><\/li><\/ul><\/div><\/div><!-- .wpforms-field-container --><div class=\"wpforms-field wpforms-field-hp\"><label for=\"wpforms-18860-field-hp\" class=\"wpforms-field-label\">Name<\/label><input type=\"text\" name=\"wpforms[hp]\" id=\"wpforms-18860-field-hp\" class=\"wpforms-field-medium\"><\/div><div class=\"wpforms-submit-container\" ><input type=\"hidden\" name=\"wpforms[id]\" value=\"18860\"><input type=\"hidden\" name=\"page_title\" value=\"\"><input type=\"hidden\" name=\"page_url\" value=\"https:\/\/adg.it\/de\/wp-json\/wp\/v2\/pages\/19657\"><input type=\"hidden\" name=\"url_referer\" value=\"\"><button type=\"submit\" name=\"wpforms[submit]\" id=\"wpforms-submit-18860\" class=\"wpforms-submit\" data-alt-text=\"Senden\" data-submit-text=\"Senden und zur Zahlungsseite gehen\" aria-live=\"assertive\" value=\"wpforms-submit\">Senden und zur Zahlungsseite gehen<\/button><\/div><\/form><\/div>  <!-- .wpforms-container -->\n[\/spb_text_block] [\/spb_column]<\/p>\n","protected":false},"excerpt":{"rendered":"<p>[spb_column width=&#8220;3\/4&#8243; el_position=&#8220;first last&#8220;] [spb_text_block pb_margin_bottom=&#8220;no&#8220; pb_border_bottom=&#8220;no&#8220; width=&#8220;1\/1&#8243; el_position=&#8220;first last&#8220;] Die Kunstlehrer von Accademia del Giglio in Florenz stehen Ihnen online zur Verf\u00fcgung, um Ihnen zu beraten und Ratschl\u00e4ge zu geben, wie Sie Ihre Zeichen- und Malf\u00e4higkeiten verbessern k\u00f6nnen und wie Sie Ihre Kunstwerke Schritt f\u00fcr Schritt konzipieren und durchf\u00fchren k\u00f6nnen. Ein Geschenkkurs ist ein Kurs, den Sie einem Freund, [&hellip;]<\/p>\n","protected":false},"author":27,"featured_media":0,"parent":0,"menu_order":0,"comment_status":"closed","ping_status":"closed","template":"","meta":{"_joinchat":[],"footnotes":""},"class_list":["post-19657","page","type-page","status-publish","hentry"],"aioseo_notices":[],"_links":{"self":[{"href":"https:\/\/adg.it\/de\/wp-json\/wp\/v2\/pages\/19657","targetHints":{"allow":["GET"]}}],"collection":[{"href":"https:\/\/adg.it\/de\/wp-json\/wp\/v2\/pages"}],"about":[{"href":"https:\/\/adg.it\/de\/wp-json\/wp\/v2\/types\/page"}],"author":[{"embeddable":true,"href":"https:\/\/adg.it\/de\/wp-json\/wp\/v2\/users\/27"}],"replies":[{"embeddable":true,"href":"https:\/\/adg.it\/de\/wp-json\/wp\/v2\/comments?post=19657"}],"version-history":[{"count":0,"href":"https:\/\/adg.it\/de\/wp-json\/wp\/v2\/pages\/19657\/revisions"}],"wp:attachment":[{"href":"https:\/\/adg.it\/de\/wp-json\/wp\/v2\/media?parent=19657"}],"curies":[{"name":"wp","href":"https:\/\/api.w.org\/{rel}","templated":true}]}}