{"id":19407,"date":"2020-05-25T06:46:30","date_gmt":"2020-05-25T06:46:30","guid":{"rendered":"https:\/\/adg.it\/?page_id=19407"},"modified":"2025-01-16T11:33:04","modified_gmt":"2025-01-16T11:33:04","slug":"fortgeschrittenes-zeichnen-und-malen","status":"publish","type":"page","link":"https:\/\/adg.it\/de\/fortgeschrittenes-zeichnen-und-malen\/","title":{"rendered":"Fortgeschrittene Zeichen- und Maltechniken"},"content":{"rendered":"<p>[spb_column width=&#8220;2\/3&#8243; el_position=&#8220;first&#8220;] [spb_text_block title=&#8220;Ein Lehrplan f\u00fcr fortgeschrittene Studenten&#8220; pb_margin_bottom=&#8220;no&#8220; pb_border_bottom=&#8220;no&#8220; width=&#8220;1\/1&#8243; el_position=&#8220;first last&#8220;]\n<p>Dieses einj\u00e4hrige Programm wurde f\u00fcr Studenten entwickelt, die entschlossen sind, <strong>gr\u00f6\u00dfere k\u00fcnstlerische Herausforderungen<\/strong> durch die Praxis des nachhaltigen Kunstschaffens mit <strong>komplexeren kompositorischen, technischen und konzeptionellen Problemen<\/strong>zu bew\u00e4ltigen.<\/p>\n<p>Zu Beginn des Kurses wird unser Kunstlehrer die F\u00e4higkeiten der Sch\u00fcler bewerten und ihnen helfen, ihre Ziele zu erreichen. W\u00e4hrend die Sch\u00fcler w\u00e4hrend ihres Unterrichts eine breite Palette an Medien produzieren, werden sie ihre technischen F\u00e4higkeiten verbessern, einen ausgefeilteren Prozess- und Themenansatz entwickeln sowie <strong>ein Portfolio individueller Arbeit<\/strong>schaffen.<\/p>\n<p>Die Studierenden werden auch die Beherrschung einer Vielzahl von Materialien und Techniken entwickeln; sie werden lernen, eine Reihe erfolgreicher und zielgerichteter Bildentwicklungsstrategien aufzuzeigen, die sich aus Beobachtungs-, Ged\u00e4chtnis- und Fantasyquellen ergeben; sie werden auch ihre pers\u00f6nliche Kollektion schaffen. <strong>Zeichnungsmethoden,<\/strong> werden Punkt, gewichtete Linie, Kontur, durchgehende Linie, Waschen und Ton\/Wert umfassen.<\/p>\n<p>Was die <strong>Maltechniken<\/strong>betrifft, so werden die Sch\u00fcler mit einer Vielzahl von Medien experimentieren, darunter Acryl, \u00d6le, Fresken und Mischtechnik auf Papier, Leinwand, Tafeln und nicht-traditionellen Oberfl\u00e4chen.<\/p>\n<p>Der Schwerpunkt liegt auf <strong>der pers\u00f6nlichen Auseinandersetzung mit Ideen, Materialien, Konzepten<\/strong> und L\u00f6sungen f\u00fcr Designprobleme.<\/p>\n[\/spb_text_block] [spb_accordion width=&#8220;1\/1&#8243; el_position=&#8220;first last&#8220;] [spb_accordion_tab title=&#8220;Themen&#8220; accordion_id=&#8220;&#8220; icon=&#8220;&#8220;] [spb_text_block pb_margin_bottom=&#8220;no&#8220; pb_border_bottom=&#8220;no&#8220; width=&#8220;1\/1&#8243; el_position=&#8220;first last&#8220;]\n<p>Hier sind einige der wichtigsten <strong>Themen,<\/strong> die Sie w\u00e4hlen k\u00f6nnen, um anzugehen:<\/p>\n<ul>\n<li><strong>Stillleben<\/strong>, darstellung verschiedene Arten von Gegenst\u00e4nden wie Nahrung, Blumen, Tiere, Pflanzen, Felsen, Muscheln, Trinkgl\u00e4ser, B\u00fccher, Vasen, Schmuck, M\u00fcnzen, Pfeifen, etc.<\/li>\n<li><strong>Portr\u00e4t,<\/strong>Studium von Gesichtsausdr\u00fccken, H\u00e4nde, Augen sowohl mit Zeichen- als auch Maltechniken (Acryl oder \u00d6l);<\/li>\n<li><strong>\u00e9corch\u00e9\/anatomie<\/strong>. Die Sch\u00fcler lernen, den menschlichen K\u00f6rper und die F\u00fc\u00dfe in seinen verschiedenen Positionen zu skizzieren, zu zeichnen und zu malen;<\/li>\n<li><strong>Abbildung<\/strong>. Den Teilnehmern wird beigebracht, einen Text oder sogar ein Konzept zu dekorieren, zu interpretieren oder visuell zu erkl\u00e4ren. Sie lernen, Plakate, Cover und jede andere Illustration zu konzipieren und zu entwerfen, die in ver\u00f6ffentlichten Medien verwendet werden kann.<\/li>\n<li><strong>Realismus\/Fotorealismus\/Hyperrealismus<\/strong>. Studie fortgeschrittener und ausgekl\u00fcgelter \u00d6lgem\u00e4ldetechniken, die einem hochaufl\u00f6senden Foto \u00e4hneln.<\/li>\n<li><strong>abstrakte und konzeptuelle Kunst<\/strong>. Die Sch\u00fcler werden in diese k\u00fcnstlerische Galaxie eingef\u00fchrt, wo sie die M\u00f6glichkeit haben, verschiedene Arten der Darstellung von Bildern, Empfindungen und Ideen zu erkunden.<\/li>\n<li><strong>Freilichtmalerei und Landschaft<\/strong>. Dieser Kurs findet nur \u00fcber einen bestimmten Zeitraum im Fr\u00fchjahr und Sommer statt.<\/li>\n<li><strong>perspektivische Zeichnung und urbane Skizzen<\/strong>. Die Sch\u00fcler lernen, wie sie die Szenen, die sie erleben, festhalten und die Essenz der Orte, an denen sie leben und wohin sie reisen, einfangen.<\/li>\n<li><strong>Grafik- und Modedesign<\/strong>. Diese Klasse wurde f\u00fcr die Grafik- und Modedesigner konzipiert, die ihre freih\u00e4ndigen k\u00fcnstlerischen F\u00e4higkeiten verbessern m\u00fcssen, indem sie sich auf Skizzierf\u00e4higkeiten sowie auf die Beherrschung von Farben konzentrieren (haupts\u00e4chlich durch die Verwendung von Acryl- und Pantone-Markern).<\/li>\n<\/ul>\n[\/spb_text_block] [\/spb_accordion_tab] [spb_accordion_tab title=&#8220;Techniken&#8220; accordion_id=&#8220;&#8220; icon=&#8220;&#8220;] [spb_text_block pb_margin_bottom=&#8220;no&#8220; pb_border_bottom=&#8220;no&#8220; width=&#8220;1\/1&#8243; el_position=&#8220;first last&#8220;]\n<p>Hier sind einige der <strong>Techniken,<\/strong> die die Sch\u00fcler verfeinern k\u00f6nnen: Holzkohle, Sanguine, trockener Pastell, \u00d6lpastell, Feder und Tinte, Aquarell, Gouache, Graphit, Acrylmalerei, \u00d6lgem\u00e4lde, Tempera, Fresko, Skulptur mit Ton.<\/p>\n[\/spb_text_block] [\/spb_accordion_tab] [spb_accordion_tab title=&#8220;Dauer&#8220; accordion_id=&#8220;&#8220; icon=&#8220;&#8220;] [spb_text_block pb_margin_bottom=&#8220;no&#8220; pb_border_bottom=&#8220;no&#8220; width=&#8220;1\/1&#8243; el_position=&#8220;first last&#8220;]\n<p>Der gesamte Kurs hat eine Dauer von einem akademischen Jahr (<strong>36 Wochen<\/strong>). Die Studierenden sind jedoch herzlich eingeladen, bestimmte Teile des Kurses<strong>(mindestens 4 Wochen)<\/strong>zu besuchen. Es stehen zwei Programme zur Verf\u00fcgung: <strong>20 Unterrichtsstunden pro Woche<\/strong> und <strong>14 Unterrichtsstunden pro Woche.<\/strong> Jede Woche werden Kunstkurse von mindestens <strong>2 Stunden lebender Modelle<\/strong>inklusive sein.<\/p>\n<p>Maximale Anzahl der Sch\u00fcler pro Klasse: 10.<\/p>\n[\/spb_text_block] [\/spb_accordion_tab] [\/spb_accordion] [sf_gallery gallery_id=&#8220;11016&#8243; slider_transition=&#8220;fade&#8220; show_thumbs=&#8220;yes&#8220; autoplay=&#8220;yes&#8220; show_captions=&#8220;yes&#8220; enable_lightbox=&#8220;no&#8220; width=&#8220;1\/1&#8243; el_position=&#8220;first last&#8220;] [boxed_content type=&#8220;coloured&#8220; pb_margin_bottom=&#8220;no&#8220; width=&#8220;1\/1&#8243; el_position=&#8220;first last&#8220;]\n<p><strong>Preise und Details<\/strong><\/p>\n[\/boxed_content] [spb_accordion width=&#8220;1\/1&#8243; el_position=&#8220;first last&#8220;] [spb_accordion_tab title=&#8220;Preis&#8220; accordion_id=&#8220;&#8220; icon=&#8220;&#8220;] [spb_text_block title=&#8220;14 Stunden pro Woche&#8220; pb_margin_bottom=&#8220;no&#8220; pb_border_bottom=&#8220;no&#8220; width=&#8220;1\/1&#8243; el_position=&#8220;first last&#8220;]\n<p>1 Einheit, 4 Wochen, 56 Stunden 895 \u20ac<br \/>\n2 Einheiten, 8 Wochen, 112 Stunden 1635 \u20ac<br \/>\n3 Einheiten, 12 Wochen, 168 Stunden 2355 \u20ac<br \/>\n6 Einheiten, 24 Wochen, 336 Stunden 4565 \u20ac<br \/>\n9 Einheiten, 36 Wochen, 504 Stunden 6705 \u20ac<\/p>\n[\/spb_text_block] [spb_text_block title=&#8220;20 Stunden pro Woche&#8220; pb_margin_bottom=&#8220;no&#8220; pb_border_bottom=&#8220;no&#8220; width=&#8220;1\/1&#8243; el_position=&#8220;first last&#8220;]\n<p>1 Einheit, 4 Wochen, 80 Stunden 1175 \u20ac<br \/>\n2 Einheiten, 8 Wochen, 160 Stunden 2115 \u20ac<br \/>\n3 Einheiten, 12 Wochen, 240 Stunden 3135 \u20ac<br \/>\n6 Einheiten, 24 Wochen, 480 Stunden 6025 \u20ac<br \/>\n9 Einheiten, 36 Wochen, 720 Stunden 9015 \u20ac<\/p>\n[\/spb_text_block] [\/spb_accordion_tab] [spb_accordion_tab title=&#8220;Kurspreis beinhaltet&#8220; accordion_id=&#8220;&#8220; icon=&#8220;&#8220;] [spb_text_block pb_margin_bottom=&#8220;no&#8220; pb_border_bottom=&#8220;no&#8220; width=&#8220;1\/1&#8243; el_position=&#8220;first last&#8220;]\n<p>grundlegendes Kunstmaterial: normales Papier, Bleistifte&#8230;<br \/>\nEin Zertifikat am Ende des Kurses.<\/p>\n[\/spb_text_block] [\/spb_accordion_tab] [spb_accordion_tab title=&#8220;Plan&#8220; accordion_id=&#8220;&#8220; icon=&#8220;&#8220;] [spb_text_block pb_margin_bottom=&#8220;no&#8220; pb_border_bottom=&#8220;no&#8220; width=&#8220;1\/1&#8243; el_position=&#8220;first last&#8220;]\n<ul>\n<li>Intensivkurse f\u00fcr fortgeschrittene Kunsttechniken<strong> (20 Stunden pro Woche) <\/strong>finden<strong> von 11.30 bis 13 Uhr <\/strong>und <strong>von 13.30 bis 17 Uhr,<\/strong> <strong>Montag bis Donnerstag<\/strong>statt.<\/li>\n<\/ul>\n<ul>\n<li>Kurse der fortgeschrittenen Kunsttechniken<strong> (14 Stunden pro Woche)<\/strong> finden <strong>von 13.30 bis 17 Uhr montags bis donnerstags<\/strong> statt.<\/li>\n<\/ul>\n<p>Jeden Morgen ab 9.30 Uhr und am Freitagnachmittag (bis 14.30 Uhr) sind die Sch\u00fcler im Studio zur Arbeit und Ausbildung ihrer Kunstfertigkeiten eingeladen, solange die Schule das Atelier nicht f\u00fcr einen speziellen Kurs\/Vortrag ben\u00f6tigt.<\/p>\n[\/spb_text_block] [\/spb_accordion_tab] [spb_accordion_tab title=&#8220;Zahlung&#8220; accordion_id=&#8220;&#8220; icon=&#8220;&#8220;] [spb_text_block pb_margin_bottom=&#8220;no&#8220; pb_border_bottom=&#8220;no&#8220; width=&#8220;1\/1&#8243; el_position=&#8220;first last&#8220;]\n<p>Auf Wunsch ist es m\u00f6glich, die Studiengeb\u00fchren in 3-Monats-Raten zu bezahlen:<\/p>\n<p>f\u00fcr weitere Informationen kontaktieren Sie bitte das Schulregister.<\/p>\n[\/spb_text_block] [\/spb_accordion_tab] [spb_accordion_tab title=&#8220;Eintrittsdaten&#8220; accordion_id=&#8220;&#8220; icon=&#8220;&#8220;] [spb_text_block pb_margin_bottom=&#8220;no&#8220; pb_border_bottom=&#8220;no&#8220; width=&#8220;1\/1&#8243; el_position=&#8220;first last&#8220;]\n<p>Der Unterricht beginnt in der Regel <strong>am ersten Montag eines jeden Monats<\/strong> und sie werden sowohl in <strong>italienischer als auch in englischer Sprache abgehalten.<\/strong><\/p>\n[\/spb_text_block] [\/spb_accordion_tab] [spb_accordion_tab title=&#8220;Feiertage&#8220; accordion_id=&#8220;&#8220; icon=&#8220;&#8220;] [spb_text_block pb_margin_bottom=&#8220;no&#8220; pb_border_bottom=&#8220;no&#8220; width=&#8220;1\/1&#8243; el_position=&#8220;first last&#8220;]\n<p>Ein <strong>Schul- oder Ferienurlaub<\/strong> kann bei der Anmeldung oder mit einer 4-w\u00f6chigen Abmahnung direkt mit der Schulleitung vereinbart werden. Sollten die Sch\u00fcler aufgrund medizinischer Probleme oder aus privaten Gr\u00fcnden nicht an einem Teil des Kurses teilnehmen k\u00f6nnen, k\u00f6nnen sie beantragen, dass ihr Unterricht in den n\u00e4chsten Klassen umgeplant wird, sofern sie einen g\u00fcltigen Nachweis f\u00fcr ihre Abwesenheit vorlegen k\u00f6nnen.<\/p>\n[\/spb_text_block] [\/spb_accordion_tab] [spb_accordion_tab title=&#8220;Anforderungen&#8220; accordion_id=&#8220;&#8220; icon=&#8220;&#8220;] [spb_text_block pb_margin_bottom=&#8220;no&#8220; pb_border_bottom=&#8220;no&#8220; width=&#8220;1\/1&#8243; el_position=&#8220;first last&#8220;]\n<p>Bei der Registrierung werden die Antragsteller gebeten, 4 Beispiele ihrer Kunstwerke wie folgt zu erstellen:<\/p>\n<ol>\n<li>Stillleben Zeichnung, entweder Bleistift oder Holzkohle;<\/li>\n<li>Figurenzeichnung, entweder Bleistift oder Holzkohle;<\/li>\n<li>Landschafts- oder Stadtbildzeichnung, entweder Bleistift oder Pastelle;<\/li>\n<li>ein Gem\u00e4lde in einer der folgenden Techniken: \u00d6l, Acryl, Aquarell.<\/li>\n<\/ol>\n[\/spb_text_block] [\/spb_accordion_tab] [spb_accordion_tab title=&#8220;Melden Sie sich hier an&#8220; accordion_id=&#8220;&#8220; icon=&#8220;&#8220;] [spb_text_block pb_margin_bottom=&#8220;no&#8220; pb_border_bottom=&#8220;no&#8220; width=&#8220;1\/1&#8243; el_position=&#8220;first last&#8220;]\n<p>Um sich anzumelden, besuchen Sie bitte <a href=\"https:\/\/adg.it\/en\/product\/advanced-drawing-and-painting-techniques\/\" target=\"_blank\" rel=\"noopener\">diese Seite<\/a><\/p>\n[\/spb_text_block] [\/spb_accordion_tab] [\/spb_accordion] [\/spb_column] [spb_column width=&#8220;1\/3&#8243; el_position=&#8220;last&#8220;] [spb_single_image image=&#8220;11053&#8243; image_size=&#8220;full&#8220; frame=&#8220;shadowframe&#8220; intro_animation=&#8220;none&#8220; full_width=&#8220;no&#8220; lightbox=&#8220;no&#8220; link_target=&#8220;_self&#8220; width=&#8220;1\/1&#8243; el_position=&#8220;first last&#8220;] [boxed_content type=&#8220;coloured&#8220; pb_margin_bottom=&#8220;no&#8220; width=&#8220;1\/1&#8243; el_position=&#8220;first last&#8220;]\n<p>Das Programm<\/p>\n[\/boxed_content] [spb_accordion width=&#8220;1\/1&#8243; el_position=&#8220;first last&#8220;] [spb_accordion_tab title=&#8220;Was werde ich studieren?&#8220; accordion_id=&#8220;&#8220; icon=&#8220;&#8220;] [spb_text_block pb_margin_bottom=&#8220;no&#8220; pb_border_bottom=&#8220;no&#8220; width=&#8220;1\/1&#8243; el_position=&#8220;first last&#8220;]\n<p>Hier ist ein Beispiel daf\u00fcr, wie ein einj\u00e4hriges Programm fortgeschrittener Kunsttechniken organisiert werden kann:<\/p>\n<p>visuelle Bildung, 14-20 Uhr;<br \/>\nFreilichtmalerei und Landschaft, 16-22 Std.;<br \/>\nZeichentechniken, 30-60 Std.;<br \/>\nLebenszeichnungstechniken, 56-96 Std.;<br \/>\nVolumen und Perspektive, 56-96 Std.;<br \/>\nKunstgrafiken, 56-96 Std.;<br \/>\nMaltechniken, 56-96 Std.;<br \/>\nSet-Design, 36-56 Std.;<br \/>\nDekoration, 36-56 Std.;<br \/>\nAbbildung, 56-56 Std.;<br \/>\nFresko, 36-56 Std.;<br \/>\nVergoldungstechniken mit Tempera, 12-18 Stunden;<br \/>\nVergoldungstechniken mit \u00d6l, 12-18 Stunden;<br \/>\nElemente und Techniken der Skulptur, 56-96 Stunden.<\/p>\n<p>Gesamtstunden: 504-720<\/p>\n<p>Bitte beachten Sie: <strong>Das obige Programm kann auf Ihre k\u00fcnstlerischen F\u00e4higkeiten, Erfahrungen und Interessen zugeschnitten werden.<\/strong><\/p>\n[\/spb_text_block] [\/spb_accordion_tab] [\/spb_accordion] [spb_text_block title=&#8220;Kontaktieren Sie uns&#8220; pb_margin_bottom=&#8220;no&#8220; pb_border_bottom=&#8220;no&#8220; width=&#8220;1\/1&#8243; el_position=&#8220;first last&#8220;]\n<div class=\"wpforms-container wpforms-container-full\" id=\"wpforms-18575\"><form id=\"wpforms-form-18575\" class=\"wpforms-validate wpforms-form wpforms-ajax-form\" data-formid=\"18575\" method=\"post\" enctype=\"multipart\/form-data\" action=\"\/de\/wp-json\/wp\/v2\/pages\/19407\" data-token=\"b944e159dd679efa69fd3bf0b5812969\" data-token-time=\"1776076829\"><noscript class=\"wpforms-error-noscript\">Bitte aktiviere JavaScript in deinem Browser, um dieses Formular fertigzustellen.<\/noscript><div class=\"wpforms-field-container\"><div id=\"wpforms-18575-field_6-container\" class=\"wpforms-field wpforms-field-name\" data-field-id=\"6\"><label class=\"wpforms-field-label\">Name <span class=\"wpforms-required-label\">*<\/span><\/label><div class=\"wpforms-field-row wpforms-field-large\"><div class=\"wpforms-field-row-block wpforms-first wpforms-one-half\"><input type=\"text\" id=\"wpforms-18575-field_6\" class=\"wpforms-field-name-first wpforms-field-required\" name=\"wpforms[fields][6][first]\" placeholder=\"Ihr Vorname\" required><label for=\"wpforms-18575-field_6\" class=\"wpforms-field-sublabel after\">First<\/label><\/div><div class=\"wpforms-field-row-block wpforms-one-half\"><input type=\"text\" id=\"wpforms-18575-field_6-last\" class=\"wpforms-field-name-last wpforms-field-required\" name=\"wpforms[fields][6][last]\" placeholder=\"Ihr Familienname\" required><label for=\"wpforms-18575-field_6-last\" class=\"wpforms-field-sublabel after\">Last<\/label><\/div><\/div><\/div><div id=\"wpforms-18575-field_1-container\" class=\"wpforms-field wpforms-field-email\" data-field-id=\"1\"><label class=\"wpforms-field-label\" for=\"wpforms-18575-field_1\">E-Mail <span class=\"wpforms-required-label\">*<\/span><\/label><input type=\"email\" id=\"wpforms-18575-field_1\" class=\"wpforms-field-large wpforms-field-required\" name=\"wpforms[fields][1]\" placeholder=\"Ihre E-Mail\" spellcheck=\"false\" required><\/div><div id=\"wpforms-18575-field_2-container\" class=\"wpforms-field wpforms-field-textarea\" data-field-id=\"2\"><label class=\"wpforms-field-label\" for=\"wpforms-18575-field_2\">Nachricht <span class=\"wpforms-required-label\">*<\/span><\/label><textarea id=\"wpforms-18575-field_2\" class=\"wpforms-field-medium wpforms-field-required\" name=\"wpforms[fields][2]\" placeholder=\"Schreiben Sie hier Ihre Nachricht\" required><\/textarea><\/div><\/div><!-- .wpforms-field-container --><div class=\"wpforms-field wpforms-field-hp\"><label for=\"wpforms-18575-field-hp\" class=\"wpforms-field-label\">Phone<\/label><input type=\"text\" name=\"wpforms[hp]\" id=\"wpforms-18575-field-hp\" class=\"wpforms-field-medium\"><\/div><div class=\"wpforms-submit-container\" ><input type=\"hidden\" name=\"wpforms[id]\" value=\"18575\"><input type=\"hidden\" name=\"page_title\" value=\"\"><input type=\"hidden\" name=\"page_url\" value=\"https:\/\/adg.it\/de\/wp-json\/wp\/v2\/pages\/19407\"><input type=\"hidden\" name=\"url_referer\" value=\"\"><button type=\"submit\" name=\"wpforms[submit]\" id=\"wpforms-submit-18575\" class=\"wpforms-submit\" data-alt-text=\"Senden...\" data-submit-text=\"Senden\" aria-live=\"assertive\" value=\"wpforms-submit\">Senden<\/button><img loading=\"lazy\" decoding=\"async\" src=\"https:\/\/adg.it\/wp-content\/plugins\/wpforms\/assets\/images\/submit-spin.svg\" class=\"wpforms-submit-spinner\" style=\"display: none;\" width=\"26\" height=\"26\" alt=\"Wird geladen\"><\/div><\/form><\/div>  <!-- .wpforms-container -->\n[\/spb_text_block] [testimonial text_size=&#8220;normal&#8220; item_count=&#8220;1&#8243; order=&#8220;rand&#8220; category=&#8220;advanced-art&#8220; pagination=&#8220;no&#8220; page_link=&#8220;no&#8220; width=&#8220;1\/1&#8243; el_position=&#8220;first last&#8220;] [\/spb_column]<\/p>\n","protected":false},"excerpt":{"rendered":"<p>[spb_column width=&#8220;2\/3&#8243; el_position=&#8220;first&#8220;] [spb_text_block title=&#8220;Ein Lehrplan f\u00fcr fortgeschrittene Studenten&#8220; pb_margin_bottom=&#8220;no&#8220; pb_border_bottom=&#8220;no&#8220; width=&#8220;1\/1&#8243; el_position=&#8220;first last&#8220;] Dieses einj\u00e4hrige Programm wurde f\u00fcr Studenten entwickelt, die entschlossen sind, gr\u00f6\u00dfere k\u00fcnstlerische Herausforderungen durch die Praxis des nachhaltigen Kunstschaffens mit komplexeren kompositorischen, technischen und konzeptionellen Problemenzu bew\u00e4ltigen. Zu Beginn des Kurses wird unser Kunstlehrer die F\u00e4higkeiten der Sch\u00fcler bewerten und ihnen helfen, ihre Ziele zu erreichen. [&hellip;]<\/p>\n","protected":false},"author":27,"featured_media":0,"parent":0,"menu_order":0,"comment_status":"closed","ping_status":"closed","template":"","meta":{"_joinchat":[],"footnotes":""},"class_list":["post-19407","page","type-page","status-publish","hentry"],"aioseo_notices":[],"_links":{"self":[{"href":"https:\/\/adg.it\/de\/wp-json\/wp\/v2\/pages\/19407","targetHints":{"allow":["GET"]}}],"collection":[{"href":"https:\/\/adg.it\/de\/wp-json\/wp\/v2\/pages"}],"about":[{"href":"https:\/\/adg.it\/de\/wp-json\/wp\/v2\/types\/page"}],"author":[{"embeddable":true,"href":"https:\/\/adg.it\/de\/wp-json\/wp\/v2\/users\/27"}],"replies":[{"embeddable":true,"href":"https:\/\/adg.it\/de\/wp-json\/wp\/v2\/comments?post=19407"}],"version-history":[{"count":1,"href":"https:\/\/adg.it\/de\/wp-json\/wp\/v2\/pages\/19407\/revisions"}],"predecessor-version":[{"id":25855,"href":"https:\/\/adg.it\/de\/wp-json\/wp\/v2\/pages\/19407\/revisions\/25855"}],"wp:attachment":[{"href":"https:\/\/adg.it\/de\/wp-json\/wp\/v2\/media?parent=19407"}],"curies":[{"name":"wp","href":"https:\/\/api.w.org\/{rel}","templated":true}]}}