{"id":19369,"date":"2020-05-12T15:59:20","date_gmt":"2020-05-12T15:59:20","guid":{"rendered":"https:\/\/adg.it\/?page_id=19369"},"modified":"2026-01-16T10:15:10","modified_gmt":"2026-01-16T10:15:10","slug":"geschenk","status":"publish","type":"page","link":"https:\/\/adg.it\/de\/geschenk\/","title":{"rendered":"Geschenkideen"},"content":{"rendered":"<p>[spb_column width=&#8220;2\/3&#8243; el_position=&#8220;first&#8220;] [spb_text_block title=&#8220;Bieten Sie einen Kurs als Geschenk an!&#8220; pb_margin_bottom=&#8220;no&#8220; pb_border_bottom=&#8220;no&#8220; width=&#8220;1\/1&#8243; el_position=&#8220;first last&#8220;]\n<p>Bieten Sie jemandem ein unvergessliches Geschenk an: einen Kurs in Florenz in der Accademia del Giglio.<\/p>\n<p>Dies ist nur eine Auswahl von Kursen, die Sie als Geschenk anbieten k\u00f6nnen, aber wenn Sie etwas anderes oder ein individuelles Programm w\u00fcnschen, kontaktieren Sie uns bitte direkt durch das Formular, das Sie auf dieser Seite ausf\u00fcllen k\u00f6nnen.<\/p>\n<p>Geschenkkurse k\u00f6nnen f\u00fcr jedes Budget passen: Sie k\u00f6nnen sie unter unseren verschiedenen Kursen w\u00e4hlen, die Sie auf unserer Website finden k\u00f6nnen, oder Sie k\u00f6nnen einen Geldbetrag abrechnen und uns fragen, was wir Ihnen anbieten k\u00f6nnen.<\/p>\n<p>Der von Ihnen angebotene Kurs kann innerhalb eines Jahres nach dem Kauf besucht werden!<\/p>\n<p><strong>KUNSTKURSE<\/strong><br \/>\n<a href=\"https:\/\/adg.it\/de\/eintaegige-kunstkurse\/\">Ein Tag voller Kunst<\/a>: ab 85\u20ac<br \/>\n1 Woche <a href=\"https:\/\/adg.it\/de\/kurse-in-zeichnen-und-techniken-der-malerei\/\">Zeichen- und Malunterricht<\/a>: ab 335\u20ac<br \/>\n<a href=\"https:\/\/adg.it\/de\/kunst-klassen-wochenende\/\">Wochenende<\/a> Zeichen- und Malkurse: ab 405\u20ac<br \/>\n<a href=\"https:\/\/adg.it\/de\/kunstwerkstaetten\/\">Kunstworkshops<\/a>, 30 Stunden in 5 Tagen, ab 750\u20ac<\/p>\n[\/spb_text_block] [sf_gallery gallery_id=&#8220;14688&#8243; slider_transition=&#8220;fade&#8220; show_thumbs=&#8220;yes&#8220; autoplay=&#8220;yes&#8220; show_captions=&#8220;yes&#8220; enable_lightbox=&#8220;no&#8220; width=&#8220;1\/1&#8243; el_position=&#8220;first last&#8220;] [boxed_content type=&#8220;coloured&#8220; pb_margin_bottom=&#8220;no&#8220; width=&#8220;1\/1&#8243; el_position=&#8220;first last&#8220;]\n<p>Weitere Details<\/p>\n[\/boxed_content] [spb_accordion width=&#8220;1\/1&#8243; el_position=&#8220;first last&#8220;] [spb_accordion_tab title=&#8220;Was ist ein Geschenkkurs?&#8220; accordion_id=&#8220;&#8220; icon=&#8220;&#8220;] [spb_text_block pb_margin_bottom=&#8220;no&#8220; pb_border_bottom=&#8220;no&#8220; width=&#8220;1\/1&#8243; el_position=&#8220;first last&#8220;]\n<p>Ein Geschenkkurs ist ein Kurs, den Sie einem Freund, einer Freundin oder Ihren Geliebten zu einem besonderen Anlass (Geburtstag, Jubil\u00e4um, Verlobung, Weihnachten, etc.) anbieten m\u00f6chten oder einfach nur weil Sie ihnen eine \u00dcberraschung machen wollen. F\u00fcr jeden Geschenkkurs stehen verschiedene Themen zur Verf\u00fcgung, wie z. B.:<\/p>\n<ul>\n<li>Zeichnung.<\/li>\n<li>Malerei.<\/li>\n<li>Aquarell.<\/li>\n<li>Illustration.<\/li>\n<li>Dekoration.<\/li>\n<li>Fresko.<\/li>\n<li>Skulptur mit Ton.<\/li>\n<li>Kunstgeschichte.<\/li>\n<li>Italienisch als Fremdsprache.<\/li>\n<li>Italienische K\u00fcche.<\/li>\n<\/ul>\n[\/spb_text_block] [\/spb_accordion_tab] [spb_accordion_tab title=&#8220;Was beinhaltet der Kurspreis?&#8220; accordion_id=&#8220;&#8220; icon=&#8220;&#8220;] [spb_text_block pb_margin_bottom=&#8220;no&#8220; pb_border_bottom=&#8220;no&#8220; width=&#8220;1\/1&#8243; el_position=&#8220;first last&#8220;]\n<p>Der Kurspreis beinhaltet das gesamte Material, das w\u00e4hrend des Unterrichts als notwendig betrachtet wird.<\/p>\n[\/spb_text_block] [\/spb_accordion_tab] [spb_accordion_tab title=&#8220;Wie wird das Geschenk geliefert?&#8220; accordion_id=&#8220;&#8220; icon=&#8220;&#8220;] [spb_text_block pb_margin_bottom=&#8220;no&#8220; pb_border_bottom=&#8220;no&#8220; width=&#8220;1\/1&#8243; el_position=&#8220;first last&#8220;]\n<p>Geschenkkurse werden digital als Coupon geliefert (wenn Sie eine Auswahl an Coupons sehen m\u00f6chten, klicken Sie bitte hier).<\/p>\n<p>Sie k\u00f6nnen das Datum der Lieferung planen, wenn Sie m\u00f6chten. Es stehen zwei Lieferoptionen zur Verf\u00fcgung:<\/p>\n<ul>\n<li>Sie k\u00f6nnen bitten, den Gutschein zu erhalten, den Sie dann pers\u00f6nlich an Ihre geliebten darbringen werden;<\/li>\n<li>Sie k\u00f6nnen uns den Gutschein an Ihre Liebsten liefern lassen.<\/li>\n<\/ul>\n[\/spb_text_block] [\/spb_accordion_tab] [spb_accordion_tab title=&#8220;Kann ich ein Geschenk zur\u00fcckgeben?&#8220; accordion_id=&#8220;&#8220; icon=&#8220;&#8220;] [spb_text_block pb_margin_bottom=&#8220;no&#8220; pb_border_bottom=&#8220;no&#8220; width=&#8220;1\/1&#8243; el_position=&#8220;first last&#8220;]\n<p>Ja, Sie haben ab dem Kaufdatum 30 Tage Zeit, um eine R\u00fcckerstattung zu beantragen.<\/p>\n[\/spb_text_block] [\/spb_accordion_tab] [spb_accordion_tab title=&#8220;Allgemeine Gesch\u00e4ftsbedingungen&#8220; accordion_id=&#8220;&#8220; icon=&#8220;&#8220;] [spb_text_block pb_margin_bottom=&#8220;no&#8220; pb_border_bottom=&#8220;no&#8220; width=&#8220;1\/1&#8243; el_position=&#8220;first last&#8220;]\n<ul>\n<li>Die Empf\u00e4nger m\u00fcssen 14 Jahre oder \u00e4lter sein.<\/li>\n<li>Eine Stunde Unterricht ist eigentlich 55 Minuten f\u00fcr Italienischunterricht und 60 Minuten f\u00fcr Kunstunterricht und Kunstgeschichteunterricht (sofern nicht anders angegeben).<\/li>\n<li>Im Falle der Stornierung eines Kurses oder Workshops aus Gr\u00fcnden, die au\u00dferhalb unserer Kontrolle liegen, empfehlen wir den Teilnehmern dringend, eine Reiseversicherung abzuschlie\u00dfen, die den Verlust eines f\u00fcr Flug- und Unterkunftspreis bezahlten Betrags deckt.<\/li>\n<li>Die Schule haftet nicht f\u00fcr Sch\u00e4den, Verluste oder Verletzungen, die Sch\u00fclern entstehen k\u00f6nnen.<\/li>\n<li>Die Sch\u00fcler werden f\u00fcr Sch\u00e4den am Schuleigentum haftbar gemacht.<\/li>\n<li>Stornierte Buchungen. Wenn eine Buchung 21 Tage vor Kursbeginn storniert wird, werden die Teilnahmegeb\u00fchren zur\u00fcckerstattet. Wenn eine Buchung innerhalb von weniger als 21 Tagen vor Kursbeginn storniert wird, wird keine Geb\u00fchr zur\u00fcckerstattet.<br \/>\nStudenten, die ihren Kurs versp\u00e4tet beginnen oder vor dem offiziellen Ende unterbrechen, werden nicht erstattet.<\/li>\n<li>Mit dem Absenden des Anmeldungsformulars akzeptiert der Student unsere Gesch\u00e4ftsbedingungen. Alle Streitigkeiten, die sich im Rahmen dieser Unterlegung ergeben, werden vor dem zust\u00e4ndigen Gericht in Florenz beigelegt.<\/li>\n<\/ul>\n[\/spb_text_block] [\/spb_accordion_tab] [spb_accordion_tab title=&#8220;Anmeldungsformular&#8220; accordion_id=&#8220;&#8220; icon=&#8220;&#8220;] [spb_text_block pb_margin_bottom=&#8220;no&#8220; pb_border_bottom=&#8220;no&#8220; width=&#8220;1\/1&#8243; el_position=&#8220;first last&#8220;]\n<p>Bitte besuchen <a href=\"https:\/\/adg.it\/en\/shop\/\" target=\"_blank\" rel=\"noopener\">Sie unseren Shop<\/a>.<\/p>\n[\/spb_text_block] [\/spb_accordion_tab] [\/spb_accordion] [\/spb_column] [spb_column width=&#8220;1\/3&#8243; el_position=&#8220;last&#8220;] [spb_single_image image=&#8220;14744&#8243; image_size=&#8220;full&#8220; frame=&#8220;shadowframe&#8220; intro_animation=&#8220;none&#8220; full_width=&#8220;no&#8220; lightbox=&#8220;no&#8220; link_target=&#8220;_self&#8220; width=&#8220;1\/1&#8243; el_position=&#8220;first last&#8220;] [spb_text_block pb_margin_bottom=&#8220;no&#8220; pb_border_bottom=&#8220;no&#8220; width=&#8220;1\/1&#8243; el_position=&#8220;first last&#8220;]\n<div class=\"wpforms-container wpforms-container-full\" id=\"wpforms-18575\"><form id=\"wpforms-form-18575\" class=\"wpforms-validate wpforms-form wpforms-ajax-form\" data-formid=\"18575\" method=\"post\" enctype=\"multipart\/form-data\" action=\"\/de\/wp-json\/wp\/v2\/pages\/19369\" data-token=\"a2ec9be37cefbb4256fe17f2e4c990bd\" data-token-time=\"1777206579\"><noscript class=\"wpforms-error-noscript\">Bitte aktiviere JavaScript in deinem Browser, um dieses Formular fertigzustellen.<\/noscript><div class=\"wpforms-field-container\"><div id=\"wpforms-18575-field_6-container\" class=\"wpforms-field wpforms-field-name\" data-field-id=\"6\"><label class=\"wpforms-field-label\">Name <span class=\"wpforms-required-label\">*<\/span><\/label><div class=\"wpforms-field-row wpforms-field-large\"><div class=\"wpforms-field-row-block wpforms-first wpforms-one-half\"><input type=\"text\" id=\"wpforms-18575-field_6\" class=\"wpforms-field-name-first wpforms-field-required\" name=\"wpforms[fields][6][first]\" placeholder=\"Ihr Vorname\" required><label for=\"wpforms-18575-field_6\" class=\"wpforms-field-sublabel after\">First<\/label><\/div><div class=\"wpforms-field-row-block wpforms-one-half\"><input type=\"text\" id=\"wpforms-18575-field_6-last\" class=\"wpforms-field-name-last wpforms-field-required\" name=\"wpforms[fields][6][last]\" placeholder=\"Ihr Familienname\" required><label for=\"wpforms-18575-field_6-last\" class=\"wpforms-field-sublabel after\">Last<\/label><\/div><\/div><\/div><div id=\"wpforms-18575-field_1-container\" class=\"wpforms-field wpforms-field-email\" data-field-id=\"1\"><label class=\"wpforms-field-label\" for=\"wpforms-18575-field_1\">E-Mail <span class=\"wpforms-required-label\">*<\/span><\/label><input type=\"email\" id=\"wpforms-18575-field_1\" class=\"wpforms-field-large wpforms-field-required\" name=\"wpforms[fields][1]\" placeholder=\"Ihre E-Mail\" spellcheck=\"false\" required><\/div><div id=\"wpforms-18575-field_2-container\" class=\"wpforms-field wpforms-field-textarea\" data-field-id=\"2\"><label class=\"wpforms-field-label\" for=\"wpforms-18575-field_2\">Nachricht <span class=\"wpforms-required-label\">*<\/span><\/label><textarea id=\"wpforms-18575-field_2\" class=\"wpforms-field-medium wpforms-field-required\" name=\"wpforms[fields][2]\" placeholder=\"Schreiben Sie hier Ihre Nachricht\" required><\/textarea><\/div><\/div><!-- .wpforms-field-container --><div class=\"wpforms-field wpforms-field-hp\"><label for=\"wpforms-18575-field-hp\" class=\"wpforms-field-label\">Comment<\/label><input type=\"text\" name=\"wpforms[hp]\" id=\"wpforms-18575-field-hp\" class=\"wpforms-field-medium\"><\/div><div class=\"wpforms-submit-container\" ><input type=\"hidden\" name=\"wpforms[id]\" value=\"18575\"><input type=\"hidden\" name=\"page_title\" value=\"\"><input type=\"hidden\" name=\"page_url\" value=\"https:\/\/adg.it\/de\/wp-json\/wp\/v2\/pages\/19369\"><input type=\"hidden\" name=\"url_referer\" value=\"\"><button type=\"submit\" name=\"wpforms[submit]\" id=\"wpforms-submit-18575\" class=\"wpforms-submit\" data-alt-text=\"Senden...\" data-submit-text=\"Senden\" aria-live=\"assertive\" value=\"wpforms-submit\">Senden<\/button><img loading=\"lazy\" decoding=\"async\" src=\"https:\/\/adg.it\/wp-content\/plugins\/wpforms\/assets\/images\/submit-spin.svg\" class=\"wpforms-submit-spinner\" style=\"display: none;\" width=\"26\" height=\"26\" alt=\"Wird geladen\"><\/div><\/form><\/div>  <!-- .wpforms-container -->\n[\/spb_text_block] [testimonial_carousel item_count=&#8220;1&#8243; order=&#8220;rand&#8220; category=&#8220;All&#8220; page_link=&#8220;yes&#8220; width=&#8220;1\/1&#8243; el_position=&#8220;first last&#8220;] [\/spb_column]<\/p>\n","protected":false},"excerpt":{"rendered":"<p>[spb_column width=&#8220;2\/3&#8243; el_position=&#8220;first&#8220;] [spb_text_block title=&#8220;Bieten Sie einen Kurs als Geschenk an!&#8220; pb_margin_bottom=&#8220;no&#8220; pb_border_bottom=&#8220;no&#8220; width=&#8220;1\/1&#8243; el_position=&#8220;first last&#8220;] Bieten Sie jemandem ein unvergessliches Geschenk an: einen Kurs in Florenz in der Accademia del Giglio. Dies ist nur eine Auswahl von Kursen, die Sie als Geschenk anbieten k\u00f6nnen, aber wenn Sie etwas anderes oder ein individuelles Programm w\u00fcnschen, kontaktieren Sie uns bitte direkt [&hellip;]<\/p>\n","protected":false},"author":27,"featured_media":0,"parent":0,"menu_order":0,"comment_status":"closed","ping_status":"closed","template":"","meta":{"_joinchat":[],"footnotes":""},"class_list":["post-19369","page","type-page","status-publish","hentry"],"aioseo_notices":[],"_links":{"self":[{"href":"https:\/\/adg.it\/de\/wp-json\/wp\/v2\/pages\/19369","targetHints":{"allow":["GET"]}}],"collection":[{"href":"https:\/\/adg.it\/de\/wp-json\/wp\/v2\/pages"}],"about":[{"href":"https:\/\/adg.it\/de\/wp-json\/wp\/v2\/types\/page"}],"author":[{"embeddable":true,"href":"https:\/\/adg.it\/de\/wp-json\/wp\/v2\/users\/27"}],"replies":[{"embeddable":true,"href":"https:\/\/adg.it\/de\/wp-json\/wp\/v2\/comments?post=19369"}],"version-history":[{"count":2,"href":"https:\/\/adg.it\/de\/wp-json\/wp\/v2\/pages\/19369\/revisions"}],"predecessor-version":[{"id":27548,"href":"https:\/\/adg.it\/de\/wp-json\/wp\/v2\/pages\/19369\/revisions\/27548"}],"wp:attachment":[{"href":"https:\/\/adg.it\/de\/wp-json\/wp\/v2\/media?parent=19369"}],"curies":[{"name":"wp","href":"https:\/\/api.w.org\/{rel}","templated":true}]}}