{"id":19153,"date":"2020-05-07T10:57:16","date_gmt":"2020-05-07T10:57:16","guid":{"rendered":"https:\/\/adg.it\/?page_id=19153"},"modified":"2025-01-28T13:35:56","modified_gmt":"2025-01-28T13:35:56","slug":"kunst-klassen-wochenende","status":"publish","type":"page","link":"https:\/\/adg.it\/de\/kunst-klassen-wochenende\/","title":{"rendered":"Zeichen- und Malkurse am Wochenende"},"content":{"rendered":"<p>[spb_column width=&#8220;2\/3&#8243; el_position=&#8220;first&#8220;] [spb_text_block title=&#8220;Crash Kunstkurse am Wochenende&#8220; pb_margin_bottom=&#8220;no&#8220; pb_border_bottom=&#8220;no&#8220; width=&#8220;1\/1&#8243; el_position=&#8220;first last&#8220;]\n<p>Das sind echte intensive <strong>Kunstkurse,<\/strong>die f\u00fcr diejenigen gedacht sind, die wenig Zeit haben, sich auf eine oder mehrere k\u00fcnstlerische Techniken zu konzentrieren. Einzelunterricht kann am Wochenende in einer der folgenden Sprachen abgehalten werden: <strong>Englisch, Franz\u00f6sisch, Spanisch, Russisch, Deutsch<\/strong> und <strong>Italienisch.<\/strong> Die Studenten k\u00f6nnen ihre Crashkurse entweder in unserem <strong>Kunstatelier<\/strong> oder auf den <strong>Pl\u00e4tzen und Stra\u00dfen<\/strong> von Florenz belegen.<\/p>\n[\/spb_text_block] [boxed_content type=&#8220;coloured&#8220; pb_margin_bottom=&#8220;no&#8220; width=&#8220;1\/1&#8243; el_position=&#8220;first last&#8220;]\n<p>Die Programme<\/p>\n[\/boxed_content] [spb_accordion width=&#8220;1\/1&#8243; el_position=&#8220;first last&#8220;] [spb_accordion_tab title=&#8220;A. Zeichen- und Maltechniken im Kunstatelier &#8220; accordion_id=&#8220;&#8220; icon=&#8220;&#8220;] [spb_text_block pb_margin_bottom=&#8220;no&#8220; pb_border_bottom=&#8220;no&#8220; width=&#8220;1\/1&#8243; el_position=&#8220;first last&#8220;]\n<p>Das ist ein sehr ausf\u00fchrlicher Privatkurs f\u00fcr jene K\u00fcnstler, die w\u00e4hrend eines Wochenendes in Florenz in die Renaissance-Atmosph\u00e4re eintauchen, unde zusammen mit anderen K\u00fcnstlern unter der Aufsicht und Anleitung unserer erfahrenen Kunstlehrer zeichnen und malen m\u00f6chten.<\/p>\n<p>W\u00e4hrend dieses Einzelkurses haben die Sch\u00fcler die M\u00f6glichkeit, verschiedene Zeichen- und Maltechniken wie Graphit, Holzkohle, Pastell, Aquarell, Acryl, \u00d6l zu \u00fcben. Die Themen k\u00f6nnen nach den Vorlieben jedes einzelnen Teilnehmers variieren, vom Stillleben bis zum Portr\u00e4t und Modell.<\/p>\n<p>Je nach Wetterlage kann ein Teil des Kurses auch den Luftsitzungen in den alten Pl\u00e4tzen und G\u00e4rten von Florenz oder entlang des Flusses Arno gewidmet werden, wo das glitzernde Wasser mit den harmonischen Linien der Renaissance-Geb\u00e4ude zusammentrifft.<\/p>\n<p>Dieser private Kurs kann sowohl Kunstanf\u00e4ngern als auch erfahrenen K\u00fcnstlern und Fachleuten empfohlen werden, die einen praktischen Ansatz mit unterschiedlichen Zeichen- und Maltechniken ben\u00f6tigen.<\/p>\n[\/spb_text_block] [\/spb_accordion_tab] [spb_accordion_tab title=&#8220;Section&#8220; accordion_id=&#8220;&#8220; icon=&#8220;&#8220;] [spb_text_block pb_margin_bottom=&#8220;no&#8220; pb_border_bottom=&#8220;no&#8220; width=&#8220;1\/1&#8243; el_position=&#8220;first last&#8220;]\n<p>Dieser zweit\u00e4gige, sehr intensive Privatkurs findet haupts\u00e4chlich im Herzen von Florenz, in den malerischen Stra\u00dfen und neben den Renaissance-Geb\u00e4uden statt. Die Sch\u00fcler zeichnen und malen zum Beispiel vor dem alten Rathaus, dem Palazzo Vecchio, oder auf der einzigartigen &#8222;alten Br\u00fccke&#8220;, der Ponte Vecchio, oder auf dem Platz Santa Croce, wo Dantes Statue alle Passanten \u00fcberblickt, oder sogar in einigen abgelegenen und ruhigen Gegenden des historischen Boboli-Gartens.<\/p>\n<p>Dar\u00fcber hinaus k\u00f6nnen sich die Lernenden in unserem Atelier auch auf das Studium der perspektivischen Zeichnung sowie auf die Schaffung nat\u00fcrlicher Lichteffekte in ihren Gem\u00e4lden konzentrieren.<\/p>\n<p>Dieses Eins-zu-eins-Seminar richtet sich nicht nur an f\u00e4hige Studenten, die ihren Stil und ihre Kreativit\u00e4t verbessern m\u00f6chten, sondern auch an jene Menschen (wie zuk\u00fcnftige Architekten und Grafiker), deren Ziel es ist, die Grundlagen der Perspektive und des Freihand-Skizzierens zu entdecken. Deshalb wird w\u00e4hrend des Unterrichts jeder Sch\u00fcler individuell unterrichtet.<\/p>\n<p>Unsere Kunstlehrer helfen den Sch\u00fclern, ihre Beobachtungsf\u00e4higkeiten zu entwickeln und gleichzeitig eine nat\u00fcrliche Landschaft und eine architektonische Struktur zu reproduzieren.<\/p>\n<p>Die Sch\u00fcler k\u00f6nnen sich einer oder mehreren Techniken entsprechend ihren F\u00e4higkeiten und Vorlieben wie Holzkohle, Aquarell, Pastell, \u00d6l n\u00e4hern und sie \u00fcben.<\/p>\n[\/spb_text_block] [\/spb_accordion_tab] [spb_accordion_tab title=&#8220;Eins-zu-eins oder zwei-zu-eins-Unterricht der Sch\u00f6nen K\u00fcnste am Wochenende&#8220; accordion_id=&#8220;&#8220; icon=&#8220;&#8220;] [spb_text_block pb_margin_bottom=&#8220;no&#8220; pb_border_bottom=&#8220;no&#8220; width=&#8220;1\/1&#8243; el_position=&#8220;first last&#8220;]\n<p>Beide Programme und ihre Zeitpl\u00e4ne sind vollst\u00e4ndig auf die Bed\u00fcrfnisse und Interessen jedes Sch\u00fclers zugeschnitten, der die M\u00f6glichkeit hat, sich f\u00fcr das Studium einer oder mehrerer Art-Techniken wie Holzkohle, Sanguine, Pastell, \u00d6l, Acryl, Aquarell, Fresko, Tempera zu entscheiden.<\/p>\n<p>Unser Kunstlehrer f\u00fchrt den Sch\u00fcler Schritt f\u00fcr Schritt durch die Geheimnisse und die Praxis jeder Technik, immer bereit, ihm zu helfen, seine k\u00fcnstlerischen F\u00e4higkeiten zu verbessern.<\/p>\n<p>Es ist m\u00f6glich, sich an jedem Wochenende f\u00fcr diesen Kurs anzumelden. Es stehen drei Formeln zur Verf\u00fcgung: 6, 9 und 12 Stunden Unterricht, entweder im Eins-zu-eins oder im Zwei-zu-eins-Unterricht.<\/p>\n<p>Diese Art von Lektionen ist ideal f\u00fcr diejenigen, die sich der Grundlage einer neuen Kunsttechnik schnell n\u00e4hern m\u00fcssen und dann die Praxis auf eigene Faust fortsetzen m\u00f6chten, sobald sie in ihre Ateliers oder zu Hause zur\u00fcckkehren. Aber auch erfahrene und talentierte K\u00fcnstler k\u00f6nnen sich f\u00fcr einen Kunst-Crashkurs lohnen, um seine Beherrschung zu verbessern und das Portfolio zu bereichern.<\/p>\n[\/spb_text_block] [\/spb_accordion_tab] [\/spb_accordion] [sf_gallery gallery_id=&#8220;6412&#8243; slider_transition=&#8220;fade&#8220; show_thumbs=&#8220;yes&#8220; autoplay=&#8220;yes&#8220; show_captions=&#8220;yes&#8220; enable_lightbox=&#8220;yes&#8220; width=&#8220;1\/1&#8243; el_position=&#8220;first last&#8220;] [boxed_content type=&#8220;coloured&#8220; pb_margin_bottom=&#8220;no&#8220; width=&#8220;1\/1&#8243; el_position=&#8220;first last&#8220;]\n<p><strong>Preise und Details<\/strong><\/p>\n[\/boxed_content] [spb_accordion width=&#8220;1\/1&#8243; el_position=&#8220;first last&#8220;] [spb_accordion_tab title=&#8220;Preise&#8220; accordion_id=&#8220;&#8220; icon=&#8220;&#8220;] [spb_text_block title=&#8220;Eins-zu-eins Kunstwochenende&#8220; pb_margin_bottom=&#8220;no&#8220; pb_border_bottom=&#8220;no&#8220; width=&#8220;1\/1&#8243; el_position=&#8220;first last&#8220;]\n<p>Sa oder So, 1 Tag, 6 Stunden 405 \u20ac<br \/>\nSa und So, 2 Tage, 9 Stunden 540 \u20ac<br \/>\nSa und So, 2 Tage, 10 Stunden 595 \u20ac<br \/>\nSa und So, 2 Tage, 12 Stunden 670 \u20ac<\/p>\n[\/spb_text_block] [spb_text_block title=&#8220;Zwei-zu-eins Kunstwochenende&#8220; pb_margin_bottom=&#8220;no&#8220; pb_border_bottom=&#8220;no&#8220; width=&#8220;1\/1&#8243; el_position=&#8220;first last&#8220;]\n<p>Sa oder So, 1 Tag, 6 Stunden 525 \u20ac<br \/>\nSa und So, 2 Tage, 9 Stunden, 725 \u20ac<br \/>\nSa und So, 2 Tage, 10 Stunden 795 \u20ac<br \/>\nSa und So, 2 Tage, 12 Stunden 825 \u20ac<\/p>\n[\/spb_text_block] [\/spb_accordion_tab] [spb_accordion_tab title=&#8220;Kurspreis beinhaltet&#8220; accordion_id=&#8220;&#8220; icon=&#8220;&#8220;] [spb_text_block pb_margin_bottom=&#8220;no&#8220; pb_border_bottom=&#8220;no&#8220; width=&#8220;1\/1&#8243; el_position=&#8220;first last&#8220;]\n<ul>\n<li>alle notwendigen Kunstmaterialien;<\/li>\n<li>ein Zertifikat am Ende des Kurses.<\/li>\n<\/ul>\n[\/spb_text_block] [\/spb_accordion_tab] [spb_accordion_tab title=&#8220;Kurskalendar&#8220; accordion_id=&#8220;&#8220; icon=&#8220;&#8220;] [spb_text_block pb_margin_bottom=&#8220;no&#8220; pb_border_bottom=&#8220;no&#8220; width=&#8220;1\/1&#8243; el_position=&#8220;first last&#8220;]\n<p>Jedes Wochenende auf Ihre Anfrage.<\/p>\n[\/spb_text_block] [\/spb_accordion_tab] [spb_accordion_tab title=&#8220;Plan&#8220; accordion_id=&#8220;&#8220; icon=&#8220;&#8220;] [spb_text_block pb_margin_bottom=&#8220;no&#8220; pb_border_bottom=&#8220;no&#8220; width=&#8220;1\/1&#8243; el_position=&#8220;first last&#8220;]\n<p>Der Zeitplan wird nach Ihren Bed\u00fcrfnissen geordnet.<\/p>\n[\/spb_text_block] [\/spb_accordion_tab] [spb_accordion_tab title=&#8220;Melden Sie sich hier an&#8220; accordion_id=&#8220;&#8220; icon=&#8220;&#8220;] [spb_text_block pb_margin_bottom=&#8220;no&#8220; pb_border_bottom=&#8220;no&#8220; width=&#8220;1\/1&#8243; el_position=&#8220;first last&#8220;]\n<p>Um sich anzumelden, besuchen Sie bitte\u00a0<a href=\"https:\/\/adg.it\/en\/product\/art-courses-in-the-weekend\/\" target=\"_blank\" rel=\"noopener external noreferrer nofollow\" data-wpel-link=\"external\">diese Seite<\/a><\/p>\n[\/spb_text_block] [\/spb_accordion_tab] [\/spb_accordion] [\/spb_column] [spb_column width=&#8220;1\/3&#8243; el_position=&#8220;last&#8220;] [spb_single_image image=&#8220;8395&#8243; image_size=&#8220;full&#8220; frame=&#8220;shadowframe&#8220; intro_animation=&#8220;none&#8220; full_width=&#8220;no&#8220; lightbox=&#8220;yes&#8220; link_target=&#8220;_self&#8220; width=&#8220;1\/1&#8243; el_position=&#8220;first last&#8220;] [spb_single_image image=&#8220;13499&#8243; image_size=&#8220;full&#8220; frame=&#8220;shadowframe&#8220; intro_animation=&#8220;none&#8220; full_width=&#8220;no&#8220; lightbox=&#8220;yes&#8220; image_link=&#8220;https:\/\/adg.it\/en\/product\/art-courses-in-the-weekend\/&#8220; link_target=&#8220;_blank&#8220; width=&#8220;1\/1&#8243; el_position=&#8220;first last&#8220;] [spb_text_block title=&#8220;Kontaktieren Sie uns&#8220; pb_margin_bottom=&#8220;no&#8220; pb_border_bottom=&#8220;no&#8220; width=&#8220;1\/1&#8243; el_position=&#8220;first last&#8220;]\n<div class=\"wpforms-container wpforms-container-full\" id=\"wpforms-18575\"><form id=\"wpforms-form-18575\" class=\"wpforms-validate wpforms-form wpforms-ajax-form\" data-formid=\"18575\" method=\"post\" enctype=\"multipart\/form-data\" action=\"\/de\/wp-json\/wp\/v2\/pages\/19153\" data-token=\"ecf25e222d6cf048cedfbf2b0ece48bc\" data-token-time=\"1776865960\"><noscript class=\"wpforms-error-noscript\">Bitte aktiviere JavaScript in deinem Browser, um dieses Formular fertigzustellen.<\/noscript><div class=\"wpforms-field-container\"><div id=\"wpforms-18575-field_6-container\" class=\"wpforms-field wpforms-field-name\" data-field-id=\"6\"><label class=\"wpforms-field-label\">Name <span class=\"wpforms-required-label\">*<\/span><\/label><div class=\"wpforms-field-row wpforms-field-large\"><div class=\"wpforms-field-row-block wpforms-first wpforms-one-half\"><input type=\"text\" id=\"wpforms-18575-field_6\" class=\"wpforms-field-name-first wpforms-field-required\" name=\"wpforms[fields][6][first]\" placeholder=\"Ihr Vorname\" required><label for=\"wpforms-18575-field_6\" class=\"wpforms-field-sublabel after\">First<\/label><\/div><div class=\"wpforms-field-row-block wpforms-one-half\"><input type=\"text\" id=\"wpforms-18575-field_6-last\" class=\"wpforms-field-name-last wpforms-field-required\" name=\"wpforms[fields][6][last]\" placeholder=\"Ihr Familienname\" required><label for=\"wpforms-18575-field_6-last\" class=\"wpforms-field-sublabel after\">Last<\/label><\/div><\/div><\/div><div id=\"wpforms-18575-field_1-container\" class=\"wpforms-field wpforms-field-email\" data-field-id=\"1\"><label class=\"wpforms-field-label\" for=\"wpforms-18575-field_1\">E-Mail <span class=\"wpforms-required-label\">*<\/span><\/label><input type=\"email\" id=\"wpforms-18575-field_1\" class=\"wpforms-field-large wpforms-field-required\" name=\"wpforms[fields][1]\" placeholder=\"Ihre E-Mail\" spellcheck=\"false\" required><\/div><div id=\"wpforms-18575-field_2-container\" class=\"wpforms-field wpforms-field-textarea\" data-field-id=\"2\"><label class=\"wpforms-field-label\" for=\"wpforms-18575-field_2\">Nachricht <span class=\"wpforms-required-label\">*<\/span><\/label><textarea id=\"wpforms-18575-field_2\" class=\"wpforms-field-medium wpforms-field-required\" name=\"wpforms[fields][2]\" placeholder=\"Schreiben Sie hier Ihre Nachricht\" required><\/textarea><\/div><\/div><!-- .wpforms-field-container --><div class=\"wpforms-field wpforms-field-hp\"><label for=\"wpforms-18575-field-hp\" class=\"wpforms-field-label\">Email<\/label><input type=\"text\" name=\"wpforms[hp]\" id=\"wpforms-18575-field-hp\" class=\"wpforms-field-medium\"><\/div><div class=\"wpforms-submit-container\" ><input type=\"hidden\" name=\"wpforms[id]\" value=\"18575\"><input type=\"hidden\" name=\"page_title\" value=\"\"><input type=\"hidden\" name=\"page_url\" value=\"https:\/\/adg.it\/de\/wp-json\/wp\/v2\/pages\/19153\"><input type=\"hidden\" name=\"url_referer\" value=\"\"><button type=\"submit\" name=\"wpforms[submit]\" id=\"wpforms-submit-18575\" class=\"wpforms-submit\" data-alt-text=\"Senden...\" data-submit-text=\"Senden\" aria-live=\"assertive\" value=\"wpforms-submit\">Senden<\/button><img loading=\"lazy\" decoding=\"async\" src=\"https:\/\/adg.it\/wp-content\/plugins\/wpforms\/assets\/images\/submit-spin.svg\" class=\"wpforms-submit-spinner\" style=\"display: none;\" width=\"26\" height=\"26\" alt=\"Wird geladen\"><\/div><\/form><\/div>  <!-- .wpforms-container -->\n[\/spb_text_block] [\/spb_column]<\/p>\n","protected":false},"excerpt":{"rendered":"<p>[spb_column width=&#8220;2\/3&#8243; el_position=&#8220;first&#8220;] [spb_text_block title=&#8220;Crash Kunstkurse am Wochenende&#8220; pb_margin_bottom=&#8220;no&#8220; pb_border_bottom=&#8220;no&#8220; width=&#8220;1\/1&#8243; el_position=&#8220;first last&#8220;] Das sind echte intensive Kunstkurse,die f\u00fcr diejenigen gedacht sind, die wenig Zeit haben, sich auf eine oder mehrere k\u00fcnstlerische Techniken zu konzentrieren. Einzelunterricht kann am Wochenende in einer der folgenden Sprachen abgehalten werden: Englisch, Franz\u00f6sisch, Spanisch, Russisch, Deutsch und Italienisch. Die Studenten k\u00f6nnen ihre Crashkurse entweder in [&hellip;]<\/p>\n","protected":false},"author":27,"featured_media":8397,"parent":0,"menu_order":0,"comment_status":"closed","ping_status":"closed","template":"","meta":{"_joinchat":[],"footnotes":""},"class_list":["post-19153","page","type-page","status-publish","has-post-thumbnail","hentry"],"aioseo_notices":[],"_links":{"self":[{"href":"https:\/\/adg.it\/de\/wp-json\/wp\/v2\/pages\/19153","targetHints":{"allow":["GET"]}}],"collection":[{"href":"https:\/\/adg.it\/de\/wp-json\/wp\/v2\/pages"}],"about":[{"href":"https:\/\/adg.it\/de\/wp-json\/wp\/v2\/types\/page"}],"author":[{"embeddable":true,"href":"https:\/\/adg.it\/de\/wp-json\/wp\/v2\/users\/27"}],"replies":[{"embeddable":true,"href":"https:\/\/adg.it\/de\/wp-json\/wp\/v2\/comments?post=19153"}],"version-history":[{"count":1,"href":"https:\/\/adg.it\/de\/wp-json\/wp\/v2\/pages\/19153\/revisions"}],"predecessor-version":[{"id":26130,"href":"https:\/\/adg.it\/de\/wp-json\/wp\/v2\/pages\/19153\/revisions\/26130"}],"wp:featuredmedia":[{"embeddable":true,"href":"https:\/\/adg.it\/de\/wp-json\/wp\/v2\/media\/8397"}],"wp:attachment":[{"href":"https:\/\/adg.it\/de\/wp-json\/wp\/v2\/media?parent=19153"}],"curies":[{"name":"wp","href":"https:\/\/api.w.org\/{rel}","templated":true}]}}