{"id":19022,"date":"2020-04-24T16:06:41","date_gmt":"2020-04-24T16:06:41","guid":{"rendered":"https:\/\/adg.it\/?page_id=19022"},"modified":"2025-07-24T10:02:10","modified_gmt":"2025-07-24T10:02:10","slug":"eintaegige-kunstkurse","status":"publish","type":"page","link":"https:\/\/adg.it\/de\/eintaegige-kunstkurse\/","title":{"rendered":"Ein Tag voller Kunst in Florenz"},"content":{"rendered":"<p>[spb_column width=&#8220;2\/3&#8243; el_position=&#8220;first&#8220;] [spb_text_block title=&#8220;Ein intensiver Eint\u00e4giger Kunstkurs&#8220; pb_margin_bottom=&#8220;no&#8220; pb_border_bottom=&#8220;no&#8220; width=&#8220;1\/1&#8243; el_position=&#8220;first last&#8220;]\n<p>Eint\u00e4gige Kunstkurse sind f\u00fcr Kunstliebhaber gedacht, die nur wenig Zeit in der Toskana verbringen k\u00f6nnen, aber einen <strong>intensiven Tag<\/strong> in unserem Atelier oder inmitten der Monumente und Geb\u00e4ude von <strong>Florenz erleben m\u00f6chten.<\/strong><\/p>\n[\/spb_text_block] [spb_text_block title=&#8220;Gruppenunterricht in Florenz&#8220; pb_margin_bottom=&#8220;no&#8220; pb_border_bottom=&#8220;no&#8220; width=&#8220;1\/1&#8243; el_position=&#8220;first last&#8220;]\n<p>Der <strong>Gruppenunterricht<\/strong> besteht in der Regel aus 8-9 Sch\u00fclern und findet <strong>jede Woche von Montag bis Freitag<\/strong> nur in Florenz in unserem Kunstatelier statt.<\/p>\n<ul>\n<li>Der <strong>3-st\u00fcndige<\/strong> Gruppenkurs findet in der Regel von 10.00 Uhr bis 13.00 Uhr statt. Empfohlene Medien: Bleistift, Holzkohle, Aquarell.<\/li>\n<li>Der <strong>3,5-st\u00fcndige<\/strong> Gruppenunterricht findet in der Regel von 13.30 bis 17 Uhr statt. Empfohlene Medien: Bleistift, Holzkohle, Aquarell.<\/li>\n<li>Der <strong>5-st\u00fcndige<\/strong> Gruppenunterricht findet von 11.30 bis 17 Uhr (Mittagspause von 13 bis 13.30 Uhr) statt. Empfohlene Medien: Bleistift, Holzkohle, Aquarell, Acryl, Pastellkreide.<\/li>\n<li>Der <strong>6,5-st\u00fcndige <\/strong>Gruppenunterricht findet von 10 bis 17 Uhr (Mittagspause von 13 bis 13.30 Uhr) statt. W\u00e4hrend dieses eint\u00e4gigen Kurses k\u00f6nnen die Teilnehmer eines der folgenden Medien w\u00e4hlen: Bleistift, Kohle, Aquarell, Acryl, Pastell, \u00d6l, Skulptur mit Ton, Fresko.<\/li>\n<\/ul>\n<p>Vom <strong>1. M\u00e4rz <\/strong>bis zum <strong>31. Oktober<\/strong> k\u00f6nnen die Sch\u00fcler auch an Gruppenunterricht <strong>en plein air<\/strong> auf den Pl\u00e4tzen und Stra\u00dfen von Florenz teilnehmen.<\/p>\n<span class=\"highlighted\">Die Sch\u00fcler werden immer nach ihrem Kenntnisstand angeleitet.<\/span>\n<p>Am Ende der Stunde werden die Sch\u00fcler ein kleines, aber bedeutungsvolles Kunstwerk geschaffen haben, das sie als Andenken an ihren Aufenthalt in Italien mit nach Hause nehmen k\u00f6nnen.<\/p>\n[\/spb_text_block] [spb_text_block title=&#8220;Privatunterricht in Florenz&#8220; pb_margin_bottom=&#8220;no&#8220; pb_border_bottom=&#8220;no&#8220; width=&#8220;1\/1&#8243; el_position=&#8220;first last&#8220;]\n<p>Die Accademia del Giglio bietet private Zeichen- und Malkurse in Florenz an, die sich an Einzelpersonen oder an vorab vereinbarte kleine Gruppen richten. Diese intensiven Kunstkurse k\u00f6nnen <strong>auf Ihre speziellen Bed\u00fcrfnisse, Ihre k\u00fcnstlerische Erfahrung und Ihren Hintergrund zugeschnitten<\/strong> werden.<\/p>\n<p>Sie k\u00f6nnen w\u00e4hlen, ob Sie Ihren Unterricht im Atelier oder en plein air, also im Freien, an malerischen Orten wie dem Arno, auf antiken Pl\u00e4tzen oder in den \u201egeheimen\u201c G\u00e4rten von Florenz abhalten m\u00f6chten (<strong>vom 1. M\u00e4rz<\/strong> <strong>bis 31. Oktober<\/strong>). Die Kurse dauern <strong>4 oder<\/strong> <strong>6 Stunden<\/strong> und beinhalten alle notwendigen Materialien und ein Teilnahmezertifikat.<\/p>\n<p>Der Unterricht wird in <strong>Englisch<\/strong>, <strong>Italienisch<\/strong> und auf Anfrage auch in Spanisch, Franz\u00f6sisch und Deutsch angeboten.<\/p>\n[\/spb_text_block] [boxed_content type=&#8220;coloured&#8220; pb_margin_bottom=&#8220;no&#8220; width=&#8220;1\/1&#8243; el_position=&#8220;first last&#8220;]\n<p>Die Programme<\/p>\n[\/boxed_content] [spb_accordion width=&#8220;1\/1&#8243; el_position=&#8220;first last&#8220;] [spb_accordion_tab title=&#8220;A. Ein Tag Zeichnen und Malen im Freien&#8220; accordion_id=&#8220;&#8220; icon=&#8220;&#8220;] [spb_text_block pb_margin_bottom=&#8220;no&#8220; pb_border_bottom=&#8220;no&#8220; width=&#8220;1\/1&#8243; el_position=&#8220;first last&#8220;]\n<p>K\u00fcnstler, die Florenz besuchen, k\u00f6nnen ihren Tagesausflug in eine unvergessliche Reise in die Vergangenheit verwandeln. Unser eint\u00e4giger Intensivkurs bietet die einmalige Gelegenheit, in der Atmosph\u00e4re der Renaissance zu zeichnen und zu malen, wobei Sie Schritt f\u00fcr Schritt von unseren leidenschaftlichen und erfahrenen Kunstlehrern begleitet werden. Entdecken Sie die Techniken und Inspirationen der Meister in der Stadt, in der sie bl\u00fchten.<\/p>\n<p>In diesem Kurs haben die Teilnehmer die M\u00f6glichkeit, verschiedene Zeichen- und Maltechniken zu w\u00e4hlen und zu \u00fcben, wie z.B. Graphit, Kohle, Pastell, Aquarell, Acryl.<\/p>\n<p>Freilichtmalerei Sitzungen k\u00f6nnen entlang des Flusses Arno, auf den <strong>alten Pl\u00e4tzen<\/strong> und in den &#8222;<strong>geheimen&#8220; G\u00e4rten<\/strong> von Florenz, entfernt (aber nicht weit) von der touristischen Menge stattfinden. Wir beraten Sie gerne, wo Sie malen und zeichnen k\u00f6nnen, bevor die Lektion beginnt, aber Sie k\u00f6nnen auch Ihr Ziel am Tag Ihrer Lektion entscheiden.<\/p>\n<p>Dieser Kurs richtet sich an K\u00fcnstler aller Niveaus, vom absoluten Anf\u00e4nger bis zum erfahrenen Profi. Sie k\u00f6nnen einzeln oder mit Ihrer eigenen, vorher vereinbarten kleinen Gruppe teilnehmen.<\/p>\n<p>Bitte beachten:<\/p>\n<ul>\n<li>Unsere En-Plein-Air-Gruppenkurse werden nur vom 1. M\u00e4rz bis zum 31. Oktober angeboten.<\/li>\n<li>Bei unseren \u201een plein air\u201c-Kursen m\u00fcssen Sie zu Fu\u00df gehen und Treppen steigen, um an Orte im Freien zu gelangen, an denen Sie atemberaubende, ikonische Ansichten zeichnen und malen k\u00f6nnen. <strong>Wenn Sie in Ihrer Mobilit\u00e4t eingeschr\u00e4nkt sind<\/strong>, ist dieser Kurs m\u00f6glicherweise nicht geeignet. Wir empfehlen Ihnen, sich mit uns in Verbindung zu setzen, um alternative M\u00f6glichkeiten zu besprechen. Bei nachgewiesenen Mobilit\u00e4tsproblemen, die eine Teilnahme verhindern, wird eine R\u00fcckerstattung von Fall zu Fall in Betracht gezogen.<\/li>\n<\/ul>\n[\/spb_text_block] [\/spb_accordion_tab] [spb_accordion_tab title=&#8220;B. Ein Tag des Zeichnens und Malens im Atelier&#8220; accordion_id=&#8220;&#8220; icon=&#8220;&#8220;] [spb_text_block pb_margin_bottom=&#8220;no&#8220; pb_border_bottom=&#8220;no&#8220; width=&#8220;1\/1&#8243; el_position=&#8220;first last&#8220;]\n<p>Ein sehr intensiver, ma\u00dfgeschneiderter Kunstkurs f\u00fcr diejenigen, die sich auf <strong>Zeichen- und Maltechniken<\/strong> konzentrieren m\u00f6chten, entweder auf individueller Basis oder in kleinen Gruppen. Es werden vier Gruppenoptionen f\u00fcr den Unterricht angeboten:<\/p>\n<ul>\n<li>eine 3,5-Stunden-Gruppe von 13.30 bis 17.00 Uhr;<\/li>\n<li>eine 6,5-st\u00fcndige Gruppenklasse von 10.00 bis 17.00 Uhr;<\/li>\n<li>ein 5-st\u00fcndiger Gruppenkurs von 11.30 bis 17 Uhr;<\/li>\n<li>eine 6,5-st\u00fcndige Gruppe von 10 Uhr bis 17 Uhr.<\/li>\n<\/ul>\n<p>F\u00fcr diese Lektionen werden unsere Lehrer <strong>ein Programm nach Ihren Bed\u00fcrfnissen,<\/strong>k\u00fcnstlerische Erfahrung und Hintergrund arrangieren.<\/p>\n[\/spb_text_block] [\/spb_accordion_tab] [spb_accordion_tab title=&#8220;C. Privatunterricht in Zeichnen und Malen&#8220; accordion_id=&#8220;&#8220; icon=&#8220;&#8220;] [spb_text_block pb_margin_bottom=&#8220;no&#8220; pb_border_bottom=&#8220;no&#8220; width=&#8220;1\/1&#8243; el_position=&#8220;first last&#8220;]\n<p>Entfesseln Sie Ihr k\u00fcnstlerisches Potenzial mit unseren intensiven privaten Kunstkursen in Florenz. Diese ma\u00dfgeschneiderten Kurse sind f\u00fcr ernsthafte Studenten und K\u00fcnstler konzipiert und bieten eine einzigartige Gelegenheit, sich intensiv mit Zeichen- und Maltechniken auseinanderzusetzen. Ihr engagierter Lehrer wird einen individuellen Lehrplan entwickeln, der auf Ihre spezifischen Bed\u00fcrfnisse, Ihre k\u00fcnstlerische Erfahrung und Ihren Hintergrund abgestimmt ist.<\/p>\n<p>W\u00e4hlen Sie Ihr bevorzugtes Medium und die Dauer:<\/p>\n<ul>\n<li>4-st\u00fcndiger Privatunterricht: Schwerpunkt: Zeichnen, Aquarell oder Acryl.<\/li>\n<li>6-st\u00fcndiger Privatunterricht: Tauchen Sie tiefer in die \u00d6l- oder Acrylmalerei ein.<\/li>\n<\/ul>\n<p>Der Unterricht kann in unserem gut ausgestatteten Atelier stattfinden, oder Sie nutzen die inspirierende Umgebung von Florenz f\u00fcr ein Pleinair-Erlebnis, ganz nach Ihren W\u00fcnschen.<\/p>\n[\/spb_text_block] [\/spb_accordion_tab] [\/spb_accordion] [sf_gallery gallery_id=&#8220;26835&#8243; slider_transition=&#8220;fade&#8220; show_thumbs=&#8220;yes&#8220; autoplay=&#8220;yes&#8220; show_captions=&#8220;yes&#8220; enable_lightbox=&#8220;yes&#8220; width=&#8220;1\/1&#8243; el_position=&#8220;first last&#8220;] [boxed_content type=&#8220;coloured&#8220; pb_margin_bottom=&#8220;no&#8220; width=&#8220;1\/1&#8243; el_position=&#8220;first last&#8220;]\n<p><strong>Preisdetails<\/strong><\/p>\n[\/boxed_content] [spb_accordion width=&#8220;1\/1&#8243; el_position=&#8220;first last&#8220;] [spb_accordion_tab title=&#8220;Preise und Details&#8220; accordion_id=&#8220;&#8220; icon=&#8220;&#8220;] [spb_text_block title=&#8220;A. One-Day in Florenz im Freien&#8220; pb_margin_bottom=&#8220;no&#8220; pb_border_bottom=&#8220;no&#8220; width=&#8220;1\/1&#8243; el_position=&#8220;first last&#8220;]\n<p>Zwischen Montag und Donnerstag<br \/>\n3 Stunden 1\/2 in Gruppenunterricht \u20ac95<br \/>\n6 Stunden 1\/2 in Gruppenunterricht \u20ac180<\/p>\n<p><a href=\"https:\/\/adg.it\/en\/product\/one-day-of-art-enpleinair\/\"><img loading=\"lazy\" decoding=\"async\" class=\"alignnone size-full wp-image-16306\" src=\"https:\/\/adg.it\/wp-content\/uploads\/2019\/04\/Book-Now-blue.png\" alt=\"hier buchen\" width=\"120\" height=\"36\" \/><\/a><\/p>\n[\/spb_text_block] [spb_text_block title=&#8220;B. Ein Tag im Studio&#8220; pb_margin_bottom=&#8220;no&#8220; pb_border_bottom=&#8220;no&#8220; width=&#8220;1\/1&#8243; el_position=&#8220;first last&#8220;]\n<p>Zwischen Montag und Freitag<br \/>\n3 Stunden Gruppenunterricht \u20ac85<br \/>\n3 Stunden 1\/2 Gruppenunterricht \u20ac95<br \/>\n5 Stunden Gruppenunterricht \u20ac140<br \/>\n6 Stunden 1\/2 Gruppenunterricht \u20ac180<br \/>\nKombiniert, 2 Stunden 1\/2 PRIVAT + 3 Stunden 1\/2 Gruppenunterricht \u20ac210<\/p>\n<p><a href=\"https:\/\/adg.it\/en\/product\/one-day-of-art-in-studio\/\"><img loading=\"lazy\" decoding=\"async\" class=\"alignnone size-full wp-image-16306\" src=\"https:\/\/adg.it\/wp-content\/uploads\/2019\/04\/Book-Now-blue.png\" alt=\"hier buchen\" width=\"120\" height=\"36\" \/><\/a><\/p>\n[\/spb_text_block] [spb_text_block title=&#8220;C. Privatunterricht&#8220; pb_margin_bottom=&#8220;no&#8220; pb_border_bottom=&#8220;no&#8220; width=&#8220;1\/1&#8243; el_position=&#8220;first last&#8220;]\n<p>Im Atelier oder en plein air in Florenz<\/p>\n<p>Von Montag bis Freitag<br \/>\n4 Stunden Privatunterricht \u20ac225<br \/>\n6 Stunden Privatunterricht \u20ac295<\/p>\n<p>Samstag oder Sonntag<br \/>\n4 Stunden Einzelunterricht \u20ac285<br \/>\n6 Stunden Einzelunterricht \u20ac395<\/p>\n<p><a href=\"https:\/\/adg.it\/en\/product\/one-day-of-art-private\/\"><img loading=\"lazy\" decoding=\"async\" class=\"alignnone size-full wp-image-16306\" src=\"https:\/\/adg.it\/wp-content\/uploads\/2019\/04\/Book-Now-blue.png\" alt=\"hier buchen\" width=\"120\" height=\"36\" \/><\/a><\/p>\n[\/spb_text_block] [\/spb_accordion_tab] [spb_accordion_tab title=&#8220;Kurspreis beinhaltet&#8220; accordion_id=&#8220;&#8220; icon=&#8220;&#8220;] [spb_text_block pb_margin_bottom=&#8220;no&#8220; pb_border_bottom=&#8220;no&#8220; width=&#8220;1\/1&#8243; el_position=&#8220;first last&#8220;]\n<ul>\n<li>Alle notwendigen Kunstmaterialien;<\/li>\n<li>ein Zertifikat am Ende des Kurses.<\/li>\n<\/ul>\n[\/spb_text_block] [\/spb_accordion_tab] [spb_accordion_tab title=&#8220;Bitte beachten Sie, dass&#8220; accordion_id=&#8220;&#8220; icon=&#8220;&#8220;] [spb_text_block pb_margin_bottom=&#8220;no&#8220; pb_border_bottom=&#8220;no&#8220; width=&#8220;1\/1&#8243; el_position=&#8220;first last&#8220;]\n<ul>\n<li>Kleine Gruppenklassen bestehen in der Regel aus 8-10 Sch\u00fclern.<\/li>\n<li>Gruppen- und Privatkurse finden sowohl in Englisch als auch auf italienischer Sprache statt.<\/li>\n<li>Auf Anfrage kann Privatunterricht auch in Spanisch, Franz\u00f6sisch und Deutsch erteilt werden.<\/li>\n<li>Das Programm kann auf die Bed\u00fcrfnisse, F\u00e4higkeiten und Interessen der Studierenden zugeschnitten werden.<\/li>\n<li>Kunstmaterial wird von der Schule zur Verf\u00fcgung gestellt, aber die Sch\u00fcler k\u00f6nnen auch das Material mitbringen, das sie normalerweise in ihren Ateliers oder in anderen Akademien verwenden.<\/li>\n<li>Bei der Anmeldung wird jeder Bewerber gebeten, die Technik(n) anzugeben, die er\/sie w\u00e4hrend seines\/ihres Kurses studieren m\u00f6chte.<\/li>\n<\/ul>\n[\/spb_text_block] [\/spb_accordion_tab] [\/spb_accordion] [\/spb_column] [spb_column width=&#8220;1\/3&#8243; el_position=&#8220;last&#8220;] [spb_single_image image=&#8220;14112&#8243; image_size=&#8220;full&#8220; frame=&#8220;shadowframe&#8220; intro_animation=&#8220;none&#8220; full_width=&#8220;no&#8220; lightbox=&#8220;no&#8220; link_target=&#8220;_self&#8220; width=&#8220;1\/1&#8243; el_position=&#8220;first last&#8220;] [spb_single_image image=&#8220;13499&#8243; image_size=&#8220;full&#8220; frame=&#8220;shadowframe&#8220; intro_animation=&#8220;none&#8220; full_width=&#8220;no&#8220; lightbox=&#8220;yes&#8220; image_link=&#8220;https:\/\/adg.it\/en\/product-category\/art-one-day\/&#8220; link_target=&#8220;_self&#8220; width=&#8220;1\/1&#8243; el_position=&#8220;first last&#8220;] [spb_text_block title=&#8220;Kontaktieren Sie uns&#8220; pb_margin_bottom=&#8220;no&#8220; pb_border_bottom=&#8220;no&#8220; width=&#8220;1\/1&#8243; el_position=&#8220;first last&#8220;]\n<div class=\"wpforms-container wpforms-container-full\" id=\"wpforms-18575\"><form id=\"wpforms-form-18575\" class=\"wpforms-validate wpforms-form wpforms-ajax-form\" data-formid=\"18575\" method=\"post\" enctype=\"multipart\/form-data\" action=\"\/de\/wp-json\/wp\/v2\/pages\/19022\" data-token=\"3febebefc73a3f879e15dd61948fe0f1\" data-token-time=\"1776577874\"><noscript class=\"wpforms-error-noscript\">Bitte aktiviere JavaScript in deinem Browser, um dieses Formular fertigzustellen.<\/noscript><div class=\"wpforms-field-container\"><div id=\"wpforms-18575-field_6-container\" class=\"wpforms-field wpforms-field-name\" data-field-id=\"6\"><label class=\"wpforms-field-label\">Name <span class=\"wpforms-required-label\">*<\/span><\/label><div class=\"wpforms-field-row wpforms-field-large\"><div class=\"wpforms-field-row-block wpforms-first wpforms-one-half\"><input type=\"text\" id=\"wpforms-18575-field_6\" class=\"wpforms-field-name-first wpforms-field-required\" name=\"wpforms[fields][6][first]\" placeholder=\"Ihr Vorname\" required><label for=\"wpforms-18575-field_6\" class=\"wpforms-field-sublabel after\">First<\/label><\/div><div class=\"wpforms-field-row-block wpforms-one-half\"><input type=\"text\" id=\"wpforms-18575-field_6-last\" class=\"wpforms-field-name-last wpforms-field-required\" name=\"wpforms[fields][6][last]\" placeholder=\"Ihr Familienname\" required><label for=\"wpforms-18575-field_6-last\" class=\"wpforms-field-sublabel after\">Last<\/label><\/div><\/div><\/div><div id=\"wpforms-18575-field_1-container\" class=\"wpforms-field wpforms-field-email\" data-field-id=\"1\"><label class=\"wpforms-field-label\" for=\"wpforms-18575-field_1\">E-Mail <span class=\"wpforms-required-label\">*<\/span><\/label><input type=\"email\" id=\"wpforms-18575-field_1\" class=\"wpforms-field-large wpforms-field-required\" name=\"wpforms[fields][1]\" placeholder=\"Ihre E-Mail\" spellcheck=\"false\" required><\/div><div id=\"wpforms-18575-field_2-container\" class=\"wpforms-field wpforms-field-textarea\" data-field-id=\"2\"><label class=\"wpforms-field-label\" for=\"wpforms-18575-field_2\">Nachricht <span class=\"wpforms-required-label\">*<\/span><\/label><textarea id=\"wpforms-18575-field_2\" class=\"wpforms-field-medium wpforms-field-required\" name=\"wpforms[fields][2]\" placeholder=\"Schreiben Sie hier Ihre Nachricht\" required><\/textarea><\/div><\/div><!-- .wpforms-field-container --><div class=\"wpforms-field wpforms-field-hp\"><label for=\"wpforms-18575-field-hp\" class=\"wpforms-field-label\">Phone<\/label><input type=\"text\" name=\"wpforms[hp]\" id=\"wpforms-18575-field-hp\" class=\"wpforms-field-medium\"><\/div><div class=\"wpforms-submit-container\" ><input type=\"hidden\" name=\"wpforms[id]\" value=\"18575\"><input type=\"hidden\" name=\"page_title\" value=\"\"><input type=\"hidden\" name=\"page_url\" value=\"https:\/\/adg.it\/de\/wp-json\/wp\/v2\/pages\/19022\"><input type=\"hidden\" name=\"url_referer\" value=\"\"><button type=\"submit\" name=\"wpforms[submit]\" id=\"wpforms-submit-18575\" class=\"wpforms-submit\" data-alt-text=\"Senden...\" data-submit-text=\"Senden\" aria-live=\"assertive\" value=\"wpforms-submit\">Senden<\/button><img loading=\"lazy\" decoding=\"async\" src=\"https:\/\/adg.it\/wp-content\/plugins\/wpforms\/assets\/images\/submit-spin.svg\" class=\"wpforms-submit-spinner\" style=\"display: none;\" width=\"26\" height=\"26\" alt=\"Wird geladen\"><\/div><\/form><\/div>  <!-- .wpforms-container -->\n[\/spb_text_block] [testimonial title=&#8220;Referenzen&#8220; text_size=&#8220;normal&#8220; item_count=&#8220;2&#8243; order=&#8220;rand&#8220; category=&#8220;art-one-day&#8220; pagination=&#8220;no&#8220; page_link=&#8220;no&#8220; width=&#8220;1\/1&#8243; el_position=&#8220;first last&#8220;] [\/spb_column]<\/p>\n","protected":false},"excerpt":{"rendered":"<p>[spb_column width=&#8220;2\/3&#8243; el_position=&#8220;first&#8220;] [spb_text_block title=&#8220;Ein intensiver Eint\u00e4giger Kunstkurs&#8220; pb_margin_bottom=&#8220;no&#8220; pb_border_bottom=&#8220;no&#8220; width=&#8220;1\/1&#8243; el_position=&#8220;first last&#8220;] Eint\u00e4gige Kunstkurse sind f\u00fcr Kunstliebhaber gedacht, die nur wenig Zeit in der Toskana verbringen k\u00f6nnen, aber einen intensiven Tag in unserem Atelier oder inmitten der Monumente und Geb\u00e4ude von Florenz erleben m\u00f6chten. [\/spb_text_block] [spb_text_block title=&#8220;Gruppenunterricht in Florenz&#8220; pb_margin_bottom=&#8220;no&#8220; pb_border_bottom=&#8220;no&#8220; width=&#8220;1\/1&#8243; el_position=&#8220;first last&#8220;] Der Gruppenunterricht besteht in der [&hellip;]<\/p>\n","protected":false},"author":27,"featured_media":13241,"parent":0,"menu_order":0,"comment_status":"closed","ping_status":"closed","template":"","meta":{"_joinchat":[],"footnotes":""},"class_list":["post-19022","page","type-page","status-publish","has-post-thumbnail","hentry"],"aioseo_notices":[],"_links":{"self":[{"href":"https:\/\/adg.it\/de\/wp-json\/wp\/v2\/pages\/19022","targetHints":{"allow":["GET"]}}],"collection":[{"href":"https:\/\/adg.it\/de\/wp-json\/wp\/v2\/pages"}],"about":[{"href":"https:\/\/adg.it\/de\/wp-json\/wp\/v2\/types\/page"}],"author":[{"embeddable":true,"href":"https:\/\/adg.it\/de\/wp-json\/wp\/v2\/users\/27"}],"replies":[{"embeddable":true,"href":"https:\/\/adg.it\/de\/wp-json\/wp\/v2\/comments?post=19022"}],"version-history":[{"count":2,"href":"https:\/\/adg.it\/de\/wp-json\/wp\/v2\/pages\/19022\/revisions"}],"predecessor-version":[{"id":26899,"href":"https:\/\/adg.it\/de\/wp-json\/wp\/v2\/pages\/19022\/revisions\/26899"}],"wp:featuredmedia":[{"embeddable":true,"href":"https:\/\/adg.it\/de\/wp-json\/wp\/v2\/media\/13241"}],"wp:attachment":[{"href":"https:\/\/adg.it\/de\/wp-json\/wp\/v2\/media?parent=19022"}],"curies":[{"name":"wp","href":"https:\/\/api.w.org\/{rel}","templated":true}]}}