{"id":18905,"date":"2020-04-13T16:33:03","date_gmt":"2020-04-13T16:33:03","guid":{"rendered":"https:\/\/adg.it\/?page_id=18905"},"modified":"2024-09-09T11:57:44","modified_gmt":"2024-09-09T11:57:44","slug":"online-italienisch-sprachkurse","status":"publish","type":"page","link":"https:\/\/adg.it\/de\/online-italienisch-sprachkurse\/","title":{"rendered":"Online Italienisch Sprachkurse"},"content":{"rendered":"<p>[spb_column width=&#8220;2\/3&#8243; el_position=&#8220;first&#8220;] [spb_text_block title=&#8220;Italienisch Online&#8220; pb_margin_bottom=&#8220;no&#8220; pb_border_bottom=&#8220;no&#8220; width=&#8220;1\/1&#8243; el_position=&#8220;first last&#8220;]\n<p>Dieser Eins-zu-eins-Kurs wurde gezielt f\u00fcr diejenigen Studenten konzipiert, die nicht nach Italien kommen k\u00f6nnen, oder f\u00fcr diejenigen, die unsere Schule besucht haben und mit ihren Sprachlehrern wieder in ihrem Land Italienisch lernen m\u00f6chten.<\/p>\n<p>Dank unserer Online-Kurse k\u00f6nnen Sie Ihren <strong>Unterricht mit einem unserer <a href=\"https:\/\/adg.it\/de\/lehrpersonal\/\">Lehrer<\/a> nehmen, als ob Sie in Italien w\u00e4ren.<\/strong> Der Unterricht findet mit Hilfe moderner und leicht zug\u00e4nglicher Technologien statt: Mit nur einem Klick sind Sie online und bereit, Ihr Italienisch zu verbessern.<\/p>\n<p>Ein <strong>pers\u00f6nlicher Tutor<\/strong> wird zur Verf\u00fcgung stehen, um dem Sch\u00fcler zu helfen, die M\u00f6glichkeiten zu maximieren, die italienische Sprache zu lernen.<\/p>\n<p>Online-Italienischkurse sind f\u00fcr alle Niveaus gedacht, vom Anf\u00e4nger bis zum Fortgeschrittenen, und wir k\u00f6nnen Ihre Lektionen auf Ihre pers\u00f6nlichen Sprachbed\u00fcrfnisse umarbeiten, um Ihre F\u00e4higkeiten in:<\/p>\n<ul>\n<li>Gespr\u00e4ch<\/li>\n<li>Grammatik<\/li>\n<li>Verst\u00e4ndnis<\/li>\n<li>H\u00f6ren<\/li>\n<li>Schreiben<\/li>\n<\/ul>\n<p>Wir k\u00f6nnen Sie auch auf offizielle Pr\u00fcfungen vorbereiten, bei denen die Kenntnisse der italienischen Sprache, d. h. <strong>CILS-<\/strong> oder <strong>CELI-Pr\u00fcfungen,<\/strong> getestet werden.<\/p>\n<p>Das <strong>Lernprogramm<\/strong> und der <strong>Zeitplan<\/strong> k\u00f6nnen so an Ihre Bed\u00fcrfnisse angepasst werden.<\/p>\n[\/spb_text_block] [spb_accordion width=&#8220;1\/1&#8243; el_position=&#8220;first last&#8220;] [spb_accordion_tab title=&#8220;Anforderungen&#8220; accordion_id=&#8220;&#8220; icon=&#8220;&#8220;] [spb_text_block pb_margin_bottom=&#8220;no&#8220; pb_border_bottom=&#8220;no&#8220; width=&#8220;1\/1&#8243; el_position=&#8220;first last&#8220;]\n<p>Schnelle Internetverbindung;<br \/>\nWebcam und Mikrofon;<br \/>\nein kostenloses Konto \u00fcber <strong>Skype, Messenger, Zoom&#8230;<\/strong><\/p>\n[\/spb_text_block] [\/spb_accordion_tab] [spb_accordion_tab title=&#8220;Die Lektion&#8220; accordion_id=&#8220;&#8220; icon=&#8220;&#8220;] [spb_text_block pb_margin_bottom=&#8220;no&#8220; pb_border_bottom=&#8220;no&#8220; width=&#8220;1\/1&#8243; el_position=&#8220;first last&#8220;]\n<p>Die Lektion des Gespr\u00e4chs wird mit <strong>Online-Aktivit\u00e4ten<\/strong> (Diskussionen, H\u00f6ren und Videos sorgf\u00e4ltig nach dem Niveau des Sch\u00fclers ausgew\u00e4hlt) und <strong>\u00dcbungen<\/strong> immer auf die Entwicklung und Verbesserung der <strong>Sprachkenntnisse<\/strong>der Sch\u00fcler integriert werden.<\/p>\n<p>Am Ende jeder Lektion sendet der Lehrer dem Sch\u00fcler ein kurzes <strong>Feedback,<\/strong>wo er die <strong>H\u00f6hepunkte der Lektion<\/strong> (Grammatik, Wortschatz, Ausdr\u00fccke und andere behandelte Themen) \u00fcberarbeiten wird. Auf Wunsch des Sch\u00fclers kann der Lehrer ihm auch <strong>neues Material<\/strong> f\u00fcr die folgende Lektion zusenden, damit er sich auf das n\u00e4chste Thema vorbereiten kann.<\/p>\n<p>Es ist auch m\u00f6glich, Unterricht zu organisieren, um <strong>spezielle Sprachkenntnisse<\/strong> und einen <strong> <a href=\"https:\/\/adg.it\/de\/spezialkurse-im-italienischen\/\">spezifischen Terminologiebereich<\/a> <\/strong>zu entwickeln.<\/p>\n[\/spb_text_block] [\/spb_accordion_tab] [spb_accordion_tab title=&#8220;Wie funktioniert es?&#8220; accordion_id=&#8220;&#8220; icon=&#8220;&#8220;] [spb_text_block pb_margin_bottom=&#8220;no&#8220; pb_border_bottom=&#8220;no&#8220; width=&#8220;1\/1&#8243; el_position=&#8220;first last&#8220;]\n<p>Alles, was Sie tun m\u00fcssen, ist uns zu <a href=\"https:\/\/adg.it\/de\/kontakt\/\">kontaktieren<\/a> und einen Termin f\u00fcr die erste Lektion zu vereinbaren.<\/p>\n<p>Der Unterricht ist <strong>von 9.00 bis 21.00 Uhr<\/strong> (italienische Zeit), <strong>von Montag bis Freitag und von 9.30 bis 13.30 Uhr samstags<\/strong>verf\u00fcgbar. Wenn Sie wissen m\u00f6chten, wie sp\u00e4t es jetzt in Italien ist, klicken Sie bitte <a href=\"http:\/\/wwp.greenwichmeantime.com\/time-zone\/europe\/european-union\/italy\/\" target=\"_blank\" rel=\"noopener noreferrer\"><strong>hier<\/strong><\/a>.<\/p>\n<p>Der Unterricht kann durch eine <strong>24-Stunden-Warnung<\/strong>aufgeschreckt werden: in diesem Fall rufen Sie bitte einfach die Schulrezeption an\u00a0<strong><br \/>\n<a href=\"tel:\/\/+393512754681\" data-wpel-link=\"internal\">+39-351-275-4681<\/a><br \/>\n<\/strong>oder senden Sie eine <a href=\"mailto:info@adg.it,%20adg.assistance@gmail.com\" target=\"_blank\" rel=\"noopener noreferrer\"><br \/>\n<strong>E-Mail<\/strong><\/a>.<br \/>\nSollte der Sch\u00fcler im letzten Moment technische Probleme haben, kann die Lektion weder verschoben noch aufgewirkt werden.<\/p>\n[\/spb_text_block] [\/spb_accordion_tab] [spb_accordion_tab title=&#8220;Lehrer&#8220; accordion_id=&#8220;&#8220; icon=&#8220;&#8220;] [spb_text_block pb_margin_bottom=&#8220;no&#8220; pb_border_bottom=&#8220;no&#8220; width=&#8220;1\/1&#8243; el_position=&#8220;first last&#8220;]\n<p>Wir sind alle sehr erfahrene Lehrer: Wir unterrichten seit mehr als 20 Jahren Italienisch als Fremdsprache. Wir sind auch die Herausgeber und Mitwirkenden von <a href=\"https:\/\/www.adgblog.it\/\" target=\"_blank\" rel=\"noopener noreferrer\">adgblog.it<\/a>, das wohl wichtigste Online-Magazin f\u00fcr Italienisch als Zweitsprache.<\/p>\n<p>Klicken Sie auf unsere Namen, um unseren Lebenslauf zu lesen:<\/p>\n<p><a href=\"https:\/\/adg.it\/de\/?team=roberto-balo\" target=\"_blank\" rel=\"noopener noreferrer\">Roberto Bal\u00f2<\/a><br \/>\n<a href=\"https:\/\/adg.it\/de\/?team=cecilia-pontenani\" target=\"_blank\" rel=\"noopener noreferrer\">Cecilia Pontenani<\/a><br \/>\n<a href=\"https:\/\/adg.it\/de\/?team=lorenzo-capanni\" target=\"_blank\" rel=\"noopener noreferrer\">Lorenzo Capanni<\/a><\/p>\n[\/spb_text_block] [\/spb_accordion_tab] [\/spb_accordion] [sf_gallery gallery_id=&#8220;18635&#8243; slider_transition=&#8220;fade&#8220; show_thumbs=&#8220;yes&#8220; autoplay=&#8220;yes&#8220; show_captions=&#8220;yes&#8220; enable_lightbox=&#8220;no&#8220; width=&#8220;1\/1&#8243; el_position=&#8220;first last&#8220;] [spb_accordion width=&#8220;1\/1&#8243; el_position=&#8220;first last&#8220;] [spb_accordion_tab title=&#8220;preis&#8220; accordion_id=&#8220;&#8220; icon=&#8220;&#8220;] [spb_text_block title=&#8220;Online Italienisch&#8220; pb_margin_bottom=&#8220;no&#8220; pb_border_bottom=&#8220;no&#8220; width=&#8220;1\/1&#8243; el_position=&#8220;first last&#8220;]\n<p>1 Lektion von 30 Minuten, \u20ac20,00<br \/>\n10 Lektionen von 30 Minuten, \u20ac195,00<br \/>\n1 Lektion von 45 Minuten \u20ac30,00<br \/>\n10 Lektionen von 45 Minuten \u20ac290,00<br \/>\n<del>Anmeldegeb\u00fchr \u20ac45<\/del><\/p>\n[\/spb_text_block] [\/spb_accordion_tab] [spb_accordion_tab title=&#8220;Kurspreis beinhaltet&#8220; accordion_id=&#8220;&#8220; icon=&#8220;&#8220;] [spb_text_block pb_margin_bottom=&#8220;no&#8220; pb_border_bottom=&#8220;no&#8220; width=&#8220;1\/1&#8243; el_position=&#8220;first last&#8220;]\n<p>Kursmaterial.<br \/>\nEin Zertifikat am Ende des Kurses.<br \/>\nZeit, die der Lehrer den Korrekturen und R\u00fcckmeldungen zum Unterricht widmet.<\/p>\n[\/spb_text_block] [\/spb_accordion_tab] [spb_accordion_tab title=&#8220;Rabatte und Erm\u00e4\u00dfigungen&#8220; accordion_id=&#8220;&#8220; icon=&#8220;&#8220;] [spb_text_block pb_margin_bottom=&#8220;no&#8220; pb_border_bottom=&#8220;no&#8220; width=&#8220;1\/1&#8243; el_position=&#8220;first last&#8220;]\n<p>&#8211; Kostenlose 30-min\u00fctige Probestunde!<br \/>\n&#8211; Bis zum 30. April 2020 m\u00fcssen Sie 45 \u20ac f\u00fcr Anmeldegeb\u00fchren nicht bezahlen.<\/p>\n[\/spb_text_block] [\/spb_accordion_tab] [spb_accordion_tab title=&#8220;Melden Sie sich hier an&#8220; accordion_id=&#8220;&#8220; icon=&#8220;&#8220;] [spb_text_block pb_margin_bottom=&#8220;no&#8220; pb_border_bottom=&#8220;no&#8220; width=&#8220;1\/1&#8243; el_position=&#8220;first last&#8220;]\n<div class=\"wpforms-container wpforms-container-full\" id=\"wpforms-18611\"><form id=\"wpforms-form-18611\" class=\"wpforms-validate wpforms-form\" data-formid=\"18611\" method=\"post\" enctype=\"multipart\/form-data\" action=\"\/de\/wp-json\/wp\/v2\/pages\/18905\" data-token=\"ffd01c20a54ec5316ab8b2fc64824acf\" data-token-time=\"1776463023\"><noscript class=\"wpforms-error-noscript\">Bitte aktiviere JavaScript in deinem Browser, um dieses Formular fertigzustellen.<\/noscript><div class=\"wpforms-field-container\"><div id=\"wpforms-18611-field_1-container\" class=\"wpforms-field wpforms-field-text\" data-field-id=\"1\"><label class=\"wpforms-field-label\" for=\"wpforms-18611-field_1\">Familienname <span class=\"wpforms-required-label\">*<\/span><\/label><input type=\"text\" id=\"wpforms-18611-field_1\" class=\"wpforms-field-large wpforms-field-required\" name=\"wpforms[fields][1]\" required><\/div><div id=\"wpforms-18611-field_2-container\" class=\"wpforms-field wpforms-field-text\" data-field-id=\"2\"><label class=\"wpforms-field-label\" for=\"wpforms-18611-field_2\">Vorname <span class=\"wpforms-required-label\">*<\/span><\/label><input type=\"text\" id=\"wpforms-18611-field_2\" class=\"wpforms-field-large wpforms-field-required\" name=\"wpforms[fields][2]\" required><\/div><div id=\"wpforms-18611-field_3-container\" class=\"wpforms-field wpforms-field-email\" data-field-id=\"3\"><label class=\"wpforms-field-label\" for=\"wpforms-18611-field_3\">E-Mail <span class=\"wpforms-required-label\">*<\/span><\/label><input type=\"email\" id=\"wpforms-18611-field_3\" class=\"wpforms-field-large wpforms-field-required\" name=\"wpforms[fields][3]\" spellcheck=\"false\" required><\/div><div id=\"wpforms-18611-field_4-container\" class=\"wpforms-field wpforms-field-phone\" data-field-id=\"4\"><label class=\"wpforms-field-label\" for=\"wpforms-18611-field_4\">Telefon<\/label><input type=\"tel\" id=\"wpforms-18611-field_4\" class=\"wpforms-field-large\" data-rule-int-phone-field=\"true\" name=\"wpforms[fields][4]\" aria-label=\"Telefon\" ><\/div><div id=\"wpforms-18611-field_5-container\" class=\"wpforms-field wpforms-field-text\" data-field-id=\"5\"><label class=\"wpforms-field-label\" for=\"wpforms-18611-field_5\">Staatsangeh\u00f6rigkeit<\/label><input type=\"text\" id=\"wpforms-18611-field_5\" class=\"wpforms-field-large\" name=\"wpforms[fields][5]\" ><\/div><div id=\"wpforms-18611-field_8-container\" class=\"wpforms-field wpforms-field-text\" data-field-id=\"8\"><label class=\"wpforms-field-label\" for=\"wpforms-18611-field_8\">Land<\/label><input type=\"text\" id=\"wpforms-18611-field_8\" class=\"wpforms-field-large\" name=\"wpforms[fields][8]\" ><\/div><div id=\"wpforms-18611-field_15-container\" class=\"wpforms-field wpforms-field-payment-select\" data-field-id=\"15\"><label class=\"wpforms-field-label\" for=\"wpforms-18611-field_15\">W\u00e4hlen Sie Ihren Kurs <span class=\"wpforms-required-label\">*<\/span><\/label><select id=\"wpforms-18611-field_15\" class=\"wpforms-payment-price wpforms-field-large wpforms-field-required\" name=\"wpforms[fields][15]\" required=\"required\"><option value=\"\" class=\"placeholder\" disabled  selected='selected'>---<\/option><option value=\"1\" data-amount=\"0.00\" >Kostenlose 30-min\u00fctige Probestunde<\/option><option value=\"2\" data-amount=\"19.90\" >1 Lektion von 30 Minuten<\/option><option value=\"3\" data-amount=\"185.00\" >10 Lektionen von 30 Minuten<\/option><option value=\"5\" data-amount=\"29.90\" >1 Lektion von 45 Minuten<\/option><option value=\"6\" data-amount=\"275.00\" >10 Lektionen von 45 Minuten<\/option><\/select><\/div><div id=\"wpforms-18611-field_16-container\" class=\"wpforms-field wpforms-field-date-time\" data-field-id=\"16\"><label class=\"wpforms-field-label\">Datum \/ Uhrzeit<\/label><div class=\"wpforms-field-row wpforms-field-large\"><div class=\"wpforms-field-row-block wpforms-date-type-datepicker\"><div class=\"wpforms-datepicker-wrap\"><input type=\"text\" id=\"wpforms-18611-field_16\" class=\"wpforms-field-date-time-date wpforms-datepicker\" data-date-format=\"m\/d\/Y\" data-disable-past-dates=\"0\" data-input=\"true\" name=\"wpforms[fields][16][date]\" ><a title=\"Datum leeren\" data-clear role=\"button\" tabindex=\"0\" class=\"wpforms-datepicker-clear\" aria-label=\"Datum leeren\" style=\"display:none;\"><\/a><\/div><label for=\"wpforms-18611-field_16\" class=\"wpforms-field-sublabel after\">Datum<\/label><\/div><div class=\"wpforms-field-row-block\"><input type=\"text\" id=\"wpforms-18611-field_16-time\" class=\"wpforms-field-date-time-time wpforms-timepicker\" data-time-format=\"g:i A\" data-step=\"30\" data-rule-time12h=\"true\" name=\"wpforms[fields][16][time]\" ><label for=\"wpforms-18611-field_16-time\" class=\"wpforms-field-sublabel after\">Zeit<\/label><\/div><\/div><div class=\"wpforms-field-description\">W\u00e4hlen Sie das Datum und die Uhrzeit Ihrer ersten Lektion: Wir best\u00e4tigen Ihnen per E-Mail die Verf\u00fcgbarkeit des Lehrers.<\/div><\/div><div id=\"wpforms-18611-field_17-container\" class=\"wpforms-field wpforms-field-select\" data-field-id=\"17\"><label class=\"wpforms-field-label\" for=\"wpforms-18611-field_17\">W\u00e4hlen Sie Ihren Lehrer<\/label><select id=\"wpforms-18611-field_17\" class=\"wpforms-field-large\" name=\"wpforms[fields][17]\"><option value=\"Keine Pr\u00e4ferenz\"  class=\"choice-4 depth-1\"  >Keine Pr\u00e4ferenz<\/option><option value=\"Roberto Bal\u00f2\"  class=\"choice-1 depth-1\"  >Roberto Bal\u00f2<\/option><option value=\"Cecilia Pontenani\"  class=\"choice-2 depth-1\"  >Cecilia Pontenani<\/option><option value=\"Lorenzo Capanni\"  class=\"choice-3 depth-1\"  >Lorenzo Capanni<\/option><\/select><\/div><div id=\"wpforms-18611-field_11-container\" class=\"wpforms-field wpforms-field-radio\" data-field-id=\"11\"><label class=\"wpforms-field-label\">Kenntnisse der italienischen Sprache<\/label><ul id=\"wpforms-18611-field_11\"><li class=\"choice-0 depth-1 wpforms-selected\"><input type=\"radio\" id=\"wpforms-18611-field_11_0\" name=\"wpforms[fields][11]\" value=\"none\"   checked='checked'><label class=\"wpforms-field-label-inline\" for=\"wpforms-18611-field_11_0\">none<\/label><\/li><li class=\"choice-1 depth-1\"><input type=\"radio\" id=\"wpforms-18611-field_11_1\" name=\"wpforms[fields][11]\" value=\"elementar\"  ><label class=\"wpforms-field-label-inline\" for=\"wpforms-18611-field_11_1\">elementar<\/label><\/li><li class=\"choice-2 depth-1\"><input type=\"radio\" id=\"wpforms-18611-field_11_2\" name=\"wpforms[fields][11]\" value=\"dazwischenliegend\"  ><label class=\"wpforms-field-label-inline\" for=\"wpforms-18611-field_11_2\">dazwischenliegend<\/label><\/li><li class=\"choice-3 depth-1\"><input type=\"radio\" id=\"wpforms-18611-field_11_3\" name=\"wpforms[fields][11]\" value=\"Erweiterte\"  ><label class=\"wpforms-field-label-inline\" for=\"wpforms-18611-field_11_3\">Erweiterte<\/label><\/li><\/ul><\/div><div id=\"wpforms-18611-field_12-container\" class=\"wpforms-field wpforms-field-select\" data-field-id=\"12\"><label class=\"wpforms-field-label\" for=\"wpforms-18611-field_12\">Ausgew\u00e4hlte Zahlung<\/label><select id=\"wpforms-18611-field_12\" class=\"wpforms-field-large\" name=\"wpforms[fields][12]\"><option value=\"\" class=\"placeholder\" disabled  selected='selected'>---<\/option><option value=\"Kreditkarte (PayPal-Zahlung)\"  class=\"choice-0 depth-1\"  >Kreditkarte (PayPal-Zahlung)<\/option><option value=\"Bank\u00fcberweisung\"  class=\"choice-1 depth-1\"  >Bank\u00fcberweisung<\/option><\/select><\/div><div id=\"wpforms-18611-field_13-container\" class=\"wpforms-field wpforms-field-textarea\" data-field-id=\"13\"><label class=\"wpforms-field-label\" for=\"wpforms-18611-field_13\">F\u00fcgen Sie hier Ihre Nachricht hinzu<\/label><textarea id=\"wpforms-18611-field_13\" class=\"wpforms-field-medium\" name=\"wpforms[fields][13]\" ><\/textarea><\/div><div id=\"wpforms-18611-field_14-container\" class=\"wpforms-field wpforms-field-radio\" data-field-id=\"14\"><label class=\"wpforms-field-label\">Ich best\u00e4tige, dass die oben genannten Informationen wahr und richtig sind und dass ich die Allgemeinen Gesch\u00e4ftsbedingungen \u00fcber den Tisch gelesen habe und damit einverstanden bin, an sie gebunden zu sein: <span class=\"wpforms-required-label\">*<\/span><\/label><ul id=\"wpforms-18611-field_14\" class=\"wpforms-field-required\"><li class=\"choice-0 depth-1 wpforms-selected\"><input type=\"radio\" id=\"wpforms-18611-field_14_0\" name=\"wpforms[fields][14]\" value=\"ja\" required  checked='checked'><label class=\"wpforms-field-label-inline\" for=\"wpforms-18611-field_14_0\">ja<\/label><\/li><li class=\"choice-1 depth-1\"><input type=\"radio\" id=\"wpforms-18611-field_14_1\" name=\"wpforms[fields][14]\" value=\"Nein\" required ><label class=\"wpforms-field-label-inline\" for=\"wpforms-18611-field_14_1\">Nein<\/label><\/li><\/ul><\/div><\/div><!-- .wpforms-field-container --><div class=\"wpforms-field wpforms-field-hp\"><label for=\"wpforms-18611-field-hp\" class=\"wpforms-field-label\">Name<\/label><input type=\"text\" name=\"wpforms[hp]\" id=\"wpforms-18611-field-hp\" class=\"wpforms-field-medium\"><\/div><div class=\"wpforms-submit-container\" ><input type=\"hidden\" name=\"wpforms[id]\" value=\"18611\"><input type=\"hidden\" name=\"page_title\" value=\"\"><input type=\"hidden\" name=\"page_url\" value=\"https:\/\/adg.it\/de\/wp-json\/wp\/v2\/pages\/18905\"><input type=\"hidden\" name=\"url_referer\" value=\"\"><button type=\"submit\" name=\"wpforms[submit]\" id=\"wpforms-submit-18611\" class=\"wpforms-submit\" data-alt-text=\"Senden\" data-submit-text=\"Senden\" aria-live=\"assertive\" value=\"wpforms-submit\">Senden<\/button><\/div><\/form><\/div>  <!-- .wpforms-container -->\n[\/spb_text_block] [\/spb_accordion_tab] [\/spb_accordion] [\/spb_column] [spb_column width=&#8220;1\/3&#8243; el_position=&#8220;last&#8220;] [spb_single_image image=&#8220;18803&#8243; image_size=&#8220;full&#8220; frame=&#8220;glowframe&#8220; intro_animation=&#8220;none&#8220; full_width=&#8220;no&#8220; lightbox=&#8220;yes&#8220; link_target=&#8220;_self&#8220; width=&#8220;1\/1&#8243; el_position=&#8220;first last&#8220;] [spb_single_image image=&#8220;13499&#8243; image_size=&#8220;full&#8220; frame=&#8220;noframe&#8220; intro_animation=&#8220;none&#8220; full_width=&#8220;no&#8220; lightbox=&#8220;no&#8220; image_link=&#8220;https:\/\/adg.it\/en\/product\/online-italian-language-classes\/&#8220; link_target=&#8220;_self&#8220; width=&#8220;1\/1&#8243; el_position=&#8220;first last&#8220;] [spb_text_block title=&#8220;Kontaktieren Sie uns&#8220; pb_margin_bottom=&#8220;no&#8220; pb_border_bottom=&#8220;no&#8220; width=&#8220;1\/1&#8243; el_position=&#8220;first last&#8220;]\n<div class=\"wpforms-container wpforms-container-full\" id=\"wpforms-18575\"><form id=\"wpforms-form-18575\" class=\"wpforms-validate wpforms-form wpforms-ajax-form\" data-formid=\"18575\" method=\"post\" enctype=\"multipart\/form-data\" action=\"\/de\/wp-json\/wp\/v2\/pages\/18905\" data-token=\"084cdca4354971784843ebc4534ae9e5\" data-token-time=\"1776463023\"><noscript class=\"wpforms-error-noscript\">Bitte aktiviere JavaScript in deinem Browser, um dieses Formular fertigzustellen.<\/noscript><div class=\"wpforms-field-container\"><div id=\"wpforms-18575-field_6-container\" class=\"wpforms-field wpforms-field-name\" data-field-id=\"6\"><label class=\"wpforms-field-label\">Name <span class=\"wpforms-required-label\">*<\/span><\/label><div class=\"wpforms-field-row wpforms-field-large\"><div class=\"wpforms-field-row-block wpforms-first wpforms-one-half\"><input type=\"text\" id=\"wpforms-18575-field_6\" class=\"wpforms-field-name-first wpforms-field-required\" name=\"wpforms[fields][6][first]\" placeholder=\"Ihr Vorname\" required><label for=\"wpforms-18575-field_6\" class=\"wpforms-field-sublabel after\">First<\/label><\/div><div class=\"wpforms-field-row-block wpforms-one-half\"><input type=\"text\" id=\"wpforms-18575-field_6-last\" class=\"wpforms-field-name-last wpforms-field-required\" name=\"wpforms[fields][6][last]\" placeholder=\"Ihr Familienname\" required><label for=\"wpforms-18575-field_6-last\" class=\"wpforms-field-sublabel after\">Last<\/label><\/div><\/div><\/div><div id=\"wpforms-18575-field_1-container\" class=\"wpforms-field wpforms-field-email\" data-field-id=\"1\"><label class=\"wpforms-field-label\" for=\"wpforms-18575-field_1\">E-Mail <span class=\"wpforms-required-label\">*<\/span><\/label><input type=\"email\" id=\"wpforms-18575-field_1\" class=\"wpforms-field-large wpforms-field-required\" name=\"wpforms[fields][1]\" placeholder=\"Ihre E-Mail\" spellcheck=\"false\" required><\/div><div id=\"wpforms-18575-field_2-container\" class=\"wpforms-field wpforms-field-textarea\" data-field-id=\"2\"><label class=\"wpforms-field-label\" for=\"wpforms-18575-field_2\">Nachricht <span class=\"wpforms-required-label\">*<\/span><\/label><textarea id=\"wpforms-18575-field_2\" class=\"wpforms-field-medium wpforms-field-required\" name=\"wpforms[fields][2]\" placeholder=\"Schreiben Sie hier Ihre Nachricht\" required><\/textarea><\/div><\/div><!-- .wpforms-field-container --><div class=\"wpforms-field wpforms-field-hp\"><label for=\"wpforms-18575-field-hp\" class=\"wpforms-field-label\">Phone<\/label><input type=\"text\" name=\"wpforms[hp]\" id=\"wpforms-18575-field-hp\" class=\"wpforms-field-medium\"><\/div><div class=\"wpforms-submit-container\" ><input type=\"hidden\" name=\"wpforms[id]\" value=\"18575\"><input type=\"hidden\" name=\"page_title\" value=\"\"><input type=\"hidden\" name=\"page_url\" value=\"https:\/\/adg.it\/de\/wp-json\/wp\/v2\/pages\/18905\"><input type=\"hidden\" name=\"url_referer\" value=\"\"><button type=\"submit\" name=\"wpforms[submit]\" id=\"wpforms-submit-18575\" class=\"wpforms-submit\" data-alt-text=\"Senden...\" data-submit-text=\"Senden\" aria-live=\"assertive\" value=\"wpforms-submit\">Senden<\/button><img loading=\"lazy\" decoding=\"async\" src=\"https:\/\/adg.it\/wp-content\/plugins\/wpforms\/assets\/images\/submit-spin.svg\" class=\"wpforms-submit-spinner\" style=\"display: none;\" width=\"26\" height=\"26\" alt=\"Wird geladen\"><\/div><\/form><\/div>  <!-- .wpforms-container -->\n[\/spb_text_block] [testimonial text_size=&#8220;normal&#8220; item_count=&#8220;2&#8243; order=&#8220;rand&#8220; category=&#8220;online-en&#8220; pagination=&#8220;no&#8220; page_link=&#8220;no&#8220; width=&#8220;1\/1&#8243; el_position=&#8220;first last&#8220;] [\/spb_column]<\/p>\n","protected":false},"excerpt":{"rendered":"<p>[spb_column width=&#8220;2\/3&#8243; el_position=&#8220;first&#8220;] [spb_text_block title=&#8220;Italienisch Online&#8220; pb_margin_bottom=&#8220;no&#8220; pb_border_bottom=&#8220;no&#8220; width=&#8220;1\/1&#8243; el_position=&#8220;first last&#8220;] Dieser Eins-zu-eins-Kurs wurde gezielt f\u00fcr diejenigen Studenten konzipiert, die nicht nach Italien kommen k\u00f6nnen, oder f\u00fcr diejenigen, die unsere Schule besucht haben und mit ihren Sprachlehrern wieder in ihrem Land Italienisch lernen m\u00f6chten. Dank unserer Online-Kurse k\u00f6nnen Sie Ihren Unterricht mit einem unserer Lehrer nehmen, als ob Sie in [&hellip;]<\/p>\n","protected":false},"author":27,"featured_media":0,"parent":0,"menu_order":0,"comment_status":"closed","ping_status":"closed","template":"","meta":{"_joinchat":[],"footnotes":""},"class_list":["post-18905","page","type-page","status-publish","hentry"],"aioseo_notices":[],"_links":{"self":[{"href":"https:\/\/adg.it\/de\/wp-json\/wp\/v2\/pages\/18905","targetHints":{"allow":["GET"]}}],"collection":[{"href":"https:\/\/adg.it\/de\/wp-json\/wp\/v2\/pages"}],"about":[{"href":"https:\/\/adg.it\/de\/wp-json\/wp\/v2\/types\/page"}],"author":[{"embeddable":true,"href":"https:\/\/adg.it\/de\/wp-json\/wp\/v2\/users\/27"}],"replies":[{"embeddable":true,"href":"https:\/\/adg.it\/de\/wp-json\/wp\/v2\/comments?post=18905"}],"version-history":[{"count":0,"href":"https:\/\/adg.it\/de\/wp-json\/wp\/v2\/pages\/18905\/revisions"}],"wp:attachment":[{"href":"https:\/\/adg.it\/de\/wp-json\/wp\/v2\/media?parent=18905"}],"curies":[{"name":"wp","href":"https:\/\/api.w.org\/{rel}","templated":true}]}}