{"id":10775,"date":"2015-09-10T14:49:01","date_gmt":"2015-09-10T14:49:01","guid":{"rendered":"http:\/\/adg.it\/de\/?page_id=10775"},"modified":"2015-09-10T14:49:01","modified_gmt":"2015-09-10T14:49:01","slug":"cookies-und-privatsphaere","status":"publish","type":"page","link":"https:\/\/adg.it\/de\/cookies-und-privatsphaere\/","title":{"rendered":"Cookies und Privatsph\u00e4re"},"content":{"rendered":"[spb_text_block pb_margin_bottom=&#8220;no&#8220; pb_border_bottom=&#8220;no&#8220; width=&#8220;1\/1&#8243; el_position=&#8220;first last&#8220;]\n<h2>Der Schutz der Privatsph\u00e4re ist uns wichtig<\/h2>\n<p>Vielen Dank f\u00fcr Ihren Besuch auf unserer Website. Wir sind sehr aufmerksam auf den Schutz Ihre pers\u00f6nlichen Daten, und wir achten Sie darauf, Sie nicht nur zur Verf\u00fcgung eine gro\u00dfe online-Dienst, sondern auch Ihr Recht auf selbstbewusste; zu gew\u00e4hrleisten Bitte beachten Sie dass die Angaben nur f\u00fcr die Website der <b>Accademia del Giglio S.n.c.<\/b> und nicht f\u00fcr andere Websites, die durch Links erreichbaren.<\/p>\n<h3>Wer ist der Inhaber der Daten und die Daten verantwortlich?<\/h3>\n<p>Nach Konsultation dieser Website m\u00f6glicherweise verarbeiteten Daten auf Personen bestimmte oder bestimmbare. Der Inhaber dieser Behandlung ist\u00a0<b>Accademia del Giglio S.n.c.<\/b>\u00a0mit Sitz in <b>Via\u00a0Ghibellina 116\u00a0&#8211; 50122 Firenze <\/b>die seinerseits ernennt eines Prozessors &#8211; sogar externe.<\/p>\n<h3>Was sind Ihre pers\u00f6nlichen Daten, die wir sammeln?<\/h3>\n<p>a) Navigationsdaten<br \/>\nDie EDV-Systeme und Software-Verfahren benutzt, um diese Website zu betreiben erwerben Sie, w\u00e4hrend ihres normalen Betriebs, einige pers\u00f6nlichen Daten, deren \u00dcbermittlung ist implizit in der Kommunikations-Protokolle des Internets. Jedes Mal, wenn ein Benutzer Protokolle, die auf dieser Website und wann immer Sie einer Content Access-Daten gespeichert aufrufen von uns, und m\u00f6glicherweise auch von den Daten und verantwortlich f\u00fcr Behandlung, in der Form von Log-Dateien. Jede Protokolldatei wird gebildet von:<\/p>\n<ul>\n<li>Die Website, aus der Sie, unsere Seite aufgerufen haben;<\/li>\n<li>Your IP Address;<\/li>\n<li>Das Datum und die Uhrzeit des Zugriffs;<\/li>\n<li>Die Anfrage des Clients;<\/li>\n<li>Http-Response-Code;<\/li>\n<li>Die Datenmenge, die \u00fcbermittelt werden;<\/li>\n<li>Den Browser und das verwendete Betriebssystem.<\/li>\n<\/ul>\n<p>b) freiwillig vom Benutzer eingegebenen Daten. An verschiedenen Stellen dieser Website hat der Benutzer die M\u00f6glichkeit, pers\u00f6nliche schicken Daten (zB. E-Mail-Adresse, Name, PLZ, alle Daten in die Anfragen). Das Senden dieser Daten erfolgt auf freiwilliger Basis, ausdr\u00fcckliche und freiwillige, und beinhaltet den Erwerb der notwendigen, Antworten auf Anfragen, Adresse des Benutzers und andere pers\u00f6nlichen Daten.<\/p>\n<p>c) Cookies<br \/>\nUm es Ihren Besuch auf unserer Website so angenehm wie m\u00f6glich machen, f\u00fcr die Pr\u00e4sentation unserer Produktpalette verwenden wir Cookies. Dies sind die kleine Textdateien, die lokal im Cache Ihres Browsers gespeichert werden und dann in den Computer um die Erfahrung der Nutzung einer Website.<\/p>\n<h3>Unsere Cookies helfen uns:<\/h3>\n<ul>\n<li>Machen Sie unsere Website schiffbar, wie erwartet<\/li>\n<li>Vermeiden Sie, dass Sie bei jedem der Website Besuch anmelden<\/li>\n<li>Denken Sie daran, Ihre Einstellungen w\u00e4hrend und zwischen den besuchen<\/li>\n<li>Verbessern die Geschwindigkeit \/ Sicherheit-Website<\/li>\n<li>Es erlaubt Ihnen, Seiten mit sozialen Netzwerken wie Facebook zu teilen<\/li>\n<li>Unsere Website kontinuierlich zu verbessern<\/li>\n<li>Unser Marketing effizienter zu machen<\/li>\n<\/ul>\n<h3>Unsere Cookies werden nicht verwendet:<\/h3>\n<ul>\n<li>Sammeln keine pers\u00f6nlich identifizierbaren Informationen (ohne Einwilligung)<\/li>\n<li>\u00dcbergeben von Daten an Werbenetzwerke<\/li>\n<li>\u00dcbergeben Sie pers\u00f6nlich identifizierbaren Informationen an Dritte<\/li>\n<li>Vertriebsprovisionen Zahlen<\/li>\n<\/ul>\n<p>Wenn Sie die Verwendung von Cookies deaktivieren m\u00f6chten ist notwendig zum Anpassen der Einstellungen auf Ihrem Computer durch das L\u00f6schen aller Cookies festlegen oder Aktivieren eine Warnmeldung, wenn Cookies gespeichert werden. Um fortzufahren Navigation ohne \u00c4nderung der Anwendung des Cookies einfach fortsetzen.<\/p>\n<h3>Erfahren Sie mehr \u00fcber unser cookie<\/h3>\n<p>In der folgenden Tabelle kann sowohl die Cookies, die wir benutzen beide die Zwecke anzeigen Wof\u00fcr brauchen wir Cookies. Einige dieser Cookies sind notwendig, um gef\u00e4hrden Verf\u00fcgung dieser Site oder erm\u00f6glicht eine Erforschung sicherer und effizienter, und nicht zulassen, dass die \u00dcbernahme von Daten zur pers\u00f6nlichen Identifizierung; Sie sind bereits auf Ihrer Festplatte, ohne die ausdr\u00fcckliche Zustimmung gespeichert. Andere Cookies statt, obwohl sie nicht verwendet werden, um den Besucher zu erkennen oder, ihr Verhalten zu bewerten sind nur nach Ihrer Zustimmung gespeichert.<\/p>\n<h3>Funktionale cookies<\/h3>\n<ul>\n<li>Bestimmen, ob ein Benutzer oder nicht authentifiziert ist<\/li>\n<li>Denken Sie daran-Sucheinstellungen<\/li>\n<li>Denken Sie daran, wenn Sie die allgemeinen Gesch\u00e4ftsbedingungen akzeptiert haben<\/li>\n<li>Denken Sie daran, wenn Sie bereits Fragen (zB beantwortet haben. Frageb\u00f6gen)<\/li>\n<\/ul>\n<h3>Cookies von Drittanbietern<\/h3>\n<p>Enth\u00e4lt unsere Website, wie die meisten Web-Sites von Dritten bereitgestellte Funktionalit\u00e4t Parteien. Drittanbieter-Cookies stammen aus Erg\u00e4nzungen von Elementen anderer Websites. Ein typisches Beispiel ist ein YouTube-Video eingebettet. Unsere Website enth\u00e4lt die folgende Leistungen, die Cookies verwenden:<\/p>\n<ul>\n<li><b>Youtube<\/b>: Weitere Informationen \u00fcber die von YouTube verwendeten Cookies Besuchen Sie: <a href=\"http:\/\/www.google.com\/intl\/it_it\/policies\/technologies\/cookies\/\" target=\"_blank\">Google-Cookie \u2227 Privacy<\/a><\/li>\n<li><b>Social Network<\/b>: die Datenschutz-Implikationen dieser variieren von sozialen Netz an sozialen Netzwerk und die Privatsph\u00e4re-Einstellungen, die Sie haben, h\u00e4ngt in diesen Netzwerken ausgew\u00e4hlt. Diese Website enth\u00e4lt Links zu beliebten sozialen Netzwerk, weitere Informationen entnehmen Sie der Datenschutzrichtlinie und Cookies der einzelnen sozialen Netzwerke:<a href=\"https:\/\/it-it.facebook.com\/about\/privacy\" target=\"_blank\">Facebook<\/a>, <a href=\"http:\/\/www.google.com\/intl\/it_it\/policies\/technologies\/cookies\/\" target=\"_blank\">Google +<\/a>, <a href=\"https:\/\/help.instagram.com\/155833707900388\" target=\"_blank\">Instagram<\/a>, <a href=\"https:\/\/twitter.com\/privacy?lang=it\" target=\"_blank\">Twitter<\/a>, <a href=\"https:\/\/www.linkedin.com\/legal\/cookie_policy\" target=\"_blank\">LinkedIn<\/a>, <a href=\"https:\/\/about.pinterest.com\/it\/privacy-policy\" target=\"_blank\">Pinterest<\/a>.<\/li>\n<li><b>Google Analytics<\/b>: diese Website benutzt Google Analytics, einen Web Analytik Service von Google. Google Analytics verwendet Cookies, um Analyse der Benutzung die Website zu helfen. F\u00fcr weitere Informationen finden Sie \u00fcber die von Google Analytics verwendet Cookies auf: <a href=\"http:\/\/www.google.com\/intl\/it_it\/policies\/technologies\/cookies\/\" target=\"_blank\">Google-Cookie Privacy<\/a><\/li>\n<li><b>Google Maps<\/b>: Google schlie\u00dft eine Reihe von Cookies, auf jeder Seite Dazu geh\u00f6ren Google Maps. Obwohl wir keine Kontrolle \u00fcber Cookies haben Festlegen von Google, scheinen eine Mischung aus Informationen zu messen sind die Anzahl Benutzer Verhalten und Google Maps. <a href=\"http:\/\/www.google.com\/intl\/it_it\/policies\/technologies\/cookies\/\" target=\"_blank\">Weitere Informationen<\/a>.<\/li>\n<\/ul>\n<h3>Wie man auf die Verwendung von Cookies zustimmen<\/h3>\n<p>Durch die Schlie\u00dfung dieses Banners dieser Seite Scrollen oder durch Klicken auf eines seiner Elemente einverstanden, dass die Verwendung von Cookies.<\/p>\n<h3>Wie die Wahl \u00fcber Cookies zu \u00e4u\u00dfern<\/h3>\n<p>K\u00f6nnen Sie Ihre Auswahl \u00fcber die Verwendung von Cookies von unserer Website durch Ausdr\u00fccken Ihren Browser-Einstellungen wie folgt:<\/p>\n<p><b>Microsoft Internet Explorer<\/b><\/p>\n<ol>\n<li>Klicken Sie auf &#8222;Extras&#8220; am oberen Rand des Browser-Fensters und w\u00e4hlen Sie &#8222;Internetoptionen&#8220; und klicken Sie dann auf die Registerkarte &#8222;Datenschutz&#8220;;<\/li>\n<li>Um Cookies zu aktivieren muss die Sicherheitsstufe auf &#8222;Mittel&#8220; oder unter; festgelegt werden<\/li>\n<li>Einstellen der Privatsph\u00e4re auf &#8222;Mittel&#8220; wird die Verwendung von Cookies deaktiviert.<\/li>\n<\/ol>\n<p><b>Mozilla Firefox<\/b><\/p>\n<ol>\n<li>Klicken Sie auf &#8222;Extras&#8220; an der Spitze des Browserfensters und w\u00e4hlen Sie &#8222;Optionen&#8220;;<\/li>\n<li>W\u00e4hlen Sie das Symbol &#8222;Datenschutz&#8220;;<\/li>\n<li>Klicken Sie auf &#8222;Cookies&#8220;, dann w\u00e4hlen Sie, ob auf &#8222;Cookies akzeptieren&#8220; und &#8222;Accept Cookies von Drittanbietern&#8220;;<\/li>\n<\/ol>\n<p><b>Google Chrome<\/b><\/p>\n<ol>\n<li>Klicken Sie auf &#8222;Extras&#8220;<\/li>\n<li>W\u00e4hlen Sie &#8222;Einstellungen&#8220; und dann &#8222;Erweiterte Einstellungen&#8220;<\/li>\n<li>W\u00e4hlen Sie &#8222;Content-Einstellungen&#8220; unter &#8222;Datenschutz&#8220;<\/li>\n<li>In den &#8222;Cookies&#8220; k\u00f6nnen Sie l\u00f6schen Sie Cookies, und speichern Sie Einstellungen<\/li>\n<\/ol>\n<p><b>Safari<\/b><\/p>\n<ol>\n<li>Klicken Sie auf den &#8222;Zahn&#8220; (Getriebe) an der Spitze des Browserfensters und w\u00e4hlen Sie &#8222;Preferences&#8220;;<\/li>\n<li>Klicken Sie auf &#8222;Sicherheit&#8220; und w\u00e4hlen Sie ob die Option &#8222;Third-Party Cookies Sperren f\u00fcr Werbung&#8220;;<\/li>\n<li>Klicken Sie auf &#8222;Speichern&#8220;.<\/li>\n<\/ol>\n<h3>Machen wir mit Ihren pers\u00f6nlichen Daten?<\/h3>\n<p>Verwenden wir Ihre Daten nur f\u00fcr die Zwecke, f\u00fcr die die Daten erhoben wurden. Bei der Abfassung Ihrer Anfragen und Ihrer Nutzung unserer Dienste beauftragen wir manchmal Lieferant (externen oder externe Verarbeitung), der Erwerb und die Nutzung nur zum Abschlie\u00dfen der Aufgabe erforderlichen Daten.<\/p>\n<p>a) die Protokolldatei und die darin enthaltenen Informationen werden genutzt werden um das einwandfreie Funktionieren der Website zu \u00fcberpr\u00fcfen und unsere Systeme sch\u00fctzen, zum Beispiel um Angriffe auf unsere Systeme zu identifizieren. Die Informationen in der Log-Datei, oder zumindest sie repr\u00e4sentieren, erlauben uns, diese Daten zu kombinieren einer bestimmten Person. In jedem Fall ist es keine Wiedervereinigung mit gemacht andere Quellen von Daten \u00fcber unsere-Teils<\/p>\n<p>b) freiwillig angegebenen pers\u00f6nliche Daten werden behandelt:<\/p>\n<ul>\n<li>Zu k\u00f6nnen, senden Sie unseren Newsletter, wenn es abonniert wurden;<\/li>\n<li>Ihre Anfragen zu verarbeiten.<\/li>\n<\/ul>\n<p>Wenn Sie den Empfang unseres Newsletters Ihre E-mail-Adresse zugestimmt haben wird verwendet, um Sie senden eine e-Mail-Rundschreiben-Format mit Informationen \u00fcber Produkte, Kampagnen und die neuesten Nachrichten aus unserem Angebot.<\/p>\n<p>c) f\u00fcr die Zwecke der Verarbeitung von Cookies finden Sie in der Prospekt ausdr\u00fccklich erw\u00e4hnt, nur vor.<\/p>\n<p>Sobald Ihre pers\u00f6nliche Daten f\u00fcr den Zweck nicht mehr, f\u00fcr die ben\u00f6tigt wird Es wurde gesammelt, wir werden die Daten sofort l\u00f6schen, es sei denn, das Gesetz Pflichten der Speicher nicht vorschreiben.<\/p>\n<h3>Was passiert mit Ihren personenbezogenen Daten?<\/h3>\n<p>Von automatisierten Werkzeugen (m\u00f6glicherweise manuell) durch Ihre pers\u00f6nlichen Daten verarbeitet werden autorisierte Mitarbeiter absichtlich ernannt, und m\u00f6glicherweise auch von Pr\u00fcfern, beide auch extern, f\u00fcr die Zeit, die f\u00fcr die Zwecke f\u00fcr die erforderliche Sie wurden gesammelt; geeignete Sicherheitsma\u00dfnahmen werden getroffen, um Daten zu verhindern Verlust, Missbrauch oder unsachgem\u00e4\u00dfen und nicht autorisierten Zugriff.<\/p>\n<h3>Die \u00dcbertragung Ihrer pers\u00f6nlichen Daten ist obligatorisch?<\/h3>\n<p>A Achtung Navigationsdaten (Protokolldateien), und teilweise Cookies (die noch kann blockiert werden, sp\u00e4ter) der Benutzer steht es frei, pers\u00f6nliche bieten Daten in den Antragsformularen enthaltenen oder im Abschnitt &#8222;Kontakte&#8220; angezeigt um den Newsletter, Informationsmaterial oder sonstige Mitteilungen anzufordern. Ihre Abwesenheit kann unm\u00f6glich machen, die Anforderung zu erf\u00fcllen.<\/p>\n<h3>Welche Rechte haben Sie?<\/h3>\n<p>Unter Artikel. 7 des Beines 196\/03, Sie haben das Recht, eine Best\u00e4tigung der Existenz oder nicht Ihre Daten und ihren Inhalt und Herkunft, erfahren \u00dcberpr\u00fcfen Sie ihre Richtigkeit zu, oder fordern Sie die Integration oder Aktualisierung oder Korrektur; Sie hat das Recht, die L\u00f6schung, Umwandlung in anonyme verlangen Form oder die Sperrung der Daten in Verletzung des Gesetzes, und wenden sich gegen jeden Fall berechtigte Gr\u00fcnde, zu ihrer Behandlung. Zur Aus\u00fcbung dieses Rechts, bitte wenden Sie sich schriftlich oder per E-mail an die unten aufgef\u00fchrten Adressen. Wenn Sie zugestimmt haben zum Empfang kann der Newsletter jederzeit diese Einwilligung schriftlich widerrufen. oder per E-mail an die unten angegebene Adresse.<\/p>\n<h3>Weitere Fragen?<\/h3>\n<p>F\u00fcr weitere Fragen zur Erhebung, Erstellung und Nutzung Ihrer pers\u00f6nlichen Daten, k\u00f6nnen Sie die folgenden Kontakte kontaktieren:<\/p>\n<p><b>Accademia del Giglio\u00a0S.n.c.<br \/>\nVia\u00a0Ghibellina 116<br \/>\n50122 Firenze<br \/>\n<span id=\"cloak93549\"><a href=\"mailto:info@adg.it\">info@adg.it<\/a><\/span><\/b><\/p>\n[\/spb_text_block]\n","protected":false},"excerpt":{"rendered":"<p>[spb_text_block pb_margin_bottom=&#8220;no&#8220; pb_border_bottom=&#8220;no&#8220; width=&#8220;1\/1&#8243; el_position=&#8220;first last&#8220;] Der Schutz der Privatsph\u00e4re ist uns wichtig Vielen Dank f\u00fcr Ihren Besuch auf unserer Website. Wir sind sehr aufmerksam auf den Schutz Ihre pers\u00f6nlichen Daten, und wir achten Sie darauf, Sie nicht nur zur Verf\u00fcgung eine gro\u00dfe online-Dienst, sondern auch Ihr Recht auf selbstbewusste; zu gew\u00e4hrleisten Bitte beachten Sie dass die Angaben nur f\u00fcr [&hellip;]<\/p>\n","protected":false},"author":27,"featured_media":0,"parent":0,"menu_order":0,"comment_status":"closed","ping_status":"closed","template":"","meta":{"_joinchat":[],"footnotes":""},"class_list":["post-10775","page","type-page","status-publish","hentry"],"aioseo_notices":[],"_links":{"self":[{"href":"https:\/\/adg.it\/de\/wp-json\/wp\/v2\/pages\/10775","targetHints":{"allow":["GET"]}}],"collection":[{"href":"https:\/\/adg.it\/de\/wp-json\/wp\/v2\/pages"}],"about":[{"href":"https:\/\/adg.it\/de\/wp-json\/wp\/v2\/types\/page"}],"author":[{"embeddable":true,"href":"https:\/\/adg.it\/de\/wp-json\/wp\/v2\/users\/27"}],"replies":[{"embeddable":true,"href":"https:\/\/adg.it\/de\/wp-json\/wp\/v2\/comments?post=10775"}],"version-history":[{"count":0,"href":"https:\/\/adg.it\/de\/wp-json\/wp\/v2\/pages\/10775\/revisions"}],"wp:attachment":[{"href":"https:\/\/adg.it\/de\/wp-json\/wp\/v2\/media?parent=10775"}],"curies":[{"name":"wp","href":"https:\/\/api.w.org\/{rel}","templated":true}]}}