{"id":10726,"date":"2015-08-31T14:09:45","date_gmt":"2015-08-31T14:09:45","guid":{"rendered":"http:\/\/adg.it\/de\/?page_id=10726"},"modified":"2020-01-28T10:05:49","modified_gmt":"2020-01-28T10:05:49","slug":"links","status":"publish","type":"page","link":"https:\/\/adg.it\/de\/links\/","title":{"rendered":"Unsere Lieblings-Links"},"content":{"rendered":"<p>[spb_column width=&#8220;1\/3&#8243; el_position=&#8220;first&#8220;] [spb_text_block pb_margin_bottom=&#8220;no&#8220; pb_border_bottom=&#8220;no&#8220; width=&#8220;1\/1&#8243; el_position=&#8220;first last&#8220;]\n<p>Diese Seite sammelt Links zu unseren Studenten Aufenthalt in Italien und an der Accademia del Giglio. Man kann erkunden, welche Seiten auf Florenz und die Toskana, der Stadt die \u00f6ffentlichen Verkehrsmittel und seine Umgebung, die Macht-Ressourcen auf den Internet-E-Studie italienischen Fine Arts, und die Standorte unserer Sch\u00fcler und Freunde.<\/p>\n[\/spb_text_block] [spb_single_image image=&#8220;10039&#8243; image_size=&#8220;full&#8220; frame=&#8220;noframe&#8220; intro_animation=&#8220;none&#8220; full_width=&#8220;no&#8220; lightbox=&#8220;no&#8220; link_target=&#8220;_self&#8220; width=&#8220;1\/1&#8243; el_position=&#8220;first last&#8220;] [\/spb_column] [spb_column width=&#8220;2\/3&#8243; el_position=&#8220;last&#8220;] [spb_accordion width=&#8220;1\/1&#8243; el_position=&#8220;first last&#8220;] [spb_accordion_tab title=&#8220;Unseren Ehemaligen Schuelern&#8220; accordion_id=&#8220;&#8220; icon=&#8220;&#8220;] [spb_text_block pb_margin_bottom=&#8220;no&#8220; pb_border_bottom=&#8220;no&#8220; width=&#8220;1\/1&#8243; el_position=&#8220;first last&#8220;]\n<p><a href=\"http:\/\/en.comune.fi.it\/\" target=\"_blank\" rel=\"nofollow noopener noreferrer\">Comune<\/a><br \/>\nDie offizielle Webpage von Florenzgemeinde.<\/p>\n<p><a href=\"http:\/\/www.weather.com\/weather\/tenday\/Florence+Italy+FLR:9\" target=\"_blank\" rel=\"noopener noreferrer\">Meteo<\/a><br \/>\nDas Wetter in Toskana.<\/p>\n<p><a href=\"http:\/\/www.unifi.it\/mdswitch.html\" target=\"_blank\" rel=\"noopener noreferrer\">Universit\u00e4t<\/a><br \/>\nUniversit\u00e4t von Florenz.<\/p>\n<p><a href=\"http:\/\/www.fiorentina.it\/\" target=\"_blank\" rel=\"noopener noreferrer\">Fiorentina<\/a><br \/>\nDie Fu\u00dfballmannschaft von Florenz.<\/p>\n[\/spb_text_block] [\/spb_accordion_tab] [spb_accordion_tab title=&#8220;Was in Florenz Sie&#8220; accordion_id=&#8220;&#8220; icon=&#8220;&#8220;] [spb_text_block title=&#8220;Tours, visits and more&#8220; pb_margin_bottom=&#8220;no&#8220; pb_border_bottom=&#8220;no&#8220; width=&#8220;1\/1&#8243; el_position=&#8220;first last&#8220;]\n<p><a href=\"http:\/\/www.florenceforfun.org\/LENG\/Z2\/C15752-1\/hhcm-home.html\" target=\"_blank\" rel=\"noopener noreferrer\">Florence for Fun<\/a><br \/>\nSpass, Ereignisse, Ausstellungen und mehr Anderes in Florenz.<\/p>\n<p><a href=\"http:\/\/www.boxol.it\/\" target=\"_blank\" rel=\"noopener noreferrer\">Boxol<\/a><br \/>\nKonzerte und Schauspiele in Italien.<\/p>\n<p><a href=\"http:\/\/www.firenzemusei.it\/\" target=\"_blank\" rel=\"noopener noreferrer\">Firenze musei<\/a><br \/>\nAlle Museen in Florenz.<\/p>\n[\/spb_text_block] [\/spb_accordion_tab] [spb_accordion_tab title=&#8220;\u00dcber die Vekehrsmittel&#8220; accordion_id=&#8220;&#8220; icon=&#8220;&#8220;] [spb_text_block pb_margin_bottom=&#8220;no&#8220; pb_border_bottom=&#8220;no&#8220; width=&#8220;1\/1&#8243; el_position=&#8220;first last&#8220;]\n<p><a href=\"http:\/\/www.aeroporto.firenze.it\/\" target=\"_blank\" rel=\"noopener noreferrer\">Florenz Ausfl\u00fcge<\/a><br \/>\nAusfl\u00fcge von und nach Florenz.<\/p>\n<p><a href=\"http:\/\/www.pisa-airport.com\/\" target=\"_blank\" rel=\"noopener noreferrer\">Pisa Ausfl\u00fcge<\/a><br \/>\nAusfl\u00fcge von und nach Pisa.<\/p>\n<p><a href=\"http:\/\/www.ataf.net\/\" target=\"_blank\" rel=\"noopener noreferrer\">Ataf<\/a><br \/>\nDie Stadtbusse in Florenz.<\/p>\n<p><a href=\"http:\/\/www.trenitalia.com\/\" target=\"_blank\" rel=\"noopener noreferrer\">Trenitalia<\/a><br \/>\nZ\u00fcge in Italien.<\/p>\n<p><a href=\"http:\/\/www.aeroporto.firenze.it\/en\/the-passengers\/transport.html\" target=\"_blank\" rel=\"nofollow noopener noreferrer\">Vola in bus<\/a> (Fly by bus)<br \/>\nShuttle to and from Florence Airport.<\/p>\n<p><a href=\"http:\/\/www.terravision.eu\/florence_pisa.html\" target=\"_blank\" rel=\"nofollow noopener noreferrer\">Terravision<\/a><br \/>\nShuttles to and from Pisa Airport.<\/p>\n<p><a href=\"http:\/\/www.italotreno.it\/EN\/Pages\/default.aspx\" target=\"_blank\" rel=\"nofollow noopener noreferrer\">Italo treno<\/a><br \/>\nAV trains to and from\u00a0Florence, Milan, Rome, Venice, Turin&#8230;<\/p>\n<p><a href=\"http:\/\/www.mcarthurglen.com\/it\/barberino-designer-outlet\/en\/plan-your-visit\/getting-here\/\" target=\"_blank\" rel=\"nofollow noopener noreferrer\">Barberino Designer Outlet<\/a><br \/>\nDaily shuttle service for your shopping 30 minutes away from Florence.<\/p>\n[\/spb_text_block] [\/spb_accordion_tab] [spb_accordion_tab title=&#8220;Hotels in Florenz&#8220; accordion_id=&#8220;&#8220; icon=&#8220;&#8220;] [spb_text_block title=&#8220;Hotels, B\/B and Hostels&#8220; pb_margin_bottom=&#8220;no&#8220; pb_border_bottom=&#8220;no&#8220; width=&#8220;1\/1&#8243; el_position=&#8220;first last&#8220;]\n<p><a href=\"http:\/\/www.laresidenzafiorentina.it\/\" target=\"_blank\" rel=\"nofollow noopener noreferrer\">Residenza Fiorentina<\/a><br \/>\nVia de&#8216; Fossi 12<\/p>\n<p><a href=\"http:\/\/www.hotellorena.com\/\" target=\"_blank\" rel=\"nofollow noopener noreferrer\">Hotel Lorena<\/a><br \/>\nVia Faenza, 1<\/p>\n<p><a href=\"http:\/\/www.htoscana.com\/\" target=\"_blank\" rel=\"nofollow noopener noreferrer\">Hotel Toscana<\/a><br \/>\nVia del Sole 8<\/p>\n<p><a href=\"http:\/\/www.hotelliana.com\/\" target=\"_blank\" rel=\"nofollow noopener noreferrer\">Hotel Villa Liana<\/a><br \/>\nVia Alfieri, 18<\/p>\n<p><a href=\"http:\/\/www.plushostels.com\/plusflorence\" target=\"_blank\" rel=\"nofollow noopener noreferrer\">Plus Florence<\/a><br \/>\nLuxus hostel im Zentrum.<\/p>\n[\/spb_text_block] [\/spb_accordion_tab] [spb_accordion_tab title=&#8220;Essen in Florenz&#8220; accordion_id=&#8220;&#8220; icon=&#8220;&#8220;] [spb_text_block pb_margin_bottom=&#8220;no&#8220; pb_border_bottom=&#8220;no&#8220; width=&#8220;1\/1&#8243; el_position=&#8220;first last&#8220;]\n<p>Il Gatto e la Volpe<br \/>\nPizzeria und\u00a0trattoria im via Ghibellina 151r: Studentenerm\u00e4\u00dfigung.<\/p>\n[\/spb_text_block] [\/spb_accordion_tab] [spb_accordion_tab title=&#8220;\u00dcber die Kunst&#8220; accordion_id=&#8220;&#8220; icon=&#8220;&#8220;] [spb_text_block pb_margin_bottom=&#8220;no&#8220; pb_border_bottom=&#8220;no&#8220; width=&#8220;1\/1&#8243; el_position=&#8220;first last&#8220;]\n<p><a href=\"http:\/\/www.pitturaedintorni.it\/\" target=\"_blank\" rel=\"noopener noreferrer\">Pittura &amp; Dintorni<\/a><br \/>\nEin Website \u00fcber verschiedene Kunstkurse, italienische Akademien der sch\u00f6nen K\u00fcnste, Maler, usw (in Italien).<\/p>\n<p><a href=\"http:\/\/www.zecchi.it\/\" target=\"_blank\" rel=\"nofollow noopener noreferrer\">Zecchi<\/a>\u00a0und <a href=\"http:\/\/www.salvinibellearti.it\/\" target=\"_blank\" rel=\"noopener noreferrer\">Salvini<\/a><br \/>\nKunstmaterial: Studentenerm\u00e4\u00dfigung.<\/p>\n[\/spb_text_block] [\/spb_accordion_tab] [spb_accordion_tab title=&#8220;\u00dcber die italienische Sprache&#8220; accordion_id=&#8220;&#8220; icon=&#8220;&#8220;] [spb_text_block pb_margin_bottom=&#8220;no&#8220; pb_border_bottom=&#8220;no&#8220; width=&#8220;1\/1&#8243; el_position=&#8220;first last&#8220;]\n<p><a href=\"http:\/\/www.adgblog.it\/\" target=\"_blank\" rel=\"noopener noreferrer\">Adgblog<\/a><br \/>\n\u00dcbungen, Aktivit\u00e4ten und Songs verbessern Sie Ihre auf Italienisch.<\/p>\n<p><a href=\"http:\/\/www.accademiadellacrusca.it\/index_eng.php\" target=\"_blank\" rel=\"noopener noreferrer\">Accademia della Crusca<\/a><br \/>\nDas Institut f\u00fcr Forschung an der italienischen Sprache.<\/p>\n<p><a href=\"http:\/\/dizionari.corriere.it\/\" target=\"_blank\" rel=\"noopener noreferrer\">W\u00f6rterb\u00fccher<\/a><br \/>\nViele Online-W\u00f6rterb\u00fcchern zum Entfernen von Zweifel und Unsicherheiten.<\/p>\n[\/spb_text_block] [\/spb_accordion_tab] [spb_accordion_tab title=&#8220;\u00dcber Italien&#8220; accordion_id=&#8220;&#8220; icon=&#8220;&#8220;] [spb_text_block pb_margin_bottom=&#8220;no&#8220; pb_border_bottom=&#8220;no&#8220; width=&#8220;1\/1&#8243; el_position=&#8220;first last&#8220;]\n<p><a href=\"http:\/\/www.italia.it\/\" target=\"_blank\" rel=\"noopener noreferrer\">Italia<\/a><br \/>\nDie offizielle Website von Italien.<\/p>\n<p><a href=\"http:\/\/www.ansa.it\/\" target=\"_blank\" rel=\"noopener noreferrer\">Ansa<\/a><br \/>\nDie italienische Nachrichtenagentur.<\/p>\n<p><a href=\"http:\/\/www.esteri.it\/\" target=\"_blank\" rel=\"noopener noreferrer\">Esteri<\/a><br \/>\nDie italienischen Botschaften.<\/p>\n<p><a href=\"http:\/\/www.rai.it\/\" target=\"_blank\" rel=\"noopener noreferrer\">Rai<\/a><br \/>\nDie italienische Radio und Fernsehen.<\/p>\n[\/spb_text_block] [\/spb_accordion_tab] [spb_accordion_tab title=&#8220;Unseren Ehemaligen Schuelern&#8220; accordion_id=&#8220;&#8220; icon=&#8220;&#8220;] [spb_text_block pb_margin_bottom=&#8220;no&#8220; pb_border_bottom=&#8220;no&#8220; width=&#8220;1\/1&#8243; el_position=&#8220;first last&#8220;]\n<p><a href=\"http:\/\/bsledge.com\/\" target=\"_blank\" rel=\"noopener noreferrer\">Bruce Sledge<\/a><br \/>\nOpersanger.<\/p>\n<p><a href=\"http:\/\/www.anna-mantel.de\/\" target=\"_blank\" rel=\"noopener noreferrer\">Anna Mantel<\/a><br \/>\nUebersetzerin und Dolmetscherin.<\/p>\n<p><a href=\"http:\/\/www.giniski.com\/\" target=\"_blank\" rel=\"noopener noreferrer\">Giniski<\/a><br \/>\nElektrische Geige<\/p>\n<p><a href=\"http:\/\/amediavoz.com\/clariond.htm\" target=\"_blank\" rel=\"noopener noreferrer\">Jeannette L. Clariond<\/a><br \/>\nMexikanische Dichterin und \u00dcbersetzerin.<br \/>\n<a href=\"http:\/\/www.carretoni.com\/index.html\" target=\"_blank\" rel=\"noopener noreferrer\"><br \/>\nAndr\u00e9 Bustamante Carretoni<\/a><br \/>\nBrasilienischer Schriftsteller.<\/p>\n<p><a href=\"http:\/\/www.manologonzalezescultor.com\/\" target=\"_blank\" rel=\"noopener noreferrer\">Manolo Gonzalez<\/a><br \/>\nBildhauer.<\/p>\n<p><a href=\"http:\/\/www.lucyinteriordesign.com\/\" target=\"_blank\" rel=\"noopener noreferrer\">Lucy Penfield<\/a><br \/>\nInnenarchitekt in Minneapolis.<\/p>\n<p><a href=\"http:\/\/www.annafoley.com\/\" target=\"_blank\" rel=\"noopener noreferrer\">Anna Foley<\/a><br \/>\nAustralischen K\u00fcnstlerin.<\/p>\n<p>&nbsp;<\/p>\n[\/spb_text_block] [\/spb_accordion_tab] [\/spb_accordion] [\/spb_column]<\/p>\n","protected":false},"excerpt":{"rendered":"<p>[spb_column width=&#8220;1\/3&#8243; el_position=&#8220;first&#8220;] [spb_text_block pb_margin_bottom=&#8220;no&#8220; pb_border_bottom=&#8220;no&#8220; width=&#8220;1\/1&#8243; el_position=&#8220;first last&#8220;] Diese Seite sammelt Links zu unseren Studenten Aufenthalt in Italien und an der Accademia del Giglio. Man kann erkunden, welche Seiten auf Florenz und die Toskana, der Stadt die \u00f6ffentlichen Verkehrsmittel und seine Umgebung, die Macht-Ressourcen auf den Internet-E-Studie italienischen Fine Arts, und die Standorte unserer Sch\u00fcler und Freunde. [\/spb_text_block] [spb_single_image [&hellip;]<\/p>\n","protected":false},"author":27,"featured_media":0,"parent":0,"menu_order":0,"comment_status":"closed","ping_status":"open","template":"","meta":{"_joinchat":[],"footnotes":""},"class_list":["post-10726","page","type-page","status-publish","hentry"],"aioseo_notices":[],"_links":{"self":[{"href":"https:\/\/adg.it\/de\/wp-json\/wp\/v2\/pages\/10726","targetHints":{"allow":["GET"]}}],"collection":[{"href":"https:\/\/adg.it\/de\/wp-json\/wp\/v2\/pages"}],"about":[{"href":"https:\/\/adg.it\/de\/wp-json\/wp\/v2\/types\/page"}],"author":[{"embeddable":true,"href":"https:\/\/adg.it\/de\/wp-json\/wp\/v2\/users\/27"}],"replies":[{"embeddable":true,"href":"https:\/\/adg.it\/de\/wp-json\/wp\/v2\/comments?post=10726"}],"version-history":[{"count":0,"href":"https:\/\/adg.it\/de\/wp-json\/wp\/v2\/pages\/10726\/revisions"}],"wp:attachment":[{"href":"https:\/\/adg.it\/de\/wp-json\/wp\/v2\/media?parent=10726"}],"curies":[{"name":"wp","href":"https:\/\/api.w.org\/{rel}","templated":true}]}}